{"id":39330,"date":"2026-04-27T15:08:55","date_gmt":"2026-04-27T15:08:55","guid":{"rendered":"https:\/\/greenagritec.com\/"},"modified":"2026-04-27T15:08:55","modified_gmt":"2026-04-27T15:08:55","slug":"ventouse-triple-en-aluminium-pour-vitrage-100-kg-truper-vevi-3a","status":"publish","type":"product","link":"https:\/\/greenagritec.com\/pt\/produto-2\/ventouse-triple-en-aluminium-pour-vitrage-100-kg-truper-vevi-3a\/","title":{"rendered":"Ventouse triple en aluminium pour vitrage 100 kg TRUPER \u2013 VEVI-3A"},"content":{"rendered":"<p data-start=\"279\" data-end=\"410\">La ventouse triple TRUPER VEVI-3A est un outil pratique et robuste con\u00e7u pour le transport et la manipulation de surfaces lisses.<\/p>\n<p data-start=\"412\" data-end=\"598\">Gr\u00e2ce \u00e0 ses trois ventouses puissantes et son syst\u00e8me de verrouillage s\u00e9curis\u00e9, elle permet de soulever facilement des mat\u00e9riaux comme le verre, le carrelage, le m\u00e9tal ou le plastique.<\/p>\n<p data-start=\"600\" data-end=\"713\">Id\u00e9ale pour les travaux de construction, de r\u00e9novation ou de bricolage, elle assure une prise ferme et s\u00e9curis\u00e9e.<\/p>\n<hr data-start=\"715\" data-end=\"718\" \/>\n<h2 data-section-id=\"1tmyq3t\" data-start=\"720\" data-end=\"755\"><span role=\"text\"><strong data-start=\"723\" data-end=\"755\">Principais caracter\u00edsticas:<\/strong><\/span><\/h2>\n<p data-start=\"757\" data-end=\"925\">Triple ventouse haute adh\u00e9rence<br data-start=\"790\" data-end=\"793\" \/>Structure en aluminium renforc\u00e9<br data-start=\"826\" data-end=\"829\" \/>Syst\u00e8me de verrouillage s\u00e9curis\u00e9<br data-start=\"863\" data-end=\"866\" \/>Capacit\u00e9 de levage jusqu\u2019\u00e0 100 kg<br data-start=\"901\" data-end=\"904\" \/>Facile \u00e0 utiliser<\/p>\n<hr data-start=\"927\" data-end=\"930\" \/>\n<h2 data-section-id=\"k0zlak\" data-start=\"932\" data-end=\"951\"><span role=\"text\"><strong data-start=\"935\" data-end=\"951\">Applications:<\/strong><\/span><\/h2>\n<p>Manipulation de vitrages<\/p>\n<p>Pose de carrelage<\/p>\n<p>Transport de panneaux<\/p>\n<p>Travaux de r\u00e9novation<\/p>\n<p>Bricolage<\/p>\n<hr data-start=\"1074\" data-end=\"1077\" \/>\n<h2 data-section-id=\"psqndl\" data-start=\"1079\" data-end=\"1095\"><span role=\"text\"><strong data-start=\"1082\" data-end=\"1095\">Avantages:<\/strong><\/span><\/h2>\n<p data-start=\"1097\" data-end=\"1191\">S\u00e9curit\u00e9 renforc\u00e9e<br data-start=\"1117\" data-end=\"1120\" \/>Gain de temps<br data-start=\"1135\" data-end=\"1138\" \/>Prise solide<br data-start=\"1152\" data-end=\"1155\" \/>L\u00e9ger et maniable<br data-start=\"1174\" data-end=\"1177\" \/>Polyvalent<\/p>\n<hr data-start=\"1193\" data-end=\"1196\" \/>\n<h2 data-section-id=\"10ztnhk\" data-start=\"1198\" data-end=\"1230\"><span role=\"text\"><strong data-start=\"1201\" data-end=\"1230\">Especifica\u00e7\u00f5es t\u00e9cnicas:<\/strong><\/span><\/h2>\n<p><strong data-start=\"1234\" data-end=\"1244\">Mod\u00e8le<\/strong> : VEVI-3A<\/p>\n<p><strong data-start=\"1259\" data-end=\"1269\">Marque<\/strong> : TRUPER<\/p>\n<p><strong data-start=\"1283\" data-end=\"1299\">Capacit\u00e9 max<\/strong> : 100 kg<\/p>\n<p><strong data-start=\"1313\" data-end=\"1336\">Nombre de ventouses<\/strong> : 3<\/p>\n<p><strong data-start=\"1345\" data-end=\"1366\">Diam\u00e8tre ventouse<\/strong> : 12 cm<\/p>\n<p><strong data-start=\"1379\" data-end=\"1391\">Mat\u00e9riau<\/strong> : aluminium + caoutchouc<\/p>\n<p><strong data-start=\"1421\" data-end=\"1430\">Poids<\/strong> : 1 kg<\/p>\n<hr data-start=\"1441\" data-end=\"1444\" \/>\n<h2 data-section-id=\"5b1wlm\" data-start=\"1446\" data-end=\"1477\"><span role=\"text\"><strong data-start=\"1449\" data-end=\"1477\">Informa\u00e7\u00e3o importante:<\/strong><\/span><\/h2>\n<p>Utiliser uniquement sur surfaces propres et lisses<\/p>\n<p>V\u00e9rifier l\u2019adh\u00e9rence avant utilisation<\/p>\n<p>Ne pas d\u00e9passer la charge maximale<\/p>\n<hr data-start=\"1617\" data-end=\"1620\" \/>\n<h2 data-section-id=\"tue22u\" data-start=\"1622\" data-end=\"1637\"><span role=\"text\"><strong data-start=\"1625\" data-end=\"1637\">Garantia:<\/strong><\/span><\/h2>\n<p data-start=\"1639\" data-end=\"1664\">Garantie constructeur: 1 an<\/p>","protected":false},"excerpt":{"rendered":"<p>Ventouse triple TRUPER 100 kg en aluminium, id\u00e9ale pour manipuler verre, carrelage et surfaces lisses en toute s\u00e9curit\u00e9.<\/p>","protected":false},"featured_media":39331,"comment_status":"open","ping_status":"closed","template":"","meta":[],"product_brand":[],"product_cat":[868,758,759,900],"product_tag":[],"class_list":{"0":"post-39330","1":"product","2":"type-product","3":"status-publish","4":"has-post-thumbnail","6":"product_cat-truper","7":"product_cat-equipement-industriel","8":"product_cat-machines-industrielles","9":"product_cat-manutention--ventouses-de-levage","11":"first","12":"instock","13":"taxable","14":"shipping-taxable","15":"product-type-simple"},"_links":{"self":[{"href":"https:\/\/greenagritec.com\/pt\/wp-json\/wp\/v2\/product\/39330","targetHints":{"allow":["GET"]}}],"collection":[{"href":"https:\/\/greenagritec.com\/pt\/wp-json\/wp\/v2\/product"}],"about":[{"href":"https:\/\/greenagritec.com\/pt\/wp-json\/wp\/v2\/types\/product"}],"replies":[{"embeddable":true,"href":"https:\/\/greenagritec.com\/pt\/wp-json\/wp\/v2\/comments?post=39330"}],"version-history":[{"count":1,"href":"https:\/\/greenagritec.com\/pt\/wp-json\/wp\/v2\/product\/39330\/revisions"}],"predecessor-version":[{"id":39336,"href":"https:\/\/greenagritec.com\/pt\/wp-json\/wp\/v2\/product\/39330\/revisions\/39336"}],"wp:featuredmedia":[{"embeddable":true,"href":"https:\/\/greenagritec.com\/pt\/wp-json\/wp\/v2\/media\/39331"}],"wp:attachment":[{"href":"https:\/\/greenagritec.com\/pt\/wp-json\/wp\/v2\/media?parent=39330"}],"wp:term":[{"taxonomy":"product_brand","embeddable":true,"href":"https:\/\/greenagritec.com\/pt\/wp-json\/wp\/v2\/product_brand?post=39330"},{"taxonomy":"product_cat","embeddable":true,"href":"https:\/\/greenagritec.com\/pt\/wp-json\/wp\/v2\/product_cat?post=39330"},{"taxonomy":"product_tag","embeddable":true,"href":"https:\/\/greenagritec.com\/pt\/wp-json\/wp\/v2\/product_tag?post=39330"}],"curies":[{"name":"wp","href":"https:\/\/api.w.org\/{rel}","templated":true}]}}