{"id":39302,"date":"2026-04-27T12:12:52","date_gmt":"2026-04-27T12:12:52","guid":{"rendered":"https:\/\/greenagritec.com\/"},"modified":"2026-04-27T12:12:53","modified_gmt":"2026-04-27T12:12:53","slug":"scie-manuelle-20-professionnelle-truper-std-20","status":"publish","type":"product","link":"https:\/\/greenagritec.com\/pt\/produto-2\/scie-manuelle-20-professionnelle-truper-std-20\/","title":{"rendered":"Scie manuelle 20\u201d professionnelle TRUPER \u2013 STD-20"},"content":{"rendered":"<p data-start=\"201\" data-end=\"307\">La scie manuelle TRUPER STD-20 est con\u00e7ue pour offrir une coupe pr\u00e9cise, rapide et efficace sur le bois.<\/p>\n<p data-start=\"309\" data-end=\"557\">Fabriqu\u00e9e avec une lame en acier au carbone de haute qualit\u00e9, elle garantit une excellente r\u00e9sistance \u00e0 l\u2019usure et une longue dur\u00e9e de vie. Son manche ergonomique assure une prise en main confortable et un meilleur contr\u00f4le lors de l\u2019utilisation.<\/p>\n<p data-start=\"559\" data-end=\"630\">Id\u00e9ale pour les travaux de jardinage, de bricolage et de coupe de bois.<\/p>\n<hr data-start=\"632\" data-end=\"635\" \/>\n<h2 data-section-id=\"1tmyq3t\" data-start=\"637\" data-end=\"672\"><span role=\"text\"><strong data-start=\"640\" data-end=\"672\">Principais caracter\u00edsticas:<\/strong><\/span><\/h2>\n<p data-start=\"674\" data-end=\"872\">Lame en acier au carbone 1070 haute r\u00e9sistance<br data-start=\"722\" data-end=\"725\" \/>Coupe nette et rapide<br data-start=\"748\" data-end=\"751\" \/>Manche ergonomique pour plus de confort<br data-start=\"792\" data-end=\"795\" \/>Outil robuste et durable<br data-start=\"821\" data-end=\"824\" \/>Id\u00e9al pour usage domestique et professionnel<\/p>\n<hr data-start=\"874\" data-end=\"877\" \/>\n<h2 data-section-id=\"k0zlak\" data-start=\"879\" data-end=\"898\"><span role=\"text\"><strong data-start=\"882\" data-end=\"898\">Applications:<\/strong><\/span><\/h2>\n<p>Coupe de bois<\/p>\n<p>Travaux de jardinage<\/p>\n<p>Bricolage<\/p>\n<p>Entretien ext\u00e9rieur<\/p>\n<hr data-start=\"988\" data-end=\"991\" \/>\n<h2 data-section-id=\"psqndl\" data-start=\"993\" data-end=\"1009\"><span role=\"text\"><strong data-start=\"996\" data-end=\"1009\">Avantages:<\/strong><\/span><\/h2>\n<p data-start=\"1011\" data-end=\"1128\">Pr\u00e9cision de coupe<br data-start=\"1031\" data-end=\"1034\" \/>Facile \u00e0 utiliser<br data-start=\"1053\" data-end=\"1056\" \/>Bonne prise en main<br data-start=\"1077\" data-end=\"1080\" \/>R\u00e9sistance \u00e0 l\u2019usure<br data-start=\"1102\" data-end=\"1105\" \/>Longue dur\u00e9e de vie<\/p>\n<hr data-start=\"1130\" data-end=\"1133\" \/>\n<h2 data-section-id=\"10ztnhk\" data-start=\"1135\" data-end=\"1167\"><span role=\"text\"><strong data-start=\"1138\" data-end=\"1167\">Especifica\u00e7\u00f5es t\u00e9cnicas:<\/strong><\/span><\/h2>\n<p><strong data-start=\"1171\" data-end=\"1181\">Mod\u00e8le<\/strong> : STD-20<\/p>\n<p><strong data-start=\"1195\" data-end=\"1205\">Marque<\/strong> : TRUPER<\/p>\n<p><strong data-start=\"1219\" data-end=\"1239\">Longueur de lame<\/strong> : 20\u201d (50 cm)<\/p>\n<p><strong data-start=\"1258\" data-end=\"1283\">Dents par pouce (DPP)<\/strong> : 8<\/p>\n<p><strong data-start=\"1292\" data-end=\"1313\">\u00c9paisseur de lame<\/strong> : 0.9 mm<\/p>\n<p><strong data-start=\"1327\" data-end=\"1339\">Mat\u00e9riau<\/strong> : acier au carbone 1070<\/p>\n<hr data-start=\"1367\" data-end=\"1370\" \/>\n<h2 data-section-id=\"7pzauj\" data-start=\"1372\" data-end=\"1385\"><span role=\"text\"><strong data-start=\"1375\" data-end=\"1385\">Inclus:<\/strong><\/span><\/h2>\n<p data-start=\"1387\" data-end=\"1409\">Protecteur de lame<\/p>\n<hr data-start=\"1411\" data-end=\"1414\" \/>\n<h2 data-section-id=\"5b1wlm\" data-start=\"1416\" data-end=\"1447\"><span role=\"text\"><strong data-start=\"1419\" data-end=\"1447\">Informa\u00e7\u00e3o importante:<\/strong><\/span><\/h2>\n<p>Convient pour la coupe du bois<\/p>\n<p>Utilisation manuelle<\/p>\n<p>Nettoyer et s\u00e9cher apr\u00e8s utilisation pour prolonger la dur\u00e9e de vie<\/p>\n<hr data-start=\"1582\" data-end=\"1585\" \/>\n<h2 data-section-id=\"tue22u\" data-start=\"1587\" data-end=\"1602\"><span role=\"text\"><strong data-start=\"1590\" data-end=\"1602\">Garantia:<\/strong><\/span><\/h2>\n<p data-start=\"1604\" data-end=\"1629\">Garantie constructeur: 1 an<\/p>","protected":false},"excerpt":{"rendered":"<p>Scie manuelle TRUPER 20\u201d en acier carbone, id\u00e9ale pour coupe rapide et pr\u00e9cise du bois. Robuste et ergonomique.<\/p>","protected":false},"featured_media":39303,"comment_status":"open","ping_status":"closed","template":"","meta":[],"product_brand":[],"product_cat":[740,895,575,868],"product_tag":[],"class_list":{"0":"post-39302","1":"product","2":"type-product","3":"status-publish","4":"has-post-thumbnail","6":"product_cat-materiel-agricole-et-de-jardin","7":"product_cat-outils-de-coupe--scies-manuelles","8":"product_cat-outils-de-coupe-et-de-tranchage","9":"product_cat-truper","11":"first","12":"instock","13":"taxable","14":"shipping-taxable","15":"product-type-simple"},"_links":{"self":[{"href":"https:\/\/greenagritec.com\/pt\/wp-json\/wp\/v2\/product\/39302","targetHints":{"allow":["GET"]}}],"collection":[{"href":"https:\/\/greenagritec.com\/pt\/wp-json\/wp\/v2\/product"}],"about":[{"href":"https:\/\/greenagritec.com\/pt\/wp-json\/wp\/v2\/types\/product"}],"replies":[{"embeddable":true,"href":"https:\/\/greenagritec.com\/pt\/wp-json\/wp\/v2\/comments?post=39302"}],"version-history":[{"count":2,"href":"https:\/\/greenagritec.com\/pt\/wp-json\/wp\/v2\/product\/39302\/revisions"}],"predecessor-version":[{"id":39307,"href":"https:\/\/greenagritec.com\/pt\/wp-json\/wp\/v2\/product\/39302\/revisions\/39307"}],"wp:featuredmedia":[{"embeddable":true,"href":"https:\/\/greenagritec.com\/pt\/wp-json\/wp\/v2\/media\/39303"}],"wp:attachment":[{"href":"https:\/\/greenagritec.com\/pt\/wp-json\/wp\/v2\/media?parent=39302"}],"wp:term":[{"taxonomy":"product_brand","embeddable":true,"href":"https:\/\/greenagritec.com\/pt\/wp-json\/wp\/v2\/product_brand?post=39302"},{"taxonomy":"product_cat","embeddable":true,"href":"https:\/\/greenagritec.com\/pt\/wp-json\/wp\/v2\/product_cat?post=39302"},{"taxonomy":"product_tag","embeddable":true,"href":"https:\/\/greenagritec.com\/pt\/wp-json\/wp\/v2\/product_tag?post=39302"}],"curies":[{"name":"wp","href":"https:\/\/api.w.org\/{rel}","templated":true}]}}