{"id":39221,"date":"2026-04-24T08:17:04","date_gmt":"2026-04-24T08:17:04","guid":{"rendered":"https:\/\/greenagritec.com\/"},"modified":"2026-04-24T08:17:04","modified_gmt":"2026-04-24T08:17:04","slug":"motopompe-auto-amorcante-3-essence-7hp-truper-motb-3","status":"publish","type":"product","link":"https:\/\/greenagritec.com\/pt\/produto-2\/motopompe-auto-amorcante-3-essence-7hp-truper-motb-3\/","title":{"rendered":"Motopompe auto-amor\u00e7ante 3\u201d essence 7HP TRUPER \u2013 MOTB-3"},"content":{"rendered":"<p data-start=\"392\" data-end=\"522\">La motopompe thermique TRUPER MOTB-3 est une solution puissante et autonome pour le transfert de grandes quantit\u00e9s d\u2019eau propre.<\/p>\n<p data-start=\"524\" data-end=\"742\">\u00c9quip\u00e9e d\u2019un moteur essence 7 HP, elle offre un d\u00e9bit \u00e9lev\u00e9 jusqu\u2019\u00e0 900 L\/min et une hauteur de refoulement de 25 m\u00e8tres, id\u00e9ale pour les applications agricoles, les chantiers et les zones sans acc\u00e8s \u00e0 l\u2019\u00e9lectricit\u00e9.<\/p>\n<p data-start=\"744\" data-end=\"831\">Robuste et fiable, elle permet un pompage efficace m\u00eame dans des conditions exigeantes.<\/p>\n<hr data-start=\"833\" data-end=\"836\" \/>\n<h2 data-section-id=\"1tmyq3t\" data-start=\"838\" data-end=\"873\"><span role=\"text\"><strong data-start=\"841\" data-end=\"873\">Principais caracter\u00edsticas:<\/strong><\/span><\/h2>\n<p data-start=\"875\" data-end=\"1119\">Motopompe thermique 3&#8243; haute performance<br data-start=\"917\" data-end=\"920\" \/>D\u00e9bit \u00e9lev\u00e9 jusqu\u2019\u00e0 900 L\/min<br data-start=\"951\" data-end=\"954\" \/>Moteur essence 7 HP puissant<br data-start=\"984\" data-end=\"987\" \/>Auto-amor\u00e7ante<br data-start=\"1003\" data-end=\"1006\" \/>Fonctionnement autonome sans \u00e9lectricit\u00e9<br data-start=\"1048\" data-end=\"1051\" \/>Id\u00e9ale pour eau propre<br data-start=\"1075\" data-end=\"1078\" \/>Structure robuste pour usage intensif<\/p>\n<hr data-start=\"1121\" data-end=\"1124\" \/>\n<h2 data-section-id=\"k0zlak\" data-start=\"1126\" data-end=\"1145\"><span role=\"text\"><strong data-start=\"1129\" data-end=\"1145\">Applications:<\/strong><\/span><\/h2>\n<p>Irrigation agricole<\/p>\n<p>Transfert d\u2019eau<\/p>\n<p>Remplissage de r\u00e9servoirs<\/p>\n<p>Travaux de chantier<\/p>\n<p>Utilisation en zones isol\u00e9es<\/p>\n<hr data-start=\"1279\" data-end=\"1282\" \/>\n<h2 data-section-id=\"psqndl\" data-start=\"1284\" data-end=\"1300\"><span role=\"text\"><strong data-start=\"1287\" data-end=\"1300\">Avantages:<\/strong><\/span><\/h2>\n<p data-start=\"1302\" data-end=\"1447\">D\u00e9bit \u00e9lev\u00e9 pour un travail rapide<br data-start=\"1338\" data-end=\"1341\" \/>Autonomie totale<br data-start=\"1359\" data-end=\"1362\" \/>Adapt\u00e9e aux environnements difficiles<br data-start=\"1401\" data-end=\"1404\" \/>Fiable et durable<br data-start=\"1423\" data-end=\"1426\" \/>Facile \u00e0 utiliser<\/p>\n<hr data-start=\"1449\" data-end=\"1452\" \/>\n<h2 data-section-id=\"10ztnhk\" data-start=\"1454\" data-end=\"1486\"><span role=\"text\"><strong data-start=\"1457\" data-end=\"1486\">Especifica\u00e7\u00f5es t\u00e9cnicas:<\/strong><\/span><\/h2>\n<p><strong data-start=\"1490\" data-end=\"1500\">Mod\u00e8le<\/strong> : MOTB-3<\/p>\n<p><strong data-start=\"1514\" data-end=\"1524\">Marque<\/strong> : TRUPER<\/p>\n<p><strong data-start=\"1538\" data-end=\"1558\">Puissance moteur<\/strong> : 7 HP<\/p>\n<p><strong data-start=\"1570\" data-end=\"1583\">Cylindr\u00e9e<\/strong> : 212 cc<\/p>\n<p><strong data-start=\"1597\" data-end=\"1610\">D\u00e9bit max<\/strong> : 900 L\/min<\/p>\n<p><strong data-start=\"1627\" data-end=\"1653\">Diam\u00e8tre entr\u00e9e\/sortie<\/strong> : 3&#8243; (75 mm)<\/p>\n<p><strong data-start=\"1671\" data-end=\"1701\">Hauteur de refoulement max<\/strong> : 25 m<\/p>\n<p><strong data-start=\"1713\" data-end=\"1744\">Profondeur d\u2019aspiration max<\/strong> : 5 m<\/p>\n<p><strong data-start=\"1755\" data-end=\"1777\">Capacit\u00e9 r\u00e9servoir<\/strong> : 2.6 L<\/p>\n<p><strong data-start=\"1790\" data-end=\"1803\">Autonomie<\/strong> : environ 1.5 h<\/p>\n<p><strong data-start=\"1824\" data-end=\"1835\">Vitesse<\/strong> : 3650 \u2013 3700 rpm<\/p>\n<p><strong data-start=\"1858\" data-end=\"1867\">Poids<\/strong> : 23 kg<\/p>\n<p><strong data-start=\"1880\" data-end=\"1894\">Dimensions<\/strong> : 39 x 43 x 50 cm<\/p>\n<hr data-start=\"1916\" data-end=\"1919\" \/>\n<h2 data-section-id=\"5b1wlm\" data-start=\"1921\" data-end=\"1952\"><span role=\"text\"><strong data-start=\"1924\" data-end=\"1952\">Informa\u00e7\u00e3o importante:<\/strong><\/span><\/h2>\n<p>Utilisation uniquement avec eau propre<\/p>\n<p>Fonctionne \u00e0 essence<\/p>\n<p>Accessoires (tuyaux, kits) vendus s\u00e9par\u00e9ment<\/p>\n<p>Utilisation en ext\u00e9rieur recommand\u00e9e<\/p>\n<hr data-start=\"2113\" data-end=\"2116\" \/>\n<h2 data-section-id=\"tue22u\" data-start=\"2118\" data-end=\"2133\"><span role=\"text\"><strong data-start=\"2121\" data-end=\"2133\">Garantia:<\/strong><\/span><\/h2>\n<p data-start=\"2135\" data-end=\"2167\">Garantie constructeur : 1 an<\/p>","protected":false},"excerpt":{"rendered":"<p>Motopompe thermique 3\u201d 7HP TRUPER, id\u00e9ale pour irrigation et transfert d\u2019eau. Puissante, autonome et adapt\u00e9e aux usages agricoles.<\/p>","protected":false},"featured_media":39222,"comment_status":"open","ping_status":"closed","template":"","meta":[],"product_brand":[],"product_cat":[868,740,848,689],"product_tag":[],"class_list":{"0":"post-39221","1":"product","2":"type-product","3":"status-publish","4":"has-post-thumbnail","6":"product_cat-truper","7":"product_cat-materiel-agricole-et-de-jardin","8":"product_cat-motopompes","9":"product_cat-systemes-dirrigation","11":"first","12":"instock","13":"taxable","14":"shipping-taxable","15":"product-type-simple"},"_links":{"self":[{"href":"https:\/\/greenagritec.com\/pt\/wp-json\/wp\/v2\/product\/39221","targetHints":{"allow":["GET"]}}],"collection":[{"href":"https:\/\/greenagritec.com\/pt\/wp-json\/wp\/v2\/product"}],"about":[{"href":"https:\/\/greenagritec.com\/pt\/wp-json\/wp\/v2\/types\/product"}],"replies":[{"embeddable":true,"href":"https:\/\/greenagritec.com\/pt\/wp-json\/wp\/v2\/comments?post=39221"}],"version-history":[{"count":1,"href":"https:\/\/greenagritec.com\/pt\/wp-json\/wp\/v2\/product\/39221\/revisions"}],"predecessor-version":[{"id":39227,"href":"https:\/\/greenagritec.com\/pt\/wp-json\/wp\/v2\/product\/39221\/revisions\/39227"}],"wp:featuredmedia":[{"embeddable":true,"href":"https:\/\/greenagritec.com\/pt\/wp-json\/wp\/v2\/media\/39222"}],"wp:attachment":[{"href":"https:\/\/greenagritec.com\/pt\/wp-json\/wp\/v2\/media?parent=39221"}],"wp:term":[{"taxonomy":"product_brand","embeddable":true,"href":"https:\/\/greenagritec.com\/pt\/wp-json\/wp\/v2\/product_brand?post=39221"},{"taxonomy":"product_cat","embeddable":true,"href":"https:\/\/greenagritec.com\/pt\/wp-json\/wp\/v2\/product_cat?post=39221"},{"taxonomy":"product_tag","embeddable":true,"href":"https:\/\/greenagritec.com\/pt\/wp-json\/wp\/v2\/product_tag?post=39221"}],"curies":[{"name":"wp","href":"https:\/\/api.w.org\/{rel}","templated":true}]}}