{"id":39034,"date":"2026-04-02T09:40:55","date_gmt":"2026-04-02T09:40:55","guid":{"rendered":"https:\/\/greenagritec.com\/?post_type=product&#038;p=39034"},"modified":"2026-04-02T09:40:55","modified_gmt":"2026-04-02T09:40:55","slug":"ventosa-a-vacuo-profissional-4-7%e2%80%b3-pacote-com-2-150-kg-elevador-de-janela-industrial-de-aluminio","status":"publish","type":"product","link":"https:\/\/greenagritec.com\/pt\/produto-2\/ventosa-a-vacuo-profissional-4-7%e2%80%b3-pacote-com-2-150-kg-elevador-de-janela-industrial-de-aluminio\/","title":{"rendered":"Ventosa a v\u00e1cuo profissional de 4,7&quot; (pacote com 2) \u2013 150 kg \u2013 Levantador de janelas industrial em alum\u00ednio"},"content":{"rendered":"<p data-start=\"206\" data-end=\"391\">A ventosa profissional VEVOR foi projetada para levantar com seguran\u00e7a materiais pesados e fr\u00e1geis, como vidro, azulejos, granito, metal ou pain\u00e9is de madeira.<\/p>\n<p data-start=\"393\" data-end=\"569\">Gra\u00e7as ao seu potente sistema de v\u00e1cuo e design com ventosas duplas, garante uma ader\u00eancia ideal e um manuseio est\u00e1vel, mesmo em superf\u00edcies lisas e delicadas.<\/p>\n<p data-start=\"571\" data-end=\"780\">Com uma robusta pega em alum\u00ednio, oferece uma ader\u00eancia ergon\u00f3mica e dur\u00e1vel, ideal para trabalhos de assentamento, manuseamento e instala\u00e7\u00e3o nos setores da constru\u00e7\u00e3o e da ind\u00fastria.<\/p>\n<p data-start=\"782\" data-end=\"889\">Fornecido em embalagens de 2 unidades, oferece uma solu\u00e7\u00e3o eficaz e confi\u00e1vel para uso profissional ou intensivo.<\/p>\n<hr data-start=\"891\" data-end=\"894\" \/>\n<h2 data-section-id=\"n0nynd\" data-start=\"896\" data-end=\"929\">Principais caracter\u00edsticas<\/h2>\n<p data-start=\"931\" data-end=\"975\">Ventosa de v\u00e1cuo profissional de dupla fun\u00e7\u00e3o<\/p>\n<p data-start=\"977\" data-end=\"1025\">Capacidade m\u00e1xima de eleva\u00e7\u00e3o: 150 kg (330 lbs)<\/p>\n<p data-start=\"1027\" data-end=\"1064\">Di\u00e2metro da ventosa: 4,7\u2033 (\u2248 120 mm)<\/p>\n<p data-start=\"1066\" data-end=\"1096\">Cabo robusto de alum\u00ednio<\/p>\n<p data-start=\"1098\" data-end=\"1147\">Sistema de v\u00e1cuo potente para fixa\u00e7\u00e3o segura.<\/p>\n<p data-start=\"1149\" data-end=\"1218\">Adequado para superf\u00edcies lisas: vidro, azulejos, granito, metal, madeira.<\/p>\n<p data-start=\"1220\" data-end=\"1252\">Manuseio est\u00e1vel e preciso<\/p>\n<p data-start=\"1254\" data-end=\"1274\">Conjunto de 2 ventosas<\/p>\n<p data-start=\"1276\" data-end=\"1323\">Projetado para uso profissional e industrial.<\/p>\n<hr data-start=\"1325\" data-end=\"1328\" \/>\n<h2 data-section-id=\"e9blew\" data-start=\"1330\" data-end=\"1360\">Especifica\u00e7\u00f5es t\u00e9cnicas<\/h2>\n<p data-start=\"1362\" data-end=\"1418\">Nome do produto: Ventosa a v\u00e1cuo VEVOR de 4,7&quot; (pacote com 2)<\/p>\n<p data-start=\"1420\" data-end=\"1436\">Marca: VEVOR<\/p>\n<p data-start=\"1438\" data-end=\"1472\">Tipo: Ventosa de suc\u00e7\u00e3o para eleva\u00e7\u00e3o a v\u00e1cuo<\/p>\n<p data-start=\"1474\" data-end=\"1502\">Di\u00e2metro da ventosa: 120 mm<\/p>\n<p data-start=\"1504\" data-end=\"1542\">Capacidade m\u00e1xima: 150 kg (330 lbs)<\/p>\n<p data-start=\"1544\" data-end=\"1574\">Material do cabo: Alum\u00ednio<\/p>\n<p data-start=\"1576\" data-end=\"1610\">Sistema: Suc\u00e7\u00e3o manual a v\u00e1cuo<\/p>\n<p data-start=\"1612\" data-end=\"1633\">Quantidade: 2 pe\u00e7as<\/p>\n<p data-start=\"1635\" data-end=\"1689\">Aplica\u00e7\u00f5es: Vidro, azulejos, granito, metal, madeira<\/p>\n<p data-start=\"1691\" data-end=\"1740\">Utiliza\u00e7\u00e3o: Eleva\u00e7\u00e3o, movimenta\u00e7\u00e3o, instala\u00e7\u00e3o<\/p>","protected":false},"excerpt":{"rendered":"<p>Ventosa profissional para eleva\u00e7\u00e3o segura de at\u00e9 150 kg. Ideal para vidro, azulejos e materiais lisos, com cabo robusto em alum\u00ednio e m\u00e1xima ader\u00eancia.<\/p>","protected":false},"featured_media":39035,"comment_status":"open","ping_status":"closed","template":"","meta":[],"product_brand":[],"product_cat":[843,758,759,820],"product_tag":[],"class_list":{"0":"post-39034","1":"product","2":"type-product","3":"status-publish","4":"has-post-thumbnail","6":"product_cat-vevor","7":"product_cat-equipement-industriel","8":"product_cat-machines-industrielles","9":"product_cat-manutention-logistique","11":"first","12":"instock","13":"taxable","14":"shipping-taxable","15":"purchasable","16":"product-type-simple"},"_links":{"self":[{"href":"https:\/\/greenagritec.com\/pt\/wp-json\/wp\/v2\/product\/39034","targetHints":{"allow":["GET"]}}],"collection":[{"href":"https:\/\/greenagritec.com\/pt\/wp-json\/wp\/v2\/product"}],"about":[{"href":"https:\/\/greenagritec.com\/pt\/wp-json\/wp\/v2\/types\/product"}],"replies":[{"embeddable":true,"href":"https:\/\/greenagritec.com\/pt\/wp-json\/wp\/v2\/comments?post=39034"}],"version-history":[{"count":1,"href":"https:\/\/greenagritec.com\/pt\/wp-json\/wp\/v2\/product\/39034\/revisions"}],"predecessor-version":[{"id":39044,"href":"https:\/\/greenagritec.com\/pt\/wp-json\/wp\/v2\/product\/39034\/revisions\/39044"}],"wp:featuredmedia":[{"embeddable":true,"href":"https:\/\/greenagritec.com\/pt\/wp-json\/wp\/v2\/media\/39035"}],"wp:attachment":[{"href":"https:\/\/greenagritec.com\/pt\/wp-json\/wp\/v2\/media?parent=39034"}],"wp:term":[{"taxonomy":"product_brand","embeddable":true,"href":"https:\/\/greenagritec.com\/pt\/wp-json\/wp\/v2\/product_brand?post=39034"},{"taxonomy":"product_cat","embeddable":true,"href":"https:\/\/greenagritec.com\/pt\/wp-json\/wp\/v2\/product_cat?post=39034"},{"taxonomy":"product_tag","embeddable":true,"href":"https:\/\/greenagritec.com\/pt\/wp-json\/wp\/v2\/product_tag?post=39034"}],"curies":[{"name":"wp","href":"https:\/\/api.w.org\/{rel}","templated":true}]}}