{"id":38605,"date":"2026-03-03T14:55:44","date_gmt":"2026-03-03T14:55:44","guid":{"rendered":"https:\/\/greenagritec.com\/?post_type=product&#038;p=38605"},"modified":"2026-03-17T22:41:04","modified_gmt":"2026-03-17T22:41:04","slug":"lavadora-de-alta-pressao-profissional-kranzle-k-1154-tst","status":"publish","type":"product","link":"https:\/\/greenagritec.com\/pt\/produto-2\/lavadora-de-alta-pressao-profissional-kranzle-k-1154-tst\/","title":{"rendered":"Lavadora de alta press\u00e3o profissional \u2013 Kr\u00e4nzle K 1154 TST"},"content":{"rendered":"<p data-start=\"260\" data-end=\"391\">A Kr\u00e4nzle K 1154 TST \u00e9 uma lavadora de alta press\u00e3o profissional, compacta e robusta, projetada para uso regular e exigente.<\/p>\n<p data-start=\"393\" data-end=\"536\">Gra\u00e7as \u00e0 sua press\u00e3o de 140 bar e \u00e0 sua vaz\u00e3o de 10 L\/min, garante uma limpeza eficaz de ve\u00edculos, terra\u00e7os, fachadas e equipamentos.<\/p>\n<p data-start=\"538\" data-end=\"673\">Equipado com um carretel integrado (TST) e um design dur\u00e1vel da Kr\u00e4nzle, oferece confiabilidade, longa vida \u00fatil e facilidade de uso.<\/p>\n<hr data-start=\"675\" data-end=\"678\" \/>\n<h2 data-start=\"680\" data-end=\"713\">Principais caracter\u00edsticas<\/h2>\n<ul data-start=\"715\" data-end=\"1004\">\n<li data-start=\"715\" data-end=\"760\">\n<p data-start=\"717\" data-end=\"760\">Lavadora de alta press\u00e3o <strong data-start=\"742\" data-end=\"758\">\u00e1gua fria<\/strong><\/p>\n<\/li>\n<li data-start=\"761\" data-end=\"797\">\n<p data-start=\"763\" data-end=\"797\">Press\u00e3o m\u00e1xima: <strong data-start=\"783\" data-end=\"795\">140 barras<\/strong><\/p>\n<\/li>\n<li data-start=\"798\" data-end=\"822\">\n<p data-start=\"800\" data-end=\"822\">Velocidade: <strong data-start=\"808\" data-end=\"820\">10 L\/min<\/strong><\/p>\n<\/li>\n<li data-start=\"823\" data-end=\"862\">\n<p data-start=\"825\" data-end=\"862\">Carretel de mangueira integrado (TST)<\/p>\n<\/li>\n<li data-start=\"863\" data-end=\"896\">\n<p data-start=\"865\" data-end=\"896\">Fonte de alimenta\u00e7\u00e3o monof\u00e1sica de 230 V<\/p>\n<\/li>\n<li data-start=\"897\" data-end=\"926\">\n<p data-start=\"899\" data-end=\"926\">estrutura m\u00f3vel compacta<\/p>\n<\/li>\n<li data-start=\"927\" data-end=\"968\">\n<p data-start=\"929\" data-end=\"968\">Motor de alto desempenho 2800 rpm<\/p>\n<\/li>\n<li data-start=\"969\" data-end=\"1004\">\n<p data-start=\"971\" data-end=\"1004\">Qualidade profissional Kr\u00e4nzle<\/p>\n<\/li>\n<\/ul>\n<hr data-start=\"1006\" data-end=\"1009\" \/>\n<h2 data-start=\"1011\" data-end=\"1041\">Especifica\u00e7\u00f5es t\u00e9cnicas<\/h2>\n<p data-start=\"1043\" data-end=\"1076\"><strong data-start=\"1043\" data-end=\"1063\">Nome do produto:<\/strong> K 1154 TST<\/p>\n<p data-start=\"1078\" data-end=\"1100\"><strong data-start=\"1078\" data-end=\"1090\">Marca :<\/strong> Kr\u00e4nzle<\/p>\n<p data-start=\"1102\" data-end=\"1146\"><strong data-start=\"1102\" data-end=\"1112\">Tipo :<\/strong> Lavadora de alta press\u00e3o port\u00e1til<\/p>\n<p data-start=\"1148\" data-end=\"1173\"><strong data-start=\"1148\" data-end=\"1163\">Refer\u00eancia:<\/strong> 60205.0<\/p>\n<p data-start=\"1175\" data-end=\"1200\"><strong data-start=\"1175\" data-end=\"1189\">Press\u00e3o :<\/strong> 140 barras<\/p>\n<p data-start=\"1202\" data-end=\"1224\"><strong data-start=\"1202\" data-end=\"1213\">Velocidade:<\/strong> 10 L\/min<\/p>\n<p data-start=\"1226\" data-end=\"1260\"><strong data-start=\"1226\" data-end=\"1250\">Consumo de energia:<\/strong> 2,95 kW<\/p>\n<p data-start=\"1262\" data-end=\"1293\"><strong data-start=\"1262\" data-end=\"1284\">Pot\u00eancia do motor:<\/strong> 2,2 kW<\/p>\n<p data-start=\"1295\" data-end=\"1326\"><strong data-start=\"1295\" data-end=\"1308\">Tens\u00e3o:<\/strong> Monof\u00e1sico 230V<\/p>\n<p data-start=\"1328\" data-end=\"1363\"><strong data-start=\"1328\" data-end=\"1348\">Rota\u00e7\u00e3o do motor:<\/strong> 2800 rpm<\/p>\n<p data-start=\"1365\" data-end=\"1388\"><strong data-start=\"1365\" data-end=\"1382\">Tamanho do bico:<\/strong> 042<\/p>\n<p data-start=\"1390\" data-end=\"1425\"><strong data-start=\"1390\" data-end=\"1419\">Reservat\u00f3rio de \u00e1gua integrado:<\/strong> N\u00e3o<\/p>\n<p data-start=\"1427\" data-end=\"1448\"><strong data-start=\"1427\" data-end=\"1442\">Carretel:<\/strong> Sim<\/p>","protected":false},"excerpt":{"rendered":"<p>Entrega r\u00e1pida na Europa (3 a 7 dias)<br \/>\nPagamento seguro<br \/>\nSuporte ao cliente dispon\u00edvel<\/p>","protected":false},"featured_media":38606,"comment_status":"open","ping_status":"closed","template":"","meta":[],"product_brand":[],"product_cat":[691,858,765],"product_tag":[],"class_list":{"0":"post-38605","1":"product","2":"type-product","3":"status-publish","4":"has-post-thumbnail","6":"product_cat-nettoyeur-haute-pression","7":"product_cat-demander-un-devis","8":"product_cat-machines-de-nettoyage-et-dentretien","10":"first","11":"instock","12":"taxable","13":"shipping-taxable","14":"purchasable","15":"product-type-simple"},"_links":{"self":[{"href":"https:\/\/greenagritec.com\/pt\/wp-json\/wp\/v2\/product\/38605","targetHints":{"allow":["GET"]}}],"collection":[{"href":"https:\/\/greenagritec.com\/pt\/wp-json\/wp\/v2\/product"}],"about":[{"href":"https:\/\/greenagritec.com\/pt\/wp-json\/wp\/v2\/types\/product"}],"replies":[{"embeddable":true,"href":"https:\/\/greenagritec.com\/pt\/wp-json\/wp\/v2\/comments?post=38605"}],"version-history":[{"count":4,"href":"https:\/\/greenagritec.com\/pt\/wp-json\/wp\/v2\/product\/38605\/revisions"}],"predecessor-version":[{"id":38989,"href":"https:\/\/greenagritec.com\/pt\/wp-json\/wp\/v2\/product\/38605\/revisions\/38989"}],"wp:featuredmedia":[{"embeddable":true,"href":"https:\/\/greenagritec.com\/pt\/wp-json\/wp\/v2\/media\/38606"}],"wp:attachment":[{"href":"https:\/\/greenagritec.com\/pt\/wp-json\/wp\/v2\/media?parent=38605"}],"wp:term":[{"taxonomy":"product_brand","embeddable":true,"href":"https:\/\/greenagritec.com\/pt\/wp-json\/wp\/v2\/product_brand?post=38605"},{"taxonomy":"product_cat","embeddable":true,"href":"https:\/\/greenagritec.com\/pt\/wp-json\/wp\/v2\/product_cat?post=38605"},{"taxonomy":"product_tag","embeddable":true,"href":"https:\/\/greenagritec.com\/pt\/wp-json\/wp\/v2\/product_tag?post=38605"}],"curies":[{"name":"wp","href":"https:\/\/api.w.org\/{rel}","templated":true}]}}