{"id":38587,"date":"2026-03-03T10:15:02","date_gmt":"2026-03-03T10:15:02","guid":{"rendered":"https:\/\/greenagritec.com\/?post_type=product&#038;p=38587"},"modified":"2026-03-17T22:55:25","modified_gmt":"2026-03-17T22:55:25","slug":"rocadeira-a-gasolina-dcs-60-autopropulsionada","status":"publish","type":"product","link":"https:\/\/greenagritec.com\/pt\/produto-2\/rocadeira-a-gasolina-dcs-60-autopropulsionada\/","title":{"rendered":"Ro\u00e7adeira a gasolina de passeio - DCS 60"},"content":{"rendered":"<p data-start=\"325\" data-end=\"470\">A DCS 60 \u00e9 uma ro\u00e7adeira a gasolina autopropulsionada, projetada para cortar grama alta, arbustos e terrenos dif\u00edceis.<\/p>\n<p data-start=\"472\" data-end=\"682\">Equipada com um motor Honda GCV 200 de 200 cc, oferece pot\u00eancia e confiabilidade para uso regular. Sua cabe\u00e7a de corte, montada sobre rolamentos com prote\u00e7\u00e3o lateral em a\u00e7o, garante robustez e seguran\u00e7a.<\/p>\n<p data-start=\"684\" data-end=\"765\">Ideal para a manuten\u00e7\u00e3o de terrenos acidentados, taludes, pomares e \u00e1reas rurais.<\/p>\n<hr data-start=\"767\" data-end=\"770\" \/>\n<h2 data-start=\"772\" data-end=\"805\">Principais caracter\u00edsticas<\/h2>\n<ul data-start=\"807\" data-end=\"1132\">\n<li data-start=\"807\" data-end=\"844\">\n<p data-start=\"809\" data-end=\"844\">Motor <strong data-start=\"816\" data-end=\"842\">Honda GCV 200 \u2013 200 cc<\/strong><\/p>\n<\/li>\n<li data-start=\"845\" data-end=\"887\">\n<p data-start=\"847\" data-end=\"887\">Largura m\u00e1xima de corte: <strong data-start=\"875\" data-end=\"885\">600 mm<\/strong><\/p>\n<\/li>\n<li data-start=\"888\" data-end=\"939\">\n<p data-start=\"890\" data-end=\"939\">Altura de corte ajust\u00e1vel: <strong data-start=\"918\" data-end=\"937\">30 \u2013 45 \u2013 60 mm<\/strong><\/p>\n<\/li>\n<li data-start=\"940\" data-end=\"970\">\n<p data-start=\"942\" data-end=\"970\">Partida manual por recuo<\/p>\n<\/li>\n<li data-start=\"971\" data-end=\"1010\">\n<p data-start=\"973\" data-end=\"1010\">Cabe\u00e7ote de corte montado sobre rolamentos<\/p>\n<\/li>\n<li data-start=\"1011\" data-end=\"1043\">\n<p data-start=\"1013\" data-end=\"1043\">Prote\u00e7\u00e3o lateral em a\u00e7o<\/p>\n<\/li>\n<li data-start=\"1044\" data-end=\"1078\">\n<p data-start=\"1046\" data-end=\"1078\">Rodas de borracha <strong data-start=\"1063\" data-end=\"1076\">16 polegadas<\/strong><\/p>\n<\/li>\n<li data-start=\"1079\" data-end=\"1132\">\n<p data-start=\"1081\" data-end=\"1132\">Estrutura robusta adaptada a terrenos dif\u00edceis.<\/p>\n<\/li>\n<\/ul>\n<hr data-start=\"1134\" data-end=\"1137\" \/>\n<h2 data-start=\"1139\" data-end=\"1169\">Especifica\u00e7\u00f5es t\u00e9cnicas<\/h2>\n<p data-start=\"1171\" data-end=\"1200\"><strong data-start=\"1171\" data-end=\"1191\">Nome do produto:<\/strong> DCS 60<\/p>\n<p data-start=\"1202\" data-end=\"1231\"><strong data-start=\"1202\" data-end=\"1214\">Marca :<\/strong> Ecotech It\u00e1lia<\/p>\n<p data-start=\"1233\" data-end=\"1294\"><strong data-start=\"1233\" data-end=\"1243\">Tipo :<\/strong> Ro\u00e7adeira a gasolina autopropelida<\/p>\n<p data-start=\"1296\" data-end=\"1330\"><strong data-start=\"1296\" data-end=\"1314\">Motor:<\/strong> Honda GCV 200<\/p>\n<p data-start=\"1332\" data-end=\"1356\"><strong data-start=\"1332\" data-end=\"1347\">Cilindrada do motor:<\/strong> 200 cc<\/p>\n<p data-start=\"1358\" data-end=\"1394\"><strong data-start=\"1358\" data-end=\"1373\">Combust\u00edvel :<\/strong> Gasolina sem chumbo<\/p>\n<p data-start=\"1396\" data-end=\"1431\"><strong data-start=\"1396\" data-end=\"1418\">Largura de corte:<\/strong> m\u00e1ximo 600 mm<\/p>\n<p data-start=\"1433\" data-end=\"1473\"><strong data-start=\"1433\" data-end=\"1455\">Altura de corte:<\/strong> 30 \/ 45 \/ 60 mm<\/p>\n<p data-start=\"1475\" data-end=\"1503\"><strong data-start=\"1475\" data-end=\"1486\">Rodas:<\/strong> borracha de 16 polegadas<\/p>\n<p data-start=\"1505\" data-end=\"1531\"><strong data-start=\"1505\" data-end=\"1522\">Carreggiata:<\/strong> 600 mm<\/p>\n<p data-start=\"1533\" data-end=\"1552\"><strong data-start=\"1533\" data-end=\"1544\">Peso :<\/strong> 33 kg<\/p>\n<p data-start=\"1554\" data-end=\"1587\"><strong data-start=\"1554\" data-end=\"1579\">N\u00edvel de ru\u00eddo (Lwa):<\/strong> 98 dB<\/p>\n<p data-start=\"1589\" data-end=\"1639\"><strong data-start=\"1589\" data-end=\"1617\">Dimens\u00f5es (C \u00d7 L \u00d7 A):<\/strong> 1600 \u00d7 630 \u00d7 970 mm<\/p>","protected":false},"excerpt":{"rendered":"<p>Entrega sob encomenda (itens volumosos)<\/p>","protected":false},"featured_media":38588,"comment_status":"open","ping_status":"closed","template":"","meta":[],"product_brand":[],"product_cat":[856,740,575],"product_tag":[],"class_list":{"0":"post-38587","1":"product","2":"type-product","3":"status-publish","4":"has-post-thumbnail","6":"product_cat-ecotech-italia","7":"product_cat-materiel-agricole-et-de-jardin","8":"product_cat-outils-de-coupe-et-de-tranchage","10":"first","11":"instock","12":"taxable","13":"shipping-taxable","14":"purchasable","15":"product-type-simple"},"_links":{"self":[{"href":"https:\/\/greenagritec.com\/pt\/wp-json\/wp\/v2\/product\/38587","targetHints":{"allow":["GET"]}}],"collection":[{"href":"https:\/\/greenagritec.com\/pt\/wp-json\/wp\/v2\/product"}],"about":[{"href":"https:\/\/greenagritec.com\/pt\/wp-json\/wp\/v2\/types\/product"}],"replies":[{"embeddable":true,"href":"https:\/\/greenagritec.com\/pt\/wp-json\/wp\/v2\/comments?post=38587"}],"version-history":[{"count":6,"href":"https:\/\/greenagritec.com\/pt\/wp-json\/wp\/v2\/product\/38587\/revisions"}],"predecessor-version":[{"id":38993,"href":"https:\/\/greenagritec.com\/pt\/wp-json\/wp\/v2\/product\/38587\/revisions\/38993"}],"wp:featuredmedia":[{"embeddable":true,"href":"https:\/\/greenagritec.com\/pt\/wp-json\/wp\/v2\/media\/38588"}],"wp:attachment":[{"href":"https:\/\/greenagritec.com\/pt\/wp-json\/wp\/v2\/media?parent=38587"}],"wp:term":[{"taxonomy":"product_brand","embeddable":true,"href":"https:\/\/greenagritec.com\/pt\/wp-json\/wp\/v2\/product_brand?post=38587"},{"taxonomy":"product_cat","embeddable":true,"href":"https:\/\/greenagritec.com\/pt\/wp-json\/wp\/v2\/product_cat?post=38587"},{"taxonomy":"product_tag","embeddable":true,"href":"https:\/\/greenagritec.com\/pt\/wp-json\/wp\/v2\/product_tag?post=38587"}],"curies":[{"name":"wp","href":"https:\/\/api.w.org\/{rel}","templated":true}]}}