{"id":38569,"date":"2026-03-02T16:37:11","date_gmt":"2026-03-02T16:37:11","guid":{"rendered":"https:\/\/greenagritec.com\/?post_type=product&#038;p=38569"},"modified":"2026-03-02T16:39:24","modified_gmt":"2026-03-02T16:39:24","slug":"lavadora-de-pisos-industrial-toro-1000-com-operador-a-bordo","status":"publish","type":"product","link":"https:\/\/greenagritec.com\/pt\/produto-2\/lavadora-de-pisos-industrial-toro-1000-com-operador-a-bordo\/","title":{"rendered":"Lavadora Industrial TORO 1000 com Assento Montado"},"content":{"rendered":"<p data-start=\"298\" data-end=\"493\">A TORO 1000 \u00e9 uma lavadora de pisos industrial autopropelida, projetada para a limpeza intensiva de grandes \u00e1reas, como armaz\u00e9ns, centros de log\u00edstica, ind\u00fastrias de processamento de alimentos e estacionamentos.<\/p>\n<p data-start=\"495\" data-end=\"628\">Com uma largura de limpeza de 1.000 mm e uma capacidade de trabalho de at\u00e9 5.500 m\u00b2\/h, garante produtividade e desempenho.<\/p>\n<p data-start=\"630\" data-end=\"779\">Equipada com duas escovas de 500 mm e um bocal largo de 1150 mm, garante uma limpeza eficiente e uniforme, mesmo em superf\u00edcies muito grandes.<\/p>\n<hr data-start=\"781\" data-end=\"784\" \/>\n<h2 data-start=\"786\" data-end=\"819\">Principais caracter\u00edsticas<\/h2>\n<ul data-start=\"821\" data-end=\"1250\">\n<li data-start=\"821\" data-end=\"861\">\n<p data-start=\"823\" data-end=\"861\">lavadora de pisos <strong data-start=\"835\" data-end=\"859\">autopropulsionado (de montar)<\/strong><\/p>\n<\/li>\n<li data-start=\"862\" data-end=\"902\">\n<p data-start=\"864\" data-end=\"902\">Capacidade de trabalho: <strong data-start=\"886\" data-end=\"900\">5.500 m\u00b2\/h<\/strong><\/p>\n<\/li>\n<li data-start=\"903\" data-end=\"942\">\n<p data-start=\"905\" data-end=\"942\">Largura de limpeza: <strong data-start=\"928\" data-end=\"940\">1000 mm<\/strong><\/p>\n<\/li>\n<li data-start=\"943\" data-end=\"976\">\n<p data-start=\"945\" data-end=\"976\">Largura da ventosa: <strong data-start=\"962\" data-end=\"974\">1150 mm<\/strong><\/p>\n<\/li>\n<li data-start=\"977\" data-end=\"999\">\n<p data-start=\"979\" data-end=\"999\">2 pinc\u00e9is \u00d8 500 mm<\/p>\n<\/li>\n<li data-start=\"1000\" data-end=\"1047\">\n<p data-start=\"1002\" data-end=\"1047\">Press\u00e3o da escova ajust\u00e1vel: <strong data-start=\"1030\" data-end=\"1045\">50\u2013100 kg<\/strong><\/p>\n<\/li>\n<li data-start=\"1048\" data-end=\"1086\">\n<p data-start=\"1050\" data-end=\"1086\">Motor com escovas: <strong data-start=\"1067\" data-end=\"1084\">1800 W \u2013 36 V<\/strong><\/p>\n<\/li>\n<li data-start=\"1087\" data-end=\"1126\">\n<p data-start=\"1089\" data-end=\"1126\">Motor de tra\u00e7\u00e3o com marcha \u00e0 r\u00e9<\/p>\n<\/li>\n<li data-start=\"1127\" data-end=\"1147\">\n<p data-start=\"1129\" data-end=\"1147\">Velocidade: 5 km\/h<\/p>\n<\/li>\n<li data-start=\"1148\" data-end=\"1182\">\n<p data-start=\"1150\" data-end=\"1182\">Reservat\u00f3rio de solu\u00e7\u00e3o: <strong data-start=\"1171\" data-end=\"1180\">200 L<\/strong><\/p>\n<\/li>\n<li data-start=\"1183\" data-end=\"1221\">\n<p data-start=\"1185\" data-end=\"1221\">Tanque de recupera\u00e7\u00e3o: <strong data-start=\"1210\" data-end=\"1219\">200 L<\/strong><\/p>\n<\/li>\n<li data-start=\"1222\" data-end=\"1250\">\n<p data-start=\"1224\" data-end=\"1250\">Autonomia: <strong data-start=\"1236\" data-end=\"1248\">4 horas<\/strong><\/p>\n<\/li>\n<\/ul>\n<hr data-start=\"1252\" data-end=\"1255\" \/>\n<h2 data-start=\"1257\" data-end=\"1287\">Especifica\u00e7\u00f5es t\u00e9cnicas<\/h2>\n<p data-start=\"1289\" data-end=\"1321\"><strong data-start=\"1289\" data-end=\"1309\">Nome do produto:<\/strong> 1000 TORO<\/p>\n<p data-start=\"1323\" data-end=\"1359\"><strong data-start=\"1323\" data-end=\"1335\">Marca :<\/strong> M\u00e1quinas de limpeza OMM<\/p>\n<p data-start=\"1361\" data-end=\"1409\"><strong data-start=\"1361\" data-end=\"1371\">Tipo :<\/strong> Lavadora de pisos industrial com operador a bordo<\/p>\n<p data-start=\"1411\" data-end=\"1449\"><strong data-start=\"1411\" data-end=\"1436\">Capacidade de trabalho:<\/strong> 5.500 m\u00b2\/h<\/p>\n<p data-start=\"1451\" data-end=\"1485\"><strong data-start=\"1451\" data-end=\"1474\">Largura de lavagem:<\/strong> 1000 mm<\/p>\n<p data-start=\"1487\" data-end=\"1518\"><strong data-start=\"1487\" data-end=\"1507\">Largura da ventosa:<\/strong> 1150 mm<\/p>\n<p data-start=\"1520\" data-end=\"1547\"><strong data-start=\"1520\" data-end=\"1543\">N\u00famero de pinc\u00e9is:<\/strong> 2<\/p>\n<p data-start=\"1549\" data-end=\"1580\"><strong data-start=\"1549\" data-end=\"1571\">Di\u00e2metro da escova:<\/strong> 500 mm<\/p>\n<p data-start=\"1582\" data-end=\"1618\"><strong data-start=\"1582\" data-end=\"1604\">Press\u00e3o da escova:<\/strong> 50\u2013100 kg<\/p>\n<p data-start=\"1620\" data-end=\"1662\"><strong data-start=\"1620\" data-end=\"1646\">Motoriza\u00e7\u00e3o das escovas:<\/strong> 1800 W \u2013 36 V<\/p>\n<p data-start=\"1664\" data-end=\"1705\"><strong data-start=\"1664\" data-end=\"1687\">Motor de suc\u00e7\u00e3o:<\/strong> 2 \u00d7 600 W \u2013 36 V<\/p>\n<p data-start=\"1707\" data-end=\"1738\"><strong data-start=\"1707\" data-end=\"1723\">Depress\u00e3o:<\/strong> 1500 mm H\u2082O<\/p>\n<p data-start=\"1740\" data-end=\"1773\"><strong data-start=\"1740\" data-end=\"1755\">Baterias:<\/strong> 6 \u00d7 6V \u2013 425 Ah<\/p>\n<p data-start=\"1775\" data-end=\"1796\"><strong data-start=\"1775\" data-end=\"1790\">Autonomia:<\/strong> 4 da manh\u00e3<\/p>\n<p data-start=\"1798\" data-end=\"1850\"><strong data-start=\"1798\" data-end=\"1826\">Dimens\u00f5es (C \u00d7 L \u00d7 A):<\/strong> 1800 \u00d7 1050 \u00d7 1450 mm<\/p>\n<p data-start=\"1852\" data-end=\"1887\"><strong data-start=\"1852\" data-end=\"1878\">Peso sem baterias:<\/strong> 365 kg<\/p>","protected":false},"excerpt":{"rendered":"<p>Pre\u00e7o sob consulta \u2013 Dispon\u00edvel apenas por encomenda especial.<br \/>\nEntre em contato conosco para um or\u00e7amento personalizado.<\/p>","protected":false},"featured_media":38570,"comment_status":"open","ping_status":"closed","template":"","meta":[],"product_brand":[],"product_cat":[854,855,765],"product_tag":[],"class_list":{"0":"post-38569","1":"product","2":"type-product","3":"status-publish","4":"has-post-thumbnail","6":"product_cat-omm","7":"product_cat-autolaveuse-professionnelle","8":"product_cat-machines-de-nettoyage-et-dentretien","10":"first","11":"instock","12":"taxable","13":"shipping-taxable","14":"product-type-simple"},"_links":{"self":[{"href":"https:\/\/greenagritec.com\/pt\/wp-json\/wp\/v2\/product\/38569","targetHints":{"allow":["GET"]}}],"collection":[{"href":"https:\/\/greenagritec.com\/pt\/wp-json\/wp\/v2\/product"}],"about":[{"href":"https:\/\/greenagritec.com\/pt\/wp-json\/wp\/v2\/types\/product"}],"replies":[{"embeddable":true,"href":"https:\/\/greenagritec.com\/pt\/wp-json\/wp\/v2\/comments?post=38569"}],"version-history":[{"count":2,"href":"https:\/\/greenagritec.com\/pt\/wp-json\/wp\/v2\/product\/38569\/revisions"}],"predecessor-version":[{"id":38577,"href":"https:\/\/greenagritec.com\/pt\/wp-json\/wp\/v2\/product\/38569\/revisions\/38577"}],"wp:featuredmedia":[{"embeddable":true,"href":"https:\/\/greenagritec.com\/pt\/wp-json\/wp\/v2\/media\/38570"}],"wp:attachment":[{"href":"https:\/\/greenagritec.com\/pt\/wp-json\/wp\/v2\/media?parent=38569"}],"wp:term":[{"taxonomy":"product_brand","embeddable":true,"href":"https:\/\/greenagritec.com\/pt\/wp-json\/wp\/v2\/product_brand?post=38569"},{"taxonomy":"product_cat","embeddable":true,"href":"https:\/\/greenagritec.com\/pt\/wp-json\/wp\/v2\/product_cat?post=38569"},{"taxonomy":"product_tag","embeddable":true,"href":"https:\/\/greenagritec.com\/pt\/wp-json\/wp\/v2\/product_tag?post=38569"}],"curies":[{"name":"wp","href":"https:\/\/api.w.org\/{rel}","templated":true}]}}