{"id":38560,"date":"2026-03-02T14:59:12","date_gmt":"2026-03-02T14:59:12","guid":{"rendered":"https:\/\/greenagritec.com\/?post_type=product&#038;p=38560"},"modified":"2026-03-19T18:15:04","modified_gmt":"2026-03-19T18:15:04","slug":"lavadora-de-pisos-profissional-a-bateria-minispeed-365r","status":"publish","type":"product","link":"https:\/\/greenagritec.com\/pt\/produto-2\/lavadora-de-pisos-profissional-a-bateria-minispeed-365r\/","title":{"rendered":"Lavadora de pisos profissional a bateria Minispeed 365R"},"content":{"rendered":"<p data-start=\"215\" data-end=\"359\">A 365R Minispeed \u00e9 uma lavadora-secadora profissional movida a bateria, projetada para a limpeza eficiente de superf\u00edcies comerciais e industriais.<\/p>\n<p data-start=\"361\" data-end=\"578\">Compacta e f\u00e1cil de manobrar, oferece uma capacidade de limpeza de at\u00e9 1.000 m\u00b2\/h. Gra\u00e7as \u00e0 sua largura de lavagem de 355 mm e ao rodo de 480 mm, garante uma limpeza precisa e eficiente em espa\u00e7os confinados.<\/p>\n<p data-start=\"580\" data-end=\"752\">Funcionando com 24V e duas baterias de 12V, garante uma autonomia de at\u00e9 90 minutos, ideal para lojas, escrit\u00f3rios, oficinas e pequenas \u00e1reas industriais.<\/p>\n<hr data-start=\"754\" data-end=\"757\" \/>\n<h2 data-start=\"759\" data-end=\"792\">Principais caracter\u00edsticas<\/h2>\n<ul data-start=\"794\" data-end=\"1145\">\n<li data-start=\"794\" data-end=\"832\">\n<p data-start=\"796\" data-end=\"832\">Lavadora de pisos a bateria, operada a p\u00e9<\/p>\n<\/li>\n<li data-start=\"833\" data-end=\"869\">\n<p data-start=\"835\" data-end=\"869\">Capacidade de trabalho: 1.000 m\u00b2\/h<\/p>\n<\/li>\n<li data-start=\"870\" data-end=\"900\">\n<p data-start=\"872\" data-end=\"900\">Largura de lavagem: 355 mm<\/p>\n<\/li>\n<li data-start=\"901\" data-end=\"928\">\n<p data-start=\"903\" data-end=\"928\">Largura da ventosa: 480 mm<\/p>\n<\/li>\n<li data-start=\"929\" data-end=\"956\">\n<p data-start=\"931\" data-end=\"956\">Press\u00e3o da escova: 28 kg<\/p>\n<\/li>\n<li data-start=\"957\" data-end=\"988\">\n<p data-start=\"959\" data-end=\"988\">Motor com escovas: 200 W \u2013 24 V<\/p>\n<\/li>\n<li data-start=\"989\" data-end=\"1024\">\n<p data-start=\"991\" data-end=\"1024\">Motor de aspira\u00e7\u00e3o: 350 W \u2013 24 V<\/p>\n<\/li>\n<li data-start=\"1025\" data-end=\"1054\">\n<p data-start=\"1027\" data-end=\"1054\">Depress\u00e3o: 1200 mm H\u2082O<\/p>\n<\/li>\n<li data-start=\"1055\" data-end=\"1084\">\n<p data-start=\"1057\" data-end=\"1084\">Tanque de solu\u00e7\u00e3o: 17 L<\/p>\n<\/li>\n<li data-start=\"1085\" data-end=\"1118\">\n<p data-start=\"1087\" data-end=\"1118\">Tanque de recupera\u00e7\u00e3o: 18 L<\/p>\n<\/li>\n<li data-start=\"1119\" data-end=\"1145\">\n<p data-start=\"1121\" data-end=\"1145\">Dura\u00e7\u00e3o da bateria: 90 minutos<\/p>\n<\/li>\n<\/ul>\n<hr data-start=\"1147\" data-end=\"1150\" \/>\n<h2 data-start=\"1152\" data-end=\"1182\">Especifica\u00e7\u00f5es t\u00e9cnicas<\/h2>\n<p data-start=\"1184\" data-end=\"1646\"><strong data-start=\"1184\" data-end=\"1204\">Nome do produto:<\/strong> 365R Minispeed<br data-start=\"1219\" data-end=\"1222\" \/><strong data-start=\"1222\" data-end=\"1234\">Marca :<\/strong> M\u00e1quinas de limpeza OMM<br data-start=\"1256\" data-end=\"1259\" \/><strong data-start=\"1259\" data-end=\"1269\">Tipo :<\/strong> Lavadora de pisos profissional a p\u00e9<br data-start=\"1309\" data-end=\"1312\" \/><strong data-start=\"1312\" data-end=\"1330\">Comida :<\/strong> Bateria de 24V (2 \u00d7 12V \u2013 36 Ah)<br data-start=\"1361\" data-end=\"1364\" \/><strong data-start=\"1364\" data-end=\"1389\">Capacidade de trabalho:<\/strong> 1000 m\u00b2\/h<br data-start=\"1400\" data-end=\"1403\" \/><strong data-start=\"1403\" data-end=\"1429\">Largura de limpeza:<\/strong> 355 mm<br data-start=\"1436\" data-end=\"1439\" \/><strong data-start=\"1439\" data-end=\"1459\">Largura da ventosa:<\/strong> 480 mm<br data-start=\"1466\" data-end=\"1469\" \/><strong data-start=\"1469\" data-end=\"1493\">Reservat\u00f3rio de solu\u00e7\u00e3o:<\/strong> 17 L<br data-start=\"1498\" data-end=\"1501\" data-is-only-node=\"\" \/><strong data-start=\"1501\" data-end=\"1529\">Tanque de recupera\u00e7\u00e3o:<\/strong> 18 L<br data-start=\"1534\" data-end=\"1537\" \/><strong data-start=\"1537\" data-end=\"1565\">Dimens\u00f5es (C \u00d7 L \u00d7 A):<\/strong> 800 \u00d7 480 \u00d7 740 mm<br data-start=\"1584\" data-end=\"1587\" \/><strong data-start=\"1587\" data-end=\"1613\">Peso com baterias:<\/strong> 67 kg<br data-start=\"1619\" data-end=\"1622\" \/><strong data-start=\"1622\" data-end=\"1637\">Autonomia:<\/strong> 90 minutos<\/p>","protected":false},"excerpt":{"rendered":"<p>Entrega mediante solicita\u00e7\u00e3o.<br \/>\n\u00c9 necess\u00e1rio entrar em contato.<\/p>","protected":false},"featured_media":38561,"comment_status":"open","ping_status":"closed","template":"","meta":[],"product_brand":[],"product_cat":[854,855,765],"product_tag":[],"class_list":{"0":"post-38560","1":"product","2":"type-product","3":"status-publish","4":"has-post-thumbnail","6":"product_cat-omm","7":"product_cat-autolaveuse-professionnelle","8":"product_cat-machines-de-nettoyage-et-dentretien","10":"first","11":"instock","12":"taxable","13":"shipping-taxable","14":"purchasable","15":"product-type-simple"},"_links":{"self":[{"href":"https:\/\/greenagritec.com\/pt\/wp-json\/wp\/v2\/product\/38560","targetHints":{"allow":["GET"]}}],"collection":[{"href":"https:\/\/greenagritec.com\/pt\/wp-json\/wp\/v2\/product"}],"about":[{"href":"https:\/\/greenagritec.com\/pt\/wp-json\/wp\/v2\/types\/product"}],"replies":[{"embeddable":true,"href":"https:\/\/greenagritec.com\/pt\/wp-json\/wp\/v2\/comments?post=38560"}],"version-history":[{"count":4,"href":"https:\/\/greenagritec.com\/pt\/wp-json\/wp\/v2\/product\/38560\/revisions"}],"predecessor-version":[{"id":39005,"href":"https:\/\/greenagritec.com\/pt\/wp-json\/wp\/v2\/product\/38560\/revisions\/39005"}],"wp:featuredmedia":[{"embeddable":true,"href":"https:\/\/greenagritec.com\/pt\/wp-json\/wp\/v2\/media\/38561"}],"wp:attachment":[{"href":"https:\/\/greenagritec.com\/pt\/wp-json\/wp\/v2\/media?parent=38560"}],"wp:term":[{"taxonomy":"product_brand","embeddable":true,"href":"https:\/\/greenagritec.com\/pt\/wp-json\/wp\/v2\/product_brand?post=38560"},{"taxonomy":"product_cat","embeddable":true,"href":"https:\/\/greenagritec.com\/pt\/wp-json\/wp\/v2\/product_cat?post=38560"},{"taxonomy":"product_tag","embeddable":true,"href":"https:\/\/greenagritec.com\/pt\/wp-json\/wp\/v2\/product_tag?post=38560"}],"curies":[{"name":"wp","href":"https:\/\/api.w.org\/{rel}","templated":true}]}}