{"id":38546,"date":"2026-03-02T13:46:06","date_gmt":"2026-03-02T13:46:06","guid":{"rendered":"https:\/\/greenagritec.com\/?post_type=product&#038;p=38546"},"modified":"2026-03-19T18:07:02","modified_gmt":"2026-03-19T18:07:02","slug":"varredora-a-gasolina-profissional-honda-gx120-omm-700-st","status":"publish","type":"product","link":"https:\/\/greenagritec.com\/pt\/produto-2\/varredora-a-gasolina-profissional-honda-gx120-omm-700-st\/","title":{"rendered":"Varredora a gasolina profissional Honda GX120 \u2013 OMM 700 ST"},"content":{"rendered":"<p data-start=\"340\" data-end=\"540\">A Honda 700 ST \u00e9 uma varredora profissional a gasolina projetada para limpeza pesada de ambientes externos, como estacionamentos, cal\u00e7adas, fazendas e \u00e1reas industriais.<\/p>\n<p data-start=\"542\" data-end=\"737\">Equipada com um motor Honda GX120 de 3,5 HP, oferece uma capacidade de trabalho de at\u00e9 3.700 m\u00b2\/h. Sua largura de varri\u00e7\u00e3o de 820 mm (com escova lateral) permite uma limpeza r\u00e1pida e eficiente.<\/p>\n<p data-start=\"739\" data-end=\"902\">Robusto e f\u00e1cil de manusear, possui um sistema de limpeza manual do filtro e tra\u00e7\u00e3o mec\u00e2nica, garantindo um uso confort\u00e1vel e duradouro.<\/p>\n<hr data-start=\"904\" data-end=\"907\" \/>\n<h2 data-start=\"909\" data-end=\"942\">Principais caracter\u00edsticas<\/h2>\n<ul data-start=\"944\" data-end=\"1261\">\n<li data-start=\"944\" data-end=\"989\">\n<p data-start=\"946\" data-end=\"989\">motor de combust\u00e3o interna <strong data-start=\"963\" data-end=\"987\">Honda GX120 \u2013 3,5 HP<\/strong><\/p>\n<\/li>\n<li data-start=\"990\" data-end=\"1030\">\n<p data-start=\"992\" data-end=\"1030\">Capacidade de trabalho: <strong data-start=\"1014\" data-end=\"1028\">3.700 m\u00b2\/h<\/strong><\/p>\n<\/li>\n<li data-start=\"1031\" data-end=\"1075\">\n<p data-start=\"1033\" data-end=\"1075\">Largura de trabalho central: <strong data-start=\"1063\" data-end=\"1073\">700 mm<\/strong><\/p>\n<\/li>\n<li data-start=\"1076\" data-end=\"1121\">\n<p data-start=\"1078\" data-end=\"1121\">Largura com escova lateral: <strong data-start=\"1109\" data-end=\"1119\">820 mm<\/strong><\/p>\n<\/li>\n<li data-start=\"1122\" data-end=\"1144\">\n<p data-start=\"1124\" data-end=\"1144\">Tra\u00e7\u00e3o mec\u00e2nica<\/p>\n<\/li>\n<li data-start=\"1145\" data-end=\"1175\">\n<p data-start=\"1147\" data-end=\"1175\">Limpeza manual do filtro<\/p>\n<\/li>\n<li data-start=\"1176\" data-end=\"1215\">\n<p data-start=\"1178\" data-end=\"1215\">Caixa de coleta de grande capacidade<\/p>\n<\/li>\n<li data-start=\"1216\" data-end=\"1261\">\n<p data-start=\"1218\" data-end=\"1261\">Ideal para uso profissional ao ar livre.<\/p>\n<\/li>\n<\/ul>\n<hr data-start=\"1263\" data-end=\"1266\" \/>\n<h2 data-start=\"1268\" data-end=\"1298\">Especifica\u00e7\u00f5es t\u00e9cnicas<\/h2>\n<p data-start=\"1300\" data-end=\"1337\"><strong data-start=\"1300\" data-end=\"1320\">Nome do produto:<\/strong> Varredora 700 ST<\/p>\n<p data-start=\"1339\" data-end=\"1357\"><strong data-start=\"1339\" data-end=\"1351\">Marca :<\/strong> OMM<\/p>\n<p data-start=\"1359\" data-end=\"1400\"><strong data-start=\"1359\" data-end=\"1377\">Motor:<\/strong> Honda GX120 \u2013 3,5 HP<\/p>\n<p data-start=\"1402\" data-end=\"1446\"><strong data-start=\"1402\" data-end=\"1412\">Tipo :<\/strong> Varredora t\u00e9rmica com acess\u00f3rios<\/p>\n<p data-start=\"1448\" data-end=\"1486\"><strong data-start=\"1448\" data-end=\"1473\">Capacidade de trabalho:<\/strong> 3.700 m\u00b2\/h<\/p>\n<p data-start=\"1488\" data-end=\"1526\"><strong data-start=\"1488\" data-end=\"1517\">Largura da escova central:<\/strong> 700 mm<\/p>\n<p data-start=\"1528\" data-end=\"1571\"><strong data-start=\"1528\" data-end=\"1562\">Largura com escova lateral:<\/strong> 820 mm<\/p>\n<p data-start=\"1573\" data-end=\"1601\"><strong data-start=\"1573\" data-end=\"1594\">Capacidade do cont\u00eainer:<\/strong> 60 L<\/p>\n<p data-start=\"1603\" data-end=\"1633\"><strong data-start=\"1603\" data-end=\"1626\">Superf\u00edcie do filtro:<\/strong> 3 m\u00b2<\/p>\n<p data-start=\"1635\" data-end=\"1666\"><strong data-start=\"1635\" data-end=\"1657\">Limpeza do filtro:<\/strong> Manual<\/p>\n<p data-start=\"1668\" data-end=\"1718\"><strong data-start=\"1668\" data-end=\"1696\">Dimens\u00f5es (C \u00d7 L \u00d7 A):<\/strong> 1280 \u00d7 820 \u00d7 950 mm<\/p>\n<p data-start=\"1720\" data-end=\"1740\"><strong data-start=\"1720\" data-end=\"1731\">Peso :<\/strong> 110 kg<\/p>\n<p data-start=\"1742\" data-end=\"1788\"><strong data-start=\"1742\" data-end=\"1757\">Autonomia:<\/strong> Ilimitado (motor de combust\u00e3o interna)<\/p>","protected":false},"excerpt":{"rendered":"<p>Varredora a gasolina profissional Honda GX120 \u2013 OMM 700 ST<\/p>\n<p>Motor Honda GX120 \u2013 confiabilidade comprovada<br \/>\nIdeal para limpeza industrial, canteiros de obras e grandes \u00e1reas.<br \/>\nConstru\u00e7\u00e3o robusta para uso intenso.<br \/>\nLargura de trabalho eficiente para produtividade ideal.<\/p>\n<p>Produto profissional \u2013 recomendado para uso intenso.<\/p>\n<p>Entrega mediante solicita\u00e7\u00e3o (item volumoso)<br \/>\n\u00c9 necess\u00e1rio entrar em contato antes de fazer o pedido.<\/p>","protected":false},"featured_media":38547,"comment_status":"open","ping_status":"closed","template":"","meta":[],"product_brand":[],"product_cat":[765,850],"product_tag":[],"class_list":{"0":"post-38546","1":"product","2":"type-product","3":"status-publish","4":"has-post-thumbnail","6":"product_cat-machines-de-nettoyage-et-dentretien","7":"product_cat-balayeuses-professionnelles","9":"first","10":"instock","11":"taxable","12":"shipping-taxable","13":"purchasable","14":"product-type-simple"},"_links":{"self":[{"href":"https:\/\/greenagritec.com\/pt\/wp-json\/wp\/v2\/product\/38546","targetHints":{"allow":["GET"]}}],"collection":[{"href":"https:\/\/greenagritec.com\/pt\/wp-json\/wp\/v2\/product"}],"about":[{"href":"https:\/\/greenagritec.com\/pt\/wp-json\/wp\/v2\/types\/product"}],"replies":[{"embeddable":true,"href":"https:\/\/greenagritec.com\/pt\/wp-json\/wp\/v2\/comments?post=38546"}],"version-history":[{"count":3,"href":"https:\/\/greenagritec.com\/pt\/wp-json\/wp\/v2\/product\/38546\/revisions"}],"predecessor-version":[{"id":39003,"href":"https:\/\/greenagritec.com\/pt\/wp-json\/wp\/v2\/product\/38546\/revisions\/39003"}],"wp:featuredmedia":[{"embeddable":true,"href":"https:\/\/greenagritec.com\/pt\/wp-json\/wp\/v2\/media\/38547"}],"wp:attachment":[{"href":"https:\/\/greenagritec.com\/pt\/wp-json\/wp\/v2\/media?parent=38546"}],"wp:term":[{"taxonomy":"product_brand","embeddable":true,"href":"https:\/\/greenagritec.com\/pt\/wp-json\/wp\/v2\/product_brand?post=38546"},{"taxonomy":"product_cat","embeddable":true,"href":"https:\/\/greenagritec.com\/pt\/wp-json\/wp\/v2\/product_cat?post=38546"},{"taxonomy":"product_tag","embeddable":true,"href":"https:\/\/greenagritec.com\/pt\/wp-json\/wp\/v2\/product_tag?post=38546"}],"curies":[{"name":"wp","href":"https:\/\/api.w.org\/{rel}","templated":true}]}}