{"id":36504,"date":"2026-01-15T18:32:17","date_gmt":"2026-01-15T18:32:17","guid":{"rendered":"https:\/\/greenagritec.com\/product\/husqvarna-130-35sn-chainsaw\/"},"modified":"2026-02-19T15:40:22","modified_gmt":"2026-02-19T15:40:22","slug":"tronconneuse-a-essence-husqvarna-130-35sn-380-cc-guide-de-35-cm","status":"publish","type":"product","link":"https:\/\/greenagritec.com\/pt\/produto-2\/tronconneuse-a-essence-husqvarna-130-35sn-380-cc-guide-de-35-cm\/","title":{"rendered":"Motosserra a gasolina HUSQVARNA 130 35SN - 38,0 cc, veda\u00e7\u00e3o de 35 cm"},"content":{"rendered":"<p data-start=\"239\" data-end=\"515\">La tron\u00e7onneuse HUSQVARNA 130 35SN est une tron\u00e7onneuse \u00e0 essence con\u00e7ue pour la coupe de bois de chauffage, l&#8217;entretien de jardin et les applications foresti\u00e8res l\u00e9g\u00e8res. Construite selon les standards de fiabilit\u00e9 Husqvarna, elle offre une performance de coupe efficace combin\u00e9e \u00e0 une facilit\u00e9 d&#8217;utilisation et une durabilit\u00e9.<\/p>\n<p>\u00c9quip\u00e9e d&#8217;un moteur de 38,0 cm\u00b3 et d&#8217;un guide-cha\u00eene de 35 cm, cette tron\u00e7onneuse offre une puissance accrue par rapport aux mod\u00e8les d&#8217;entr\u00e9e de gamme tout en restant l\u00e9g\u00e8re et bien \u00e9quilibr\u00e9e. Le syst\u00e8me Air Injection\u2122 contribue \u00e0 prolonger la dur\u00e9e de vie du moteur, tandis que la technologie anti-vibrations LowVib\u00ae am\u00e9liore le confort de l&#8217;utilisateur lors d&#8217;une utilisation prolong\u00e9e.<\/p>\n<p>Principais caracter\u00edsticas<\/p>\n<p>Tron\u00e7onneuse \u00e0 essence pour travaux de jardin et forestiers l\u00e9gers<\/p>\n<p>Moteur \u00e0 essence de 38,0 cm\u00b3<\/p>\n<p>Guide-cha\u00eene de 35 cm<\/p>\n<p>Syst\u00e8me Air Injection\u2122 pour r\u00e9duire l&#8217;usure du filtre \u00e0 air<\/p>\n<p>Technologie anti-vibrations LowVib\u00ae<\/p>\n<p>Commande combin\u00e9e starter\/arr\u00eat pour un d\u00e9marrage plus facile<\/p>\n<p>Lubrification automatique de la cha\u00eene<\/p>\n<p>Especifica\u00e7\u00f5es<\/p>\n<p>Marque : Husqvarna<\/p>\n<p>Type : Tron\u00e7onneuse \u00e0 essence<\/p>\n<p>Cylindr\u00e9e du moteur : 38,0 cm\u00b3<\/p>\n<p>Puissance : env. 1,6 kW<\/p>\n<p>Longueur du guide-cha\u00eene : 35 cm<\/p>\n<p data-start=\"239\" data-end=\"515\">Pas de cha\u00eene : 3\/8&#8243; mini Poids (sans \u00e9quipement de coupe) : env. 4,8 kg Type de carburant : Essence Lubrification de la cha\u00eene : Automatique<\/p>","protected":false},"excerpt":{"rendered":"<p>Pas de cha\u00eene : 3\/8&#8243; Poids mini (sans \u00e9quipement de d\u00e9coupe) : env. 4,8 kg Type de carburant : Essence Lubrification de la cha\u00eene : Automatique<\/p>","protected":false},"featured_media":36527,"comment_status":"open","ping_status":"closed","template":"","meta":[],"product_brand":[840],"product_cat":[842,740,829],"product_tag":[],"class_list":{"0":"post-36504","1":"product","2":"type-product","3":"status-publish","4":"has-post-thumbnail","6":"product_brand-husqvarna","7":"product_cat-husqvarna","8":"product_cat-materiel-agricole-et-de-jardin","9":"product_cat-scies-a-chaine","11":"first","12":"instock","13":"taxable","14":"shipping-taxable","15":"purchasable","16":"product-type-simple"},"_links":{"self":[{"href":"https:\/\/greenagritec.com\/pt\/wp-json\/wp\/v2\/product\/36504","targetHints":{"allow":["GET"]}}],"collection":[{"href":"https:\/\/greenagritec.com\/pt\/wp-json\/wp\/v2\/product"}],"about":[{"href":"https:\/\/greenagritec.com\/pt\/wp-json\/wp\/v2\/types\/product"}],"replies":[{"embeddable":true,"href":"https:\/\/greenagritec.com\/pt\/wp-json\/wp\/v2\/comments?post=36504"}],"version-history":[{"count":4,"href":"https:\/\/greenagritec.com\/pt\/wp-json\/wp\/v2\/product\/36504\/revisions"}],"predecessor-version":[{"id":37485,"href":"https:\/\/greenagritec.com\/pt\/wp-json\/wp\/v2\/product\/36504\/revisions\/37485"}],"wp:featuredmedia":[{"embeddable":true,"href":"https:\/\/greenagritec.com\/pt\/wp-json\/wp\/v2\/media\/36527"}],"wp:attachment":[{"href":"https:\/\/greenagritec.com\/pt\/wp-json\/wp\/v2\/media?parent=36504"}],"wp:term":[{"taxonomy":"product_brand","embeddable":true,"href":"https:\/\/greenagritec.com\/pt\/wp-json\/wp\/v2\/product_brand?post=36504"},{"taxonomy":"product_cat","embeddable":true,"href":"https:\/\/greenagritec.com\/pt\/wp-json\/wp\/v2\/product_cat?post=36504"},{"taxonomy":"product_tag","embeddable":true,"href":"https:\/\/greenagritec.com\/pt\/wp-json\/wp\/v2\/product_tag?post=36504"}],"curies":[{"name":"wp","href":"https:\/\/api.w.org\/{rel}","templated":true}]}}