{"id":36496,"date":"2026-01-15T18:32:17","date_gmt":"2026-01-15T18:32:17","guid":{"rendered":"https:\/\/greenagritec.com\/product\/benza-bzt-1000r3-tiller\/"},"modified":"2026-02-28T12:18:36","modified_gmt":"2026-02-28T12:18:36","slug":"cultivador-a-gasolina-benza-bzt-1000r3-212cc-com-marcha-a-re","status":"publish","type":"product","link":"https:\/\/greenagritec.com\/pt\/produto-2\/cultivador-a-gasolina-benza-bzt-1000r3-212cc-com-marcha-a-re\/","title":{"rendered":"Motocultivador a gasolina de 212 cc com marcha \u00e0 r\u00e9 \u2013 Benz BZT 1000R3"},"content":{"rendered":"<p data-start=\"289\" data-end=\"434\">A enxada rotativa BENZA BZT 1000R3 \u00e9 uma cultivadora a gasolina de alto desempenho, projetada para lavrar o solo em jardins e pequenas propriedades rurais.<\/p>\n<p data-start=\"436\" data-end=\"693\">Equipada com um motor a gasolina de 212 cc, oferece pot\u00eancia adequada para cavar, capinar e preparar o solo. Sua marcha \u00e0 r\u00e9 facilita as manobras e melhora o conforto do usu\u00e1rio, especialmente em terrenos compactados ou em espa\u00e7os confinados.<\/p>\n<p data-start=\"695\" data-end=\"814\">Robusto e confi\u00e1vel, \u00e9 a solu\u00e7\u00e3o ideal para pessoas exigentes e profissionais de jardinagem.<\/p>\n<hr data-start=\"816\" data-end=\"819\" \/>\n<h2 data-start=\"821\" data-end=\"854\">Principais caracter\u00edsticas<\/h2>\n<ul data-start=\"856\" data-end=\"1048\">\n<li data-start=\"856\" data-end=\"881\">\n<p data-start=\"858\" data-end=\"881\">Motor a gasolina de 212 cc<\/p>\n<\/li>\n<li data-start=\"882\" data-end=\"918\">\n<p data-start=\"884\" data-end=\"918\">Transmiss\u00e3o com marcha \u00e0 r\u00e9<\/p>\n<\/li>\n<li data-start=\"919\" data-end=\"965\">\n<p data-start=\"921\" data-end=\"965\">Ideal para prepara\u00e7\u00e3o e manuten\u00e7\u00e3o do solo.<\/p>\n<\/li>\n<li data-start=\"966\" data-end=\"987\">\n<p data-start=\"968\" data-end=\"987\">Estrutura robusta<\/p>\n<\/li>\n<li data-start=\"988\" data-end=\"1013\">\n<p data-start=\"990\" data-end=\"1013\">Manuseio otimizado<\/p>\n<\/li>\n<li data-start=\"1014\" data-end=\"1048\">\n<p data-start=\"1016\" data-end=\"1048\">Adequado para jardins e hortas.<\/p>\n<\/li>\n<\/ul>\n<hr data-start=\"1050\" data-end=\"1053\" \/>\n<h2 data-start=\"1055\" data-end=\"1085\">Especifica\u00e7\u00f5es t\u00e9cnicas<\/h2>\n<p data-start=\"1087\" data-end=\"1126\"><strong data-start=\"1087\" data-end=\"1107\">Nome do produto:<\/strong> BENZA BZT 1000R3<\/p>\n<p data-start=\"1128\" data-end=\"1148\"><strong data-start=\"1128\" data-end=\"1140\">Marca :<\/strong> Benza<\/p>\n<p data-start=\"1150\" data-end=\"1184\"><strong data-start=\"1150\" data-end=\"1160\">Tipo :<\/strong> Rotocultivador a gasolina<\/p>\n<p data-start=\"1186\" data-end=\"1221\"><strong data-start=\"1186\" data-end=\"1204\">Motor:<\/strong> 212cc Gasolina<\/p>\n<p data-start=\"1223\" data-end=\"1266\"><strong data-start=\"1223\" data-end=\"1241\">Transmiss\u00e3o:<\/strong> Avan\u00e7ar + Retroceder<\/p>\n<p data-start=\"1268\" data-end=\"1326\"><strong data-start=\"1268\" data-end=\"1285\">Usar :<\/strong> Jardinagem, horta, prepara\u00e7\u00e3o do solo<\/p>","protected":false},"excerpt":{"rendered":"<p>Cultivador a gasolina BENZA BZT 1000R3 de 212 cc com marcha \u00e0 r\u00e9. Potente e manobr\u00e1vel, ideal para preparo e manuten\u00e7\u00e3o do solo.<\/p>","protected":false},"featured_media":36509,"comment_status":"open","ping_status":"closed","template":"","meta":[],"product_brand":[798],"product_cat":[841,741,740],"product_tag":[],"class_list":{"0":"post-36496","1":"product","2":"type-product","3":"status-publish","4":"has-post-thumbnail","6":"product_brand-benza","7":"product_cat-benza","8":"product_cat-fraiseuses-et-outils-de-travail-du-sol","9":"product_cat-materiel-agricole-et-de-jardin","11":"first","12":"instock","13":"featured","14":"taxable","15":"shipping-taxable","16":"purchasable","17":"product-type-simple"},"_links":{"self":[{"href":"https:\/\/greenagritec.com\/pt\/wp-json\/wp\/v2\/product\/36496","targetHints":{"allow":["GET"]}}],"collection":[{"href":"https:\/\/greenagritec.com\/pt\/wp-json\/wp\/v2\/product"}],"about":[{"href":"https:\/\/greenagritec.com\/pt\/wp-json\/wp\/v2\/types\/product"}],"replies":[{"embeddable":true,"href":"https:\/\/greenagritec.com\/pt\/wp-json\/wp\/v2\/comments?post=36496"}],"version-history":[{"count":5,"href":"https:\/\/greenagritec.com\/pt\/wp-json\/wp\/v2\/product\/36496\/revisions"}],"predecessor-version":[{"id":38420,"href":"https:\/\/greenagritec.com\/pt\/wp-json\/wp\/v2\/product\/36496\/revisions\/38420"}],"wp:featuredmedia":[{"embeddable":true,"href":"https:\/\/greenagritec.com\/pt\/wp-json\/wp\/v2\/media\/36509"}],"wp:attachment":[{"href":"https:\/\/greenagritec.com\/pt\/wp-json\/wp\/v2\/media?parent=36496"}],"wp:term":[{"taxonomy":"product_brand","embeddable":true,"href":"https:\/\/greenagritec.com\/pt\/wp-json\/wp\/v2\/product_brand?post=36496"},{"taxonomy":"product_cat","embeddable":true,"href":"https:\/\/greenagritec.com\/pt\/wp-json\/wp\/v2\/product_cat?post=36496"},{"taxonomy":"product_tag","embeddable":true,"href":"https:\/\/greenagritec.com\/pt\/wp-json\/wp\/v2\/product_tag?post=36496"}],"curies":[{"name":"wp","href":"https:\/\/api.w.org\/{rel}","templated":true}]}}