{"id":36101,"date":"2026-01-10T17:49:27","date_gmt":"2026-01-10T17:49:27","guid":{"rendered":"https:\/\/greenagritec.com\/?post_type=product&#038;p=36101"},"modified":"2026-02-17T08:33:34","modified_gmt":"2026-02-17T08:33:34","slug":"vidaxl-ensemble-de-40-pieces-tarauds-et-filieres-outils-professionnels-pour-le-filetage-et-le-nettoyage","status":"publish","type":"product","link":"https:\/\/greenagritec.com\/pt\/produto-2\/vidaxl-ensemble-de-40-pieces-tarauds-et-filieres-outils-professionnels-pour-le-filetage-et-le-nettoyage\/","title":{"rendered":"vidaXL Ensemble de 40 pi\u00e8ces tarauds et fili\u00e8res \u2013 Outils professionnels pour le filetage et le nettoyage"},"content":{"rendered":"<p data-start=\"344\" data-end=\"669\">Le kit de tarauds et fili\u00e8res vidaXL 40 pi\u00e8ces est un ensemble d&#8217;outils d&#8217;atelier polyvalent et pratique, con\u00e7u pour couper et nettoyer les filetages internes et externes. Fabriqu\u00e9 en acier au carbone de haute qualit\u00e9 et fourni dans une mallette de transport pratique, ce kit est id\u00e9al pour l&#8217;entretien m\u00e9canique, les r\u00e9parations automobiles et l&#8217;usage g\u00e9n\u00e9ral en atelier.<\/p>\n<p>Comprenant une large gamme de tarauds et fili\u00e8res ainsi que les cl\u00e9s et jauges essentielles, ce set de 40 pi\u00e8ces permet de cr\u00e9er et de r\u00e9parer avec pr\u00e9cision des filetages sur divers mat\u00e9riaux et applications.<\/p>\n<p>Principais caracter\u00edsticas<\/p>\n<p>&#8211; Kit complet de 40 pi\u00e8ces pour la coupe et le nettoyage des filetages<br \/>\n&#8211; Outils en acier au carbone de haute qualit\u00e9, tremp\u00e9s et trait\u00e9s thermiquement<br \/>\n&#8211; Comprend des tarauds, fili\u00e8res, cl\u00e9s, jauge et tournevis<br \/>\n&#8211; Fournis dans une mallette de transport pratique<br \/>\n&#8211; Convient pour l&#8217;automobile, l&#8217;atelier m\u00e9canique et le bricolage<br \/>\n&#8211; Facile \u00e0 transporter et \u00e0 ranger dans l&#8217;atelier ou le garage<\/p>\n<p>Especifica\u00e7\u00f5es<\/p>\n<p>Nom du produit : Kit de tarauds et fili\u00e8res vidaXL 40 pi\u00e8ces<br \/>\nMarque : vidaXL<br \/>\nMat\u00e9riau : Acier au carbone<br \/>\nPi\u00e8ces incluses : 40 outils (tarauds, fili\u00e8res, cl\u00e9s)<\/p>\n<p data-start=\"344\" data-end=\"669\">Housse de transport : Oui Application : Coupe et nettoyage de fils pour les t\u00e2ches automobiles et m\u00e9caniques g\u00e9n\u00e9rales Utilisation : Atelier, garage, bricolage<\/p>","protected":false},"excerpt":{"rendered":"<p>Ensemble de tarauds et fili\u00e8res en acier au carbone de 40 pi\u00e8ces avec mallette de transport pour couper et nettoyer les filetages en atelier et pour usage automobile.<\/p>","protected":false},"featured_media":20177,"comment_status":"open","ping_status":"closed","template":"","meta":[],"product_brand":[],"product_cat":[748,760],"product_tag":[],"class_list":{"0":"post-36101","1":"product","2":"type-product","3":"status-publish","4":"has-post-thumbnail","6":"product_cat-outils-pour-atelier-et-pneus","7":"product_cat-equipement-datelier","9":"first","10":"instock","11":"taxable","12":"shipping-taxable","13":"purchasable","14":"product-type-simple"},"_links":{"self":[{"href":"https:\/\/greenagritec.com\/pt\/wp-json\/wp\/v2\/product\/36101","targetHints":{"allow":["GET"]}}],"collection":[{"href":"https:\/\/greenagritec.com\/pt\/wp-json\/wp\/v2\/product"}],"about":[{"href":"https:\/\/greenagritec.com\/pt\/wp-json\/wp\/v2\/types\/product"}],"replies":[{"embeddable":true,"href":"https:\/\/greenagritec.com\/pt\/wp-json\/wp\/v2\/comments?post=36101"}],"version-history":[{"count":3,"href":"https:\/\/greenagritec.com\/pt\/wp-json\/wp\/v2\/product\/36101\/revisions"}],"predecessor-version":[{"id":37493,"href":"https:\/\/greenagritec.com\/pt\/wp-json\/wp\/v2\/product\/36101\/revisions\/37493"}],"wp:featuredmedia":[{"embeddable":true,"href":"https:\/\/greenagritec.com\/pt\/wp-json\/wp\/v2\/media\/20177"}],"wp:attachment":[{"href":"https:\/\/greenagritec.com\/pt\/wp-json\/wp\/v2\/media?parent=36101"}],"wp:term":[{"taxonomy":"product_brand","embeddable":true,"href":"https:\/\/greenagritec.com\/pt\/wp-json\/wp\/v2\/product_brand?post=36101"},{"taxonomy":"product_cat","embeddable":true,"href":"https:\/\/greenagritec.com\/pt\/wp-json\/wp\/v2\/product_cat?post=36101"},{"taxonomy":"product_tag","embeddable":true,"href":"https:\/\/greenagritec.com\/pt\/wp-json\/wp\/v2\/product_tag?post=36101"}],"curies":[{"name":"wp","href":"https:\/\/api.w.org\/{rel}","templated":true}]}}