{"id":36036,"date":"2026-01-10T10:59:17","date_gmt":"2026-01-10T10:59:17","guid":{"rendered":"https:\/\/greenagritec.com\/product\/vevor-24-inch-magnetic-sweeper-with-wheels-50-lbs-capacity-with-telescoping-magnetic-pickup-tool-adjustable-handle-magnetic-pickup-sweeper-to-pick-up-nails-and-screws-for-workshop-garage-yard\/"},"modified":"2026-02-19T16:13:57","modified_gmt":"2026-02-19T16:13:57","slug":"balayeuse-magnetique-vevor-24%e2%80%b3-avec-roues-outil-de-ramassage-magnetique-dune-capacite-de-50-lb","status":"publish","type":"product","link":"https:\/\/greenagritec.com\/pt\/produto-2\/balayeuse-magnetique-vevor-24%e2%80%b3-avec-roues-outil-de-ramassage-magnetique-dune-capacite-de-50-lb\/","title":{"rendered":"Varredora magn\u00e9tica VEVOR 24\u2033 com rodas - Ferramenta de recolha magn\u00e9tica com capacidade para 50 lb"},"content":{"rendered":"<p data-start=\"405\" data-end=\"758\">Le balayeur magn\u00e9tique VEVOR de 24 pouces est un outil de nettoyage pratique con\u00e7u pour ramasser rapidement les clous, vis, boulons et d\u00e9bris m\u00e9talliques sur les sols et les surfaces ext\u00e9rieures. Avec une capacit\u00e9 magn\u00e9tique de 50 lb et une conception sur roues, il permet un nettoyage sans effort dans les ateliers, garages, entrep\u00f4ts, cours et chantiers de construction.<\/p>\n<p>Dot\u00e9 d&#8217;une poign\u00e9e r\u00e9glable et d&#8217;une large largeur de balayage de 24 pouces, ce balayeur magn\u00e9tique am\u00e9liore la s\u00e9curit\u00e9 et l&#8217;efficacit\u00e9 en r\u00e9duisant le risque de perforations, de blessures et de dommages aux pneus.<\/p>\n<p>Principais caracter\u00edsticas<\/p>\n<p>Balayeur magn\u00e9tique de 24 pouces<br \/>\nPuissante force magn\u00e9tique \u2013 capacit\u00e9 de 50 lb<br \/>\nRamasse clous, vis et d\u00e9bris m\u00e9talliques<br \/>\nConception sur roues pour un d\u00e9placement facile<br \/>\nPoign\u00e9e r\u00e9glable pour le confort de l&#8217;utilisateur<br \/>\nId\u00e9al pour atelier, garage, cour et chantiers<br \/>\nAm\u00e9liore la s\u00e9curit\u00e9 et la propret\u00e9<\/p>\n<p>Especifica\u00e7\u00f5es<\/p>\n<p>Marca: VEVOR<br \/>\nType : Balayeur magn\u00e9tique \/ outil de ramassage magn\u00e9tique<br \/>\nLargeur de balayage : 24 pouces<br \/>\nCapacit\u00e9 magn\u00e9tique : 50 lb<br \/>\nMobilit\u00e9 : Roues<br \/>\nPoign\u00e9e : R\u00e9glable<br \/>\nApplication : Atelier, garage, cour, chantier<\/p>","protected":false},"excerpt":{"rendered":"<p>Varredora magn\u00e9tica de 24 polegadas com rodas e capacidade de 50 lb para recolha r\u00e1pida de pregos e detritos met\u00e1licos.<\/p>","protected":false},"featured_media":36035,"comment_status":"open","ping_status":"closed","template":"","meta":[],"product_brand":[795],"product_cat":[765,333,843],"product_tag":[],"class_list":{"0":"post-36036","1":"product","2":"type-product","3":"status-publish","4":"has-post-thumbnail","6":"product_brand-vevor","7":"product_cat-machines-de-nettoyage-et-dentretien","8":"product_cat-accessoires-de-nettoyage","9":"product_cat-vevor","11":"first","12":"instock","13":"taxable","14":"shipping-taxable","15":"purchasable","16":"product-type-simple"},"_links":{"self":[{"href":"https:\/\/greenagritec.com\/pt\/wp-json\/wp\/v2\/product\/36036","targetHints":{"allow":["GET"]}}],"collection":[{"href":"https:\/\/greenagritec.com\/pt\/wp-json\/wp\/v2\/product"}],"about":[{"href":"https:\/\/greenagritec.com\/pt\/wp-json\/wp\/v2\/types\/product"}],"replies":[{"embeddable":true,"href":"https:\/\/greenagritec.com\/pt\/wp-json\/wp\/v2\/comments?post=36036"}],"version-history":[{"count":2,"href":"https:\/\/greenagritec.com\/pt\/wp-json\/wp\/v2\/product\/36036\/revisions"}],"predecessor-version":[{"id":37487,"href":"https:\/\/greenagritec.com\/pt\/wp-json\/wp\/v2\/product\/36036\/revisions\/37487"}],"wp:featuredmedia":[{"embeddable":true,"href":"https:\/\/greenagritec.com\/pt\/wp-json\/wp\/v2\/media\/36035"}],"wp:attachment":[{"href":"https:\/\/greenagritec.com\/pt\/wp-json\/wp\/v2\/media?parent=36036"}],"wp:term":[{"taxonomy":"product_brand","embeddable":true,"href":"https:\/\/greenagritec.com\/pt\/wp-json\/wp\/v2\/product_brand?post=36036"},{"taxonomy":"product_cat","embeddable":true,"href":"https:\/\/greenagritec.com\/pt\/wp-json\/wp\/v2\/product_cat?post=36036"},{"taxonomy":"product_tag","embeddable":true,"href":"https:\/\/greenagritec.com\/pt\/wp-json\/wp\/v2\/product_tag?post=36036"}],"curies":[{"name":"wp","href":"https:\/\/api.w.org\/{rel}","templated":true}]}}