{"id":35438,"date":"2026-01-10T08:22:57","date_gmt":"2026-01-10T08:22:57","guid":{"rendered":"https:\/\/greenagritec.com\/product\/vevor-tool-backpack-65-pockets-heavy-duty-tools-storage-organizer-work-bags-with-laptop-compartment-molded-base-electrician-jobsite-backpack-for-electrician-repairman-and-hvac-techs\/"},"modified":"2026-02-17T11:59:44","modified_gmt":"2026-02-17T11:59:44","slug":"sac-a-dos-doutils-vevor-avec-outils-organiseur-doutils-robuste-65-poches-et-compartiment-pour-ordinateur-portable","status":"publish","type":"product","link":"https:\/\/greenagritec.com\/pt\/produto-2\/sac-a-dos-doutils-vevor-avec-outils-organiseur-doutils-robuste-65-poches-et-compartiment-pour-ordinateur-portable\/","title":{"rendered":"Sac \u00e0 dos d&#8217;outils VEVOR avec outils, organiseur d&#8217;outils robuste, 65 poches et compartiment pour ordinateur portable"},"content":{"rendered":"<p>Le sac \u00e0 dos \u00e0 outils VEVOR est un sac \u00e0 dos robuste sur chantier, con\u00e7u pour les professionnels ayant besoin d&#8217;un stockage organis\u00e9 et d&#8217;une mobilit\u00e9 facile. Avec 65 poches et compartiments, il permet une organisation efficace des outils, accessoires et objets personnels.<\/p>\n<p>Dot\u00e9 d&#8217;un compartiment d\u00e9di\u00e9 aux ordinateurs portables et d&#8217;une base moul\u00e9e pour une meilleure stabilit\u00e9 et protection, ce sac \u00e0 dos est id\u00e9al pour les \u00e9lectriciens, les techniciens de r\u00e9paration et les professionnels CVC travaillant dans des environnements exigeants.<\/p>\n<p>Caract\u00e9ristiques cl\u00e9s<\/p>\n<p>Sac \u00e0 dos \u00e0 outils robuste avec 65 poches de rangement<br \/>\nComprendre des outils pour une utilisation sur le chantier<br \/>\nCompartiment d\u00e9di\u00e9 \u00e0 ordinateur portable<br \/>\nBase moul\u00e9e pour la stabilit\u00e9 et la protection<br \/>\nConception de sac \u00e0 dos confortable pour un usage professionnel<br \/>\nId\u00e9al pour les \u00e9lectriciens, r\u00e9parateurs et techniciens CVC<\/p>\n<p>Caract\u00e9ristiques techniques<\/p>\n<p>Nom du produit : Sac \u00e0 dos \u00e0 outils VEVOR avec outils<br \/>\nMarca: VEVOR<br \/>\nCapacit\u00e9 de stockage : 65 poches<br \/>\nInclus : Ensemble d&#8217;outils<br \/>\nCompartimento para laptop: Sim<br \/>\nTipo de base: Base moldada<br \/>\nDesign: Mochila<br \/>\nApplication : \u00c9lectricien, r\u00e9paration, CVC, stockage d\u2019outils sur chantier<\/p>","protected":false},"excerpt":{"rendered":"<p data-start=\"1601\" data-end=\"1714\">Sac \u00e0 dos-outil robuste avec outils, 65 poches, compartiment pour ordinateur portable et base moul\u00e9e pour une utilisation professionnelle sur les chantiers.<\/p>","protected":false},"featured_media":35437,"comment_status":"open","ping_status":"closed","template":"","meta":[],"product_brand":[],"product_cat":[758,760],"product_tag":[],"class_list":{"0":"post-35438","1":"product","2":"type-product","3":"status-publish","4":"has-post-thumbnail","6":"product_cat-equipement-industriel","7":"product_cat-equipement-datelier","9":"first","10":"instock","11":"taxable","12":"shipping-taxable","13":"purchasable","14":"product-type-simple"},"_links":{"self":[{"href":"https:\/\/greenagritec.com\/pt\/wp-json\/wp\/v2\/product\/35438","targetHints":{"allow":["GET"]}}],"collection":[{"href":"https:\/\/greenagritec.com\/pt\/wp-json\/wp\/v2\/product"}],"about":[{"href":"https:\/\/greenagritec.com\/pt\/wp-json\/wp\/v2\/types\/product"}],"replies":[{"embeddable":true,"href":"https:\/\/greenagritec.com\/pt\/wp-json\/wp\/v2\/comments?post=35438"}],"version-history":[{"count":4,"href":"https:\/\/greenagritec.com\/pt\/wp-json\/wp\/v2\/product\/35438\/revisions"}],"predecessor-version":[{"id":37708,"href":"https:\/\/greenagritec.com\/pt\/wp-json\/wp\/v2\/product\/35438\/revisions\/37708"}],"wp:featuredmedia":[{"embeddable":true,"href":"https:\/\/greenagritec.com\/pt\/wp-json\/wp\/v2\/media\/35437"}],"wp:attachment":[{"href":"https:\/\/greenagritec.com\/pt\/wp-json\/wp\/v2\/media?parent=35438"}],"wp:term":[{"taxonomy":"product_brand","embeddable":true,"href":"https:\/\/greenagritec.com\/pt\/wp-json\/wp\/v2\/product_brand?post=35438"},{"taxonomy":"product_cat","embeddable":true,"href":"https:\/\/greenagritec.com\/pt\/wp-json\/wp\/v2\/product_cat?post=35438"},{"taxonomy":"product_tag","embeddable":true,"href":"https:\/\/greenagritec.com\/pt\/wp-json\/wp\/v2\/product_tag?post=35438"}],"curies":[{"name":"wp","href":"https:\/\/api.w.org\/{rel}","templated":true}]}}