{"id":35147,"date":"2026-01-10T08:09:19","date_gmt":"2026-01-10T08:09:19","guid":{"rendered":"https:\/\/greenagritec.com\/product\/vevor-zcut-9-automatic-tape-dispenser-adhesive-electric-tape-cutter-packaging-machine-tape-cutting-machine-6-60mm-tape-width\/"},"modified":"2026-02-17T11:57:02","modified_gmt":"2026-02-17T11:57:02","slug":"dispensador-automatico-de-fita-adesiva-vevor-zcut-9-cortador-eletrico-de-fita-para-embalagens-largura-da-fita-de-6-a-60-mm","status":"publish","type":"product","link":"https:\/\/greenagritec.com\/pt\/produto-2\/dispensador-automatico-de-fita-adesiva-vevor-zcut-9-cortador-eletrico-de-fita-para-embalagens-largura-da-fita-de-6-a-60-mm\/","title":{"rendered":"Dispensador autom\u00e1tico de fita adesiva VEVOR Zcut-9 \u2013 Cortador el\u00e9trico de fita para embalagens, com largura de fita de 6 a 60 mm"},"content":{"rendered":"<p>O dispensador autom\u00e1tico de fita adesiva VEVOR Zcut-9 \u00e9 uma solu\u00e7\u00e3o confi\u00e1vel e eficiente para cortar fita adesiva durante opera\u00e7\u00f5es de embalagem.<\/p>\n<p>Projetado para lidar com uma ampla gama de larguras de fita, de 6 mm a 60 mm, este dispensador el\u00e9trico garante cortes precisos e consistentes com o simples toque de um bot\u00e3o.<\/p>\n<p>Ideal para esta\u00e7\u00f5es de embalagem, departamentos de expedi\u00e7\u00e3o, armaz\u00e9ns e oficinas, a Zcut-9 otimiza os fluxos de trabalho, agilizando o manuseio de fitas e reduzindo o desperd\u00edcio. Seu design compacto e robusto a torna um recurso pr\u00e1tico para qualquer ambiente de trabalho onde o corte de fitas seja frequente e repetitivo.<\/p>\n<p>Especifica\u00e7\u00f5es<\/p>\n<p>Largura da fita: 6 a 60 mm<\/p>\n<p>Funcionamento: Distribui\u00e7\u00e3o el\u00e9trica autom\u00e1tica<\/p>\n<p>Materiais compat\u00edveis: Rolos de fita adesiva<\/p>\n<p>Precis\u00e3o de distribui\u00e7\u00e3o: Corte preciso e consistente<\/p>\n<p>Alimenta\u00e7\u00e3o: Ligado \u00e0 rede el\u00e9trica (conectado \u00e0 tomada)<\/p>\n<p>Usos: Embalagem, envio, log\u00edstica, oficinas<\/p>\n<p>Caracter\u00edsticas do produto<\/p>\n<p>Cortador autom\u00e1tico de fita adesiva para embalagens r\u00e1pidas<\/p>\n<p>Compat\u00edvel com fitas de 6 a 60 mm de largura.<\/p>\n<p>Cortes limpos e precisos sempre.<\/p>\n<p>Reduzir o desperd\u00edcio de fitas e otimizar o fluxo de trabalho.<\/p>\n<p>Design compacto e robusto<\/p>\n<p>Ideal para armaz\u00e9ns, linhas de embalagem e pequenas empresas.<\/p>","protected":false},"excerpt":{"rendered":"<p>O dispensador autom\u00e1tico de fita adesiva VEVOR Zcut-9 \u00e9 uma solu\u00e7\u00e3o confi\u00e1vel e eficiente para cortar fita adesiva.<\/p>","protected":false},"featured_media":35146,"comment_status":"open","ping_status":"closed","template":"","meta":[],"product_brand":[],"product_cat":[760,758],"product_tag":[],"class_list":{"0":"post-35147","1":"product","2":"type-product","3":"status-publish","4":"has-post-thumbnail","6":"product_cat-equipement-datelier","7":"product_cat-equipement-industriel","9":"first","10":"instock","11":"taxable","12":"shipping-taxable","13":"purchasable","14":"product-type-simple"},"_links":{"self":[{"href":"https:\/\/greenagritec.com\/pt\/wp-json\/wp\/v2\/product\/35147","targetHints":{"allow":["GET"]}}],"collection":[{"href":"https:\/\/greenagritec.com\/pt\/wp-json\/wp\/v2\/product"}],"about":[{"href":"https:\/\/greenagritec.com\/pt\/wp-json\/wp\/v2\/types\/product"}],"replies":[{"embeddable":true,"href":"https:\/\/greenagritec.com\/pt\/wp-json\/wp\/v2\/comments?post=35147"}],"version-history":[{"count":2,"href":"https:\/\/greenagritec.com\/pt\/wp-json\/wp\/v2\/product\/35147\/revisions"}],"predecessor-version":[{"id":37693,"href":"https:\/\/greenagritec.com\/pt\/wp-json\/wp\/v2\/product\/35147\/revisions\/37693"}],"wp:featuredmedia":[{"embeddable":true,"href":"https:\/\/greenagritec.com\/pt\/wp-json\/wp\/v2\/media\/35146"}],"wp:attachment":[{"href":"https:\/\/greenagritec.com\/pt\/wp-json\/wp\/v2\/media?parent=35147"}],"wp:term":[{"taxonomy":"product_brand","embeddable":true,"href":"https:\/\/greenagritec.com\/pt\/wp-json\/wp\/v2\/product_brand?post=35147"},{"taxonomy":"product_cat","embeddable":true,"href":"https:\/\/greenagritec.com\/pt\/wp-json\/wp\/v2\/product_cat?post=35147"},{"taxonomy":"product_tag","embeddable":true,"href":"https:\/\/greenagritec.com\/pt\/wp-json\/wp\/v2\/product_tag?post=35147"}],"curies":[{"name":"wp","href":"https:\/\/api.w.org\/{rel}","templated":true}]}}