{"id":34408,"date":"2026-01-10T07:21:49","date_gmt":"2026-01-10T07:21:49","guid":{"rendered":"https:\/\/greenagritec.com\/product\/vevor-ice-drill-auger-8-diameter-nylon-ice-auger-41-length-ice-auger-bit-auger-drill-with-14-adjustable-extension-rod-rubber-handle-drill-adapter-replaceable-auger-blade-for-ice-fish\/"},"modified":"2026-02-17T15:09:12","modified_gmt":"2026-02-17T15:09:12","slug":"tariere-a-glace-vevor-tariere-en-nylon-de-20-cm-8-po-longueur-de-104-cm-41-po-avec-rallonge-de-36-cm-14-po","status":"publish","type":"product","link":"https:\/\/greenagritec.com\/pt\/produto-2\/tariere-a-glace-vevor-tariere-en-nylon-de-20-cm-8-po-longueur-de-104-cm-41-po-avec-rallonge-de-36-cm-14-po\/","title":{"rendered":"Broca de gelo VEVOR, broca de nylon de 20 cm (8 pol.), 104 cm (41 pol.) de comprimento com extens\u00e3o de 36 cm (14 pol.)."},"content":{"rendered":"<p>La tari\u00e8re \u00e0 glace VEVOR est un outil robuste et l\u00e9ger, con\u00e7u pour percer efficacement la glace lors de la p\u00eache sur glace. Dot\u00e9e d&#8217;une m\u00e8che en nylon de 20 cm de diam\u00e8tre et de 104 cm de longueur, ainsi que d&#8217;une rallonge r\u00e9glable de 36 cm, elle permet un per\u00e7age rapide et net m\u00eame dans la glace \u00e9paisse.<\/p>\n<p>Fournie avec un adaptateur pour perceuse, des lames rempla\u00e7ables et une poign\u00e9e ergonomique en caoutchouc, cette tari\u00e8re \u00e0 glace est compatible avec les perceuses \u00e9lectriques standard, ce qui en fait une solution pratique et portable pour les amateurs de p\u00eache sur glace.<\/p>\n<p>Principais caracter\u00edsticas<\/p>\n<p>Tari\u00e8re \u00e0 glace pour la p\u00eache sur glace<\/p>\n<p>Tari\u00e8re en nylon de 20 cm de diam\u00e8tre<\/p>\n<p>Longueur de la tari\u00e8re : 104 cm avec rallonge r\u00e9glable de 36 cm<\/p>\n<p>Adaptateur pour perceuse inclus (compatible avec les perceuses \u00e9lectriques)<\/p>\n<p>Lames de tari\u00e8re aff\u00fbt\u00e9es et rempla\u00e7ables<\/p>\n<p>Conception l\u00e9g\u00e8re avec poign\u00e9e en caoutchouc pour une meilleure prise en main<\/p>\n<p>Convient pour percer la glace \u00e9paisse<\/p>\n<p>Especifica\u00e7\u00f5es<\/p>\n<p>Nom du produit : Tari\u00e8re \u00e0 glace VEVOR<\/p>\n<p>Marca: VEVOR<\/p>\n<p>Diam\u00e8tre : 20 cm<\/p>\n<p>Longueur : 104 cm<\/p>\n<p>Rallonge : Tige d&#8217;extension r\u00e9glable de 36 cm<\/p>\n<p>Mat\u00e9riau : Corps de la tari\u00e8re en nylon<\/p>\n<p>Lames : Rempla\u00e7ables<\/p>\n<p>Utilisation : P\u00eache sur glace<\/p>","protected":false},"excerpt":{"rendered":"<p>Broca de gelo de nylon de 8 polegadas com 41 polegadas de comprimento e uma extens\u00e3o de 14 polegadas para perfura\u00e7\u00e3o eficiente para pesca no gelo.<\/p>","protected":false},"featured_media":34407,"comment_status":"open","ping_status":"closed","template":"","meta":[],"product_brand":[],"product_cat":[740,742],"product_tag":[],"class_list":{"0":"post-34408","1":"product","2":"type-product","3":"status-publish","4":"has-post-thumbnail","6":"product_cat-materiel-agricole-et-de-jardin","7":"product_cat-tariere","9":"first","10":"instock","11":"taxable","12":"shipping-taxable","13":"purchasable","14":"product-type-simple"},"_links":{"self":[{"href":"https:\/\/greenagritec.com\/pt\/wp-json\/wp\/v2\/product\/34408","targetHints":{"allow":["GET"]}}],"collection":[{"href":"https:\/\/greenagritec.com\/pt\/wp-json\/wp\/v2\/product"}],"about":[{"href":"https:\/\/greenagritec.com\/pt\/wp-json\/wp\/v2\/types\/product"}],"replies":[{"embeddable":true,"href":"https:\/\/greenagritec.com\/pt\/wp-json\/wp\/v2\/comments?post=34408"}],"version-history":[{"count":2,"href":"https:\/\/greenagritec.com\/pt\/wp-json\/wp\/v2\/product\/34408\/revisions"}],"predecessor-version":[{"id":37861,"href":"https:\/\/greenagritec.com\/pt\/wp-json\/wp\/v2\/product\/34408\/revisions\/37861"}],"wp:featuredmedia":[{"embeddable":true,"href":"https:\/\/greenagritec.com\/pt\/wp-json\/wp\/v2\/media\/34407"}],"wp:attachment":[{"href":"https:\/\/greenagritec.com\/pt\/wp-json\/wp\/v2\/media?parent=34408"}],"wp:term":[{"taxonomy":"product_brand","embeddable":true,"href":"https:\/\/greenagritec.com\/pt\/wp-json\/wp\/v2\/product_brand?post=34408"},{"taxonomy":"product_cat","embeddable":true,"href":"https:\/\/greenagritec.com\/pt\/wp-json\/wp\/v2\/product_cat?post=34408"},{"taxonomy":"product_tag","embeddable":true,"href":"https:\/\/greenagritec.com\/pt\/wp-json\/wp\/v2\/product_tag?post=34408"}],"curies":[{"name":"wp","href":"https:\/\/api.w.org\/{rel}","templated":true}]}}