{"id":34286,"date":"2026-01-10T07:10:02","date_gmt":"2026-01-10T07:10:02","guid":{"rendered":"https:\/\/greenagritec.com\/product\/vevor-click-torque-wrench-set-1-4inch-drive-20-200lbf-in-2-3-22-6n-m-dual-direction-and-dual-range-scales-72-tooth-%c2%b13-high-precision-with-bit-sockets-extension-bar-for-bicycle-repair-ora\/"},"modified":"2026-02-17T15:12:42","modified_gmt":"2026-02-17T15:12:42","slug":"cle-dynamometrique-a-cliquet-vevor-entrainement-1-4-haute-precision-%c2%b13-72-dents-kit-daccessoires","status":"publish","type":"product","link":"https:\/\/greenagritec.com\/pt\/produto-2\/cle-dynamometrique-a-cliquet-vevor-entrainement-1-4-haute-precision-%c2%b13-72-dents-kit-daccessoires\/","title":{"rendered":"Chave dinamom\u00e9trica de roquete VEVOR - 1\/4\u2033 de acionamento, alta precis\u00e3o \u00b13 %, 72 dentes, kit de acess\u00f3rios"},"content":{"rendered":"<p>Le jeu de cl\u00e9s dynamom\u00e9triques \u00e0 cliquet VEVOR 1\/4&#8243; est con\u00e7u pour les applications de haute pr\u00e9cision \u00e0 faible couple, ce qui le rend id\u00e9al pour les v\u00e9los, les motos, l&#8217;\u00e9lectronique et les petits travaux de m\u00e9canique. Avec une pr\u00e9cision de \u00b13 %, il garantit un serrage constant et fiable des composants d\u00e9licats.<\/p>\n<p>Dot\u00e9 d&#8217;un m\u00e9canisme \u00e0 cliquet \u00e0 72 dents et d&#8217;une rotation bidirectionnelle, cette cl\u00e9 dynamom\u00e9trique compacte offre un contr\u00f4le pr\u00e9cis m\u00eame dans les espaces restreints. Les douilles et la rallonge incluses en font un kit complet et pr\u00eat \u00e0 l&#8217;emploi pour les professionnels et les bricoleurs avertis.<\/p>\n<p>Principais caracter\u00edsticas<\/p>\n<p>Cl\u00e9 dynamom\u00e9trique \u00e0 cliquet 1\/4&#8243;<\/p>\n<p>Haute pr\u00e9cision : \u00b13 %<\/p>\n<p>Cliquet \u00e0 72 dents pour un serrage fin<\/p>\n<p>Rotation bidirectionnelle<\/p>\n<p>Plage de couple : 20\u2013200 lbf\u00b7in \/ 2,3\u201322,6 N\u00b7m<\/p>\n<p>Conception compacte pour un travail de pr\u00e9cision<\/p>\n<p>Douilles et rallonge incluses<\/p>\n<p>Especifica\u00e7\u00f5es<\/p>\n<p>Marca: VEVOR<\/p>\n<p>Type : Cl\u00e9 dynamom\u00e9trique \u00e0 cliquet Coffret<\/p>\n<p>Taille d&#8217;entra\u00eenement\u00a0: 6,35\u00a0mm (1\/4&#8243;)<\/p>\n<p>Pr\u00e9cision\u00a0: \u00b13\u00a0%<\/p>\n<p>Cliquet\u00a0: 72\u00a0dents<\/p>\n<p>Plage de couple\u00a0: 2,3\u201322,6\u00a0N\u00b7m (20\u2013200\u00a0lbf\u00b7in)<\/p>\n<p>Fonctionnement\u00a0: Bidirectionnel<\/p>\n<p>Inclus\u00a0: Douilles \u00e0 embouts, rallonge<\/p>\n<p>Utilisation\u00a0: V\u00e9lo, moto, petites r\u00e9parations m\u00e9caniques<\/p>","protected":false},"excerpt":{"rendered":"<p>Cl\u00e9 dynamom\u00e9trique \u00e0 cliquet de pr\u00e9cision 1\/4&#8243; avec une pr\u00e9cision de \u00b13%, id\u00e9ale pour les v\u00e9los et les travaux m\u00e9caniques l\u00e9gers.<\/p>","protected":false},"featured_media":37057,"comment_status":"open","ping_status":"closed","template":"","meta":[],"product_brand":[],"product_cat":[760,748],"product_tag":[],"class_list":{"0":"post-34286","1":"product","2":"type-product","3":"status-publish","4":"has-post-thumbnail","6":"product_cat-equipement-datelier","7":"product_cat-outils-pour-atelier-et-pneus","9":"first","10":"instock","11":"taxable","12":"shipping-taxable","13":"purchasable","14":"product-type-simple"},"_links":{"self":[{"href":"https:\/\/greenagritec.com\/pt\/wp-json\/wp\/v2\/product\/34286","targetHints":{"allow":["GET"]}}],"collection":[{"href":"https:\/\/greenagritec.com\/pt\/wp-json\/wp\/v2\/product"}],"about":[{"href":"https:\/\/greenagritec.com\/pt\/wp-json\/wp\/v2\/types\/product"}],"replies":[{"embeddable":true,"href":"https:\/\/greenagritec.com\/pt\/wp-json\/wp\/v2\/comments?post=34286"}],"version-history":[{"count":3,"href":"https:\/\/greenagritec.com\/pt\/wp-json\/wp\/v2\/product\/34286\/revisions"}],"predecessor-version":[{"id":37877,"href":"https:\/\/greenagritec.com\/pt\/wp-json\/wp\/v2\/product\/34286\/revisions\/37877"}],"wp:featuredmedia":[{"embeddable":true,"href":"https:\/\/greenagritec.com\/pt\/wp-json\/wp\/v2\/media\/37057"}],"wp:attachment":[{"href":"https:\/\/greenagritec.com\/pt\/wp-json\/wp\/v2\/media?parent=34286"}],"wp:term":[{"taxonomy":"product_brand","embeddable":true,"href":"https:\/\/greenagritec.com\/pt\/wp-json\/wp\/v2\/product_brand?post=34286"},{"taxonomy":"product_cat","embeddable":true,"href":"https:\/\/greenagritec.com\/pt\/wp-json\/wp\/v2\/product_cat?post=34286"},{"taxonomy":"product_tag","embeddable":true,"href":"https:\/\/greenagritec.com\/pt\/wp-json\/wp\/v2\/product_tag?post=34286"}],"curies":[{"name":"wp","href":"https:\/\/api.w.org\/{rel}","templated":true}]}}