{"id":34247,"date":"2026-01-10T06:53:10","date_gmt":"2026-01-10T06:53:10","guid":{"rendered":"https:\/\/greenagritec.com\/product\/vevor-tiller-cultivator-gas-powered-212cc-4-stroke-garden-cultivator-tiller-with-4-steel-adjustable-rear-tines-for-lawn-garden-and-field-soil-cultivation\/"},"modified":"2026-02-17T15:24:33","modified_gmt":"2026-02-17T15:24:33","slug":"motoculteur-a-essence-vevor-motoculteur-de-jardin-4-temps-212-cm%c2%b3-avec-fraises-arriere-reglables-pour-le-travail-du-sol-dans-les-pelouses-les-jardins-et-les-champs","status":"publish","type":"product","link":"https:\/\/greenagritec.com\/pt\/produto-2\/motoculteur-a-essence-vevor-motoculteur-de-jardin-4-temps-212-cm%c2%b3-avec-fraises-arriere-reglables-pour-le-travail-du-sol-dans-les-pelouses-les-jardins-et-les-champs\/","title":{"rendered":"Enxada rotativa a gasolina VEVOR \u2013 Enxada rotativa de jardim de 212 cc e 4 tempos com l\u00e2minas traseiras ajust\u00e1veis para cultivo do solo em gramados, jardins e campos."},"content":{"rendered":"<p>La motobineuse thermique VEVOR est un outil robuste con\u00e7u pour le travail intensif du sol dans les pelouses, les jardins et les champs. Son moteur \u00e0 essence 4 temps de 212 cm\u00b3 offre un couple \u00e9lev\u00e9, une grande fiabilit\u00e9 et une faible consommation de carburant, id\u00e9ale pour les travaux de pr\u00e9paration du sol les plus exigeants.<\/p>\n<p>Dot\u00e9e de quatre fraises arri\u00e8re en acier r\u00e9glables, cette motobineuse assure une p\u00e9n\u00e9tration profonde du sol, une a\u00e9ration efficace et un d\u00e9sherbage performant, la rendant ainsi adapt\u00e9e aux grandes surfaces et \u00e0 un usage professionnel ou semi-professionnel.<\/p>\n<p>Principais caracter\u00edsticas<\/p>\n<p>Motoculteur de jardin \u00e0 essence avec moteur 4 temps de 212 cm\u00b3<\/p>\n<p>Fraises arri\u00e8re r\u00e9glables en acier pour un travail du sol en profondeur<\/p>\n<p>Couple \u00e9lev\u00e9 pour les sols durs et compacts<\/p>\n<p>Conception stable et puissante pour les grandes surfaces<\/p>\n<p>Moteur 4 temps \u00e9conome en carburant (pas de m\u00e9lange n\u00e9cessaire)<\/p>\n<p>Id\u00e9al pour les jardins, les champs et la pr\u00e9paration des sols agricoles<\/p>\n<p>Especifica\u00e7\u00f5es<\/p>\n<p>Marca: VEVOR<\/p>\n<p>Cylindr\u00e9e\u00a0: 212 cm\u00b3<\/p>\n<p>Type de moteur\u00a0: 4 temps essence<\/p>\n<p>Fraises\u00a0: 4 fraises arri\u00e8re r\u00e9glables en acier<\/p>\n<p>Alimentation\u00a0: Essence<\/p>\n<p>Utilisation\u00a0: Pelouses, jardins et champs<\/p>","protected":false},"excerpt":{"rendered":"<p>Enxada rotativa a gasolina de 4 tempos e 212 cc com l\u00e2minas traseiras de a\u00e7o ajust\u00e1veis para trabalhos intensivos no solo.<\/p>","protected":false},"featured_media":34246,"comment_status":"open","ping_status":"closed","template":"","meta":[],"product_brand":[],"product_cat":[741,740],"product_tag":[],"class_list":{"0":"post-34247","1":"product","2":"type-product","3":"status-publish","4":"has-post-thumbnail","6":"product_cat-fraiseuses-et-outils-de-travail-du-sol","7":"product_cat-materiel-agricole-et-de-jardin","9":"first","10":"instock","11":"taxable","12":"shipping-taxable","13":"purchasable","14":"product-type-simple"},"_links":{"self":[{"href":"https:\/\/greenagritec.com\/pt\/wp-json\/wp\/v2\/product\/34247","targetHints":{"allow":["GET"]}}],"collection":[{"href":"https:\/\/greenagritec.com\/pt\/wp-json\/wp\/v2\/product"}],"about":[{"href":"https:\/\/greenagritec.com\/pt\/wp-json\/wp\/v2\/types\/product"}],"replies":[{"embeddable":true,"href":"https:\/\/greenagritec.com\/pt\/wp-json\/wp\/v2\/comments?post=34247"}],"version-history":[{"count":3,"href":"https:\/\/greenagritec.com\/pt\/wp-json\/wp\/v2\/product\/34247\/revisions"}],"predecessor-version":[{"id":37921,"href":"https:\/\/greenagritec.com\/pt\/wp-json\/wp\/v2\/product\/34247\/revisions\/37921"}],"wp:featuredmedia":[{"embeddable":true,"href":"https:\/\/greenagritec.com\/pt\/wp-json\/wp\/v2\/media\/34246"}],"wp:attachment":[{"href":"https:\/\/greenagritec.com\/pt\/wp-json\/wp\/v2\/media?parent=34247"}],"wp:term":[{"taxonomy":"product_brand","embeddable":true,"href":"https:\/\/greenagritec.com\/pt\/wp-json\/wp\/v2\/product_brand?post=34247"},{"taxonomy":"product_cat","embeddable":true,"href":"https:\/\/greenagritec.com\/pt\/wp-json\/wp\/v2\/product_cat?post=34247"},{"taxonomy":"product_tag","embeddable":true,"href":"https:\/\/greenagritec.com\/pt\/wp-json\/wp\/v2\/product_tag?post=34247"}],"curies":[{"name":"wp","href":"https:\/\/api.w.org\/{rel}","templated":true}]}}