{"id":34155,"date":"2026-01-10T06:35:23","date_gmt":"2026-01-10T06:35:23","guid":{"rendered":"https:\/\/greenagritec.com\/product\/vevor-16-pressure-washer-undercarriage-cleaner-stainless-steel-surface-cleaner-for-pressure-washer-4000-max-psi-angle-adjustment-gear-4-spray-nozzles-2-extended-wands-for-driveway-patio-deck\/"},"modified":"2026-02-17T15:27:16","modified_gmt":"2026-02-17T15:27:16","slug":"nettoyeur-de-chassis-haute-pression-vevor-16%e2%80%b3-nettoyeur-de-surfaces-en-acier-inoxydable-4-000-psi","status":"publish","type":"product","link":"https:\/\/greenagritec.com\/pt\/produto-2\/nettoyeur-de-chassis-haute-pression-vevor-16%e2%80%b3-nettoyeur-de-surfaces-en-acier-inoxydable-4-000-psi\/","title":{"rendered":"Lavadora de chassis de alta press\u00e3o VEVOR de 16 polegadas \u2013 Limpadora de superf\u00edcies de a\u00e7o inoxid\u00e1vel, 4000 PSI"},"content":{"rendered":"<p>Le nettoyeur de ch\u00e2ssis haute pression VEVOR 16\u2033 est un outil performant en acier inoxydable con\u00e7u pour nettoyer les zones difficiles d&#8217;acc\u00e8s comme les ch\u00e2ssis de v\u00e9hicules, les all\u00e9es, les terrasses et les patios. Compatible avec les nettoyeurs haute pression jusqu&#8217;\u00e0 4\u00a0000\u00a0PSI, il offre un nettoyage puissant et constant.<\/p>\n<p>\u00c9quip\u00e9 de quatre buses de pulv\u00e9risation et d&#8217;un orientable, ce nettoyeur garantit une couverture efficace et un nettoyage pr\u00e9cis. Les deux rallonges incluses offrent une port\u00e9e et une flexibilit\u00e9 accrues, ce qui en fait un accessoire id\u00e9al pour les applications de nettoyage haute pression, aussi bien r\u00e9sidentielles que professionnelles.<\/p>\n<p>Principais caracter\u00edsticas<\/p>\n<p>Nettoyeur de surface en acier inoxydable 40 cm (16 po) pour nettoyeurs haute pression<\/p>\n<p>Compatible avec les nettoyeurs haute pression jusqu&#8217;\u00e0 4\u00a0000\u00a0PSI<\/p>\n<p>Con\u00e7u pour le nettoyage des ch\u00e2ssis et des surfaces<\/p>\n<p>Quatre buses de pulv\u00e9risation haute efficacit\u00e9<\/p>\n<p>Clavier d&#8217;angle r\u00e9glable pour une position de nettoyage optimale<\/p>\n<p>Deux rallonges incluses pour une port\u00e9e accrue<\/p>\n<p>Construction robuste en acier inoxydable<\/p>\n<p>Especifica\u00e7\u00f5es<\/p>\n<p>Nom du produit\u00a0: Nettoyeur de ch\u00e2ssis VEVOR 40 cm (16 po) pour nettoyeur haute pression<br \/>\nMarca: VEVOR<br \/>\nDiam\u00e8tre\u00a0: 40 cm (16 po)<br \/>\nPression maximale\u00a0: 4\u00a0000\u00a0PSI<br \/>\nMaterial: A\u00e7o inoxid\u00e1vel<br \/>\nBuses\u00a0: 4 buses de pulv\u00e9risation<br \/>\nR\u00e9glage\u00a0: M\u00e9canisme d&#8217;angle r\u00e9glable<br \/>\nInclus\u00a0: 2 rallonges<br \/>\nUtilisation\u00a0: All\u00e9e, terrasse, patio, ch\u00e2ssis de v\u00e9hicule<\/p>","protected":false},"excerpt":{"rendered":"<p>A lavadora de chassis de alta press\u00e3o VEVOR de 16 polegadas \u00e9 uma ferramenta de a\u00e7o inoxid\u00e1vel de alto desempenho projetada para limpeza de \u00e1reas.<\/p>","protected":false},"featured_media":34154,"comment_status":"open","ping_status":"closed","template":"","meta":[],"product_brand":[],"product_cat":[765,691],"product_tag":[],"class_list":{"0":"post-34155","1":"product","2":"type-product","3":"status-publish","4":"has-post-thumbnail","6":"product_cat-machines-de-nettoyage-et-dentretien","7":"product_cat-nettoyeur-haute-pression","9":"first","10":"instock","11":"taxable","12":"shipping-taxable","13":"purchasable","14":"product-type-simple"},"_links":{"self":[{"href":"https:\/\/greenagritec.com\/pt\/wp-json\/wp\/v2\/product\/34155","targetHints":{"allow":["GET"]}}],"collection":[{"href":"https:\/\/greenagritec.com\/pt\/wp-json\/wp\/v2\/product"}],"about":[{"href":"https:\/\/greenagritec.com\/pt\/wp-json\/wp\/v2\/types\/product"}],"replies":[{"embeddable":true,"href":"https:\/\/greenagritec.com\/pt\/wp-json\/wp\/v2\/comments?post=34155"}],"version-history":[{"count":3,"href":"https:\/\/greenagritec.com\/pt\/wp-json\/wp\/v2\/product\/34155\/revisions"}],"predecessor-version":[{"id":37932,"href":"https:\/\/greenagritec.com\/pt\/wp-json\/wp\/v2\/product\/34155\/revisions\/37932"}],"wp:featuredmedia":[{"embeddable":true,"href":"https:\/\/greenagritec.com\/pt\/wp-json\/wp\/v2\/media\/34154"}],"wp:attachment":[{"href":"https:\/\/greenagritec.com\/pt\/wp-json\/wp\/v2\/media?parent=34155"}],"wp:term":[{"taxonomy":"product_brand","embeddable":true,"href":"https:\/\/greenagritec.com\/pt\/wp-json\/wp\/v2\/product_brand?post=34155"},{"taxonomy":"product_cat","embeddable":true,"href":"https:\/\/greenagritec.com\/pt\/wp-json\/wp\/v2\/product_cat?post=34155"},{"taxonomy":"product_tag","embeddable":true,"href":"https:\/\/greenagritec.com\/pt\/wp-json\/wp\/v2\/product_tag?post=34155"}],"curies":[{"name":"wp","href":"https:\/\/api.w.org\/{rel}","templated":true}]}}