{"id":34055,"date":"2026-01-10T06:32:16","date_gmt":"2026-01-10T06:32:16","guid":{"rendered":"https:\/\/greenagritec.com\/product\/vevor-12v-heavy-duty-air-compressor-with-6l-tank-kit-6-35-cfm-portable-tire-inflator-150psi-offroad-air-compressor-with-digital-pressure-gauge-tire-inflator-for-trucks-car-suv-4-x-4-vehicle-rv\/"},"modified":"2026-02-17T15:36:23","modified_gmt":"2026-02-17T15:36:23","slug":"compresseur-dair-vevor-12-v-haute-performance-avec-reservoir-de-6-l-gonfleur-de-pneus-portable-635-cfm-150-psi","status":"publish","type":"product","link":"https:\/\/greenagritec.com\/pt\/produto-2\/compresseur-dair-vevor-12-v-haute-performance-avec-reservoir-de-6-l-gonfleur-de-pneus-portable-635-cfm-150-psi\/","title":{"rendered":"VEVOR 12 V compressor de ar de elevado desempenho com dep\u00f3sito de 6 L - Insuflador de pneus port\u00e1til 6,35 CFM, 150 PSI"},"content":{"rendered":"<p>Le compresseur d&#8217;air VEVOR 12V haute performance avec r\u00e9servoir de 6 litres est un compresseur portable tout-terrain con\u00e7u pour un gonflage rapide, stable et continu.<\/p>\n<p>Gr\u00e2ce \u00e0 son r\u00e9servoir de 6 litres, il offre un flux d&#8217;air plus r\u00e9gulier et une pression constante, ce qui le rend id\u00e9al pour les pneus de poids lourds et les gonflages prolong\u00e9s.<\/p>\n<p>Avec un d\u00e9bit d&#8217;air de 6,35 CFM et une pression maximale de 150 PSI, ce compresseur est parfaitement adapt\u00e9 aux camions, SUV, 4&#215;4 et camping-cars. Le manom\u00e8tre num\u00e9rique int\u00e9gr\u00e9 assure un contr\u00f4le pr\u00e9cis de la pression pour un gonflage s\u00fbr et pr\u00e9cis en toutes circonstances.<\/p>\n<p>Principais caracter\u00edsticas<\/p>\n<p>R\u00e9servoir d&#8217;air int\u00e9gr\u00e9 de 6 L pour un d\u00e9bit d&#8217;air stable et continu<\/p>\n<p>D\u00e9bit d&#8217;air de 6,35 CFM pour un gonflage efficace des pneus<\/p>\n<p>Pression maximale de 150 PSI pour une utilisation intensive et hors route<\/p>\n<p>Manom\u00e8tre num\u00e9rique pour un contr\u00f4le pr\u00e9cis de la pression<\/p>\n<p>Alimentation 12 V CC \u2013 se connecte directement \u00e0 la batterie du v\u00e9hicule<\/p>\n<p>Especifica\u00e7\u00f5es<\/p>\n<p>Tension\u00a0: 12 V CC<\/p>\n<p>D\u00e9bit d&#8217;air\u00a0: 6,35 CFM<\/p>\n<p>Press\u00e3o m\u00e1xima: 150 PSI<\/p>\n<p>Capacit\u00e9 du r\u00e9servoir\u00a0: 6 L<\/p>\n<p>Type de manom\u00e8tre\u00a0: Manom\u00e8tre num\u00e9rique<\/p>\n<p>Source d&#8217;alimentation\u00a0: Batterie du v\u00e9hicule<\/p>\n<p>Application\u00a0: Gonflage des pneus et alimentation en air comprim\u00e9<\/p>","protected":false},"excerpt":{"rendered":"<p>Compressor de ar de 12V para trabalhos pesados com dep\u00f3sito de 6L, caudal de ar de 6,35 CFM e man\u00f3metro digital para encher pneus todo-o-terreno.<\/p>","protected":false},"featured_media":34054,"comment_status":"open","ping_status":"closed","template":"","meta":[],"product_brand":[],"product_cat":[751,748],"product_tag":[],"class_list":{"0":"post-34055","1":"product","2":"type-product","3":"status-publish","4":"has-post-thumbnail","6":"product_cat-compresseurs-dair","7":"product_cat-outils-pour-atelier-et-pneus","9":"first","10":"instock","11":"taxable","12":"shipping-taxable","13":"purchasable","14":"product-type-simple"},"_links":{"self":[{"href":"https:\/\/greenagritec.com\/pt\/wp-json\/wp\/v2\/product\/34055","targetHints":{"allow":["GET"]}}],"collection":[{"href":"https:\/\/greenagritec.com\/pt\/wp-json\/wp\/v2\/product"}],"about":[{"href":"https:\/\/greenagritec.com\/pt\/wp-json\/wp\/v2\/types\/product"}],"replies":[{"embeddable":true,"href":"https:\/\/greenagritec.com\/pt\/wp-json\/wp\/v2\/comments?post=34055"}],"version-history":[{"count":3,"href":"https:\/\/greenagritec.com\/pt\/wp-json\/wp\/v2\/product\/34055\/revisions"}],"predecessor-version":[{"id":37967,"href":"https:\/\/greenagritec.com\/pt\/wp-json\/wp\/v2\/product\/34055\/revisions\/37967"}],"wp:featuredmedia":[{"embeddable":true,"href":"https:\/\/greenagritec.com\/pt\/wp-json\/wp\/v2\/media\/34054"}],"wp:attachment":[{"href":"https:\/\/greenagritec.com\/pt\/wp-json\/wp\/v2\/media?parent=34055"}],"wp:term":[{"taxonomy":"product_brand","embeddable":true,"href":"https:\/\/greenagritec.com\/pt\/wp-json\/wp\/v2\/product_brand?post=34055"},{"taxonomy":"product_cat","embeddable":true,"href":"https:\/\/greenagritec.com\/pt\/wp-json\/wp\/v2\/product_cat?post=34055"},{"taxonomy":"product_tag","embeddable":true,"href":"https:\/\/greenagritec.com\/pt\/wp-json\/wp\/v2\/product_tag?post=34055"}],"curies":[{"name":"wp","href":"https:\/\/api.w.org\/{rel}","templated":true}]}}