{"id":4400,"date":"2021-10-12T15:51:09","date_gmt":"2021-10-12T15:51:09","guid":{"rendered":"http:\/\/dummy.xtemos.com\/woodmart2\/elementor\/?page_id=4400"},"modified":"2026-02-23T05:13:17","modified_gmt":"2026-02-23T05:13:17","slug":"a-propos-de-nous","status":"publish","type":"page","link":"https:\/\/greenagritec.com\/pt\/a-propos-de-nous\/","title":{"rendered":"Sobre n\u00f3s"},"content":{"rendered":"<div data-elementor-type=\"wp-page\" data-elementor-id=\"4400\" class=\"elementor elementor-4400\">\n\t\t\t\t\t\t<section class=\"elementor-section elementor-top-section elementor-element elementor-element-7818693c wd-section-stretch_row_content elementor-section-content-middle elementor-section-boxed elementor-section-height-default elementor-section-height-default\" data-id=\"7818693c\" data-element_type=\"section\" data-e-type=\"section\">\n\t\t\t\t\t\t<div class=\"elementor-container elementor-column-gap-default\">\n\t\t\t\t\t<div class=\"elementor-column elementor-col-50 elementor-top-column elementor-element elementor-element-5bc567f4\" data-id=\"5bc567f4\" data-element_type=\"column\" data-e-type=\"column\" data-settings=\"{&quot;background_background&quot;:&quot;classic&quot;}\">\n\t\t\t<div class=\"elementor-widget-wrap elementor-element-populated\">\n\t\t\t\t\t\t<div class=\"elementor-element elementor-element-496a56e wd-parallax-on-scroll wd_scroll_x_0 wd_scroll_y_-30 wd_scroll_z_0 elementor-widget__width-initial wd_scroll_smoothness_30 elementor-widget elementor-widget-wd_image_or_svg\" data-id=\"496a56e\" data-element_type=\"widget\" data-e-type=\"widget\" data-widget_type=\"wd_image_or_svg.default\">\n\t\t\t\t<div class=\"elementor-widget-container\">\n\t\t\t\t\t\n\t\t<div class=\"wd-image text-right\">\n\t\t\t\t\t\t\t\t<img fetchpriority=\"high\" decoding=\"async\" width=\"1536\" height=\"1024\" src=\"https:\/\/greenagritec.com\/wp-content\/uploads\/2025\/11\/image-9.png\" class=\"attachment-full size-full wp-image-18575\" alt=\"\" srcset=\"https:\/\/greenagritec.com\/wp-content\/uploads\/2025\/11\/image-9.png 1536w, https:\/\/greenagritec.com\/wp-content\/uploads\/2025\/11\/image-9-200x133.png 200w, https:\/\/greenagritec.com\/wp-content\/uploads\/2025\/11\/image-9-700x467.png 700w\" sizes=\"(max-width: 1536px) 100vw, 1536px\" \/>\t\t\t\t\t<\/div>\n\n\t\t\t\t\t\t<\/div>\n\t\t\t\t<\/div>\n\t\t\t\t\t<\/div>\n\t\t<\/div>\n\t\t\t\t<div class=\"elementor-column elementor-col-50 elementor-top-column elementor-element elementor-element-3c21a683\" data-id=\"3c21a683\" data-element_type=\"column\" data-e-type=\"column\">\n\t\t\t<div class=\"elementor-widget-wrap elementor-element-populated\">\n\t\t\t\t\t\t<div class=\"elementor-element elementor-element-32496f85 wd_scroll_y_20 wd-parallax-on-scroll wd_scroll_smoothness_30 elementor-widget elementor-widget-wd_title\" data-id=\"32496f85\" data-element_type=\"widget\" data-e-type=\"widget\" data-widget_type=\"wd_title.default\">\n\t\t\t\t<div class=\"elementor-widget-container\">\n\t\t\t\t\t\t\t<div class=\"title-wrapper set-mb-s reset-last-child wd-title-color-default wd-title-style-default wd-title-size-default text-left\">\n\n\t\t\t\n\t\t\t<div class=\"liner-continer\">\n\t\t\t\t<h4 class=\"woodmart-title-container title wd-fontsize-l\">SOBRE<i><strong> AGRITECNA VERDE<\/strong><\/i><\/h4> \n\t\t\t\t\t\t\t<\/div>\n\n\t\t\t\t\t<\/div>\n\t\t\t\t\t\t<\/div>\n\t\t\t\t<\/div>\n\t\t\t\t<div class=\"elementor-element elementor-element-52e0aeaa wd-parallax-on-scroll wd_scroll_y_20 wd_scroll_smoothness_30 elementor-widget elementor-widget-wd_text_block\" data-id=\"52e0aeaa\" data-element_type=\"widget\" data-e-type=\"widget\" data-widget_type=\"wd_text_block.default\">\n\t\t\t\t<div class=\"elementor-widget-container\">\n\t\t\t\t\t\t\t<div class=\"wd-text-block reset-last-child text-left\">\n\t\t\t\n\t\t\t<p data-start=\"311\" data-end=\"618\">Bem-vindo \u00e0 Green Agritec \u2014 seu parceiro de confian\u00e7a para equipamentos agr\u00edcolas e para \u00e1reas externas inovadores. Nosso compromisso \u00e9 fornecer m\u00e1quinas confi\u00e1veis e de alto desempenho, apoiando agricultores, jardineiros, empreiteiros e entusiastas do &quot;fa\u00e7a voc\u00ea mesmo&quot; na Europa, \u00c1frica e em outros lugares. H\u00e1 muitos anos, nossa miss\u00e3o \u00e9 simples: oferecer qualidade, durabilidade e valor agregado real, com excelente atendimento ao cliente e suporte multil\u00edngue. Seja trabalhando a terra, cuidando de \u00e1reas verdes ou realizando projetos de &quot;fa\u00e7a voc\u00ea mesmo&quot; mais exigentes, a Green Agritec oferece equipamentos que tornam suas tarefas mais simples, r\u00e1pidas e eficientes.<\/p>\n\t\t\t\t\t<\/div>\n\t\t\t\t\t\t<\/div>\n\t\t\t\t<\/div>\n\t\t\t\t\t<\/div>\n\t\t<\/div>\n\t\t\t\t\t<\/div>\n\t\t<\/section>\n\t\t\t\t<section class=\"elementor-section elementor-top-section elementor-element elementor-element-78c45d49 wd-section-stretch_row_content elementor-section-content-middle elementor-reverse-tablet elementor-reverse-mobile elementor-section-boxed elementor-section-height-default elementor-section-height-default\" data-id=\"78c45d49\" data-element_type=\"section\" data-e-type=\"section\">\n\t\t\t\t\t\t<div class=\"elementor-container elementor-column-gap-default\">\n\t\t\t\t\t<div class=\"elementor-column elementor-col-50 elementor-top-column elementor-element elementor-element-3d956baf\" data-id=\"3d956baf\" data-element_type=\"column\" data-e-type=\"column\">\n\t\t\t<div class=\"elementor-widget-wrap elementor-element-populated\">\n\t\t\t\t\t\t<div class=\"elementor-element elementor-element-2df66d51 wd_scroll_y_20 wd-parallax-on-scroll wd_scroll_smoothness_30 elementor-widget elementor-widget-wd_title\" data-id=\"2df66d51\" data-element_type=\"widget\" data-e-type=\"widget\" data-widget_type=\"wd_title.default\">\n\t\t\t\t<div class=\"elementor-widget-container\">\n\t\t\t\t\t\t\t<div class=\"title-wrapper set-mb-s reset-last-child wd-title-color-default wd-title-style-default wd-title-size-default text-left\">\n\n\t\t\t\n\t\t\t<div class=\"liner-continer\">\n\t\t\t\t<h4 class=\"woodmart-title-container title wd-fontsize-l\">O que n\u00f3s <i><strong>Vamos oferecer<\/strong><\/i><\/h4> \n\t\t\t\t\t\t\t<\/div>\n\n\t\t\t\t\t<\/div>\n\t\t\t\t\t\t<\/div>\n\t\t\t\t<\/div>\n\t\t\t\t<div class=\"elementor-element elementor-element-110b8065 wd-parallax-on-scroll wd_scroll_y_20 wd_scroll_smoothness_30 elementor-widget elementor-widget-wd_text_block\" data-id=\"110b8065\" data-element_type=\"widget\" data-e-type=\"widget\" data-widget_type=\"wd_text_block.default\">\n\t\t\t\t<div class=\"elementor-widget-container\">\n\t\t\t\t\t\t\t<div class=\"wd-text-block reset-last-child text-left\">\n\t\t\t\n\t\t\t<p data-start=\"809\" data-end=\"964\">Uma ampla gama de m\u00e1quinas profissionais: desde m\u00e1quinas agr\u00edcolas a ferramentas de jardinagem, tecnologia florestal, lavadoras de alta press\u00e3o e equipamentos de bricolagem de qualidade \u2013 tudo o que voc\u00ea precisa, em um s\u00f3 lugar.<br \/><br \/>Produtos confi\u00e1veis e dur\u00e1veis: Confiamos em marcas de confian\u00e7a e m\u00e1quinas de alta qualidade, projetadas para um desempenho duradouro em condi\u00e7\u00f5es reais de trabalho.<br \/><br \/>Suporte completo para suas m\u00e1quinas: Oferecemos todas as pe\u00e7as de reposi\u00e7\u00e3o e acess\u00f3rios necess\u00e1rios para manter seu equipamento em perfeitas condi\u00e7\u00f5es ano ap\u00f3s ano.<br \/><br \/>Recomenda\u00e7\u00f5es de primeira linha: Nossos produtos mais vendidos s\u00e3o recomendados por usu\u00e1rios reais \u2013 agricultores, paisagistas, t\u00e9cnicos e propriet\u00e1rios de casas em toda a Europa e \u00c1frica.<br \/><br \/>Assist\u00eancia especializada: Nossa equipe de suporte multil\u00edngue est\u00e1 dispon\u00edvel para fornecer aconselhamento personalizado e atendimento completo ao cliente.<br \/><br \/>Solu\u00e7\u00f5es flex\u00edveis: Quer compre m\u00e1quinas novas, usadas ou alugue, a Green Agritec adapta-se \u00e0s suas necessidades, desde pequenos projetos dom\u00e9sticos a utiliza\u00e7\u00f5es profissionais.<\/p>\n\t\t\t\t\t<\/div>\n\t\t\t\t\t\t<\/div>\n\t\t\t\t<\/div>\n\t\t\t\t\t<\/div>\n\t\t<\/div>\n\t\t\t\t<div class=\"elementor-column elementor-col-50 elementor-top-column elementor-element elementor-element-3773429c\" data-id=\"3773429c\" data-element_type=\"column\" data-e-type=\"column\" data-settings=\"{&quot;background_background&quot;:&quot;classic&quot;}\">\n\t\t\t<div class=\"elementor-widget-wrap elementor-element-populated\">\n\t\t\t\t\t\t<div class=\"elementor-element elementor-element-27479e2b wd-parallax-on-scroll wd_scroll_x_0 wd_scroll_y_-30 wd_scroll_z_0 elementor-widget__width-initial wd_scroll_smoothness_30 elementor-widget elementor-widget-wd_image_or_svg\" data-id=\"27479e2b\" data-element_type=\"widget\" data-e-type=\"widget\" data-widget_type=\"wd_image_or_svg.default\">\n\t\t\t\t<div class=\"elementor-widget-container\">\n\t\t\t\t\t\n\t\t<div class=\"wd-image text-right\">\n\t\t\t\t\t\t\t\t<img decoding=\"async\" width=\"1536\" height=\"1024\" src=\"https:\/\/greenagritec.com\/wp-content\/uploads\/2025\/11\/image-6-1.png\" class=\"attachment-full size-full wp-image-18574\" alt=\"\" srcset=\"https:\/\/greenagritec.com\/wp-content\/uploads\/2025\/11\/image-6-1.png 1536w, https:\/\/greenagritec.com\/wp-content\/uploads\/2025\/11\/image-6-1-200x133.png 200w, https:\/\/greenagritec.com\/wp-content\/uploads\/2025\/11\/image-6-1-700x467.png 700w\" sizes=\"(max-width: 1536px) 100vw, 1536px\" \/>\t\t\t\t\t<\/div>\n\n\t\t\t\t\t\t<\/div>\n\t\t\t\t<\/div>\n\t\t\t\t\t<\/div>\n\t\t<\/div>\n\t\t\t\t\t<\/div>\n\t\t<\/section>\n\t\t\t\t<section class=\"elementor-section elementor-top-section elementor-element elementor-element-79005a0 wd-section-stretch_row_content elementor-section-content-middle elementor-section-height-min-height elementor-section-boxed elementor-section-height-default elementor-section-items-middle\" data-id=\"79005a0\" data-element_type=\"section\" data-e-type=\"section\" data-settings=\"{&quot;background_background&quot;:&quot;classic&quot;}\">\n\t\t\t\t\t\t\t<div class=\"elementor-background-overlay\"><\/div>\n\t\t\t\t\t\t\t<div class=\"elementor-container elementor-column-gap-default\">\n\t\t\t\t\t<div class=\"elementor-column elementor-col-100 elementor-top-column elementor-element elementor-element-139eb65\" data-id=\"139eb65\" data-element_type=\"column\" data-e-type=\"column\">\n\t\t\t<div class=\"elementor-widget-wrap elementor-element-populated\">\n\t\t\t\t\t\t<div class=\"elementor-element elementor-element-7b317ef wd_scroll_y_20 wd-parallax-on-scroll wd_scroll_smoothness_30 elementor-widget elementor-widget-wd_title\" data-id=\"7b317ef\" data-element_type=\"widget\" data-e-type=\"widget\" data-widget_type=\"wd_title.default\">\n\t\t\t\t<div class=\"elementor-widget-container\">\n\t\t\t\t\t\t\t<div class=\"title-wrapper set-mb-s reset-last-child wd-title-color-default wd-title-style-default wd-title-size-default text-left\">\n\n\t\t\t\n\t\t\t<div class=\"liner-continer\">\n\t\t\t\t<h4 class=\"woodmart-title-container title wd-fontsize-l\">Por que escolher <i><strong>Agritec Verde<\/strong><\/i><\/h4> \n\t\t\t\t\t\t\t<\/div>\n\n\t\t\t\t\t<\/div>\n\t\t\t\t\t\t<\/div>\n\t\t\t\t<\/div>\n\t\t\t\t<div class=\"elementor-element elementor-element-29f7c28 wd-parallax-on-scroll wd_scroll_y_20 wd_scroll_smoothness_30 elementor-widget elementor-widget-wd_text_block\" data-id=\"29f7c28\" data-element_type=\"widget\" data-e-type=\"widget\" data-widget_type=\"wd_text_block.default\">\n\t\t\t\t<div class=\"elementor-widget-container\">\n\t\t\t\t\t\t\t<div class=\"wd-text-block reset-last-child text-left color-scheme-light\">\n\t\t\t\n\t\t\t<p data-start=\"1556\" data-end=\"1586\">Selecionamos cuidadosamente equipamentos que oferecem desempenho real \u2014 desde ferramentas agr\u00edcolas e equipamentos de jardinagem at\u00e9 m\u00e1quinas florestais e de limpeza. Cada produto \u00e9 escolhido por sua durabilidade, seguran\u00e7a e valor a longo prazo.<br \/><br \/>Marcas de confian\u00e7a e padr\u00f5es profissionais. Nosso cat\u00e1logo inclui m\u00e1quinas validadas por usu\u00e1rios reais: agricultores, jardineiros, empreiteiros e t\u00e9cnicos. Oferecemos apenas equipamentos que n\u00f3s mesmos usar\u00edamos com total confian\u00e7a.<br \/><br \/>Envio r\u00e1pido dentro da UE e alcance global. Com estoque na Europa e uma rede de parceiros em todo o mundo, garantimos entregas r\u00e1pidas e seguras para clientes na Europa, \u00c1frica e outros continentes.<br \/><br \/>4. Pe\u00e7as de Reposi\u00e7\u00e3o Abrangentes e Suporte P\u00f3s-Venda: Fornecemos todas as pe\u00e7as de reposi\u00e7\u00e3o e componentes necess\u00e1rios para as m\u00e1quinas que vendemos, garantindo f\u00e1cil manuten\u00e7\u00e3o e confiabilidade a longo prazo. Nosso suporte n\u00e3o termina com a compra, mas continua durante todo o processo. 5. Op\u00e7\u00f5es Flex\u00edveis: Novos, Usados e Aluguel: Seja voc\u00ea pessoa f\u00edsica, profissional aut\u00f4nomo, agricultor ou propriet\u00e1rio de pequena empresa, oferecemos solu\u00e7\u00f5es personalizadas para suas necessidades e or\u00e7amento, incluindo op\u00e7\u00f5es de aluguel e equipamentos usados de alta qualidade. 6. Suporte ao Cliente Multil\u00edngue: Nossa equipe fala ingl\u00eas, franc\u00eas e espanhol, permitindo comunica\u00e7\u00e3o fluida e consultoria personalizada, onde quer que voc\u00ea esteja. 7. Seu Parceiro de Confian\u00e7a \u2014 Mais do que uma Empresa: A Green Agritec representa paix\u00e3o, experi\u00eancia e integridade. Temos o compromisso de fornecer consultoria honesta, ferramentas confi\u00e1veis e construir relacionamentos duradouros.<\/p>\n\t\t\t\t\t<\/div>\n\t\t\t\t\t\t<\/div>\n\t\t\t\t<\/div>\n\t\t\t\t\t<\/div>\n\t\t<\/div>\n\t\t\t\t\t<\/div>\n\t\t<\/section>\n\t\t\t\t<section class=\"elementor-section elementor-top-section elementor-element elementor-element-3b22dcf wd-section-stretch_row_content elementor-section-content-middle elementor-reverse-tablet elementor-reverse-mobile elementor-section-boxed elementor-section-height-default elementor-section-height-default\" data-id=\"3b22dcf\" data-element_type=\"section\" data-e-type=\"section\">\n\t\t\t\t\t\t<div class=\"elementor-container elementor-column-gap-default\">\n\t\t\t\t\t<div class=\"elementor-column elementor-col-50 elementor-top-column elementor-element elementor-element-4f07b83\" data-id=\"4f07b83\" data-element_type=\"column\" data-e-type=\"column\">\n\t\t\t<div class=\"elementor-widget-wrap elementor-element-populated\">\n\t\t\t\t\t\t<div class=\"elementor-element elementor-element-e201292 wd_scroll_y_20 wd-parallax-on-scroll wd_scroll_smoothness_30 elementor-widget elementor-widget-wd_title\" data-id=\"e201292\" data-element_type=\"widget\" data-e-type=\"widget\" data-widget_type=\"wd_title.default\">\n\t\t\t\t<div class=\"elementor-widget-container\">\n\t\t\t\t\t\t\t<div class=\"title-wrapper set-mb-s reset-last-child wd-title-color-default wd-title-style-default wd-title-size-default text-left\">\n\n\t\t\t\n\t\t\t<div class=\"liner-continer\">\n\t\t\t\t<h4 class=\"woodmart-title-container title wd-fontsize-l\">NOSSO <i><strong>vis\u00e3o<\/strong><\/i><\/h4> \n\t\t\t\t\t\t\t<\/div>\n\n\t\t\t\t\t<\/div>\n\t\t\t\t\t\t<\/div>\n\t\t\t\t<\/div>\n\t\t\t\t<div class=\"elementor-element elementor-element-778307b wd-parallax-on-scroll wd_scroll_y_20 wd_scroll_smoothness_30 elementor-widget elementor-widget-wd_text_block\" data-id=\"778307b\" data-element_type=\"widget\" data-e-type=\"widget\" data-widget_type=\"wd_text_block.default\">\n\t\t\t\t<div class=\"elementor-widget-container\">\n\t\t\t\t\t\t\t<div class=\"wd-text-block reset-last-child text-left\">\n\t\t\t\n\t\t\t<p data-start=\"1827\" data-end=\"2001\">Na Green Agritec, nossa vis\u00e3o \u00e9 tornar m\u00e1quinas modernas, confi\u00e1veis e sustent\u00e1veis acess\u00edveis a todos \u2013 desde pequenos usu\u00e1rios particulares at\u00e9 agricultores e empreiteiros profissionais.<br \/><br \/>Estamos convencidos de que a inova\u00e7\u00e3o e a tecnologia devem capacitar as pessoas, simplificar o trabalho di\u00e1rio e aumentar a produtividade de forma respons\u00e1vel.<br \/><br \/>Nosso objetivo \u00e9 preencher a lacuna entre equipamentos avan\u00e7ados e as necessidades reais do dia a dia, oferecendo ferramentas eficazes, seguras e dur\u00e1veis.<br \/><br \/>Nosso objetivo \u00e9 nos tornarmos uma refer\u00eancia global confi\u00e1vel para:<br \/><br \/>Solu\u00e7\u00f5es agr\u00edcolas inteligentes<br \/>Equipamentos de alta qualidade para agricultura e silvicultura ao ar livre.<br \/>Ferramentas confi\u00e1veis para limpeza e constru\u00e7\u00e3o.<br \/>Op\u00e7\u00f5es de aluguel e compra de carros usados dispon\u00edveis<br \/><br \/>Combinando tecnologia moderna, servi\u00e7o honesto e valores s\u00f3lidos, buscamos apoiar as comunidades, proteger o meio ambiente e ajudar cada cliente a alcan\u00e7ar mais com confian\u00e7a. Nossa vis\u00e3o \u00e9 simples:<\/p><p data-start=\"1827\" data-end=\"2001\">\u2714\ufe0f Capacitando pessoas para o sucesso<\/p><p data-start=\"1827\" data-end=\"2001\">\u2714\ufe0f Apoiar o crescimento sustent\u00e1vel<\/p><p data-start=\"1827\" data-end=\"2001\">\u2714\ufe0f Construindo confian\u00e7a duradoura com cada m\u00e1quina entregue.<\/p>\n\t\t\t\t\t<\/div>\n\t\t\t\t\t\t<\/div>\n\t\t\t\t<\/div>\n\t\t\t\t\t<\/div>\n\t\t<\/div>\n\t\t\t\t<div class=\"elementor-column elementor-col-50 elementor-top-column elementor-element elementor-element-834b222\" data-id=\"834b222\" data-element_type=\"column\" data-e-type=\"column\" data-settings=\"{&quot;background_background&quot;:&quot;classic&quot;}\">\n\t\t\t<div class=\"elementor-widget-wrap elementor-element-populated\">\n\t\t\t\t\t\t<div class=\"elementor-element elementor-element-8da44af wd-parallax-on-scroll wd_scroll_x_0 wd_scroll_y_-30 wd_scroll_z_0 wd_scroll_smoothness_30 elementor-widget elementor-widget-wd_image_or_svg\" data-id=\"8da44af\" data-element_type=\"widget\" data-e-type=\"widget\" data-widget_type=\"wd_image_or_svg.default\">\n\t\t\t\t<div class=\"elementor-widget-container\">\n\t\t\t\t\t\n\t\t<div class=\"wd-image text-left\">\n\t\t\t\t\t\t\t\t<img decoding=\"async\" width=\"1024\" height=\"1024\" src=\"https:\/\/greenagritec.com\/wp-content\/uploads\/2025\/11\/image-7.png\" class=\"attachment-full size-full wp-image-18573\" alt=\"\" srcset=\"https:\/\/greenagritec.com\/wp-content\/uploads\/2025\/11\/image-7.png 1024w, https:\/\/greenagritec.com\/wp-content\/uploads\/2025\/11\/image-7-430x430.png 430w, https:\/\/greenagritec.com\/wp-content\/uploads\/2025\/11\/image-7-200x200.png 200w, https:\/\/greenagritec.com\/wp-content\/uploads\/2025\/11\/image-7-700x700.png 700w\" sizes=\"(max-width: 1024px) 100vw, 1024px\" \/>\t\t\t\t\t<\/div>\n\n\t\t\t\t\t\t<\/div>\n\t\t\t\t<\/div>\n\t\t\t\t\t<\/div>\n\t\t<\/div>\n\t\t\t\t\t<\/div>\n\t\t<\/section>\n\t\t<div class=\"elementor-element elementor-element-70f1b27 e-flex e-con-boxed wd-section-disabled e-con e-parent\" data-id=\"70f1b27\" data-element_type=\"container\" data-e-type=\"container\">\n\t\t\t\t\t<div class=\"e-con-inner\">\n\t\t\t\t<div class=\"elementor-element elementor-element-42132e0 wd_scroll_y_20 wd-parallax-on-scroll wd_scroll_smoothness_30 elementor-widget elementor-widget-wd_title\" data-id=\"42132e0\" data-element_type=\"widget\" data-e-type=\"widget\" data-widget_type=\"wd_title.default\">\n\t\t\t\t<div class=\"elementor-widget-container\">\n\t\t\t\t\t\t\t<div class=\"title-wrapper set-mb-s reset-last-child wd-title-color-default wd-title-style-default wd-title-size-default text-center\">\n\n\t\t\t\n\t\t\t<div class=\"liner-continer\">\n\t\t\t\t<h4 class=\"woodmart-title-container title wd-fontsize-l\">Vamos crescer juntos<\/h4> \n\t\t\t\t\t\t\t<\/div>\n\n\t\t\t\t\t<\/div>\n\t\t\t\t\t\t<\/div>\n\t\t\t\t<\/div>\n\t\t\t\t<div class=\"elementor-element elementor-element-16e87ca wd-parallax-on-scroll wd_scroll_y_20 wd_scroll_smoothness_30 elementor-widget elementor-widget-wd_text_block\" data-id=\"16e87ca\" data-element_type=\"widget\" data-e-type=\"widget\" data-widget_type=\"wd_text_block.default\">\n\t\t\t\t<div class=\"elementor-widget-container\">\n\t\t\t\t\t\t\t<div class=\"wd-text-block reset-last-child text-center\">\n\t\t\t\n\t\t\t<p data-start=\"2037\" data-end=\"2219\">A Green Agritec n\u00e3o se limita a vender m\u00e1quinas \u2014 trata-se de construir relacionamentos duradouros com nossos clientes, permitindo que eles cres\u00e7am, mantenham seus neg\u00f3cios e inovem com confian\u00e7a.<\/p>\n\t\t\t\t\t<\/div>\n\t\t\t\t\t\t<\/div>\n\t\t\t\t<\/div>\n\t\t\t\t\t<\/div>\n\t\t\t\t<\/div>\n\t\t\t\t<\/div>","protected":false},"excerpt":{"rendered":"<p>A PROPOS DE GREEN AGRITEC Bienvenue chez Green Agritec \u2014 votre partenaire de confiance pour des \u00e9quipements agricoles et d&#8217;ext\u00e9rieur<\/p>","protected":false},"author":5,"featured_media":0,"parent":0,"menu_order":0,"comment_status":"closed","ping_status":"closed","template":"","meta":{"footnotes":""},"class_list":["post-4400","page","type-page","status-publish","hentry"],"_links":{"self":[{"href":"https:\/\/greenagritec.com\/pt\/wp-json\/wp\/v2\/pages\/4400","targetHints":{"allow":["GET"]}}],"collection":[{"href":"https:\/\/greenagritec.com\/pt\/wp-json\/wp\/v2\/pages"}],"about":[{"href":"https:\/\/greenagritec.com\/pt\/wp-json\/wp\/v2\/types\/page"}],"author":[{"embeddable":true,"href":"https:\/\/greenagritec.com\/pt\/wp-json\/wp\/v2\/users\/5"}],"replies":[{"embeddable":true,"href":"https:\/\/greenagritec.com\/pt\/wp-json\/wp\/v2\/comments?post=4400"}],"version-history":[{"count":10,"href":"https:\/\/greenagritec.com\/pt\/wp-json\/wp\/v2\/pages\/4400\/revisions"}],"predecessor-version":[{"id":38318,"href":"https:\/\/greenagritec.com\/pt\/wp-json\/wp\/v2\/pages\/4400\/revisions\/38318"}],"wp:attachment":[{"href":"https:\/\/greenagritec.com\/pt\/wp-json\/wp\/v2\/media?parent=4400"}],"curies":[{"name":"wp","href":"https:\/\/api.w.org\/{rel}","templated":true}]}}