{"id":38358,"date":"2026-02-25T09:46:38","date_gmt":"2026-02-25T09:46:38","guid":{"rendered":"https:\/\/greenagritec.com\/?page_id=38358"},"modified":"2026-02-25T09:47:52","modified_gmt":"2026-02-25T09:47:52","slug":"categorias-de-equipamentos","status":"publish","type":"page","link":"https:\/\/greenagritec.com\/pt\/categorias-de-equipamentos\/","title":{"rendered":"Categorias de equipamentos"},"content":{"rendered":"<div data-elementor-type=\"wp-page\" data-elementor-id=\"38358\" class=\"elementor elementor-38358\">\n\t\t\t\t\t\t<section class=\"elementor-section elementor-top-section elementor-element elementor-element-0df2f98 elementor-section-content-top elementor-section-boxed elementor-section-height-default elementor-section-height-default wd-section-disabled\" data-id=\"0df2f98\" data-element_type=\"section\" data-e-type=\"section\">\n\t\t\t\t\t\t<div class=\"elementor-container elementor-column-gap-default\">\n\t\t\t\t\t<div class=\"elementor-column elementor-col-100 elementor-top-column elementor-element elementor-element-2a942ac\" data-id=\"2a942ac\" data-element_type=\"column\" data-e-type=\"column\">\n\t\t\t<div class=\"elementor-widget-wrap elementor-element-populated\">\n\t\t\t\t\t\t<section class=\"elementor-section elementor-inner-section elementor-element elementor-element-0905261 elementor-section-boxed elementor-section-height-default elementor-section-height-default wd-section-disabled\" data-id=\"0905261\" data-element_type=\"section\" data-e-type=\"section\">\n\t\t\t\t\t\t<div class=\"elementor-container elementor-column-gap-default\">\n\t\t\t\t\t<div class=\"elementor-column elementor-col-25 elementor-inner-column elementor-element elementor-element-5227f71\" data-id=\"5227f71\" data-element_type=\"column\" data-e-type=\"column\">\n\t\t\t<div class=\"elementor-widget-wrap elementor-element-populated\">\n\t\t\t\t\t\t<div class=\"elementor-element elementor-element-b8a1fdd elementor-widget elementor-widget-wd_extra_menu_list\" data-id=\"b8a1fdd\" data-element_type=\"widget\" data-e-type=\"widget\" data-widget_type=\"wd_extra_menu_list.default\">\n\t\t\t\t<div class=\"elementor-widget-container\">\n\t\t\t\t\t\t\t\t<ul class=\"wd-sub-menu  mega-menu-list\">\n\t\t\t\t<li class=\"item-with-label item-label-primary\">\n\t\t\t\t\t\t\t\t\t\t\t<a  href=\"https:\/\/greenagritec.com\/pt\/categoria-de-produto\/eletrodomesticos-e-alimentos\/\">\n\t\t\t\t\t\t\t\t\t\t\t\t\t\t\t\t\t\t\t\t\t\t\n\t\t\t\t\t\t\t\t\t\t\t\t\t\t\tEletrodom\u00e9sticos de cozinha e utens\u00edlios de cozinha\t\t\t\t\t\t\t\n\t\t\t\t\t\t\t\t\t\t\t\t\t<\/a>\n\t\t\t\t\t\n\t\t\t\t\t<ul class=\"sub-sub-menu\">\n\t\t\t\t\t\t\t\t\t\t\t\t\t\n\t\t\t\t\t\t\t<li class=\"item-with-label item-label-primary\">\n\t\t\t\t\t\t\t\t<a  href=\"https:\/\/greenagritec.com\/pt\/categoria-de-produto\/eletrodomesticos-e-alimentos\/accessoires-de-cuisine-professionnels\/\">\n\t\t\t\t\t\t\t\t\t\t\t\t\t\t\t\t\t\t\t\t\t\t\t\t\t\t\t\t\n\t\t\t\t\t\t\t\t\t\t\t\t\t\t\t\t\t\t\tAcess\u00f3rios de cozinha profissionais\t\t\t\t\t\t\t\t\t\n\t\t\t\t\t\t\t\t\t\t\t\t\t\t\t\t\t<\/a>\n\t\t\t\t\t\t\t<\/li>\n\t\t\t\t\t\t\t\t\t\t\t\t\t\n\t\t\t\t\t\t\t<li class=\"item-with-label item-label-primary\">\n\t\t\t\t\t\t\t\t<a  href=\"https:\/\/greenagritec.com\/pt\/categoria-de-produto\/eletrodomesticos-e-alimentos\/appareils-de-transformation-des-aliments\/\">\n\t\t\t\t\t\t\t\t\t\t\t\t\t\t\t\t\t\t\t\t\t\t\t\t\t\t\t\t\n\t\t\t\t\t\t\t\t\t\t\t\t\t\t\t\t\t\t\tEquipamentos para processamento de alimentos\t\t\t\t\t\t\t\t\t\n\t\t\t\t\t\t\t\t\t\t\t\t\t\t\t\t\t<\/a>\n\t\t\t\t\t\t\t<\/li>\n\t\t\t\t\t\t\t\t\t\t\t\t\t\n\t\t\t\t\t\t\t<li class=\"item-with-label item-label-primary\">\n\t\t\t\t\t\t\t\t<a  href=\"https:\/\/greenagritec.com\/pt\/categoria-de-produto\/eletrodomesticos-e-alimentos\/trancheurs-et-machines-a-trancher-les-aliments\/\">\n\t\t\t\t\t\t\t\t\t\t\t\t\t\t\t\t\t\t\t\t\t\t\t\t\t\t\t\t\n\t\t\t\t\t\t\t\t\t\t\t\t\t\t\t\t\t\t\tFatiadores e cortadores de alimentos\t\t\t\t\t\t\t\t\t\n\t\t\t\t\t\t\t\t\t\t\t\t\t\t\t\t\t<\/a>\n\t\t\t\t\t\t\t<\/li>\n\t\t\t\t\t\t\t\t\t\t\t\t\t\n\t\t\t\t\t\t\t<li class=\"item-with-label item-label-primary\">\n\t\t\t\t\t\t\t\t<a  href=\"https:\/\/greenagritec.com\/pt\/categoria-de-produto\/eletrodomesticos-e-alimentos\/machines-demballage-sous-vide\/\">\n\t\t\t\t\t\t\t\t\t\t\t\t\t\t\t\t\t\t\t\t\t\t\t\t\t\t\t\t\n\t\t\t\t\t\t\t\t\t\t\t\t\t\t\t\t\t\t\tm\u00e1quinas de embalagem a v\u00e1cuo\t\t\t\t\t\t\t\t\t\n\t\t\t\t\t\t\t\t\t\t\t\t\t\t\t\t\t<\/a>\n\t\t\t\t\t\t\t<\/li>\n\t\t\t\t\t\t\t\t\t\t\t\t\t\n\t\t\t\t\t\t\t<li class=\"item-with-label item-label-primary\">\n\t\t\t\t\t\t\t\t<a  href=\"https:\/\/greenagritec.com\/pt\/categoria-de-produto\/eletrodomesticos-e-alimentos\/maquinas-de-fazer-massa-e-pao\/\">\n\t\t\t\t\t\t\t\t\t\t\t\t\t\t\t\t\t\t\t\t\t\t\t\t\t\t\t\t\n\t\t\t\t\t\t\t\t\t\t\t\t\t\t\t\t\t\t\tM\u00e1quinas de fazer massa e p\u00e3o\t\t\t\t\t\t\t\t\t\n\t\t\t\t\t\t\t\t\t\t\t\t\t\t\t\t\t<\/a>\n\t\t\t\t\t\t\t<\/li>\n\t\t\t\t\t\t\t\t\t\t\t<\/ul>\n\t\t\t\t<\/li>\n\t\t\t<\/ul>\n\t\t\t\t\t\t<\/div>\n\t\t\t\t<\/div>\n\t\t\t\t<div class=\"elementor-element elementor-element-d988ab1 elementor-widget elementor-widget-wd_extra_menu_list\" data-id=\"d988ab1\" data-element_type=\"widget\" data-e-type=\"widget\" data-widget_type=\"wd_extra_menu_list.default\">\n\t\t\t\t<div class=\"elementor-widget-container\">\n\t\t\t\t\t\t\t\t<ul class=\"wd-sub-menu  mega-menu-list\">\n\t\t\t\t<li class=\"item-with-label item-label-primary\">\n\t\t\t\t\t\t\t\t\t\t\t<a  href=\"https:\/\/greenagritec.com\/pt\/categoria-de-produto\/ferramentas-de-oficina-e-pneus\/\">\n\t\t\t\t\t\t\t\t\t\t\t\t\t\t\t\t\t\t\t\t\t\t\n\t\t\t\t\t\t\t\t\t\t\t\t\t\t\tFerramentas de oficina e pneus\t\t\t\t\t\t\t\n\t\t\t\t\t\t\t\t\t\t\t\t\t<\/a>\n\t\t\t\t\t\n\t\t\t\t\t<ul class=\"sub-sub-menu\">\n\t\t\t\t\t\t\t\t\t\t\t\t\t\n\t\t\t\t\t\t\t<li class=\"item-with-label item-label-primary\">\n\t\t\t\t\t\t\t\t<a  href=\"https:\/\/greenagritec.com\/pt\/categoria-de-produto\/ferramentas-de-oficina-e-pneus\/acessorios-para-rodas-e-pneus\/\">\n\t\t\t\t\t\t\t\t\t\t\t\t\t\t\t\t\t\t\t\t\t\t\t\t\t\t\t\t\n\t\t\t\t\t\t\t\t\t\t\t\t\t\t\t\t\t\t\tAcess\u00f3rios para rodas e pneus\t\t\t\t\t\t\t\t\t\n\t\t\t\t\t\t\t\t\t\t\t\t\t\t\t\t\t<\/a>\n\t\t\t\t\t\t\t<\/li>\n\t\t\t\t\t\t\t\t\t\t\t\t\t\n\t\t\t\t\t\t\t<li class=\"item-with-label item-label-primary\">\n\t\t\t\t\t\t\t\t<a  href=\"https:\/\/greenagritec.com\/pt\/categoria-de-produto\/ferramentas-de-oficina-e-pneus\/compresseurs-dair\/\">\n\t\t\t\t\t\t\t\t\t\t\t\t\t\t\t\t\t\t\t\t\t\t\t\t\t\t\t\t\n\t\t\t\t\t\t\t\t\t\t\t\t\t\t\t\t\t\t\tCompressores de ar\t\t\t\t\t\t\t\t\t\n\t\t\t\t\t\t\t\t\t\t\t\t\t\t\t\t\t<\/a>\n\t\t\t\t\t\t\t<\/li>\n\t\t\t\t\t\t\t\t\t\t\t\t\t\n\t\t\t\t\t\t\t<li class=\"item-with-label item-label-primary\">\n\t\t\t\t\t\t\t\t<a  href=\"https:\/\/greenagritec.com\/pt\/categoria-de-produto\/ferramentas-de-oficina-e-pneus\/macacos-e-equipamentos-de-elevacao\/\">\n\t\t\t\t\t\t\t\t\t\t\t\t\t\t\t\t\t\t\t\t\t\t\t\t\t\t\t\t\n\t\t\t\t\t\t\t\t\t\t\t\t\t\t\t\t\t\t\tMacacos e equipamentos de eleva\u00e7\u00e3o\t\t\t\t\t\t\t\t\t\n\t\t\t\t\t\t\t\t\t\t\t\t\t\t\t\t\t<\/a>\n\t\t\t\t\t\t\t<\/li>\n\t\t\t\t\t\t\t\t\t\t\t\t\t\n\t\t\t\t\t\t\t<li class=\"item-with-label item-label-primary\">\n\t\t\t\t\t\t\t\t<a  href=\"https:\/\/greenagritec.com\/pt\/categoria-de-produto\/ferramentas-de-oficina-e-pneus\/outils-de-garage\/\">\n\t\t\t\t\t\t\t\t\t\t\t\t\t\t\t\t\t\t\t\t\t\t\t\t\t\t\t\t\n\t\t\t\t\t\t\t\t\t\t\t\t\t\t\t\t\t\t\tFerramentas de garagem\t\t\t\t\t\t\t\t\t\n\t\t\t\t\t\t\t\t\t\t\t\t\t\t\t\t\t<\/a>\n\t\t\t\t\t\t\t<\/li>\n\t\t\t\t\t\t\t\t\t\t\t\t\t\n\t\t\t\t\t\t\t<li class=\"item-with-label item-label-primary\">\n\t\t\t\t\t\t\t\t<a  href=\"https:\/\/greenagritec.com\/pt\/categoria-de-produto\/bercario-de-cuidados-para-bebes\/\">\n\t\t\t\t\t\t\t\t\t\t\t\t\t\t\t\t\t\t\t\t\t\t\t\t\t\t\t\t\n\t\t\t\t\t\t\t\t\t\t\t\t\t\t\t\t\t\t\tCuidados com beb\u00eas e ber\u00e7\u00e1rio\t\t\t\t\t\t\t\t\t\n\t\t\t\t\t\t\t\t\t\t\t\t\t\t\t\t\t<\/a>\n\t\t\t\t\t\t\t<\/li>\n\t\t\t\t\t\t\t\t\t\t\t<\/ul>\n\t\t\t\t<\/li>\n\t\t\t<\/ul>\n\t\t\t\t\t\t<\/div>\n\t\t\t\t<\/div>\n\t\t\t\t\t<\/div>\n\t\t<\/div>\n\t\t\t\t<div class=\"elementor-column elementor-col-25 elementor-top-column elementor-element elementor-element-958c731\" data-id=\"958c731\" data-element_type=\"column\" data-e-type=\"column\">\n\t\t\t<div class=\"elementor-widget-wrap elementor-element-populated\">\n\t\t\t\t\t\t<div class=\"elementor-element elementor-element-f156d38 elementor-widget elementor-widget-wd_extra_menu_list\" data-id=\"f156d38\" data-element_type=\"widget\" data-e-type=\"widget\" data-widget_type=\"wd_extra_menu_list.default\">\n\t\t\t\t<div class=\"elementor-widget-container\">\n\t\t\t\t\t\t\t\t<ul class=\"wd-sub-menu  mega-menu-list\">\n\t\t\t\t<li class=\"item-with-label item-label-primary\">\n\t\t\t\t\t\t\t\t\t\t\t<a  href=\"https:\/\/greenagritec.com\/pt\/categoria-de-produto\/equipamentos-industriais\/\">\n\t\t\t\t\t\t\t\t\t\t\t\t\t\t\t\t\t\t\t\t\t\t\n\t\t\t\t\t\t\t\t\t\t\t\t\t\t\tEquipamentos industriais\t\t\t\t\t\t\t\n\t\t\t\t\t\t\t\t\t\t\t\t\t<\/a>\n\t\t\t\t\t\n\t\t\t\t\t<ul class=\"sub-sub-menu\">\n\t\t\t\t\t\t\t\t\t\t\t\t\t\n\t\t\t\t\t\t\t<li class=\"item-with-label item-label-primary\">\n\t\t\t\t\t\t\t\t<a  href=\"https:\/\/greenagritec.com\/pt\/categoria-de-produto\/equipamentos-industriais\/appareils-de-manutention\/\">\n\t\t\t\t\t\t\t\t\t\t\t\t\t\t\t\t\t\t\t\t\t\t\t\t\t\t\t\t\n\t\t\t\t\t\t\t\t\t\t\t\t\t\t\t\t\t\t\tEquipamentos de movimenta\u00e7\u00e3o\t\t\t\t\t\t\t\t\t\n\t\t\t\t\t\t\t\t\t\t\t\t\t\t\t\t\t<\/a>\n\t\t\t\t\t\t\t<\/li>\n\t\t\t\t\t\t\t\t\t\t\t\t\t\n\t\t\t\t\t\t\t<li class=\"item-with-label item-label-primary\">\n\t\t\t\t\t\t\t\t<a  href=\"https:\/\/greenagritec.com\/pt\/categoria-de-produto\/equipamentos-industriais\/appareils-de-soudage-et-accessoires\/\">\n\t\t\t\t\t\t\t\t\t\t\t\t\t\t\t\t\t\t\t\t\t\t\t\t\t\t\t\t\n\t\t\t\t\t\t\t\t\t\t\t\t\t\t\t\t\t\t\tEquipamentos e acess\u00f3rios para soldagem\t\t\t\t\t\t\t\t\t\n\t\t\t\t\t\t\t\t\t\t\t\t\t\t\t\t\t<\/a>\n\t\t\t\t\t\t\t<\/li>\n\t\t\t\t\t\t\t\t\t\t\t\t\t\n\t\t\t\t\t\t\t<li class=\"item-with-label item-label-primary\">\n\t\t\t\t\t\t\t\t<a  href=\"https:\/\/greenagritec.com\/pt\/categoria-de-produto\/equipamentos-industriais\/equipamentos-de-construcao\/\">\n\t\t\t\t\t\t\t\t\t\t\t\t\t\t\t\t\t\t\t\t\t\t\t\t\t\t\t\t\n\t\t\t\t\t\t\t\t\t\t\t\t\t\t\t\t\t\t\tEquipamentos de constru\u00e7\u00e3o\t\t\t\t\t\t\t\t\t\n\t\t\t\t\t\t\t\t\t\t\t\t\t\t\t\t\t<\/a>\n\t\t\t\t\t\t\t<\/li>\n\t\t\t\t\t\t\t\t\t\t\t\t\t\n\t\t\t\t\t\t\t<li class=\"item-with-label item-label-primary\">\n\t\t\t\t\t\t\t\t<a  href=\"https:\/\/greenagritec.com\/pt\/categoria-de-produto\/equipamentos-industriais\/equipement-datelier\/\">\n\t\t\t\t\t\t\t\t\t\t\t\t\t\t\t\t\t\t\t\t\t\t\t\t\t\t\t\t\n\t\t\t\t\t\t\t\t\t\t\t\t\t\t\t\t\t\t\tEquipamentos de oficina\t\t\t\t\t\t\t\t\t\n\t\t\t\t\t\t\t\t\t\t\t\t\t\t\t\t\t<\/a>\n\t\t\t\t\t\t\t<\/li>\n\t\t\t\t\t\t\t\t\t\t\t\t\t\n\t\t\t\t\t\t\t<li class=\"item-with-label item-label-primary\">\n\t\t\t\t\t\t\t\t<a  href=\"https:\/\/greenagritec.com\/pt\/categoria-de-produto\/equipamentos-industriais\/machines-industrielles\/\">\n\t\t\t\t\t\t\t\t\t\t\t\t\t\t\t\t\t\t\t\t\t\t\t\t\t\t\t\t\n\t\t\t\t\t\t\t\t\t\t\t\t\t\t\t\t\t\t\tm\u00e1quinas industriais\t\t\t\t\t\t\t\t\t\n\t\t\t\t\t\t\t\t\t\t\t\t\t\t\t\t\t<\/a>\n\t\t\t\t\t\t\t<\/li>\n\t\t\t\t\t\t\t\t\t\t\t<\/ul>\n\t\t\t\t<\/li>\n\t\t\t<\/ul>\n\t\t\t\t\t\t<\/div>\n\t\t\t\t<\/div>\n\t\t\t\t\t<\/div>\n\t\t<\/div>\n\t\t\t\t<div class=\"elementor-column elementor-col-25 elementor-top-column elementor-element elementor-element-c2fef93\" data-id=\"c2fef93\" data-element_type=\"column\" data-e-type=\"column\">\n\t\t\t<div class=\"elementor-widget-wrap elementor-element-populated\">\n\t\t\t\t\t\t<div class=\"elementor-element elementor-element-d6cf7bf elementor-widget elementor-widget-wd_extra_menu_list\" data-id=\"d6cf7bf\" data-element_type=\"widget\" data-e-type=\"widget\" data-widget_type=\"wd_extra_menu_list.default\">\n\t\t\t\t<div class=\"elementor-widget-container\">\n\t\t\t\t\t\t\t\t<ul class=\"wd-sub-menu  mega-menu-list\">\n\t\t\t\t<li class=\"item-with-label item-label-primary\">\n\t\t\t\t\t\t\t\t\t\t\t<a  href=\"https:\/\/greenagritec.com\/pt\/categoria-de-produto\/maquinas-de-limpeza-e-manutencao\/\">\n\t\t\t\t\t\t\t\t\t\t\t\t\t\t\t\t\t\t\t\t\t\t\n\t\t\t\t\t\t\t\t\t\t\t\t\t\t\tM\u00e1quinas de limpeza e manuten\u00e7\u00e3o\t\t\t\t\t\t\t\n\t\t\t\t\t\t\t\t\t\t\t\t\t<\/a>\n\t\t\t\t\t\n\t\t\t\t\t<ul class=\"sub-sub-menu\">\n\t\t\t\t\t\t\t\t\t\t\t\t\t\n\t\t\t\t\t\t\t<li class=\"item-with-label item-label-primary\">\n\t\t\t\t\t\t\t\t<a  href=\"https:\/\/greenagritec.com\/pt\/categoria-de-produto\/maquinas-de-limpeza-e-manutencao\/accessoires-de-nettoyage\/\">\n\t\t\t\t\t\t\t\t\t\t\t\t\t\t\t\t\t\t\t\t\t\t\t\t\t\t\t\t\n\t\t\t\t\t\t\t\t\t\t\t\t\t\t\t\t\t\t\tAcess\u00f3rios de limpeza\t\t\t\t\t\t\t\t\t\n\t\t\t\t\t\t\t\t\t\t\t\t\t\t\t\t\t<\/a>\n\t\t\t\t\t\t\t<\/li>\n\t\t\t\t\t\t\t\t\t\t\t\t\t\n\t\t\t\t\t\t\t<li class=\"item-with-label item-label-primary\">\n\t\t\t\t\t\t\t\t<a  href=\"https:\/\/greenagritec.com\/pt\/categoria-de-produto\/maquinas-de-limpeza-e-manutencao\/aspirador-industrial\/\">\n\t\t\t\t\t\t\t\t\t\t\t\t\t\t\t\t\t\t\t\t\t\t\t\t\t\t\t\t\n\t\t\t\t\t\t\t\t\t\t\t\t\t\t\t\t\t\t\tAspirador industrial\t\t\t\t\t\t\t\t\t\n\t\t\t\t\t\t\t\t\t\t\t\t\t\t\t\t\t<\/a>\n\t\t\t\t\t\t\t<\/li>\n\t\t\t\t\t\t\t\t\t\t\t\t\t\n\t\t\t\t\t\t\t<li class=\"item-with-label item-label-primary\">\n\t\t\t\t\t\t\t\t<a  href=\"https:\/\/greenagritec.com\/pt\/categoria-de-produto\/maquinas-de-limpeza-e-manutencao\/nettoyeur-haute-pression\/\">\n\t\t\t\t\t\t\t\t\t\t\t\t\t\t\t\t\t\t\t\t\t\t\t\t\t\t\t\t\n\t\t\t\t\t\t\t\t\t\t\t\t\t\t\t\t\t\t\tLavadora de alta press\u00e3o\t\t\t\t\t\t\t\t\t\n\t\t\t\t\t\t\t\t\t\t\t\t\t\t\t\t\t<\/a>\n\t\t\t\t\t\t\t<\/li>\n\t\t\t\t\t\t\t\t\t\t\t\t\t\n\t\t\t\t\t\t\t<li class=\"item-with-label item-label-primary\">\n\t\t\t\t\t\t\t\t<a  href=\"https:\/\/greenagritec.com\/pt\/categoria-de-produto\/maquinas-de-limpeza-e-manutencao\/limpador-de-carpetes-e-estofados\/\">\n\t\t\t\t\t\t\t\t\t\t\t\t\t\t\t\t\t\t\t\t\t\t\t\t\t\t\t\t\n\t\t\t\t\t\t\t\t\t\t\t\t\t\t\t\t\t\t\tLimpador de carpetes e estofados\t\t\t\t\t\t\t\t\t\n\t\t\t\t\t\t\t\t\t\t\t\t\t\t\t\t\t<\/a>\n\t\t\t\t\t\t\t<\/li>\n\t\t\t\t\t\t\t\t\t\t\t<\/ul>\n\t\t\t\t<\/li>\n\t\t\t<\/ul>\n\t\t\t\t\t\t<\/div>\n\t\t\t\t<\/div>\n\t\t\t\t\t<\/div>\n\t\t<\/div>\n\t\t\t\t<div class=\"elementor-column elementor-col-25 elementor-inner-column elementor-element elementor-element-a4779ba\" data-id=\"a4779ba\" data-element_type=\"column\" data-e-type=\"column\">\n\t\t\t<div class=\"elementor-widget-wrap elementor-element-populated\">\n\t\t\t\t\t\t<div class=\"elementor-element elementor-element-319330c elementor-widget elementor-widget-wd_extra_menu_list\" data-id=\"319330c\" data-element_type=\"widget\" data-e-type=\"widget\" data-widget_type=\"wd_extra_menu_list.default\">\n\t\t\t\t<div class=\"elementor-widget-container\">\n\t\t\t\t\t\t\t\t<ul class=\"wd-sub-menu  mega-menu-list\">\n\t\t\t\t<li class=\"item-with-label item-label-primary\">\n\t\t\t\t\t\t\t\t\t\t\t<a  href=\"https:\/\/greenagritec.com\/pt\/categoria-de-produto\/equipamentos-agricolas-e-de-jardinagem\/\">\n\t\t\t\t\t\t\t\t\t\t\t\t\t\t\t\t\t\t\t\t\t\t\n\t\t\t\t\t\t\t\t\t\t\t\t\t\t\tEquipamentos agr\u00edcolas e de jardinagem\t\t\t\t\t\t\t\n\t\t\t\t\t\t\t\t\t\t\t\t\t<\/a>\n\t\t\t\t\t\n\t\t\t\t\t<ul class=\"sub-sub-menu\">\n\t\t\t\t\t\t\t\t\t\t\t\t\t\n\t\t\t\t\t\t\t<li class=\"item-with-label item-label-primary\">\n\t\t\t\t\t\t\t\t<a  href=\"https:\/\/greenagritec.com\/pt\/categoria-de-produto\/equipamentos-agricolas-e-de-jardinagem\/outils-de-coupe-et-de-tranchage\/\">\n\t\t\t\t\t\t\t\t\t\t\t\t\t\t\t\t\t\t\t\t\t\t\t\t\t\t\t\t\n\t\t\t\t\t\t\t\t\t\t\t\t\t\t\t\t\t\t\tFerramentas de corte e fatiamento\t\t\t\t\t\t\t\t\t\n\t\t\t\t\t\t\t\t\t\t\t\t\t\t\t\t\t<\/a>\n\t\t\t\t\t\t\t<\/li>\n\t\t\t\t\t\t\t\t\t\t\t\t\t\n\t\t\t\t\t\t\t<li class=\"item-with-label item-label-primary\">\n\t\t\t\t\t\t\t\t<a  href=\"https:\/\/greenagritec.com\/pt\/categoria-de-produto\/equipamentos-agricolas-e-de-jardinagem\/broca\/\">\n\t\t\t\t\t\t\t\t\t\t\t\t\t\t\t\t\t\t\t\t\t\t\t\t\t\t\t\t\n\t\t\t\t\t\t\t\t\t\t\t\t\t\t\t\t\t\t\tBroca\t\t\t\t\t\t\t\t\t\n\t\t\t\t\t\t\t\t\t\t\t\t\t\t\t\t\t<\/a>\n\t\t\t\t\t\t\t<\/li>\n\t\t\t\t\t\t\t\t\t\t\t\t\t\n\t\t\t\t\t\t\t<li class=\"item-with-label item-label-primary\">\n\t\t\t\t\t\t\t\t<a  href=\"https:\/\/greenagritec.com\/pt\/categoria-de-produto\/nan\/\">\n\t\t\t\t\t\t\t\t\t\t\t\t\t\t\t\t\t\t\t\t\t\t\t\t\t\t\t\t\n\t\t\t\t\t\t\t\t\t\t\t\t\t\t\t\t\t\t\tNan\t\t\t\t\t\t\t\t\t\n\t\t\t\t\t\t\t\t\t\t\t\t\t\t\t\t\t<\/a>\n\t\t\t\t\t\t\t<\/li>\n\t\t\t\t\t\t\t\t\t\t\t\t\t\n\t\t\t\t\t\t\t<li class=\"item-with-label item-label-primary\">\n\t\t\t\t\t\t\t\t<a  href=\"https:\/\/greenagritec.com\/pt\/categoria-de-produto\/equipamentos-agricolas-e-de-jardinagem\/accessoires-pour-serres-et-agriculture\/\">\n\t\t\t\t\t\t\t\t\t\t\t\t\t\t\t\t\t\t\t\t\t\t\t\t\t\t\t\t\n\t\t\t\t\t\t\t\t\t\t\t\t\t\t\t\t\t\t\tAcess\u00f3rios para estufas e agricultura\t\t\t\t\t\t\t\t\t\n\t\t\t\t\t\t\t\t\t\t\t\t\t\t\t\t\t<\/a>\n\t\t\t\t\t\t\t<\/li>\n\t\t\t\t\t\t\t\t\t\t\t\t\t\n\t\t\t\t\t\t\t<li class=\"item-with-label item-label-primary\">\n\t\t\t\t\t\t\t\t<a  href=\"https:\/\/greenagritec.com\/pt\/categoria-de-produto\/equipamentos-agricolas-e-de-jardinagem\/fraiseuses-et-outils-de-travail-du-sol\/\">\n\t\t\t\t\t\t\t\t\t\t\t\t\t\t\t\t\t\t\t\t\t\t\t\t\t\t\t\t\n\t\t\t\t\t\t\t\t\t\t\t\t\t\t\t\t\t\t\tM\u00e1quinas de moagem e ferramentas para o cultivo do solo\t\t\t\t\t\t\t\t\t\n\t\t\t\t\t\t\t\t\t\t\t\t\t\t\t\t\t<\/a>\n\t\t\t\t\t\t\t<\/li>\n\t\t\t\t\t\t\t\t\t\t\t<\/ul>\n\t\t\t\t<\/li>\n\t\t\t<\/ul>\n\t\t\t\t\t\t<\/div>\n\t\t\t\t<\/div>\n\t\t\t\t\t<\/div>\n\t\t<\/div>\n\t\t\t\t\t<\/div>\n\t\t<\/section>\n\t\t\t\t\t<\/div>\n\t\t<\/div>\n\t\t\t\t\t<\/div>\n\t\t<\/section>\n\t\t\t\t<\/div>","protected":false},"excerpt":{"rendered":"<p>Eletrodom\u00e9sticos e utens\u00edlios de cozinha, acess\u00f3rios profissionais para cozinha, equipamentos para processamento de alimentos, fatiadores e m\u00e1quinas de fatiar.<\/p>","protected":false},"author":15,"featured_media":0,"parent":0,"menu_order":0,"comment_status":"closed","ping_status":"closed","template":"","meta":{"footnotes":""},"class_list":["post-38358","page","type-page","status-publish","hentry"],"_links":{"self":[{"href":"https:\/\/greenagritec.com\/pt\/wp-json\/wp\/v2\/pages\/38358","targetHints":{"allow":["GET"]}}],"collection":[{"href":"https:\/\/greenagritec.com\/pt\/wp-json\/wp\/v2\/pages"}],"about":[{"href":"https:\/\/greenagritec.com\/pt\/wp-json\/wp\/v2\/types\/page"}],"author":[{"embeddable":true,"href":"https:\/\/greenagritec.com\/pt\/wp-json\/wp\/v2\/users\/15"}],"replies":[{"embeddable":true,"href":"https:\/\/greenagritec.com\/pt\/wp-json\/wp\/v2\/comments?post=38358"}],"version-history":[{"count":4,"href":"https:\/\/greenagritec.com\/pt\/wp-json\/wp\/v2\/pages\/38358\/revisions"}],"predecessor-version":[{"id":38362,"href":"https:\/\/greenagritec.com\/pt\/wp-json\/wp\/v2\/pages\/38358\/revisions\/38362"}],"wp:attachment":[{"href":"https:\/\/greenagritec.com\/pt\/wp-json\/wp\/v2\/media?parent=38358"}],"curies":[{"name":"wp","href":"https:\/\/api.w.org\/{rel}","templated":true}]}}