{"id":37114,"date":"2026-02-01T16:40:18","date_gmt":"2026-02-01T16:40:18","guid":{"rendered":"https:\/\/greenagritec.com\/?post_type=product&#038;p=37114"},"modified":"2026-02-27T21:17:32","modified_gmt":"2026-02-27T21:17:32","slug":"tondeuse-robotisee-husqvarna-automower-305e-nera-jusqua-800-m%c2%b2-navigation-intelligente","status":"publish","type":"product","link":"https:\/\/greenagritec.com\/it\/prodotto-2\/tondeuse-robotisee-husqvarna-automower-305e-nera-jusqua-800-m%c2%b2-navigation-intelligente\/","title":{"rendered":"Rasaerba robotizzato Husqvarna Automower\u00ae 305E NERA - Fino a 800 m\u00b2, navigazione intelligente"},"content":{"rendered":"<p data-start=\"165\" data-end=\"281\">La Husqvarna Automower\u00ae 305E NERA est une tondeuse robotis\u00e9e intelligente con\u00e7ue pour les pelouses jusqu\u2019\u00e0 800 m\u00b2.<\/p>\n<p data-start=\"283\" data-end=\"580\">Silencieuse et enti\u00e8rement automatique, elle assure une tonte r\u00e9guli\u00e8re et pr\u00e9cise gr\u00e2ce \u00e0 sa navigation intelligente et \u00e0 sa gestion optimis\u00e9e des passages. Son design compact lui permet de circuler facilement dans les jardins complexes, tout en maintenant une qualit\u00e9 de coupe professionnelle.<\/p>\n<p data-start=\"582\" data-end=\"726\">Con\u00e7ue pour un entretien sans effort, elle fonctionne de mani\u00e8re autonome et retourne automatiquement \u00e0 sa station de charge lorsque n\u00e9cessaire.<\/p>\n<hr data-start=\"728\" data-end=\"731\" \/>\n<h2 data-start=\"733\" data-end=\"766\">Caratteristiche principali<\/h2>\n<ul data-start=\"768\" data-end=\"1025\">\n<li data-start=\"768\" data-end=\"808\">\n<p data-start=\"770\" data-end=\"808\">Surface recommand\u00e9e : jusqu\u2019\u00e0 800 m\u00b2<\/p>\n<\/li>\n<li data-start=\"809\" data-end=\"836\">\n<p data-start=\"811\" data-end=\"836\">Navigation intelligente<\/p>\n<\/li>\n<li data-start=\"837\" data-end=\"870\">\n<p data-start=\"839\" data-end=\"870\">Tonte enti\u00e8rement automatique<\/p>\n<\/li>\n<li data-start=\"871\" data-end=\"900\">\n<p data-start=\"873\" data-end=\"900\">Fonctionnement silencieux<\/p>\n<\/li>\n<li data-start=\"901\" data-end=\"942\">\n<p data-start=\"903\" data-end=\"942\">Gestion efficace des passages \u00e9troits<\/p>\n<\/li>\n<li data-start=\"943\" data-end=\"988\">\n<p data-start=\"945\" data-end=\"988\">Retour automatique \u00e0 la station de charge<\/p>\n<\/li>\n<li data-start=\"989\" data-end=\"1025\">\n<p data-start=\"991\" data-end=\"1025\">Adapt\u00e9e aux jardins r\u00e9sidentiels<\/p>\n<\/li>\n<\/ul>\n<hr data-start=\"1027\" data-end=\"1030\" \/>\n<h2 data-start=\"1032\" data-end=\"1062\">Specifiche tecniche<\/h2>\n<p data-start=\"1064\" data-end=\"1117\"><strong data-start=\"1064\" data-end=\"1084\">Nome del prodotto:<\/strong> Husqvarna Automower\u00ae 305E NERA<\/p>\n<p data-start=\"1119\" data-end=\"1143\"><strong data-start=\"1119\" data-end=\"1131\">Marca :<\/strong> Husqvarna<\/p>\n<p data-start=\"1145\" data-end=\"1181\"><strong data-start=\"1145\" data-end=\"1155\">Tipo :<\/strong> Robot tondeuse autonome<\/p>\n<p data-start=\"1183\" data-end=\"1214\"><strong data-start=\"1183\" data-end=\"1205\">Surface maximale :<\/strong> 800 m\u00b2<\/p>\n<p data-start=\"1216\" data-end=\"1258\"><strong data-start=\"1216\" data-end=\"1234\">Cibo :<\/strong> Batterie rechargeable<\/p>\n<p data-start=\"1260\" data-end=\"1331\"><strong data-start=\"1260\" data-end=\"1276\">Navigation :<\/strong> Syst\u00e8me intelligent avec gestion optimis\u00e9e des zones<\/p>\n<p data-start=\"1333\" data-end=\"1380\"><strong data-start=\"1333\" data-end=\"1347\">Fonction :<\/strong> Tonte automatique programmable<\/p>\n<p data-start=\"1382\" data-end=\"1438\"><strong data-start=\"1382\" data-end=\"1399\">Utilizzo :<\/strong> Entretien de pelouses r\u00e9sidentielles<\/p>","protected":false},"excerpt":{"rendered":"<p>Prix sur demande \u2013 Disponible uniquement sur commande.<br \/>\nContactez-nous pour une offre personnalis\u00e9e.<\/p>","protected":false},"featured_media":37115,"comment_status":"open","ping_status":"closed","template":"","meta":[],"product_brand":[840],"product_cat":[740,842],"product_tag":[],"class_list":{"0":"post-37114","1":"product","2":"type-product","3":"status-publish","4":"has-post-thumbnail","6":"product_brand-husqvarna","7":"product_cat-materiel-agricole-et-de-jardin","8":"product_cat-husqvarna","10":"first","11":"instock","12":"featured","13":"taxable","14":"shipping-taxable","15":"product-type-simple"},"_links":{"self":[{"href":"https:\/\/greenagritec.com\/it\/wp-json\/wp\/v2\/product\/37114","targetHints":{"allow":["GET"]}}],"collection":[{"href":"https:\/\/greenagritec.com\/it\/wp-json\/wp\/v2\/product"}],"about":[{"href":"https:\/\/greenagritec.com\/it\/wp-json\/wp\/v2\/types\/product"}],"replies":[{"embeddable":true,"href":"https:\/\/greenagritec.com\/it\/wp-json\/wp\/v2\/comments?post=37114"}],"version-history":[{"count":5,"href":"https:\/\/greenagritec.com\/it\/wp-json\/wp\/v2\/product\/37114\/revisions"}],"predecessor-version":[{"id":38413,"href":"https:\/\/greenagritec.com\/it\/wp-json\/wp\/v2\/product\/37114\/revisions\/38413"}],"wp:featuredmedia":[{"embeddable":true,"href":"https:\/\/greenagritec.com\/it\/wp-json\/wp\/v2\/media\/37115"}],"wp:attachment":[{"href":"https:\/\/greenagritec.com\/it\/wp-json\/wp\/v2\/media?parent=37114"}],"wp:term":[{"taxonomy":"product_brand","embeddable":true,"href":"https:\/\/greenagritec.com\/it\/wp-json\/wp\/v2\/product_brand?post=37114"},{"taxonomy":"product_cat","embeddable":true,"href":"https:\/\/greenagritec.com\/it\/wp-json\/wp\/v2\/product_cat?post=37114"},{"taxonomy":"product_tag","embeddable":true,"href":"https:\/\/greenagritec.com\/it\/wp-json\/wp\/v2\/product_tag?post=37114"}],"curies":[{"name":"wp","href":"https:\/\/api.w.org\/{rel}","templated":true}]}}