{"id":36501,"date":"2026-01-15T18:32:17","date_gmt":"2026-01-15T18:32:17","guid":{"rendered":"https:\/\/greenagritec.com\/product\/benza-er-73-av2t-e-poultry-bed-conditioner\/"},"modified":"2026-03-02T07:31:51","modified_gmt":"2026-03-02T07:31:51","slug":"benza-er-73-av2t-e-conditionneur-de-litiere-pour-volailles-scarificateur-pour-volailles-a-essence-avec-moteur-265cc","status":"publish","type":"product","link":"https:\/\/greenagritec.com\/it\/prodotto-2\/benza-er-73-av2t-e-conditionneur-de-litiere-pour-volailles-scarificateur-pour-volailles-a-essence-avec-moteur-265cc\/","title":{"rendered":"Scarificateur professionnel pour liti\u00e8re avicole BENZA ER 73 AV2T E \u2013 265 cc"},"content":{"rendered":"<p data-start=\"314\" data-end=\"462\">Le BENZA ER 73 AV2T E est un scarificateur professionnel con\u00e7u pour le conditionnement et l\u2019a\u00e9ration de la liti\u00e8re dans les \u00e9levages de volailles.<\/p>\n<p data-start=\"464\" data-end=\"655\">\u00c9quip\u00e9 d\u2019un moteur thermique 265 cc et de 28 lames robustes, il permet de casser les cro\u00fbtes, am\u00e9liorer la ventilation du sol et maintenir une hygi\u00e8ne optimale dans les b\u00e2timents d\u2019\u00e9levage.<\/p>\n<p data-start=\"657\" data-end=\"729\">Id\u00e9al pour exploitations avicoles recherchant performance et efficacit\u00e9.<\/p>\n<hr data-start=\"731\" data-end=\"734\" \/>\n<h2 data-start=\"736\" data-end=\"769\">Caratteristiche principali<\/h2>\n<ul data-start=\"771\" data-end=\"994\">\n<li data-start=\"771\" data-end=\"800\">\n<p data-start=\"773\" data-end=\"800\">Motore a benzina <strong data-start=\"788\" data-end=\"798\">265 cc<\/strong><\/p>\n<\/li>\n<li data-start=\"801\" data-end=\"834\">\n<p data-start=\"803\" data-end=\"834\"><strong data-start=\"803\" data-end=\"815\">28 lames<\/strong> de scarification<\/p>\n<\/li>\n<li data-start=\"835\" data-end=\"877\">\n<p data-start=\"837\" data-end=\"877\">Conditionnement efficace de la liti\u00e8re<\/p>\n<\/li>\n<li data-start=\"878\" data-end=\"914\">\n<p data-start=\"880\" data-end=\"914\">Am\u00e9liore l\u2019a\u00e9ration et l\u2019hygi\u00e8ne<\/p>\n<\/li>\n<li data-start=\"915\" data-end=\"953\">\n<p data-start=\"917\" data-end=\"953\">Con\u00e7u pour usage agricole intensif<\/p>\n<\/li>\n<li data-start=\"954\" data-end=\"994\">\n<p data-start=\"956\" data-end=\"994\">Structure robuste adapt\u00e9e aux fermes<\/p>\n<\/li>\n<\/ul>\n<hr data-start=\"996\" data-end=\"999\" \/>\n<h2 data-start=\"1001\" data-end=\"1031\">Specifiche tecniche<\/h2>\n<p data-start=\"1033\" data-end=\"1074\"><strong data-start=\"1033\" data-end=\"1053\">Nome del prodotto:<\/strong> BENZA ER 73 AV2T E<\/p>\n<p data-start=\"1076\" data-end=\"1096\"><strong data-start=\"1076\" data-end=\"1088\">Marca :<\/strong> Benza<\/p>\n<p data-start=\"1098\" data-end=\"1165\"><strong data-start=\"1098\" data-end=\"1108\">Tipo :<\/strong> Conditionneur \/ scarificateur pour liti\u00e8re de volaille<\/p>\n<p data-start=\"1167\" data-end=\"1195\"><strong data-start=\"1167\" data-end=\"1185\">Motore:<\/strong> Essence<\/p>\n<p data-start=\"1197\" data-end=\"1221\"><strong data-start=\"1197\" data-end=\"1212\">Cilindrata del motore:<\/strong> 265 cc<\/p>\n<p data-start=\"1223\" data-end=\"1249\"><strong data-start=\"1223\" data-end=\"1244\">Nombre de lames :<\/strong> 28<\/p>\n<p data-start=\"1251\" data-end=\"1317\"><strong data-start=\"1251\" data-end=\"1268\">Utilizzo :<\/strong> \u00c9levage avicole, entretien b\u00e2timents agricoles<\/p>","protected":false},"excerpt":{"rendered":"<p>Scarificateur professionnel pour volaille avec 28 lames et moteur de 265 cm\u00b3 \u2014 id\u00e9al pour un conditionnement efficace de la liti\u00e8re de volaille et l&#8217;hygi\u00e8ne de la ferme.<\/p>","protected":false},"featured_media":36519,"comment_status":"open","ping_status":"closed","template":"","meta":[],"product_brand":[798],"product_cat":[841,825,740],"product_tag":[],"class_list":{"0":"post-36501","1":"product","2":"type-product","3":"status-publish","4":"has-post-thumbnail","6":"product_brand-benza","7":"product_cat-benza","8":"product_cat-equipement-pour-volailles","9":"product_cat-materiel-agricole-et-de-jardin","11":"first","12":"instock","13":"taxable","14":"shipping-taxable","15":"purchasable","16":"product-type-simple"},"_links":{"self":[{"href":"https:\/\/greenagritec.com\/it\/wp-json\/wp\/v2\/product\/36501","targetHints":{"allow":["GET"]}}],"collection":[{"href":"https:\/\/greenagritec.com\/it\/wp-json\/wp\/v2\/product"}],"about":[{"href":"https:\/\/greenagritec.com\/it\/wp-json\/wp\/v2\/types\/product"}],"replies":[{"embeddable":true,"href":"https:\/\/greenagritec.com\/it\/wp-json\/wp\/v2\/comments?post=36501"}],"version-history":[{"count":5,"href":"https:\/\/greenagritec.com\/it\/wp-json\/wp\/v2\/product\/36501\/revisions"}],"predecessor-version":[{"id":38493,"href":"https:\/\/greenagritec.com\/it\/wp-json\/wp\/v2\/product\/36501\/revisions\/38493"}],"wp:featuredmedia":[{"embeddable":true,"href":"https:\/\/greenagritec.com\/it\/wp-json\/wp\/v2\/media\/36519"}],"wp:attachment":[{"href":"https:\/\/greenagritec.com\/it\/wp-json\/wp\/v2\/media?parent=36501"}],"wp:term":[{"taxonomy":"product_brand","embeddable":true,"href":"https:\/\/greenagritec.com\/it\/wp-json\/wp\/v2\/product_brand?post=36501"},{"taxonomy":"product_cat","embeddable":true,"href":"https:\/\/greenagritec.com\/it\/wp-json\/wp\/v2\/product_cat?post=36501"},{"taxonomy":"product_tag","embeddable":true,"href":"https:\/\/greenagritec.com\/it\/wp-json\/wp\/v2\/product_tag?post=36501"}],"curies":[{"name":"wp","href":"https:\/\/api.w.org\/{rel}","templated":true}]}}