{"id":36499,"date":"2026-01-15T18:32:17","date_gmt":"2026-01-15T18:32:17","guid":{"rendered":"https:\/\/greenagritec.com\/product\/benza-bz53albbc-pro-lawnmower\/"},"modified":"2026-03-01T17:34:52","modified_gmt":"2026-03-01T17:34:52","slug":"benza-bz53albbc-pro-lawnmower","status":"publish","type":"product","link":"https:\/\/greenagritec.com\/it\/prodotto-2\/benza-bz53albbc-pro-lawnmower\/","title":{"rendered":"Tondeuse \u00e0 gazon BENZA BZ53ALBBC-PRO \u2013 Tondeuse autopropuls\u00e9e \u00e0 essence 196cc en aluminium, largeur de coupe 53 cm"},"content":{"rendered":"<p data-start=\"313\" data-end=\"456\">La BENZA BZ53ALBBC-PRO est une tondeuse thermique autotract\u00e9e haut de gamme con\u00e7ue pour l\u2019entretien exigeant des pelouses moyennes \u00e0 grandes.<\/p>\n<p data-start=\"458\" data-end=\"729\">\u00c9quip\u00e9e d\u2019un moteur 196 cc et d\u2019un plateau en aluminium robuste, elle offre une largeur de coupe de 53 cm pour une tonte rapide et efficace. Son embrayage de lame permet d\u2019arr\u00eater la rotation de la lame sans couper le moteur, am\u00e9liorant confort et s\u00e9curit\u00e9 d\u2019utilisation.<\/p>\n<p data-start=\"731\" data-end=\"794\">Id\u00e9ale pour particuliers exigeants et usage semi-professionnel.<\/p>\n<hr data-start=\"796\" data-end=\"799\" \/>\n<h2 data-start=\"801\" data-end=\"834\">Caratteristiche principali<\/h2>\n<ul data-start=\"836\" data-end=\"1051\">\n<li data-start=\"836\" data-end=\"865\">\n<p data-start=\"838\" data-end=\"865\">Motore a benzina <strong data-start=\"853\" data-end=\"863\">196 cc<\/strong><\/p>\n<\/li>\n<li data-start=\"866\" data-end=\"898\">\n<p data-start=\"868\" data-end=\"898\">Larghezza di taglio: <strong data-start=\"887\" data-end=\"896\">53 cm<\/strong><\/p>\n<\/li>\n<li data-start=\"899\" data-end=\"935\">\n<p data-start=\"901\" data-end=\"935\">Plateau en <strong data-start=\"912\" data-end=\"933\">aluminium robuste<\/strong><\/p>\n<\/li>\n<li data-start=\"936\" data-end=\"977\">\n<p data-start=\"938\" data-end=\"977\">Syst\u00e8me <strong data-start=\"946\" data-end=\"975\">autotract\u00e9 (autopropuls\u00e9)<\/strong><\/p>\n<\/li>\n<li data-start=\"978\" data-end=\"1020\">\n<p data-start=\"980\" data-end=\"1020\">Embrayage de lame (Blade Brake Clutch)<\/p>\n<\/li>\n<li data-start=\"1021\" data-end=\"1051\">\n<p data-start=\"1023\" data-end=\"1051\">Con\u00e7ue pour usage intensif<\/p>\n<\/li>\n<\/ul>\n<hr data-start=\"1053\" data-end=\"1056\" \/>\n<h2 data-start=\"1058\" data-end=\"1088\">Specifiche tecniche<\/h2>\n<p data-start=\"1090\" data-end=\"1132\"><strong data-start=\"1090\" data-end=\"1110\">Nome del prodotto:<\/strong> BENZA BZ53ALBBC-PRO<\/p>\n<p data-start=\"1134\" data-end=\"1154\"><strong data-start=\"1134\" data-end=\"1146\">Marca :<\/strong> Benza<\/p>\n<p data-start=\"1156\" data-end=\"1199\"><strong data-start=\"1156\" data-end=\"1166\">Tipo :<\/strong> Tondeuse thermique autotract\u00e9e<\/p>\n<p data-start=\"1201\" data-end=\"1229\"><strong data-start=\"1201\" data-end=\"1219\">Motore:<\/strong> Essence<\/p>\n<p data-start=\"1231\" data-end=\"1255\"><strong data-start=\"1231\" data-end=\"1246\">Cilindrata del motore:<\/strong> 196 cc<\/p>\n<p data-start=\"1257\" data-end=\"1287\"><strong data-start=\"1257\" data-end=\"1279\">Larghezza di taglio:<\/strong> 53 cm<\/p>\n<p data-start=\"1289\" data-end=\"1326\"><strong data-start=\"1289\" data-end=\"1314\">Mat\u00e9riau du plateau :<\/strong> Aluminium<\/p>\n<p data-start=\"1328\" data-end=\"1369\"><strong data-start=\"1328\" data-end=\"1341\">Syst\u00e8me :<\/strong> Embrayage de lame int\u00e9gr\u00e9<\/p>\n<p data-start=\"1371\" data-end=\"1444\"><strong data-start=\"1371\" data-end=\"1388\">Utilizzo :<\/strong> Entretien pelouses moyennes \u00e0 grandes, usage intensif<\/p>","protected":false},"excerpt":{"rendered":"<p>Tondeuse thermique BENZA BZ53ALBBC-PRO 196 cc avec plateau aluminium 53 cm et embrayage de lame. Id\u00e9ale pour tonte intensive et professionnelle.<\/p>","protected":false},"featured_media":36515,"comment_status":"open","ping_status":"closed","template":"","meta":[],"product_brand":[798],"product_cat":[841,740,817],"product_tag":[],"class_list":{"0":"post-36499","1":"product","2":"type-product","3":"status-publish","4":"has-post-thumbnail","6":"product_brand-benza","7":"product_cat-benza","8":"product_cat-materiel-agricole-et-de-jardin","9":"product_cat-tondeuse-a-gazon","11":"first","12":"instock","13":"taxable","14":"shipping-taxable","15":"purchasable","16":"product-type-simple"},"_links":{"self":[{"href":"https:\/\/greenagritec.com\/it\/wp-json\/wp\/v2\/product\/36499","targetHints":{"allow":["GET"]}}],"collection":[{"href":"https:\/\/greenagritec.com\/it\/wp-json\/wp\/v2\/product"}],"about":[{"href":"https:\/\/greenagritec.com\/it\/wp-json\/wp\/v2\/types\/product"}],"replies":[{"embeddable":true,"href":"https:\/\/greenagritec.com\/it\/wp-json\/wp\/v2\/comments?post=36499"}],"version-history":[{"count":4,"href":"https:\/\/greenagritec.com\/it\/wp-json\/wp\/v2\/product\/36499\/revisions"}],"predecessor-version":[{"id":38490,"href":"https:\/\/greenagritec.com\/it\/wp-json\/wp\/v2\/product\/36499\/revisions\/38490"}],"wp:featuredmedia":[{"embeddable":true,"href":"https:\/\/greenagritec.com\/it\/wp-json\/wp\/v2\/media\/36515"}],"wp:attachment":[{"href":"https:\/\/greenagritec.com\/it\/wp-json\/wp\/v2\/media?parent=36499"}],"wp:term":[{"taxonomy":"product_brand","embeddable":true,"href":"https:\/\/greenagritec.com\/it\/wp-json\/wp\/v2\/product_brand?post=36499"},{"taxonomy":"product_cat","embeddable":true,"href":"https:\/\/greenagritec.com\/it\/wp-json\/wp\/v2\/product_cat?post=36499"},{"taxonomy":"product_tag","embeddable":true,"href":"https:\/\/greenagritec.com\/it\/wp-json\/wp\/v2\/product_tag?post=36499"}],"curies":[{"name":"wp","href":"https:\/\/api.w.org\/{rel}","templated":true}]}}