{"id":35147,"date":"2026-01-10T08:09:19","date_gmt":"2026-01-10T08:09:19","guid":{"rendered":"https:\/\/greenagritec.com\/product\/vevor-zcut-9-automatic-tape-dispenser-adhesive-electric-tape-cutter-packaging-machine-tape-cutting-machine-6-60mm-tape-width\/"},"modified":"2026-02-17T11:57:02","modified_gmt":"2026-02-17T11:57:02","slug":"devidoir-de-ruban-adhesif-automatique-vevor-zcut-9-coupe-ruban-electrique-pour-emballage-largeur-de-ruban-de-6-a-60-mm","status":"publish","type":"product","link":"https:\/\/greenagritec.com\/it\/prodotto-2\/devidoir-de-ruban-adhesif-automatique-vevor-zcut-9-coupe-ruban-electrique-pour-emballage-largeur-de-ruban-de-6-a-60-mm\/","title":{"rendered":"VEVOR Zcut-9 Dispenser automatico di nastro adesivo \u2013 Taglierina elettrica per imballaggio, larghezza del nastro da 6 a 60 mm"},"content":{"rendered":"<p>Le distributeur automatique de ruban adh\u00e9sif VEVOR Zcut-9 est une solution fiable et efficace pour la d\u00e9coupe de ruban adh\u00e9sif lors des op\u00e9rations d&#8217;emballage.<\/p>\n<p>Con\u00e7u pour g\u00e9rer une large gamme de largeurs de ruban, de 6 mm \u00e0 60 mm, ce distributeur \u00e9lectrique assure des coupes pr\u00e9cises et r\u00e9guli\u00e8res d&#8217;une simple pression sur un bouton.<\/p>\n<p>Id\u00e9al pour les postes d&#8217;emballage, les services d&#8217;exp\u00e9dition, les entrep\u00f4ts et les ateliers, le Zcut-9 optimise les flux de travail en acc\u00e9l\u00e9rant la manipulation du ruban et en r\u00e9duisant les d\u00e9chets. Son design compact et robuste en fait un atout pratique pour tout environnement de travail o\u00f9 la d\u00e9coupe de ruban est fr\u00e9quente et r\u00e9p\u00e9titive.<\/p>\n<p>Specifiche tecniche<\/p>\n<p>Largeur de ruban : 6 \u00e0 60 mm<\/p>\n<p>Fonctionnement : Distribution \u00e9lectrique automatique<\/p>\n<p>Mat\u00e9riaux compatibles : Rouleaux de ruban adh\u00e9sif<\/p>\n<p>Pr\u00e9cision de distribution : Coupe pr\u00e9cise et constante<\/p>\n<p>Alimentation : Secteur (sur secteur)<\/p>\n<p>Utilisation : Emballage, exp\u00e9dition, logistique, ateliers<\/p>\n<p>Caract\u00e9ristiques du produit<\/p>\n<p>Coupe automatique de ruban adh\u00e9sif pour un emballage rapide<\/p>\n<p>Compatible avec les rubans de 6 \u00e0 60 mm de large<\/p>\n<p>Coupes nettes et pr\u00e9cises \u00e0 chaque utilisation<\/p>\n<p>R\u00e9duction du gaspillage de ruban et optimisation du flux de travail<\/p>\n<p>Conception compacte et robuste<\/p>\n<p>Id\u00e9al pour les entrep\u00f4ts, les lignes d&#8217;emballage et les petites entreprises<\/p>","protected":false},"excerpt":{"rendered":"<p>Il dispenser automatico di nastro adesivo VEVOR Zcut-9 \u00e8 una soluzione affidabile ed efficiente per il taglio del nastro adesivo.<\/p>","protected":false},"featured_media":35146,"comment_status":"open","ping_status":"closed","template":"","meta":[],"product_brand":[],"product_cat":[760,758],"product_tag":[],"class_list":{"0":"post-35147","1":"product","2":"type-product","3":"status-publish","4":"has-post-thumbnail","6":"product_cat-equipement-datelier","7":"product_cat-equipement-industriel","9":"first","10":"instock","11":"taxable","12":"shipping-taxable","13":"purchasable","14":"product-type-simple"},"_links":{"self":[{"href":"https:\/\/greenagritec.com\/it\/wp-json\/wp\/v2\/product\/35147","targetHints":{"allow":["GET"]}}],"collection":[{"href":"https:\/\/greenagritec.com\/it\/wp-json\/wp\/v2\/product"}],"about":[{"href":"https:\/\/greenagritec.com\/it\/wp-json\/wp\/v2\/types\/product"}],"replies":[{"embeddable":true,"href":"https:\/\/greenagritec.com\/it\/wp-json\/wp\/v2\/comments?post=35147"}],"version-history":[{"count":2,"href":"https:\/\/greenagritec.com\/it\/wp-json\/wp\/v2\/product\/35147\/revisions"}],"predecessor-version":[{"id":37693,"href":"https:\/\/greenagritec.com\/it\/wp-json\/wp\/v2\/product\/35147\/revisions\/37693"}],"wp:featuredmedia":[{"embeddable":true,"href":"https:\/\/greenagritec.com\/it\/wp-json\/wp\/v2\/media\/35146"}],"wp:attachment":[{"href":"https:\/\/greenagritec.com\/it\/wp-json\/wp\/v2\/media?parent=35147"}],"wp:term":[{"taxonomy":"product_brand","embeddable":true,"href":"https:\/\/greenagritec.com\/it\/wp-json\/wp\/v2\/product_brand?post=35147"},{"taxonomy":"product_cat","embeddable":true,"href":"https:\/\/greenagritec.com\/it\/wp-json\/wp\/v2\/product_cat?post=35147"},{"taxonomy":"product_tag","embeddable":true,"href":"https:\/\/greenagritec.com\/it\/wp-json\/wp\/v2\/product_tag?post=35147"}],"curies":[{"name":"wp","href":"https:\/\/api.w.org\/{rel}","templated":true}]}}