{"id":33897,"date":"2026-01-10T06:26:47","date_gmt":"2026-01-10T06:26:47","guid":{"rendered":"https:\/\/greenagritec.com\/product\/vevor-electric-12-hot-dog-5-roller-grill-cooker-machine-backsplash-shelf-1000w\/"},"modified":"2026-04-02T11:38:59","modified_gmt":"2026-04-02T11:38:59","slug":"appareil-de-cuisson-electrique-vevor-pour-hot-dogs-12-hot-dogs-5-rouleaux-avec-dosseret-et-etagere-1000-w","status":"publish","type":"product","link":"https:\/\/greenagritec.com\/it\/prodotto-2\/appareil-de-cuisson-electrique-vevor-pour-hot-dogs-12-hot-dogs-5-rouleaux-avec-dosseret-et-etagere-1000-w\/","title":{"rendered":"Macchina elettrica per hot dog, capacit\u00e0 12 hot dog, 5 panini, con alzatina e ripiano, 1000W"},"content":{"rendered":"<p data-start=\"518\" data-end=\"663\">Cet appareil de cuisson \u00e9lectrique pour hot-dogs est con\u00e7u pour un usage professionnel en restauration rapide, snacks, \u00e9v\u00e9nements ou food trucks.<\/p>\n<p data-start=\"665\" data-end=\"866\">\u00c9quip\u00e9 de 5 rouleaux rotatifs chauffants, il permet de cuire jusqu\u2019\u00e0 12 hot-dogs de mani\u00e8re homog\u00e8ne et continue. Sa puissance de 1000 W assure une mont\u00e9e en temp\u00e9rature rapide et une cuisson efficace.<\/p>\n<p data-start=\"868\" data-end=\"1079\">Gr\u00e2ce \u00e0 son dosseret de protection et son \u00e9tag\u00e8re int\u00e9gr\u00e9e, cet appareil garantit une utilisation pratique et hygi\u00e9nique. Sa conception en acier inoxydable assure robustesse, durabilit\u00e9 et facilit\u00e9 de nettoyage.<\/p>\n<p data-start=\"1081\" data-end=\"1184\">Id\u00e9al pour une utilisation intensive, il permet de servir rapidement des hot-dogs parfaitement grill\u00e9s.<\/p>\n<hr data-start=\"1186\" data-end=\"1189\" \/>\n<h2 data-section-id=\"176t5km\" data-start=\"1191\" data-end=\"1227\">Caratteristiche principali<\/h2>\n<p data-start=\"1229\" data-end=\"1273\">Appareil de cuisson hot-dogs professionnel<\/p>\n<p data-start=\"1275\" data-end=\"1307\">Capacit\u00e9 : jusqu\u2019\u00e0 12 hot-dogs<\/p>\n<p data-start=\"1309\" data-end=\"1352\">5 rouleaux rotatifs pour cuisson homog\u00e8ne<\/p>\n<p data-start=\"1354\" data-end=\"1374\">Puissance : 1000 W<\/p>\n<p data-start=\"1376\" data-end=\"1406\">Mont\u00e9e en temp\u00e9rature rapide<\/p>\n<p data-start=\"1408\" data-end=\"1447\">Structure en acier inoxydable robuste<\/p>\n<p data-start=\"1449\" data-end=\"1481\">Dosseret de protection int\u00e9gr\u00e9<\/p>\n<p data-start=\"1483\" data-end=\"1530\">\u00c9tag\u00e8re pratique pour maintien ou pr\u00e9paration<\/p>\n<p data-start=\"1532\" data-end=\"1567\">Facile \u00e0 nettoyer et \u00e0 entretenir<\/p>\n<p data-start=\"1569\" data-end=\"1611\">Adapt\u00e9 \u00e0 un usage professionnel intensif<\/p>\n<hr data-start=\"1613\" data-end=\"1616\" \/>\n<h2 data-section-id=\"3m8q1j\" data-start=\"1618\" data-end=\"1651\">Specifiche tecniche<\/h2>\n<p data-start=\"1653\" data-end=\"1714\">Nom du produit : Appareil hot-dogs \u00e9lectrique professionnel<\/p>\n<p data-start=\"1716\" data-end=\"1743\">Type : Cuiseur \u00e0 rouleaux<\/p>\n<p data-start=\"1716\" data-end=\"1743\">Marchio: VEVOR<\/p>\n<p data-start=\"1745\" data-end=\"1769\">Capacit\u00e9 : 12 hot-dogs<\/p>\n<p data-start=\"1771\" data-end=\"1795\">Nombre de rouleaux : 5<\/p>\n<p data-start=\"1797\" data-end=\"1817\">Puissance : 1000 W<\/p>\n<p data-start=\"1819\" data-end=\"1845\">Alimentation : 220\u2013240 V<\/p>\n<p data-start=\"1847\" data-end=\"1876\">Mat\u00e9riau : Acier inoxydable<\/p>\n<p data-start=\"1878\" data-end=\"1934\">Utilisation : Restauration rapide \/ food truck \/ snack<\/p>","protected":false},"excerpt":{"rendered":"<p>Cuoci hot dog professionale da 1000 W con 5 rulli, capacit\u00e0 12 hot dog. Ideale per snack, food truck e uso intensivo.<\/p>","protected":false},"featured_media":33896,"comment_status":"open","ping_status":"closed","template":"","meta":[],"product_brand":[],"product_cat":[843,771,700],"product_tag":[],"class_list":{"0":"post-33897","1":"product","2":"type-product","3":"status-publish","4":"has-post-thumbnail","6":"product_cat-vevor","7":"product_cat-appareils-de-cuisine-et-alimentaires","8":"product_cat-appareils-de-transformation-des-aliments","10":"first","11":"instock","12":"taxable","13":"shipping-taxable","14":"purchasable","15":"product-type-simple"},"_links":{"self":[{"href":"https:\/\/greenagritec.com\/it\/wp-json\/wp\/v2\/product\/33897","targetHints":{"allow":["GET"]}}],"collection":[{"href":"https:\/\/greenagritec.com\/it\/wp-json\/wp\/v2\/product"}],"about":[{"href":"https:\/\/greenagritec.com\/it\/wp-json\/wp\/v2\/types\/product"}],"replies":[{"embeddable":true,"href":"https:\/\/greenagritec.com\/it\/wp-json\/wp\/v2\/comments?post=33897"}],"version-history":[{"count":4,"href":"https:\/\/greenagritec.com\/it\/wp-json\/wp\/v2\/product\/33897\/revisions"}],"predecessor-version":[{"id":39057,"href":"https:\/\/greenagritec.com\/it\/wp-json\/wp\/v2\/product\/33897\/revisions\/39057"}],"wp:featuredmedia":[{"embeddable":true,"href":"https:\/\/greenagritec.com\/it\/wp-json\/wp\/v2\/media\/33896"}],"wp:attachment":[{"href":"https:\/\/greenagritec.com\/it\/wp-json\/wp\/v2\/media?parent=33897"}],"wp:term":[{"taxonomy":"product_brand","embeddable":true,"href":"https:\/\/greenagritec.com\/it\/wp-json\/wp\/v2\/product_brand?post=33897"},{"taxonomy":"product_cat","embeddable":true,"href":"https:\/\/greenagritec.com\/it\/wp-json\/wp\/v2\/product_cat?post=33897"},{"taxonomy":"product_tag","embeddable":true,"href":"https:\/\/greenagritec.com\/it\/wp-json\/wp\/v2\/product_tag?post=33897"}],"curies":[{"name":"wp","href":"https:\/\/api.w.org\/{rel}","templated":true}]}}