{"id":33531,"date":"2026-01-09T23:47:29","date_gmt":"2026-01-09T23:47:29","guid":{"rendered":"https:\/\/greenagritec.com\/product\/vevor-electric-scissor-jack-3t-12v-car-jack-with-3-5m-power-cable-tool-box-hand-crank-130-370mm-170-420mm-car-jack-for-cars-suvs-sedans-etc\/"},"modified":"2026-02-17T16:02:43","modified_gmt":"2026-02-17T16:02:43","slug":"cric-electrique-a-ciseaux-vevor-3-tonnes-cric-12-v-pour-voiture-avec-boite-a-outils-et-manivelle","status":"publish","type":"product","link":"https:\/\/greenagritec.com\/it\/prodotto-2\/cric-electrique-a-ciseaux-vevor-3-tonnes-cric-12-v-pour-voiture-avec-boite-a-outils-et-manivelle\/","title":{"rendered":"Cric elettrico a forbice VEVOR da 3 tonnellate, cric per auto a 12V con cassetta degli attrezzi e manovella"},"content":{"rendered":"<p>Le cric \u00e9lectrique \u00e0 ciseaux VEVOR (3 tonnes) est un cric de voiture \u00e9lectrique 12 V compact et fiable, con\u00e7u pour soulever rapidement et en toute s\u00e9curit\u00e9 votre v\u00e9hicule lors de changements de pneus ou en cas d&#8217;urgence sur la route. Livr\u00e9 avec une bo\u00eete \u00e0 outils et une manivelle, il garantit un fonctionnement fiable m\u00eame en cas de coupure de courant.<\/p>\n<p>Avec son c\u00e2ble d&#8217;alimentation de 3,5 m et sa plage de levage r\u00e9glable, ce cric convient aux voitures, berlines et SUV, offrant un levage \u00e9lectrique pratique et une manivelle de secours pour plus de s\u00e9r\u00e9nit\u00e9.<\/p>\n<p>Caratteristiche principali<\/p>\n<p>Cric ciseaux \u00e9lectrique 3 tonnes (3T)<\/p>\n<p>Alimentation 12 V pour une utilisation embarqu\u00e9e<\/p>\n<p>Manivelle incluse (secours)<\/p>\n<p>Coffre \u00e0 outils pour un rangement organis\u00e9<\/p>\n<p>C\u00e2ble d&#8217;alimentation de 3,5 m pour une connexion facile<\/p>\n<p>Hauteur de levage r\u00e9glable pour voitures et SUV<\/p>\n<p>Conception compacte et portable<\/p>\n<p>Specifiche tecniche<\/p>\n<p>Marchio: VEVOR<\/p>\n<p>Type\u00a0: Cric ciseaux \u00e9lectrique pour voiture<\/p>\n<p>Capacit\u00e9 maximale\u00a0: 3 tonnes<\/p>\n<p>Alimentation\u00a0: 12 V<\/p>\n<p>Plage de levage\u00a0: 130\u2013370 mm \/ 170\u2013420 mm<\/p>\n<p>Longueur du c\u00e2ble\u00a0: 3,5 m<\/p>\n<p>Accessoires\u00a0: Coffre \u00e0 outils, manivelle<\/p>\n<p>Utilisation\u00a0: Voitures, berlines, SUV<\/p>","protected":false},"excerpt":{"rendered":"<p>Cric ciseaux \u00e9lectrique 12V de 3 tonnes avec bo\u00eete \u00e0 outils et manivelle manuelle pour les changements de pneus d&#8217;urgence.<\/p>","protected":false},"featured_media":33530,"comment_status":"open","ping_status":"closed","template":"","meta":[],"product_brand":[],"product_cat":[752,748],"product_tag":[],"class_list":{"0":"post-33531","1":"product","2":"type-product","3":"status-publish","4":"has-post-thumbnail","6":"product_cat-crics-et-equipements-de-levage","7":"product_cat-outils-pour-atelier-et-pneus","9":"first","10":"instock","11":"taxable","12":"shipping-taxable","13":"purchasable","14":"product-type-simple"},"_links":{"self":[{"href":"https:\/\/greenagritec.com\/it\/wp-json\/wp\/v2\/product\/33531","targetHints":{"allow":["GET"]}}],"collection":[{"href":"https:\/\/greenagritec.com\/it\/wp-json\/wp\/v2\/product"}],"about":[{"href":"https:\/\/greenagritec.com\/it\/wp-json\/wp\/v2\/types\/product"}],"replies":[{"embeddable":true,"href":"https:\/\/greenagritec.com\/it\/wp-json\/wp\/v2\/comments?post=33531"}],"version-history":[{"count":2,"href":"https:\/\/greenagritec.com\/it\/wp-json\/wp\/v2\/product\/33531\/revisions"}],"predecessor-version":[{"id":38058,"href":"https:\/\/greenagritec.com\/it\/wp-json\/wp\/v2\/product\/33531\/revisions\/38058"}],"wp:featuredmedia":[{"embeddable":true,"href":"https:\/\/greenagritec.com\/it\/wp-json\/wp\/v2\/media\/33530"}],"wp:attachment":[{"href":"https:\/\/greenagritec.com\/it\/wp-json\/wp\/v2\/media?parent=33531"}],"wp:term":[{"taxonomy":"product_brand","embeddable":true,"href":"https:\/\/greenagritec.com\/it\/wp-json\/wp\/v2\/product_brand?post=33531"},{"taxonomy":"product_cat","embeddable":true,"href":"https:\/\/greenagritec.com\/it\/wp-json\/wp\/v2\/product_cat?post=33531"},{"taxonomy":"product_tag","embeddable":true,"href":"https:\/\/greenagritec.com\/it\/wp-json\/wp\/v2\/product_tag?post=33531"}],"curies":[{"name":"wp","href":"https:\/\/api.w.org\/{rel}","templated":true}]}}