{"id":4400,"date":"2021-10-12T15:51:09","date_gmt":"2021-10-12T15:51:09","guid":{"rendered":"http:\/\/dummy.xtemos.com\/woodmart2\/elementor\/?page_id=4400"},"modified":"2026-02-23T05:13:17","modified_gmt":"2026-02-23T05:13:17","slug":"chi-siamo","status":"publish","type":"page","link":"https:\/\/greenagritec.com\/it\/chi-siamo\/","title":{"rendered":"Chi siamo"},"content":{"rendered":"<div data-elementor-type=\"wp-page\" data-elementor-id=\"4400\" class=\"elementor elementor-4400\">\n\t\t\t\t\t\t<section class=\"elementor-section elementor-top-section elementor-element elementor-element-7818693c wd-section-stretch_row_content elementor-section-content-middle elementor-section-boxed elementor-section-height-default elementor-section-height-default\" data-id=\"7818693c\" data-element_type=\"section\" data-e-type=\"section\">\n\t\t\t\t\t\t<div class=\"elementor-container elementor-column-gap-default\">\n\t\t\t\t\t<div class=\"elementor-column elementor-col-50 elementor-top-column elementor-element elementor-element-5bc567f4\" data-id=\"5bc567f4\" data-element_type=\"column\" data-e-type=\"column\" data-settings=\"{&quot;background_background&quot;:&quot;classic&quot;}\">\n\t\t\t<div class=\"elementor-widget-wrap elementor-element-populated\">\n\t\t\t\t\t\t<div class=\"elementor-element elementor-element-496a56e wd-parallax-on-scroll wd_scroll_x_0 wd_scroll_y_-30 wd_scroll_z_0 elementor-widget__width-initial wd_scroll_smoothness_30 elementor-widget elementor-widget-wd_image_or_svg\" data-id=\"496a56e\" data-element_type=\"widget\" data-e-type=\"widget\" data-widget_type=\"wd_image_or_svg.default\">\n\t\t\t\t<div class=\"elementor-widget-container\">\n\t\t\t\t\t\n\t\t<div class=\"wd-image text-right\">\n\t\t\t\t\t\t\t\t<img fetchpriority=\"high\" decoding=\"async\" width=\"1536\" height=\"1024\" src=\"https:\/\/greenagritec.com\/wp-content\/uploads\/2025\/11\/image-9.png\" class=\"attachment-full size-full wp-image-18575\" alt=\"\" srcset=\"https:\/\/greenagritec.com\/wp-content\/uploads\/2025\/11\/image-9.png 1536w, https:\/\/greenagritec.com\/wp-content\/uploads\/2025\/11\/image-9-200x133.png 200w, https:\/\/greenagritec.com\/wp-content\/uploads\/2025\/11\/image-9-700x467.png 700w\" sizes=\"(max-width: 1536px) 100vw, 1536px\" \/>\t\t\t\t\t<\/div>\n\n\t\t\t\t\t\t<\/div>\n\t\t\t\t<\/div>\n\t\t\t\t\t<\/div>\n\t\t<\/div>\n\t\t\t\t<div class=\"elementor-column elementor-col-50 elementor-top-column elementor-element elementor-element-3c21a683\" data-id=\"3c21a683\" data-element_type=\"column\" data-e-type=\"column\">\n\t\t\t<div class=\"elementor-widget-wrap elementor-element-populated\">\n\t\t\t\t\t\t<div class=\"elementor-element elementor-element-32496f85 wd_scroll_y_20 wd-parallax-on-scroll wd_scroll_smoothness_30 elementor-widget elementor-widget-wd_title\" data-id=\"32496f85\" data-element_type=\"widget\" data-e-type=\"widget\" data-widget_type=\"wd_title.default\">\n\t\t\t\t<div class=\"elementor-widget-container\">\n\t\t\t\t\t\t\t<div class=\"title-wrapper set-mb-s reset-last-child wd-title-color-default wd-title-style-default wd-title-size-default text-left\">\n\n\t\t\t\n\t\t\t<div class=\"liner-continer\">\n\t\t\t\t<h4 class=\"woodmart-title-container title wd-fontsize-l\">DI<i><strong> GREEN AGRITEC<\/strong><\/i><\/h4> \n\t\t\t\t\t\t\t<\/div>\n\n\t\t\t\t\t<\/div>\n\t\t\t\t\t\t<\/div>\n\t\t\t\t<\/div>\n\t\t\t\t<div class=\"elementor-element elementor-element-52e0aeaa wd-parallax-on-scroll wd_scroll_y_20 wd_scroll_smoothness_30 elementor-widget elementor-widget-wd_text_block\" data-id=\"52e0aeaa\" data-element_type=\"widget\" data-e-type=\"widget\" data-widget_type=\"wd_text_block.default\">\n\t\t\t\t<div class=\"elementor-widget-container\">\n\t\t\t\t\t\t\t<div class=\"wd-text-block reset-last-child text-left\">\n\t\t\t\n\t\t\t<p data-start=\"311\" data-end=\"618\">Benvenuti da Green Agritec, il vostro partner di fiducia per attrezzature innovative per l&#039;agricoltura e l&#039;outdoor. Ci impegniamo a fornire macchinari affidabili e ad alte prestazioni, supportando agricoltori, giardinieri, appaltatori e appassionati del fai da te in Europa, Africa e oltre. Per molti anni, la nostra missione \u00e8 stata semplice: offrire qualit\u00e0, durata e un reale valore aggiunto, supportati da un eccellente servizio clienti e da un supporto multilingue. Che si tratti di lavorare la terra, prendersi cura degli spazi verdi o affrontare progetti fai da te impegnativi, Green Agritec offre attrezzature che rendono i vostri lavori pi\u00f9 semplici, veloci ed efficienti.<\/p>\n\t\t\t\t\t<\/div>\n\t\t\t\t\t\t<\/div>\n\t\t\t\t<\/div>\n\t\t\t\t\t<\/div>\n\t\t<\/div>\n\t\t\t\t\t<\/div>\n\t\t<\/section>\n\t\t\t\t<section class=\"elementor-section elementor-top-section elementor-element elementor-element-78c45d49 wd-section-stretch_row_content elementor-section-content-middle elementor-reverse-tablet elementor-reverse-mobile elementor-section-boxed elementor-section-height-default elementor-section-height-default\" data-id=\"78c45d49\" data-element_type=\"section\" data-e-type=\"section\">\n\t\t\t\t\t\t<div class=\"elementor-container elementor-column-gap-default\">\n\t\t\t\t\t<div class=\"elementor-column elementor-col-50 elementor-top-column elementor-element elementor-element-3d956baf\" data-id=\"3d956baf\" data-element_type=\"column\" data-e-type=\"column\">\n\t\t\t<div class=\"elementor-widget-wrap elementor-element-populated\">\n\t\t\t\t\t\t<div class=\"elementor-element elementor-element-2df66d51 wd_scroll_y_20 wd-parallax-on-scroll wd_scroll_smoothness_30 elementor-widget elementor-widget-wd_title\" data-id=\"2df66d51\" data-element_type=\"widget\" data-e-type=\"widget\" data-widget_type=\"wd_title.default\">\n\t\t\t\t<div class=\"elementor-widget-container\">\n\t\t\t\t\t\t\t<div class=\"title-wrapper set-mb-s reset-last-child wd-title-color-default wd-title-style-default wd-title-size-default text-left\">\n\n\t\t\t\n\t\t\t<div class=\"liner-continer\">\n\t\t\t\t<h4 class=\"woodmart-title-container title wd-fontsize-l\">Cosa Noi <i><strong>Lasciaci offrire<\/strong><\/i><\/h4> \n\t\t\t\t\t\t\t<\/div>\n\n\t\t\t\t\t<\/div>\n\t\t\t\t\t\t<\/div>\n\t\t\t\t<\/div>\n\t\t\t\t<div class=\"elementor-element elementor-element-110b8065 wd-parallax-on-scroll wd_scroll_y_20 wd_scroll_smoothness_30 elementor-widget elementor-widget-wd_text_block\" data-id=\"110b8065\" data-element_type=\"widget\" data-e-type=\"widget\" data-widget_type=\"wd_text_block.default\">\n\t\t\t\t<div class=\"elementor-widget-container\">\n\t\t\t\t\t\t\t<div class=\"wd-text-block reset-last-child text-left\">\n\t\t\t\n\t\t\t<p data-start=\"809\" data-end=\"964\">Un&#039;ampia gamma di macchine professionali: dalle macchine agricole agli utensili da giardino, dalla tecnologia forestale alle idropulitrici e alle attrezzature di qualit\u00e0 per il fai da te: tutto ci\u00f2 di cui hai bisogno, in un unico posto.<br \/><br \/>Prodotti affidabili e durevoli: ci affidiamo a marchi affidabili e a macchine di alta qualit\u00e0, progettate per prestazioni durature in condizioni di lavoro reali.<br \/><br \/>Assistenza completa per le vostre macchine: vi offriamo tutti i pezzi di ricambio e gli accessori necessari per mantenere le vostre attrezzature in perfette condizioni anno dopo anno.<br \/><br \/>Raccomandazioni di prim&#039;ordine: i nostri prodotti pi\u00f9 venduti sono consigliati da veri utenti: agricoltori, giardinieri, tecnici e proprietari di case in Europa e Africa.<br \/><br \/>Assistenza specialistica: il nostro team di supporto multilingue \u00e8 a disposizione per fornire consulenza personalizzata e un servizio clienti completo.<br \/><br \/>Soluzioni flessibili: che tu acquisti macchine nuove, usate o a noleggio, Green Agritec si adatta alle tue esigenze, dai piccoli progetti domestici agli usi professionali.<\/p>\n\t\t\t\t\t<\/div>\n\t\t\t\t\t\t<\/div>\n\t\t\t\t<\/div>\n\t\t\t\t\t<\/div>\n\t\t<\/div>\n\t\t\t\t<div class=\"elementor-column elementor-col-50 elementor-top-column elementor-element elementor-element-3773429c\" data-id=\"3773429c\" data-element_type=\"column\" data-e-type=\"column\" data-settings=\"{&quot;background_background&quot;:&quot;classic&quot;}\">\n\t\t\t<div class=\"elementor-widget-wrap elementor-element-populated\">\n\t\t\t\t\t\t<div class=\"elementor-element elementor-element-27479e2b wd-parallax-on-scroll wd_scroll_x_0 wd_scroll_y_-30 wd_scroll_z_0 elementor-widget__width-initial wd_scroll_smoothness_30 elementor-widget elementor-widget-wd_image_or_svg\" data-id=\"27479e2b\" data-element_type=\"widget\" data-e-type=\"widget\" data-widget_type=\"wd_image_or_svg.default\">\n\t\t\t\t<div class=\"elementor-widget-container\">\n\t\t\t\t\t\n\t\t<div class=\"wd-image text-right\">\n\t\t\t\t\t\t\t\t<img decoding=\"async\" width=\"1536\" height=\"1024\" src=\"https:\/\/greenagritec.com\/wp-content\/uploads\/2025\/11\/image-6-1.png\" class=\"attachment-full size-full wp-image-18574\" alt=\"\" srcset=\"https:\/\/greenagritec.com\/wp-content\/uploads\/2025\/11\/image-6-1.png 1536w, https:\/\/greenagritec.com\/wp-content\/uploads\/2025\/11\/image-6-1-200x133.png 200w, https:\/\/greenagritec.com\/wp-content\/uploads\/2025\/11\/image-6-1-700x467.png 700w\" sizes=\"(max-width: 1536px) 100vw, 1536px\" \/>\t\t\t\t\t<\/div>\n\n\t\t\t\t\t\t<\/div>\n\t\t\t\t<\/div>\n\t\t\t\t\t<\/div>\n\t\t<\/div>\n\t\t\t\t\t<\/div>\n\t\t<\/section>\n\t\t\t\t<section class=\"elementor-section elementor-top-section elementor-element elementor-element-79005a0 wd-section-stretch_row_content elementor-section-content-middle elementor-section-height-min-height elementor-section-boxed elementor-section-height-default elementor-section-items-middle\" data-id=\"79005a0\" data-element_type=\"section\" data-e-type=\"section\" data-settings=\"{&quot;background_background&quot;:&quot;classic&quot;}\">\n\t\t\t\t\t\t\t<div class=\"elementor-background-overlay\"><\/div>\n\t\t\t\t\t\t\t<div class=\"elementor-container elementor-column-gap-default\">\n\t\t\t\t\t<div class=\"elementor-column elementor-col-100 elementor-top-column elementor-element elementor-element-139eb65\" data-id=\"139eb65\" data-element_type=\"column\" data-e-type=\"column\">\n\t\t\t<div class=\"elementor-widget-wrap elementor-element-populated\">\n\t\t\t\t\t\t<div class=\"elementor-element elementor-element-7b317ef wd_scroll_y_20 wd-parallax-on-scroll wd_scroll_smoothness_30 elementor-widget elementor-widget-wd_title\" data-id=\"7b317ef\" data-element_type=\"widget\" data-e-type=\"widget\" data-widget_type=\"wd_title.default\">\n\t\t\t\t<div class=\"elementor-widget-container\">\n\t\t\t\t\t\t\t<div class=\"title-wrapper set-mb-s reset-last-child wd-title-color-default wd-title-style-default wd-title-size-default text-left\">\n\n\t\t\t\n\t\t\t<div class=\"liner-continer\">\n\t\t\t\t<h4 class=\"woodmart-title-container title wd-fontsize-l\">Perch\u00e9 scegliere <i><strong>Green Agritec<\/strong><\/i><\/h4> \n\t\t\t\t\t\t\t<\/div>\n\n\t\t\t\t\t<\/div>\n\t\t\t\t\t\t<\/div>\n\t\t\t\t<\/div>\n\t\t\t\t<div class=\"elementor-element elementor-element-29f7c28 wd-parallax-on-scroll wd_scroll_y_20 wd_scroll_smoothness_30 elementor-widget elementor-widget-wd_text_block\" data-id=\"29f7c28\" data-element_type=\"widget\" data-e-type=\"widget\" data-widget_type=\"wd_text_block.default\">\n\t\t\t\t<div class=\"elementor-widget-container\">\n\t\t\t\t\t\t\t<div class=\"wd-text-block reset-last-child text-left color-scheme-light\">\n\t\t\t\n\t\t\t<p data-start=\"1556\" data-end=\"1586\">Selezioniamo con cura attrezzature che offrano prestazioni reali, dagli attrezzi agricoli e da giardinaggio ai macchinari forestali e per la pulizia. Ogni prodotto \u00e8 scelto per la sua durata, sicurezza e valore a lungo termine.<br \/><br \/>Marchi affidabili e standard professionali. Il nostro catalogo include macchine convalidate da utenti reali: agricoltori, giardinieri, appaltatori e tecnici. Offriamo solo attrezzature che noi stessi useremmo con assoluta fiducia.<br \/><br \/>Spedizioni rapide all&#039;interno dell&#039;UE e con copertura globale. Con stock in Europa e una rete di partner in tutto il mondo, garantiamo consegne rapide e sicure ai clienti in tutta Europa, Africa e oltre.<br \/><br \/>4. Ricambi e assistenza post-vendita completi: forniamo tutti i ricambi e i componenti necessari per le macchine che vendiamo, per garantire una facile manutenzione e un&#039;affidabilit\u00e0 a lungo termine. Il nostro supporto non termina con l&#039;acquisto, ma continua durante l&#039;intero processo. 5. Opzioni flessibili: nuovo, usato e noleggio: che tu sia un privato, un professionista autonomo, un agricoltore o un piccolo imprenditore, offriamo soluzioni su misura per le tue esigenze e il tuo budget, incluse opzioni di noleggio e attrezzature usate di alta qualit\u00e0. 6. Assistenza clienti multilingue: il nostro team parla inglese, francese e spagnolo, consentendo una comunicazione fluida e una consulenza personalizzata, ovunque tu sia. 7. Il tuo partner di fiducia: pi\u00f9 di una semplice azienda: Green Agritec \u00e8 sinonimo di passione, esperienza e integrit\u00e0. Ci impegniamo a fornire consulenza onesta, strumenti affidabili e a costruire relazioni durature.<\/p>\n\t\t\t\t\t<\/div>\n\t\t\t\t\t\t<\/div>\n\t\t\t\t<\/div>\n\t\t\t\t\t<\/div>\n\t\t<\/div>\n\t\t\t\t\t<\/div>\n\t\t<\/section>\n\t\t\t\t<section class=\"elementor-section elementor-top-section elementor-element elementor-element-3b22dcf wd-section-stretch_row_content elementor-section-content-middle elementor-reverse-tablet elementor-reverse-mobile elementor-section-boxed elementor-section-height-default elementor-section-height-default\" data-id=\"3b22dcf\" data-element_type=\"section\" data-e-type=\"section\">\n\t\t\t\t\t\t<div class=\"elementor-container elementor-column-gap-default\">\n\t\t\t\t\t<div class=\"elementor-column elementor-col-50 elementor-top-column elementor-element elementor-element-4f07b83\" data-id=\"4f07b83\" data-element_type=\"column\" data-e-type=\"column\">\n\t\t\t<div class=\"elementor-widget-wrap elementor-element-populated\">\n\t\t\t\t\t\t<div class=\"elementor-element elementor-element-e201292 wd_scroll_y_20 wd-parallax-on-scroll wd_scroll_smoothness_30 elementor-widget elementor-widget-wd_title\" data-id=\"e201292\" data-element_type=\"widget\" data-e-type=\"widget\" data-widget_type=\"wd_title.default\">\n\t\t\t\t<div class=\"elementor-widget-container\">\n\t\t\t\t\t\t\t<div class=\"title-wrapper set-mb-s reset-last-child wd-title-color-default wd-title-style-default wd-title-size-default text-left\">\n\n\t\t\t\n\t\t\t<div class=\"liner-continer\">\n\t\t\t\t<h4 class=\"woodmart-title-container title wd-fontsize-l\">NOSTRO <i><strong>visione<\/strong><\/i><\/h4> \n\t\t\t\t\t\t\t<\/div>\n\n\t\t\t\t\t<\/div>\n\t\t\t\t\t\t<\/div>\n\t\t\t\t<\/div>\n\t\t\t\t<div class=\"elementor-element elementor-element-778307b wd-parallax-on-scroll wd_scroll_y_20 wd_scroll_smoothness_30 elementor-widget elementor-widget-wd_text_block\" data-id=\"778307b\" data-element_type=\"widget\" data-e-type=\"widget\" data-widget_type=\"wd_text_block.default\">\n\t\t\t\t<div class=\"elementor-widget-container\">\n\t\t\t\t\t\t\t<div class=\"wd-text-block reset-last-child text-left\">\n\t\t\t\n\t\t\t<p data-start=\"1827\" data-end=\"2001\">La nostra visione presso Green Agritec \u00e8 quella di rendere macchinari moderni, affidabili e sostenibili accessibili a tutti: dai piccoli utenti privati agli agricoltori professionisti e ai contoterzisti.<br \/><br \/>Siamo convinti che l&#039;innovazione e la tecnologia debbano dare potere alle persone, semplificare il lavoro quotidiano e aumentare la produttivit\u00e0 in modo responsabile.<br \/><br \/>Il nostro obiettivo \u00e8 colmare il divario tra le attrezzature avanzate e le reali esigenze quotidiane, offrendo strumenti efficaci, sicuri e durevoli.<br \/><br \/>Il nostro obiettivo \u00e8 diventare un punto di riferimento globale affidabile per:<br \/><br \/>Soluzioni agricole intelligenti<br \/>Attrezzature di alta qualit\u00e0 per l&#039;agricoltura e la silvicoltura all&#039;aperto<br \/>Strumenti affidabili per la pulizia e la costruzione<br \/>Disponibili opzioni di noleggio e auto usate<br \/><br \/>Combinando tecnologia moderna, servizio onesto e valori solidi, ci impegniamo a sostenere le comunit\u00e0, proteggere l&#039;ambiente e aiutare ogni cliente a raggiungere risultati migliori con fiducia. La nostra visione \u00e8 semplice:<\/p><p data-start=\"1827\" data-end=\"2001\">\u2714\ufe0f Dare alle persone gli strumenti per avere successo<\/p><p data-start=\"1827\" data-end=\"2001\">\u2714\ufe0f Supportare la crescita sostenibile<\/p><p data-start=\"1827\" data-end=\"2001\">\u2714\ufe0f Costruire una fiducia duratura con ogni macchina consegnata<\/p>\n\t\t\t\t\t<\/div>\n\t\t\t\t\t\t<\/div>\n\t\t\t\t<\/div>\n\t\t\t\t\t<\/div>\n\t\t<\/div>\n\t\t\t\t<div class=\"elementor-column elementor-col-50 elementor-top-column elementor-element elementor-element-834b222\" data-id=\"834b222\" data-element_type=\"column\" data-e-type=\"column\" data-settings=\"{&quot;background_background&quot;:&quot;classic&quot;}\">\n\t\t\t<div class=\"elementor-widget-wrap elementor-element-populated\">\n\t\t\t\t\t\t<div class=\"elementor-element elementor-element-8da44af wd-parallax-on-scroll wd_scroll_x_0 wd_scroll_y_-30 wd_scroll_z_0 wd_scroll_smoothness_30 elementor-widget elementor-widget-wd_image_or_svg\" data-id=\"8da44af\" data-element_type=\"widget\" data-e-type=\"widget\" data-widget_type=\"wd_image_or_svg.default\">\n\t\t\t\t<div class=\"elementor-widget-container\">\n\t\t\t\t\t\n\t\t<div class=\"wd-image text-left\">\n\t\t\t\t\t\t\t\t<img decoding=\"async\" width=\"1024\" height=\"1024\" src=\"https:\/\/greenagritec.com\/wp-content\/uploads\/2025\/11\/image-7.png\" class=\"attachment-full size-full wp-image-18573\" alt=\"\" srcset=\"https:\/\/greenagritec.com\/wp-content\/uploads\/2025\/11\/image-7.png 1024w, https:\/\/greenagritec.com\/wp-content\/uploads\/2025\/11\/image-7-430x430.png 430w, https:\/\/greenagritec.com\/wp-content\/uploads\/2025\/11\/image-7-200x200.png 200w, https:\/\/greenagritec.com\/wp-content\/uploads\/2025\/11\/image-7-700x700.png 700w\" sizes=\"(max-width: 1024px) 100vw, 1024px\" \/>\t\t\t\t\t<\/div>\n\n\t\t\t\t\t\t<\/div>\n\t\t\t\t<\/div>\n\t\t\t\t\t<\/div>\n\t\t<\/div>\n\t\t\t\t\t<\/div>\n\t\t<\/section>\n\t\t<div class=\"elementor-element elementor-element-70f1b27 e-flex e-con-boxed wd-section-disabled e-con e-parent\" data-id=\"70f1b27\" data-element_type=\"container\" data-e-type=\"container\">\n\t\t\t\t\t<div class=\"e-con-inner\">\n\t\t\t\t<div class=\"elementor-element elementor-element-42132e0 wd_scroll_y_20 wd-parallax-on-scroll wd_scroll_smoothness_30 elementor-widget elementor-widget-wd_title\" data-id=\"42132e0\" data-element_type=\"widget\" data-e-type=\"widget\" data-widget_type=\"wd_title.default\">\n\t\t\t\t<div class=\"elementor-widget-container\">\n\t\t\t\t\t\t\t<div class=\"title-wrapper set-mb-s reset-last-child wd-title-color-default wd-title-style-default wd-title-size-default text-center\">\n\n\t\t\t\n\t\t\t<div class=\"liner-continer\">\n\t\t\t\t<h4 class=\"woodmart-title-container title wd-fontsize-l\">Cresciamo insieme<\/h4> \n\t\t\t\t\t\t\t<\/div>\n\n\t\t\t\t\t<\/div>\n\t\t\t\t\t\t<\/div>\n\t\t\t\t<\/div>\n\t\t\t\t<div class=\"elementor-element elementor-element-16e87ca wd-parallax-on-scroll wd_scroll_y_20 wd_scroll_smoothness_30 elementor-widget elementor-widget-wd_text_block\" data-id=\"16e87ca\" data-element_type=\"widget\" data-e-type=\"widget\" data-widget_type=\"wd_text_block.default\">\n\t\t\t\t<div class=\"elementor-widget-container\">\n\t\t\t\t\t\t\t<div class=\"wd-text-block reset-last-child text-center\">\n\t\t\t\n\t\t\t<p data-start=\"2037\" data-end=\"2219\">Green Agritec non si occupa solo di vendere macchine: si tratta di costruire relazioni durature con i nostri clienti, consentendo loro di crescere, mantenere le proprie attivit\u00e0 e innovare con fiducia.<\/p>\n\t\t\t\t\t<\/div>\n\t\t\t\t\t\t<\/div>\n\t\t\t\t<\/div>\n\t\t\t\t\t<\/div>\n\t\t\t\t<\/div>\n\t\t\t\t<\/div>","protected":false},"excerpt":{"rendered":"<p>A PROPOS DE GREEN AGRITEC Bienvenue chez Green Agritec \u2014 votre partenaire de confiance pour des \u00e9quipements agricoles et d&#8217;ext\u00e9rieur<\/p>","protected":false},"author":5,"featured_media":0,"parent":0,"menu_order":0,"comment_status":"closed","ping_status":"closed","template":"","meta":{"footnotes":""},"class_list":["post-4400","page","type-page","status-publish","hentry"],"_links":{"self":[{"href":"https:\/\/greenagritec.com\/it\/wp-json\/wp\/v2\/pages\/4400","targetHints":{"allow":["GET"]}}],"collection":[{"href":"https:\/\/greenagritec.com\/it\/wp-json\/wp\/v2\/pages"}],"about":[{"href":"https:\/\/greenagritec.com\/it\/wp-json\/wp\/v2\/types\/page"}],"author":[{"embeddable":true,"href":"https:\/\/greenagritec.com\/it\/wp-json\/wp\/v2\/users\/5"}],"replies":[{"embeddable":true,"href":"https:\/\/greenagritec.com\/it\/wp-json\/wp\/v2\/comments?post=4400"}],"version-history":[{"count":10,"href":"https:\/\/greenagritec.com\/it\/wp-json\/wp\/v2\/pages\/4400\/revisions"}],"predecessor-version":[{"id":38318,"href":"https:\/\/greenagritec.com\/it\/wp-json\/wp\/v2\/pages\/4400\/revisions\/38318"}],"wp:attachment":[{"href":"https:\/\/greenagritec.com\/it\/wp-json\/wp\/v2\/media?parent=4400"}],"curies":[{"name":"wp","href":"https:\/\/api.w.org\/{rel}","templated":true}]}}