{"id":16697,"date":"2025-06-23T18:36:58","date_gmt":"2025-06-23T18:36:58","guid":{"rendered":"https:\/\/greenagritec.com\/?page_id=16697"},"modified":"2026-02-21T06:27:12","modified_gmt":"2026-02-21T06:27:12","slug":"condizioni-di-consegna","status":"publish","type":"page","link":"https:\/\/greenagritec.com\/it\/condizioni-di-consegna\/","title":{"rendered":"Condizioni di consegna"},"content":{"rendered":"<div data-elementor-type=\"wp-page\" data-elementor-id=\"16697\" class=\"elementor elementor-16697\">\n\t\t\t\t<div class=\"elementor-element elementor-element-1246acd e-flex e-con-boxed wd-section-disabled e-con e-parent\" data-id=\"1246acd\" data-element_type=\"container\" data-e-type=\"container\">\n\t\t\t\t\t<div class=\"e-con-inner\">\n\t\t\t\t<div class=\"elementor-element elementor-element-5e7ffd2 color-scheme-inherit text-left elementor-widget elementor-widget-text-editor\" data-id=\"5e7ffd2\" data-element_type=\"widget\" data-e-type=\"widget\" data-widget_type=\"text-editor.default\">\n\t\t\t\t\t\t\t\t\t<h5>Consegna rapida e affidabile<\/h5><p>Noi di Green Agritec collaboriamo con una rete di partner logistici internazionali selezionati per la loro affidabilit\u00e0 e professionalit\u00e0.<\/p><h5>Questo ci permette di:<\/h5><p>\u2013 Offrire attrezzature agricole e industriali consegnate direttamente ai nostri clienti<\/p><p>\u2013 Per coprire regioni chiave come Africa, Europa e America Latina<\/p><p>\u2013 Ridurre i tempi di consegna e garantire il tracciamento personalizzato di ogni ordine<\/p><h5>Tempi di consegna stimati:<\/h5><p>\u2013 Europa: da 4 a 7 giorni lavorativi<\/p><p>\u2013 Africa e America Latina: da 7 a 14 giorni lavorativi (a seconda del prodotto e della destinazione)<\/p><p>Per ogni ordine viene fornito un link di tracciamento non appena viene spedito.<\/p><h5><strong>Garanzia e assistenza clienti:<\/strong><\/h5><p>\u2013 Tutti gli ordini vengono elaborati con cura da partner certificati.<\/p><p>\u2013 Il nostro efficiente servizio clienti \u00e8 a disposizione per rispondere a qualsiasi domanda prima o dopo la vendita.<\/p><p>\u2013 Contattaci direttamente via email o WhatsApp<\/p>\t\t\t\t\t\t\t\t<\/div>\n\t\t\t\t\t<\/div>\n\t\t\t\t<\/div>\n\t\t\t\t<\/div>","protected":false},"excerpt":{"rendered":"<p>Livraison rapide et fiable Chez Green Agritec, nous collaborons avec un r\u00e9seau de partenaires logistiques internationaux s\u00e9lectionn\u00e9s pour leur fiabilit\u00e9<\/p>","protected":false},"author":5,"featured_media":0,"parent":0,"menu_order":0,"comment_status":"closed","ping_status":"closed","template":"elementor_theme","meta":{"footnotes":""},"class_list":["post-16697","page","type-page","status-publish","hentry"],"_links":{"self":[{"href":"https:\/\/greenagritec.com\/it\/wp-json\/wp\/v2\/pages\/16697","targetHints":{"allow":["GET"]}}],"collection":[{"href":"https:\/\/greenagritec.com\/it\/wp-json\/wp\/v2\/pages"}],"about":[{"href":"https:\/\/greenagritec.com\/it\/wp-json\/wp\/v2\/types\/page"}],"author":[{"embeddable":true,"href":"https:\/\/greenagritec.com\/it\/wp-json\/wp\/v2\/users\/5"}],"replies":[{"embeddable":true,"href":"https:\/\/greenagritec.com\/it\/wp-json\/wp\/v2\/comments?post=16697"}],"version-history":[{"count":4,"href":"https:\/\/greenagritec.com\/it\/wp-json\/wp\/v2\/pages\/16697\/revisions"}],"predecessor-version":[{"id":38258,"href":"https:\/\/greenagritec.com\/it\/wp-json\/wp\/v2\/pages\/16697\/revisions\/38258"}],"wp:attachment":[{"href":"https:\/\/greenagritec.com\/it\/wp-json\/wp\/v2\/media?parent=16697"}],"curies":[{"name":"wp","href":"https:\/\/api.w.org\/{rel}","templated":true}]}}