{"id":39357,"date":"2026-05-02T12:23:35","date_gmt":"2026-05-02T12:23:35","guid":{"rendered":"https:\/\/greenagritec.com\/"},"modified":"2026-05-02T12:23:44","modified_gmt":"2026-05-02T12:23:44","slug":"chaise-longue-caiman-sp-berner","status":"publish","type":"product","link":"https:\/\/greenagritec.com\/es\/producto-2\/chaise-longue-caiman-sp-berner\/","title":{"rendered":"Chaise Longue Caim\u00e1n \u2013 SP-BERNER"},"content":{"rendered":"<p data-start=\"274\" data-end=\"444\">All\u00e1 <strong data-start=\"277\" data-end=\"352\">chaise longue Caim\u00e1n de la marque <span class=\"hover:entity-accent entity-underline inline cursor-pointer align-baseline\"><span class=\"whitespace-normal\">SP-BERNER<\/span><\/span><\/strong> est une solution pratique et r\u00e9sistante pour profiter pleinement de vos espaces ext\u00e9rieurs.<\/p>\n<p data-start=\"446\" data-end=\"612\">\u00c9quip\u00e9e <strong data-start=\"454\" data-end=\"483\">d\u2019accoudoirs ergonomiques<\/strong>, d\u2019un <strong data-start=\"490\" data-end=\"526\">dossier r\u00e9glable sur 4 positions<\/strong> et de <strong data-start=\"533\" data-end=\"552\">roues int\u00e9gr\u00e9es<\/strong>, elle offre confort et facilit\u00e9 d\u2019utilisation au quotidien.<\/p>\n<p data-start=\"614\" data-end=\"793\">Sa structure <strong data-start=\"627\" data-end=\"658\">sans composants m\u00e9talliques<\/strong> garantit une excellente r\u00e9sistance \u00e0 la rouille et aux conditions climatiques, id\u00e9ale pour une utilisation en ext\u00e9rieur toute l\u2019ann\u00e9e.<\/p>\n<p data-start=\"795\" data-end=\"900\">Fabriqu\u00e9e en Espagne \u00e0 partir de <strong data-start=\"828\" data-end=\"850\">mat\u00e9riaux recycl\u00e9s<\/strong>, elle allie robustesse, simplicit\u00e9 et durabilit\u00e9.<\/p>\n<hr data-start=\"902\" data-end=\"905\" \/>\n<h2 data-section-id=\"1tmyq3t\" data-start=\"907\" data-end=\"942\"><span role=\"text\"><strong data-start=\"910\" data-end=\"942\">Caracter\u00edsticas principales:<\/strong><\/span><\/h2>\n<p data-start=\"944\" data-end=\"1197\">Chaise longue pliable<br data-start=\"967\" data-end=\"970\" \/>Accoudoirs ergonomiques<br data-start=\"995\" data-end=\"998\" \/>Dossier r\u00e9glable (4 positions)<br data-start=\"1030\" data-end=\"1033\" \/>2 ruedas para f\u00e1cil transporte<br data-start=\"1064\" data-end=\"1067\" \/>Structure sans m\u00e9tal (Anti-rouille)<br data-start=\"1104\" data-end=\"1107\" \/>R\u00e9sistance aux intemp\u00e9ries<br data-start=\"1135\" data-end=\"1138\" \/>Fabrication europ\u00e9enne (Espagne)<br data-start=\"1172\" data-end=\"1175\" \/>Mat\u00e9riaux recycl\u00e9s<\/p>\n<hr data-start=\"1199\" data-end=\"1202\" \/>\n<h2 data-section-id=\"1s6bam7\" data-start=\"1204\" data-end=\"1231\"><span role=\"text\"><strong data-start=\"1207\" data-end=\"1231\">Couleurs disponibles:<\/strong><\/span><\/h2>\n<p data-start=\"1233\" data-end=\"1262\">Vert<br data-start=\"1239\" data-end=\"1242\" \/>Blanc<br data-start=\"1249\" data-end=\"1252\" \/>Marron<\/p>\n<hr data-start=\"1264\" data-end=\"1267\" \/>\n<h2 data-section-id=\"k0zlak\" data-start=\"1269\" data-end=\"1288\"><span role=\"text\"><strong data-start=\"1272\" data-end=\"1288\">Aplicaciones:<\/strong><\/span><\/h2>\n<p data-start=\"1290\" data-end=\"1398\">Jardin<br data-start=\"1298\" data-end=\"1301\" \/>Terrasse<br data-start=\"1311\" data-end=\"1314\" \/>Piscine<br data-start=\"1323\" data-end=\"1326\" \/>Balcon<br data-start=\"1334\" data-end=\"1337\" \/>H\u00f4tellerie \/ Airbnb<br data-start=\"1358\" data-end=\"1361\" \/>Espaces ext\u00e9rieurs professionnels<\/p>\n<hr data-start=\"1400\" data-end=\"1403\" \/>\n<h2 data-section-id=\"psqndl\" data-start=\"1405\" data-end=\"1421\"><span role=\"text\"><strong data-start=\"1408\" data-end=\"1421\">Beneficios:<\/strong><\/span><\/h2>\n<p data-start=\"1423\" data-end=\"1584\">Tr\u00e8s r\u00e9sistante aux conditions ext\u00e9rieures<br data-start=\"1467\" data-end=\"1470\" \/>Ne rouille pas (sans m\u00e9tal)<br data-start=\"1499\" data-end=\"1502\" \/>Facile \u00e0 d\u00e9placer<br data-start=\"1521\" data-end=\"1524\" \/>Simple \u00e0 ranger (pliable)<br data-start=\"1551\" data-end=\"1554\" \/>Id\u00e9ale pour usage intensif<\/p>\n<hr data-start=\"1586\" data-end=\"1589\" \/>\n<h2 data-section-id=\"10ztnhk\" data-start=\"1591\" data-end=\"1623\"><span role=\"text\"><strong data-start=\"1594\" data-end=\"1623\">Especificaciones t\u00e9cnicas:<\/strong><\/span><\/h2>\n<p><strong data-start=\"1627\" data-end=\"1639\">Mod\u00e8le :<\/strong> Caim\u00e1n<\/p>\n<p><strong data-start=\"1651\" data-end=\"1663\">Marca :<\/strong> <span class=\"hover:entity-accent entity-underline inline cursor-pointer align-baseline\"><span class=\"whitespace-normal\">SP-BERNER<\/span><\/span><\/p>\n<p><strong data-start=\"1706\" data-end=\"1719\">Largeur :<\/strong> 72 cm<\/p>\n<p><strong data-start=\"1730\" data-end=\"1746\">Profondeur :<\/strong> 195 cm<\/p>\n<p><strong data-start=\"1758\" data-end=\"1771\">Hauteur :<\/strong> 100 cm<\/p>\n<p><strong data-start=\"1783\" data-end=\"1806\">Positions dossier :<\/strong> 4<\/p>\n<p><strong data-start=\"1813\" data-end=\"1828\">Structure :<\/strong> Pliable<\/p>\n<p><strong data-start=\"1841\" data-end=\"1852\">Ruedas:<\/strong> Oui (2)<\/p>\n<p><strong data-start=\"1865\" data-end=\"1882\">Composition :<\/strong> R\u00e9sine (sans m\u00e9tal)<\/p>\n<p><strong data-start=\"1907\" data-end=\"1924\">Fabrication :<\/strong> Espa\u00f1a<\/p>\n<hr data-start=\"1936\" data-end=\"1939\" \/>\n<h2 data-section-id=\"5b1wlm\" data-start=\"1941\" data-end=\"1972\"><span role=\"text\"><strong data-start=\"1944\" data-end=\"1972\">Informaci\u00f3n importante:<\/strong><\/span><\/h2>\n<p data-start=\"1974\" data-end=\"2070\">Haute r\u00e9sistance aux intemp\u00e9ries<br data-start=\"2008\" data-end=\"2011\" \/>Utilisation ext\u00e9rieure recommand\u00e9e<br data-start=\"2047\" data-end=\"2050\" \/>Entretien facile<\/p>","protected":false},"excerpt":{"rendered":"<p>Tumbona plegable robusta con respaldo ajustable y ruedas, ideal para el jard\u00edn, la terraza o la piscina.<\/p>","protected":false},"featured_media":39358,"comment_status":"open","ping_status":"closed","template":"","meta":[],"product_brand":[],"product_cat":[902,901,740],"product_tag":[],"class_list":{"0":"post-39357","1":"product","2":"type-product","3":"status-publish","4":"has-post-thumbnail","6":"product_cat-accessoires-de-jardin-mobilier-dexterieur","7":"product_cat-elsabio","8":"product_cat-materiel-agricole-et-de-jardin","10":"first","11":"instock","12":"taxable","13":"shipping-taxable","14":"purchasable","15":"product-type-simple"},"_links":{"self":[{"href":"https:\/\/greenagritec.com\/es\/wp-json\/wp\/v2\/product\/39357","targetHints":{"allow":["GET"]}}],"collection":[{"href":"https:\/\/greenagritec.com\/es\/wp-json\/wp\/v2\/product"}],"about":[{"href":"https:\/\/greenagritec.com\/es\/wp-json\/wp\/v2\/types\/product"}],"replies":[{"embeddable":true,"href":"https:\/\/greenagritec.com\/es\/wp-json\/wp\/v2\/comments?post=39357"}],"version-history":[{"count":1,"href":"https:\/\/greenagritec.com\/es\/wp-json\/wp\/v2\/product\/39357\/revisions"}],"predecessor-version":[{"id":39359,"href":"https:\/\/greenagritec.com\/es\/wp-json\/wp\/v2\/product\/39357\/revisions\/39359"}],"wp:featuredmedia":[{"embeddable":true,"href":"https:\/\/greenagritec.com\/es\/wp-json\/wp\/v2\/media\/39358"}],"wp:attachment":[{"href":"https:\/\/greenagritec.com\/es\/wp-json\/wp\/v2\/media?parent=39357"}],"wp:term":[{"taxonomy":"product_brand","embeddable":true,"href":"https:\/\/greenagritec.com\/es\/wp-json\/wp\/v2\/product_brand?post=39357"},{"taxonomy":"product_cat","embeddable":true,"href":"https:\/\/greenagritec.com\/es\/wp-json\/wp\/v2\/product_cat?post=39357"},{"taxonomy":"product_tag","embeddable":true,"href":"https:\/\/greenagritec.com\/es\/wp-json\/wp\/v2\/product_tag?post=39357"}],"curies":[{"name":"wp","href":"https:\/\/api.w.org\/{rel}","templated":true}]}}