{"id":39354,"date":"2026-05-02T12:02:29","date_gmt":"2026-05-02T12:02:29","guid":{"rendered":"https:\/\/greenagritec.com\/"},"modified":"2026-05-02T12:02:29","modified_gmt":"2026-05-02T12:02:29","slug":"chaise-longue-dream-avec-coussin-sp-berner","status":"publish","type":"product","link":"https:\/\/greenagritec.com\/es\/producto-2\/chaise-longue-dream-avec-coussin-sp-berner\/","title":{"rendered":"Chaise longue Dream con coj\u00edn \u2013 SP-BERNER"},"content":{"rendered":"<p data-start=\"243\" data-end=\"451\">All\u00e1 <strong data-start=\"246\" data-end=\"333\">chaise longue Dream avec coussin de la marque <span class=\"hover:entity-accent entity-underline inline cursor-pointer align-baseline\"><span class=\"whitespace-normal\">SP-BERNER<\/span><\/span><\/strong> se distingue par son design moderne et son excellent confort, id\u00e9ale pour am\u00e9nager vos espaces ext\u00e9rieurs avec style.<\/p>\n<p data-start=\"453\" data-end=\"669\">Con\u00e7ue pour une utilisation pratique au quotidien, elle est <strong data-start=\"513\" data-end=\"524\">pliable<\/strong>, facile \u00e0 transporter gr\u00e2ce \u00e0 ses <strong data-start=\"559\" data-end=\"578\">roues int\u00e9gr\u00e9es<\/strong>, et offre un <strong data-start=\"592\" data-end=\"628\">dossier r\u00e9glable sur 4 positions<\/strong> pour s\u2019adapter \u00e0 vos moments de d\u00e9tente.<\/p>\n<p data-start=\"671\" data-end=\"863\">Sa fabrication <strong data-start=\"686\" data-end=\"717\">sans composants m\u00e9talliques<\/strong> garantit une excellente r\u00e9sistance \u00e0 la corrosion, ce qui en fait un choix durable pour une utilisation en ext\u00e9rieur (terrasse, jardin, piscine).<\/p>\n<hr data-start=\"865\" data-end=\"868\" \/>\n<h2 data-section-id=\"1tmyq3t\" data-start=\"870\" data-end=\"905\"><span role=\"text\"><strong data-start=\"873\" data-end=\"905\">Caracter\u00edsticas principales:<\/strong><\/span><\/h2>\n<p data-start=\"907\" data-end=\"1114\">Chaise longue pliable<br data-start=\"930\" data-end=\"933\" \/>Dossier r\u00e9glable (4 positions)<br data-start=\"965\" data-end=\"968\" \/>2 ruedas para f\u00e1cil transporte<br data-start=\"999\" data-end=\"1002\" \/>Coussin inclus<br data-start=\"1018\" data-end=\"1021\" \/>Structure sans m\u00e9tal (Anti-rouille)<br data-start=\"1058\" data-end=\"1061\" \/>Design moderne et \u00e9l\u00e9gant<br data-start=\"1088\" data-end=\"1091\" \/>Fabrication robuste<\/p>\n<hr data-start=\"1116\" data-end=\"1119\" \/>\n<h2 data-section-id=\"1w16nrz\" data-start=\"1121\" data-end=\"1146\"><span role=\"text\"><strong data-start=\"1124\" data-end=\"1146\">Couleur disponible:<\/strong><\/span><\/h2>\n<p data-start=\"1148\" data-end=\"1162\">Anthracite<\/p>\n<hr data-start=\"1164\" data-end=\"1167\" \/>\n<h2 data-section-id=\"k0zlak\" data-start=\"1169\" data-end=\"1188\"><span role=\"text\"><strong data-start=\"1172\" data-end=\"1188\">Aplicaciones:<\/strong><\/span><\/h2>\n<p data-start=\"1190\" data-end=\"1298\">Jardin<br data-start=\"1198\" data-end=\"1201\" \/>Terrasse<br data-start=\"1211\" data-end=\"1214\" \/>Piscine<br data-start=\"1223\" data-end=\"1226\" \/>Balcon<br data-start=\"1234\" data-end=\"1237\" \/>H\u00f4tellerie \/ Airbnb<br data-start=\"1258\" data-end=\"1261\" \/>Espaces ext\u00e9rieurs professionnels<\/p>\n<hr data-start=\"1300\" data-end=\"1303\" \/>\n<h2 data-section-id=\"psqndl\" data-start=\"1305\" data-end=\"1321\"><span role=\"text\"><strong data-start=\"1308\" data-end=\"1321\">Beneficios:<\/strong><\/span><\/h2>\n<p data-start=\"1323\" data-end=\"1492\">Confort \u00e9lev\u00e9 avec coussin<br data-start=\"1351\" data-end=\"1354\" \/>R\u00e9siste \u00e0 l\u2019humidit\u00e9 et \u00e0 la rouille<br data-start=\"1392\" data-end=\"1395\" \/>Facile \u00e0 d\u00e9placer et \u00e0 ranger<br data-start=\"1426\" data-end=\"1429\" \/>Id\u00e9al pour usage intensif ext\u00e9rieur<br data-start=\"1466\" data-end=\"1469\" \/>Design plus premium<\/p>\n<hr data-start=\"1494\" data-end=\"1497\" \/>\n<h2 data-section-id=\"10ztnhk\" data-start=\"1499\" data-end=\"1531\"><span role=\"text\"><strong data-start=\"1502\" data-end=\"1531\">Especificaciones t\u00e9cnicas:<\/strong><\/span><\/h2>\n<p><strong data-start=\"1535\" data-end=\"1547\">Mod\u00e8le :<\/strong> Dream avec coussin<\/p>\n<p><strong data-start=\"1571\" data-end=\"1583\">Marca :<\/strong> <span class=\"hover:entity-accent entity-underline inline cursor-pointer align-baseline\"><span class=\"whitespace-normal\">SP-BERNER<\/span><\/span><\/p>\n<p><strong data-start=\"1626\" data-end=\"1639\">Couleur :<\/strong> Anthracite<\/p>\n<p><strong data-start=\"1655\" data-end=\"1668\">Largeur :<\/strong> 58 cm<\/p>\n<p><strong data-start=\"1679\" data-end=\"1695\">Profondeur :<\/strong> 196 cm<\/p>\n<p><strong data-start=\"1707\" data-end=\"1720\">Hauteur :<\/strong> 42 cm<\/p>\n<p><strong data-start=\"1731\" data-end=\"1754\">Positions dossier :<\/strong> 4<\/p>\n<p><strong data-start=\"1761\" data-end=\"1776\">Structure :<\/strong> Pliable<\/p>\n<p><strong data-start=\"1789\" data-end=\"1800\">Ruedas:<\/strong> Oui (2)<\/p>\n<p><strong data-start=\"1813\" data-end=\"1830\">Composition :<\/strong> R\u00e9sine (sans m\u00e9tal)<\/p>\n<hr data-start=\"1854\" data-end=\"1857\" \/>\n<h2 data-section-id=\"5b1wlm\" data-start=\"1859\" data-end=\"1890\"><span role=\"text\"><strong data-start=\"1862\" data-end=\"1890\">Informaci\u00f3n importante:<\/strong><\/span><\/h2>\n<p data-start=\"1892\" data-end=\"1983\">Ne rouille pas (sans m\u00e9tal)<br data-start=\"1921\" data-end=\"1924\" \/>Id\u00e9al pour ext\u00e9rieur toute l\u2019ann\u00e9e<br data-start=\"1960\" data-end=\"1963\" \/>Entretien facile<\/p>","protected":false},"excerpt":{"rendered":"<p>Tumbona moderna con coj\u00edn, plegable y resistente a la corrosi\u00f3n, ideal para jard\u00edn, terraza o piscina.<\/p>","protected":false},"featured_media":39355,"comment_status":"open","ping_status":"closed","template":"","meta":[],"product_brand":[],"product_cat":[902,901,740],"product_tag":[],"class_list":{"0":"post-39354","1":"product","2":"type-product","3":"status-publish","4":"has-post-thumbnail","6":"product_cat-accessoires-de-jardin-mobilier-dexterieur","7":"product_cat-elsabio","8":"product_cat-materiel-agricole-et-de-jardin","10":"first","11":"outofstock","12":"taxable","13":"shipping-taxable","14":"purchasable","15":"product-type-simple"},"_links":{"self":[{"href":"https:\/\/greenagritec.com\/es\/wp-json\/wp\/v2\/product\/39354","targetHints":{"allow":["GET"]}}],"collection":[{"href":"https:\/\/greenagritec.com\/es\/wp-json\/wp\/v2\/product"}],"about":[{"href":"https:\/\/greenagritec.com\/es\/wp-json\/wp\/v2\/types\/product"}],"replies":[{"embeddable":true,"href":"https:\/\/greenagritec.com\/es\/wp-json\/wp\/v2\/comments?post=39354"}],"version-history":[{"count":1,"href":"https:\/\/greenagritec.com\/es\/wp-json\/wp\/v2\/product\/39354\/revisions"}],"predecessor-version":[{"id":39356,"href":"https:\/\/greenagritec.com\/es\/wp-json\/wp\/v2\/product\/39354\/revisions\/39356"}],"wp:featuredmedia":[{"embeddable":true,"href":"https:\/\/greenagritec.com\/es\/wp-json\/wp\/v2\/media\/39355"}],"wp:attachment":[{"href":"https:\/\/greenagritec.com\/es\/wp-json\/wp\/v2\/media?parent=39354"}],"wp:term":[{"taxonomy":"product_brand","embeddable":true,"href":"https:\/\/greenagritec.com\/es\/wp-json\/wp\/v2\/product_brand?post=39354"},{"taxonomy":"product_cat","embeddable":true,"href":"https:\/\/greenagritec.com\/es\/wp-json\/wp\/v2\/product_cat?post=39354"},{"taxonomy":"product_tag","embeddable":true,"href":"https:\/\/greenagritec.com\/es\/wp-json\/wp\/v2\/product_tag?post=39354"}],"curies":[{"name":"wp","href":"https:\/\/api.w.org\/{rel}","templated":true}]}}