{"id":39150,"date":"2026-04-23T09:32:36","date_gmt":"2026-04-23T09:32:36","guid":{"rendered":"https:\/\/greenagritec.com\/"},"modified":"2026-04-23T09:32:36","modified_gmt":"2026-04-23T09:32:36","slug":"hidrolimpiadora-de-gasolina-truper-lagas-33-de-3300-psi","status":"publish","type":"product","link":"https:\/\/greenagritec.com\/es\/producto-2\/hidrolimpiadora-de-gasolina-truper-lagas-33-de-3300-psi\/","title":{"rendered":"Hidrolimpiadora de gasolina TRUPER LAGAS-33 de 3300 PSI"},"content":{"rendered":"<p data-start=\"245\" data-end=\"398\">La limpiadora t\u00e9rmica de alta presi\u00f3n TRUPER LAGAS-33 es una soluci\u00f3n potente y compacta, ideal para trabajos de limpieza intensivos en exteriores.<\/p>\n<p data-start=\"400\" data-end=\"577\">Equipada con un motor OHV de 4 tiempos, ofrece una presi\u00f3n de 3300 PSI, eliminando eficazmente la suciedad de veh\u00edculos, equipos, patios y superficies exteriores.<\/p>\n<p data-start=\"579\" data-end=\"718\">Alimentado por gasolina, ofrece total autonom\u00eda, ideal para obras de construcci\u00f3n, agricultura y zonas sin acceso a la electricidad.<\/p>\n<hr data-start=\"720\" data-end=\"723\" \/>\n<h2 data-section-id=\"1tmyq3t\" data-start=\"725\" data-end=\"760\"><span role=\"text\"><strong data-start=\"728\" data-end=\"760\">Caracter\u00edsticas principales:<\/strong><\/span><\/h2>\n<p data-start=\"762\" data-end=\"1000\">Limpiador t\u00e9rmico de alta presi\u00f3n<br data-start=\"798\" data-end=\"801\" \/>Presi\u00f3n: 3300 PSI<br data-start=\"822\" data-end=\"825\" \/>Motor OHV de 4 tiempos de alto rendimiento<br data-start=\"856\" data-end=\"859\" \/>Funciona con gasolina (sin mezcla).<br data-start=\"900\" data-end=\"903\" \/>Compacto y m\u00e1s ligero (33 kg)<br data-start=\"934\" data-end=\"937\" \/>Ideal para uso en exteriores.<br data-start=\"965\" data-end=\"968\" \/>Alta movilidad y autonom\u00eda<\/p>\n<hr data-start=\"1002\" data-end=\"1005\" \/>\n<h2 data-section-id=\"k0zlak\" data-start=\"1007\" data-end=\"1026\"><span role=\"text\"><strong data-start=\"1010\" data-end=\"1026\">Aplicaciones:<\/strong><\/span><\/h2>\n<p>Limpieza de veh\u00edculos y maquinaria<\/p>\n<p>Mantenimiento exterior (terrazas, suelos)<\/p>\n<p>Agricultura y construcci\u00f3n<\/p>\n<p>Zonas sin electricidad<\/p>\n<hr data-start=\"1165\" data-end=\"1168\" \/>\n<h2 data-section-id=\"psqndl\" data-start=\"1170\" data-end=\"1186\"><span role=\"text\"><strong data-start=\"1173\" data-end=\"1186\">Beneficios:<\/strong><\/span><\/h2>\n<p data-start=\"1188\" data-end=\"1329\">Buen compromiso entre potencia y movilidad.<br data-start=\"1224\" data-end=\"1227\" \/>Autonom\u00eda total sin necesidad de enchufar<br data-start=\"1262\" data-end=\"1265\" \/>Sencillo y eficaz de usar.<br data-start=\"1297\" data-end=\"1300\" \/>M\u00e1quina robusta y fiable<\/p>\n<hr data-start=\"1331\" data-end=\"1334\" \/>\n<h2 data-section-id=\"10ztnhk\" data-start=\"1336\" data-end=\"1368\"><span role=\"text\"><strong data-start=\"1339\" data-end=\"1368\">Especificaciones t\u00e9cnicas:<\/strong><\/span><\/h2>\n<p><strong data-start=\"1372\" data-end=\"1382\">Modelo<\/strong> LAGAS-33<\/p>\n<p><strong data-start=\"1398\" data-end=\"1408\">Marca<\/strong> : TRUPER<\/p>\n<p><strong data-start=\"1422\" data-end=\"1443\">Presi\u00f3n m\u00e1xima<\/strong> 3300 PSI<\/p>\n<p><strong data-start=\"1459\" data-end=\"1477\">Tipo de motor<\/strong> : OHV de 4 tiempos<\/p>\n<p><strong data-start=\"1496\" data-end=\"1528\">Capacidad del tanque de combustible<\/strong> : 2,6 L<\/p>\n<p><strong data-start=\"1541\" data-end=\"1558\">Nivel de ruido<\/strong> &lt; 95 dB<\/p>\n<p><strong data-start=\"1573\" data-end=\"1606\">Longitud de la manguera de alta presi\u00f3n<\/strong> : 10 m<\/p>\n<p><strong data-start=\"1618\" data-end=\"1639\">Recubrimiento del pist\u00f3n<\/strong> Cer\u00e1mica<\/p>\n<p><strong data-start=\"1656\" data-end=\"1676\">Ciclo de trabajo<\/strong> 20 minutos de descanso \/ m\u00e1ximo 8 horas al d\u00eda<\/p>\n<p><strong data-start=\"1710\" data-end=\"1724\">Dimensiones<\/strong> : 34 x 97 x 52 cm<\/p>\n<p><strong data-start=\"1747\" data-end=\"1756\">Peso<\/strong> 33 kg<\/p>\n<hr data-start=\"1768\" data-end=\"1771\" \/>\n<h2 data-section-id=\"7pzauj\" data-start=\"1773\" data-end=\"1786\"><span role=\"text\"><strong data-start=\"1776\" data-end=\"1786\">Incluido:<\/strong><\/span><\/h2>\n<p data-start=\"1788\" data-end=\"1858\">Manguera de alta presi\u00f3n (10 m)<br data-start=\"1817\" data-end=\"1820\" \/>Equipo completo y listo para usar.<\/p>\n<hr data-start=\"1860\" data-end=\"1863\" \/>\n<h2 data-section-id=\"5b1wlm\" data-start=\"1865\" data-end=\"1896\"><span role=\"text\"><strong data-start=\"1868\" data-end=\"1896\">Informaci\u00f3n importante:<\/strong><\/span><\/h2>\n<p>Producto dise\u00f1ado para uso intensivo en exteriores.<\/p>\n<p>Funciona con gasolina (no requiere mezcla de aceite\/combustible).<\/p>\n<p>Fabricado seg\u00fan los est\u00e1ndares de calidad de TRUPER.<\/p>\n<p>Las caracter\u00edsticas est\u00e1n sujetas a cambios.<\/p>\n<hr data-start=\"2100\" data-end=\"2103\" \/>\n<h2 data-section-id=\"tue22u\" data-start=\"2105\" data-end=\"2120\"><span role=\"text\"><strong data-start=\"2108\" data-end=\"2120\">Garantizar:<\/strong><\/span><\/h2>\n<p data-start=\"2122\" data-end=\"2154\">Garant\u00eda del fabricante: 1 a\u00f1o<\/p>","protected":false},"excerpt":{"rendered":"<p>Limpiadora de alta presi\u00f3n TRUPER de 3300 PSI, a gasolina, compacta y potente, ideal para limpieza exterior, agricultura y obras de construcci\u00f3n. Funcionamiento aut\u00f3nomo con gasolina.<\/p>","protected":false},"featured_media":39151,"comment_status":"open","ping_status":"closed","template":"","meta":[],"product_brand":[],"product_cat":[868,765,691],"product_tag":[],"class_list":{"0":"post-39150","1":"product","2":"type-product","3":"status-publish","4":"has-post-thumbnail","6":"product_cat-truper","7":"product_cat-machines-de-nettoyage-et-dentretien","8":"product_cat-nettoyeur-haute-pression","10":"first","11":"instock","12":"taxable","13":"shipping-taxable","14":"product-type-simple"},"_links":{"self":[{"href":"https:\/\/greenagritec.com\/es\/wp-json\/wp\/v2\/product\/39150","targetHints":{"allow":["GET"]}}],"collection":[{"href":"https:\/\/greenagritec.com\/es\/wp-json\/wp\/v2\/product"}],"about":[{"href":"https:\/\/greenagritec.com\/es\/wp-json\/wp\/v2\/types\/product"}],"replies":[{"embeddable":true,"href":"https:\/\/greenagritec.com\/es\/wp-json\/wp\/v2\/comments?post=39150"}],"version-history":[{"count":2,"href":"https:\/\/greenagritec.com\/es\/wp-json\/wp\/v2\/product\/39150\/revisions"}],"predecessor-version":[{"id":39160,"href":"https:\/\/greenagritec.com\/es\/wp-json\/wp\/v2\/product\/39150\/revisions\/39160"}],"wp:featuredmedia":[{"embeddable":true,"href":"https:\/\/greenagritec.com\/es\/wp-json\/wp\/v2\/media\/39151"}],"wp:attachment":[{"href":"https:\/\/greenagritec.com\/es\/wp-json\/wp\/v2\/media?parent=39150"}],"wp:term":[{"taxonomy":"product_brand","embeddable":true,"href":"https:\/\/greenagritec.com\/es\/wp-json\/wp\/v2\/product_brand?post=39150"},{"taxonomy":"product_cat","embeddable":true,"href":"https:\/\/greenagritec.com\/es\/wp-json\/wp\/v2\/product_cat?post=39150"},{"taxonomy":"product_tag","embeddable":true,"href":"https:\/\/greenagritec.com\/es\/wp-json\/wp\/v2\/product_tag?post=39150"}],"curies":[{"name":"wp","href":"https:\/\/api.w.org\/{rel}","templated":true}]}}