{"id":39119,"date":"2026-04-10T12:53:20","date_gmt":"2026-04-10T12:53:20","guid":{"rendered":"https:\/\/greenagritec.com\/"},"modified":"2026-04-10T12:53:20","modified_gmt":"2026-04-10T12:53:20","slug":"robot-tondeuse-mowox-750-btu-sn-28v-jusqua-750-m%c2%b2-bluetooth","status":"publish","type":"product","link":"https:\/\/greenagritec.com\/es\/producto-2\/robot-tondeuse-mowox-750-btu-sn-28v-jusqua-750-m%c2%b2-bluetooth\/","title":{"rendered":"Robot tondeuse MOWOX 750 BTU-SN \u2013 28V \u2013 Jusqu\u2019\u00e0 750 m\u00b2 \u2013 Bluetooth"},"content":{"rendered":"<p data-start=\"289\" data-end=\"421\">Le robot tondeuse MOWOX 750 BTU-SN est la solution id\u00e9ale pour entretenir automatiquement votre pelouse jusqu\u2019\u00e0 750 m\u00b2, sans effort.<\/p>\n<p data-start=\"423\" data-end=\"606\">Silencieux, performant et connect\u00e9, il garantit une coupe r\u00e9guli\u00e8re et pr\u00e9cise tout en vous permettant de contr\u00f4ler facilement son fonctionnement via une application mobile Bluetooth.<\/p>\n<p data-start=\"608\" data-end=\"768\">Gr\u00e2ce \u00e0 ses capteurs de s\u00e9curit\u00e9 avanc\u00e9s et sa fonction multizone, il s\u2019adapte parfaitement aux jardins complexes et assure un r\u00e9sultat impeccable au quotidien.<\/p>\n<p data-start=\"770\" data-end=\"854\"><strong data-start=\"773\" data-end=\"854\">Un gazon parfait sans effort, pendant que vous profitez de votre temps libre.<\/strong><\/p>\n<hr data-start=\"856\" data-end=\"859\" \/>\n<h2 data-section-id=\"1f1gutp\" data-start=\"861\" data-end=\"897\"><strong>Caracter\u00edsticas principales:<\/strong><\/h2>\n<p data-start=\"899\" data-end=\"953\">Robot tondeuse autonome pour surfaces jusqu\u2019\u00e0 750 m\u00b2<\/p>\n<p data-start=\"955\" data-end=\"1003\">Batterie lithium Samsung 28V haute performance<\/p>\n<p data-start=\"1005\" data-end=\"1053\">Connectivit\u00e9 Bluetooth avec application mobile<\/p>\n<p data-start=\"1055\" data-end=\"1102\">Fonction multizone (jusqu\u2019\u00e0 3 zones de tonte)<\/p>\n<p data-start=\"1104\" data-end=\"1141\">Syst\u00e8me de coupe silencieux (66 dB)<\/p>\n<p data-start=\"1143\" data-end=\"1197\">3 lames rotatives pour une coupe efficace et durable<\/p>\n<p data-start=\"1199\" data-end=\"1226\">Largeur de coupe : 180 mm<\/p>\n<p data-start=\"1228\" data-end=\"1268\">Hauteur de coupe r\u00e9glable : 20 \u00e0 60 mm<\/p>\n<p data-start=\"1270\" data-end=\"1304\">Protection antivol avec code PIN<\/p>\n<hr data-start=\"1306\" data-end=\"1309\" \/>\n<h2 data-section-id=\"157o2ln\" data-start=\"1311\" data-end=\"1327\">S\u00e9curit\u00e9:<\/h2>\n<p data-start=\"1329\" data-end=\"1378\">Arr\u00eat automatique des lames lors du soul\u00e8vement<\/p>\n<p data-start=\"1380\" data-end=\"1418\">Arr\u00eat du moteur en cas d\u2019inclinaison<\/p>\n<p data-start=\"1420\" data-end=\"1483\">Capteur de collision avec changement de direction automatique<\/p>\n<hr data-start=\"1485\" data-end=\"1488\" \/>\n<h2 data-section-id=\"iw42to\" data-start=\"1490\" data-end=\"1523\">Especificaciones t\u00e9cnicas:<\/h2>\n<p data-start=\"1525\" data-end=\"1618\">Nom du produit : Robot tondeuse 750 BTU-SN<br data-start=\"1567\" data-end=\"1570\" \/>Marca : <span class=\"hover:entity-accent entity-underline inline cursor-pointer align-baseline\"><span class=\"whitespace-normal\">MOWOX<\/span><\/span><\/p>\n<p data-start=\"1620\" data-end=\"1754\">Surface maximale : jusqu\u2019\u00e0 750 m\u00b2<br data-start=\"1653\" data-end=\"1656\" \/>Alimentation : Batterie lithium Samsung 28V<br data-start=\"1699\" data-end=\"1702\" \/>Autonomie : jusqu\u2019\u00e0 4,5 heures (selon utilisation)<\/p>\n<p data-start=\"1756\" data-end=\"1842\">Niveau sonore : 66 dB(A)<br data-start=\"1780\" data-end=\"1783\" \/>Largeur de coupe : 180 mm<br data-start=\"1808\" data-end=\"1811\" \/>Hauteur de coupe : 20 \u2013 60 mm<\/p>\n<p data-start=\"1844\" data-end=\"1882\">Syst\u00e8me de coupe : 3 lames rotatives<\/p>\n<p data-start=\"1884\" data-end=\"1930\">Connectivit\u00e9 : Bluetooth (application MOWOX)<\/p>\n<p data-start=\"1932\" data-end=\"1970\">Fonction multizone : jusqu\u2019\u00e0 3 zones<\/p>\n<p data-start=\"1972\" data-end=\"1993\">EAN : 6932495607232<\/p>\n<hr data-start=\"1995\" data-end=\"1998\" \/>\n<h2 data-section-id=\"1fqk3ky\" data-start=\"2000\" data-end=\"2019\">Usar:<\/h2>\n<p data-start=\"2021\" data-end=\"2043\">Jardins r\u00e9sidentiels<\/p>\n<p data-start=\"2045\" data-end=\"2067\">Espaces verts priv\u00e9s<\/p>\n<p data-start=\"2069\" data-end=\"2094\">Terrains jusqu\u2019\u00e0 750 m\u00b2<\/p>\n<hr data-start=\"2096\" data-end=\"2099\" \/>\n<h2 data-section-id=\"1bzeebh\" data-start=\"2101\" data-end=\"2118\">Avantages:<\/h2>\n<p data-start=\"2120\" data-end=\"2152\">Entretien automatique du gazon<\/p>\n<p data-start=\"2154\" data-end=\"2180\">Gain de temps et confort<\/p>\n<p data-start=\"2182\" data-end=\"2205\">Silencieux et discret<\/p>\n<p data-start=\"2207\" data-end=\"2237\">Adapt\u00e9 aux jardins complexes<\/p>\n<p data-start=\"2239\" data-end=\"2271\">Contr\u00f4le simple via smartphone<\/p>\n<hr data-start=\"2273\" data-end=\"2276\" \/>\n<h2 data-section-id=\"1ms6sa6\" data-start=\"2278\" data-end=\"2310\">Informaci\u00f3n importante:<\/h2>\n<p data-start=\"2312\" data-end=\"2371\">Fonctionne avec c\u00e2ble p\u00e9riph\u00e9rique (installation requise)<\/p>\n<p data-start=\"2373\" data-end=\"2414\">Produit id\u00e9al pour un usage r\u00e9sidentiel<\/p>","protected":false},"excerpt":{"rendered":"<p>Robot tondeuse MOWOX 28V pour surfaces jusqu\u2019\u00e0 750 m\u00b2 avec contr\u00f4le Bluetooth.<br data-start=\"2721\" data-end=\"2724\" \/>Silencieux, autonome et intelligent pour un gazon parfait sans effort.<\/p>","protected":false},"featured_media":39120,"comment_status":"open","ping_status":"closed","template":"","meta":[],"product_brand":[],"product_cat":[740,882,835,881],"product_tag":[],"class_list":{"0":"post-39119","1":"product","2":"type-product","3":"status-publish","4":"has-post-thumbnail","6":"product_cat-materiel-agricole-et-de-jardin","7":"product_cat-mowox","8":"product_cat-tondeuses","9":"product_cat-tondeuses--robots-tondeuses","11":"first","12":"instock","13":"taxable","14":"shipping-taxable","15":"product-type-simple"},"_links":{"self":[{"href":"https:\/\/greenagritec.com\/es\/wp-json\/wp\/v2\/product\/39119","targetHints":{"allow":["GET"]}}],"collection":[{"href":"https:\/\/greenagritec.com\/es\/wp-json\/wp\/v2\/product"}],"about":[{"href":"https:\/\/greenagritec.com\/es\/wp-json\/wp\/v2\/types\/product"}],"replies":[{"embeddable":true,"href":"https:\/\/greenagritec.com\/es\/wp-json\/wp\/v2\/comments?post=39119"}],"version-history":[{"count":1,"href":"https:\/\/greenagritec.com\/es\/wp-json\/wp\/v2\/product\/39119\/revisions"}],"predecessor-version":[{"id":39124,"href":"https:\/\/greenagritec.com\/es\/wp-json\/wp\/v2\/product\/39119\/revisions\/39124"}],"wp:featuredmedia":[{"embeddable":true,"href":"https:\/\/greenagritec.com\/es\/wp-json\/wp\/v2\/media\/39120"}],"wp:attachment":[{"href":"https:\/\/greenagritec.com\/es\/wp-json\/wp\/v2\/media?parent=39119"}],"wp:term":[{"taxonomy":"product_brand","embeddable":true,"href":"https:\/\/greenagritec.com\/es\/wp-json\/wp\/v2\/product_brand?post=39119"},{"taxonomy":"product_cat","embeddable":true,"href":"https:\/\/greenagritec.com\/es\/wp-json\/wp\/v2\/product_cat?post=39119"},{"taxonomy":"product_tag","embeddable":true,"href":"https:\/\/greenagritec.com\/es\/wp-json\/wp\/v2\/product_tag?post=39119"}],"curies":[{"name":"wp","href":"https:\/\/api.w.org\/{rel}","templated":true}]}}