{"id":39099,"date":"2026-04-10T10:59:53","date_gmt":"2026-04-10T10:59:53","guid":{"rendered":"https:\/\/greenagritec.com\/"},"modified":"2026-04-10T10:59:54","modified_gmt":"2026-04-10T10:59:54","slug":"vibreur-a-olives-professionnel-infaco-electrique-recolte-rapide-et-efficace","status":"publish","type":"product","link":"https:\/\/greenagritec.com\/es\/producto-2\/vibreur-a-olives-professionnel-infaco-electrique-recolte-rapide-et-efficace\/","title":{"rendered":"Vibreur \u00e0 olives professionnel INFACO \u2013 \u00c9lectrique \u2013 R\u00e9colte rapide et efficace"},"content":{"rendered":"<p data-start=\"433\" data-end=\"571\">Le vibreur \u00e0 olives professionnel INFACO est con\u00e7u pour optimiser la r\u00e9colte en ol\u00e9iculture gr\u00e2ce \u00e0 une technologie performante et fiable.<\/p>\n<p data-start=\"573\" data-end=\"766\">Disponible en plusieurs versions (V5000, Electroliv 12V et 48V), il permet une r\u00e9colte rapide, efficace et respectueuse de l\u2019arbre, tout en r\u00e9duisant consid\u00e9rablement l\u2019effort de l\u2019utilisateur.<\/p>\n<p data-start=\"768\" data-end=\"941\">Gr\u00e2ce \u00e0 sa conception robuste, ses faibles vibrations et son excellente p\u00e9n\u00e9tration dans le feuillage, il garantit un rendement optimal pour un usage professionnel intensif.<\/p>\n<p data-start=\"943\" data-end=\"1053\">Con\u00e7u pour durer, chaque outil int\u00e8gre une r\u00e9parabilit\u00e9 avanc\u00e9e et b\u00e9n\u00e9ficie d\u2019un service apr\u00e8s-vente premium.<\/p>\n<p data-start=\"1055\" data-end=\"1161\"><strong data-start=\"1058\" data-end=\"1161\">Contactez-nous pour choisir le mod\u00e8le adapt\u00e9 \u00e0 votre exploitation et obtenir un devis personnalis\u00e9.<\/strong><\/p>\n<hr data-start=\"1163\" data-end=\"1166\" \/>\n<h2 data-section-id=\"1f1gutp\" data-start=\"1168\" data-end=\"1204\">Caracter\u00edsticas principales:<\/h2>\n<p data-start=\"1206\" data-end=\"1249\">Vibreur \u00e0 olives \u00e9lectrique professionnel<\/p>\n<p data-start=\"1251\" data-end=\"1296\">Plusieurs mod\u00e8les disponibles selon besoins<\/p>\n<p data-start=\"1298\" data-end=\"1333\">R\u00e9colte rapide et rendement \u00e9lev\u00e9<\/p>\n<p data-start=\"1335\" data-end=\"1376\">Faibles vibrations pour plus de confort<\/p>\n<p data-start=\"1378\" data-end=\"1415\">Excellente p\u00e9n\u00e9tration dans l\u2019arbre<\/p>\n<p data-start=\"1417\" data-end=\"1447\">Structure robuste et durable<\/p>\n<p data-start=\"1449\" data-end=\"1490\">Technologie adapt\u00e9e \u00e0 un usage intensif<\/p>\n<hr data-start=\"1492\" data-end=\"1495\" \/>\n<h2 data-section-id=\"3g3otn\" data-start=\"1497\" data-end=\"1524\">Mod\u00e8les disponibles:<\/h2>\n<h3 data-section-id=\"13h34kw\" data-start=\"1526\" data-end=\"1540\">\u00a0V5000<\/h3>\n<p data-start=\"1542\" data-end=\"1802\">Mouvement : Balancier \/ crois\u00e9<br data-start=\"1572\" data-end=\"1575\" \/>Puissance : 900 W<br data-start=\"1592\" data-end=\"1595\" \/>Moteur : Brushless \/ Frameless<br data-start=\"1625\" data-end=\"1628\" \/>Longueur perche : 2,18 m \u00e0 3,20 m<br data-start=\"1661\" data-end=\"1664\" \/>Poids : 2,20 kg \u00e0 2,70 kg<br data-start=\"1689\" data-end=\"1692\" \/>Vitesse : jusqu\u2019\u00e0 1020 tr\/min<br data-start=\"1721\" data-end=\"1724\" \/>Rendement : Excellent<br data-start=\"1745\" data-end=\"1748\" \/>Vibrations : Tr\u00e8s faibles<br data-start=\"1773\" data-end=\"1776\" \/>P\u00e9n\u00e9tration : Excellente<\/p>\n<hr data-start=\"1804\" data-end=\"1807\" \/>\n<h3 data-section-id=\"98i9ib\" data-start=\"1809\" data-end=\"1832\">Electroliv 12V<\/h3>\n<p data-start=\"1834\" data-end=\"2046\">Mouvement : Elliptique<br data-start=\"1856\" data-end=\"1859\" \/>Puissance : 200 W<br data-start=\"1876\" data-end=\"1879\" \/>Moteur : D.C<br data-start=\"1891\" data-end=\"1894\" \/>Longueur perche : 2,20 m \u00e0 3,30 m<br data-start=\"1927\" data-end=\"1930\" \/>Poids : 3 kg \u00e0 3,50 kg<br data-start=\"1952\" data-end=\"1955\" \/>Vitesse : 1200 tr\/min<br data-start=\"1976\" data-end=\"1979\" \/>Rendement : Tr\u00e8s bon<br data-start=\"1999\" data-end=\"2002\" \/>Vibrations : Faibles<br data-start=\"2022\" data-end=\"2025\" \/>P\u00e9n\u00e9tration : Bonne<\/p>\n<hr data-start=\"2048\" data-end=\"2051\" \/>\n<h3 data-section-id=\"96n7fw\" data-start=\"2053\" data-end=\"2076\">Electroliv 48V<\/h3>\n<p data-start=\"2078\" data-end=\"2290\">Mouvement : Elliptique<br data-start=\"2100\" data-end=\"2103\" \/>Puissance : 350 W<br data-start=\"2120\" data-end=\"2123\" \/>Moteur : D.C<br data-start=\"2135\" data-end=\"2138\" \/>Longueur perche : 2,20 m \u00e0 3,30 m<br data-start=\"2171\" data-end=\"2174\" \/>Poids : 3 kg \u00e0 3,50 kg<br data-start=\"2196\" data-end=\"2199\" \/>Vitesse : 1200 tr\/min<br data-start=\"2220\" data-end=\"2223\" \/>Rendement : Tr\u00e8s bon<br data-start=\"2243\" data-end=\"2246\" \/>Vibrations : Faibles<br data-start=\"2266\" data-end=\"2269\" \/>P\u00e9n\u00e9tration : Bonne<\/p>\n<hr data-start=\"2292\" data-end=\"2295\" \/>\n<h2 data-section-id=\"1fqk3ky\" data-start=\"2297\" data-end=\"2316\">Usar:<\/h2>\n<p data-start=\"2318\" data-end=\"2423\">Ol\u00e9iculture<br data-start=\"2329\" data-end=\"2332\" \/>R\u00e9colte d\u2019olives professionnelle<br data-start=\"2364\" data-end=\"2367\" \/>Exploitations agricoles<br data-start=\"2390\" data-end=\"2393\" \/>Travaux intensifs en vergers<\/p>\n<hr data-start=\"2425\" data-end=\"2428\" \/>\n<h2 data-section-id=\"1bzeebh\" data-start=\"2430\" data-end=\"2447\">Avantages:<\/h2>\n<p data-start=\"2449\" data-end=\"2493\">Gain de temps important lors de la r\u00e9colte<\/p>\n<p data-start=\"2495\" data-end=\"2520\">R\u00e9duction de la fatigue<\/p>\n<p data-start=\"2522\" data-end=\"2558\">Respect de l\u2019arbre et des branches<\/p>\n<p data-start=\"2560\" data-end=\"2588\">Outils fiables et durables<\/p>","protected":false},"excerpt":{"rendered":"<p>Vibreur \u00e0 olives professionnel INFACO pour r\u00e9colte rapide et efficace avec faible vibration.<br data-start=\"3088\" data-end=\"3091\" \/>Disponible en plusieurs mod\u00e8les \u2013 contactez-nous pour un devis personnalis\u00e9.<\/p>","protected":false},"featured_media":39100,"comment_status":"open","ping_status":"closed","template":"","meta":[],"product_brand":[],"product_cat":[875,740],"product_tag":[878],"class_list":{"0":"post-39099","1":"product","2":"type-product","3":"status-publish","4":"has-post-thumbnail","6":"product_cat-infaco","7":"product_cat-materiel-agricole-et-de-jardin","8":"product_tag-recolte--vibreurs-a-olives","10":"first","11":"instock","12":"taxable","13":"shipping-taxable","14":"product-type-simple"},"_links":{"self":[{"href":"https:\/\/greenagritec.com\/es\/wp-json\/wp\/v2\/product\/39099","targetHints":{"allow":["GET"]}}],"collection":[{"href":"https:\/\/greenagritec.com\/es\/wp-json\/wp\/v2\/product"}],"about":[{"href":"https:\/\/greenagritec.com\/es\/wp-json\/wp\/v2\/types\/product"}],"replies":[{"embeddable":true,"href":"https:\/\/greenagritec.com\/es\/wp-json\/wp\/v2\/comments?post=39099"}],"version-history":[{"count":2,"href":"https:\/\/greenagritec.com\/es\/wp-json\/wp\/v2\/product\/39099\/revisions"}],"predecessor-version":[{"id":39110,"href":"https:\/\/greenagritec.com\/es\/wp-json\/wp\/v2\/product\/39099\/revisions\/39110"}],"wp:featuredmedia":[{"embeddable":true,"href":"https:\/\/greenagritec.com\/es\/wp-json\/wp\/v2\/media\/39100"}],"wp:attachment":[{"href":"https:\/\/greenagritec.com\/es\/wp-json\/wp\/v2\/media?parent=39099"}],"wp:term":[{"taxonomy":"product_brand","embeddable":true,"href":"https:\/\/greenagritec.com\/es\/wp-json\/wp\/v2\/product_brand?post=39099"},{"taxonomy":"product_cat","embeddable":true,"href":"https:\/\/greenagritec.com\/es\/wp-json\/wp\/v2\/product_cat?post=39099"},{"taxonomy":"product_tag","embeddable":true,"href":"https:\/\/greenagritec.com\/es\/wp-json\/wp\/v2\/product_tag?post=39099"}],"curies":[{"name":"wp","href":"https:\/\/api.w.org\/{rel}","templated":true}]}}