{"id":39087,"date":"2026-04-10T10:29:06","date_gmt":"2026-04-10T10:29:06","guid":{"rendered":"https:\/\/greenagritec.com\/"},"modified":"2026-04-10T10:29:06","modified_gmt":"2026-04-10T10:29:06","slug":"attacheuse-electrique-professionnelle-at1000-108v-attache-rapide-o-28-mm","status":"publish","type":"product","link":"https:\/\/greenagritec.com\/es\/producto-2\/attacheuse-electrique-professionnelle-at1000-108v-attache-rapide-o-28-mm\/","title":{"rendered":"Attacheuse \u00e9lectrique professionnelle AT1000 \u2013 10,8V \u2013 Attache rapide \u00d8 28 mm"},"content":{"rendered":"<p data-start=\"269\" data-end=\"442\">L\u2019attacheuse \u00e9lectrique professionnelle INFACO AT1000 est sp\u00e9cialement con\u00e7ue pour faciliter et acc\u00e9l\u00e9rer les travaux d\u2019attache en viticulture, arboriculture et agriculture.<\/p>\n<p data-start=\"444\" data-end=\"639\">Gr\u00e2ce \u00e0 son syst\u00e8me automatis\u00e9 performant, elle permet de r\u00e9aliser des attaches solides, r\u00e9guli\u00e8res et rapides en moins de 0,5 seconde, am\u00e9liorant consid\u00e9rablement la productivit\u00e9 sur le terrain.<\/p>\n<p data-start=\"641\" data-end=\"751\">Compacte, l\u00e9g\u00e8re et ergonomique, elle offre un excellent confort d\u2019utilisation m\u00eame lors de travaux intensifs.<\/p>\n<p data-start=\"753\" data-end=\"838\">Fiable et robuste, elle s\u2019int\u00e8gre parfaitement dans un usage professionnel quotidien.<\/p>\n<hr data-start=\"927\" data-end=\"930\" \/>\n<h2 data-section-id=\"1f1gutp\" data-start=\"932\" data-end=\"968\">Caracter\u00edsticas principales:<\/h2>\n<p data-start=\"970\" data-end=\"1028\">Attacheuse \u00e9lectrique professionnelle compacte et l\u00e9g\u00e8re<\/p>\n<p data-start=\"1030\" data-end=\"1076\">Cycle d\u2019attache ultra rapide (&lt; 0,5 seconde)<\/p>\n<p data-start=\"1078\" data-end=\"1122\">Attaches propres, r\u00e9guli\u00e8res et s\u00e9curis\u00e9es<\/p>\n<p data-start=\"1124\" data-end=\"1171\">Gain de temps important sur travaux intensifs<\/p>\n<p data-start=\"1173\" data-end=\"1219\">Excellente ergonomie pour un confort optimal<\/p>\n<p data-start=\"1221\" data-end=\"1261\">Outil fiable adapt\u00e9 aux professionnels<\/p>\n<hr data-start=\"1263\" data-end=\"1266\" \/>\n<h2 data-section-id=\"iw42to\" data-start=\"1268\" data-end=\"1301\">Especificaciones t\u00e9cnicas:<\/h2>\n<p data-start=\"1303\" data-end=\"1446\">Nom du produit : Attacheuse \u00e9lectrique AT1000<br data-start=\"1348\" data-end=\"1351\" \/>Marca : <span class=\"hover:entity-accent entity-underline inline cursor-pointer align-baseline\"><span class=\"whitespace-normal\">INFACO<\/span><\/span><br data-start=\"1397\" data-end=\"1400\" \/>Type : Attacheuse \u00e9lectrique professionnelle<\/p>\n<p data-start=\"1448\" data-end=\"1500\">Puissance maximale : 176 W<br data-start=\"1474\" data-end=\"1477\" \/>Alimentation : 10,8 V<\/p>\n<p data-start=\"1502\" data-end=\"1575\">Diam\u00e8tre d\u2019attache maximum : \u00d8 28 mm<br data-start=\"1538\" data-end=\"1541\" \/>Vitesse de cycle : &lt; 0,5 seconde<\/p>\n<p data-start=\"1577\" data-end=\"1610\">Poids (hors batterie) : \u2248 615 g<\/p>\n<p data-start=\"1612\" data-end=\"1652\">Dimensions :<br data-start=\"1624\" data-end=\"1627\" \/>300 mm x 115 mm x 65 mm<\/p>\n<hr data-start=\"1654\" data-end=\"1657\" \/>\n<h2 data-section-id=\"1fqk3ky\" data-start=\"1659\" data-end=\"1678\">Usar:<\/h2>\n<p data-start=\"1680\" data-end=\"1755\">Viticultura<br data-start=\"1691\" data-end=\"1694\" \/>Arboricultura<br data-start=\"1707\" data-end=\"1710\" \/>Agricultura<br data-start=\"1721\" data-end=\"1724\" \/>Serres et cultures intensives<\/p>\n<hr data-start=\"1757\" data-end=\"1760\" \/>\n<h2 data-section-id=\"1bzeebh\" data-start=\"1762\" data-end=\"1779\">Avantages:<\/h2>\n<p data-start=\"1781\" data-end=\"1817\">Am\u00e9liore fortement la productivit\u00e9<\/p>\n<p data-start=\"1819\" data-end=\"1863\">R\u00e9duit la fatigue et les gestes r\u00e9p\u00e9titifs<\/p>\n<p data-start=\"1865\" data-end=\"1907\">Permet des attaches uniformes et fiables<\/p>\n<p data-start=\"1909\" data-end=\"1954\">Id\u00e9ale pour un usage professionnel intensif<\/p>","protected":false},"excerpt":{"rendered":"<p style=\"text-align: left;\"><strong data-start=\"86\" data-end=\"202\">Attacheuse \u00e9lectrique professionnelle INFACO 10,8V pour travaux rapides et pr\u00e9cis en viticulture et agriculture.<\/strong><br data-start=\"202\" data-end=\"205\" \/><strong data-start=\"205\" data-end=\"294\" data-is-last-node=\"\">R\u00e9alise des attaches solides en moins de 0,5 seconde \u2013 id\u00e9ale pour un usage intensif.<\/strong><\/p>","protected":false},"featured_media":39088,"comment_status":"open","ping_status":"closed","template":"","meta":[],"product_brand":[],"product_cat":[877,875,740],"product_tag":[],"class_list":{"0":"post-39087","1":"product","2":"type-product","3":"status-publish","4":"has-post-thumbnail","6":"product_cat-attacheuses-agricoles","7":"product_cat-infaco","8":"product_cat-materiel-agricole-et-de-jardin","10":"first","11":"instock","12":"taxable","13":"shipping-taxable","14":"product-type-simple"},"_links":{"self":[{"href":"https:\/\/greenagritec.com\/es\/wp-json\/wp\/v2\/product\/39087","targetHints":{"allow":["GET"]}}],"collection":[{"href":"https:\/\/greenagritec.com\/es\/wp-json\/wp\/v2\/product"}],"about":[{"href":"https:\/\/greenagritec.com\/es\/wp-json\/wp\/v2\/types\/product"}],"replies":[{"embeddable":true,"href":"https:\/\/greenagritec.com\/es\/wp-json\/wp\/v2\/comments?post=39087"}],"version-history":[{"count":2,"href":"https:\/\/greenagritec.com\/es\/wp-json\/wp\/v2\/product\/39087\/revisions"}],"predecessor-version":[{"id":39098,"href":"https:\/\/greenagritec.com\/es\/wp-json\/wp\/v2\/product\/39087\/revisions\/39098"}],"wp:featuredmedia":[{"embeddable":true,"href":"https:\/\/greenagritec.com\/es\/wp-json\/wp\/v2\/media\/39088"}],"wp:attachment":[{"href":"https:\/\/greenagritec.com\/es\/wp-json\/wp\/v2\/media?parent=39087"}],"wp:term":[{"taxonomy":"product_brand","embeddable":true,"href":"https:\/\/greenagritec.com\/es\/wp-json\/wp\/v2\/product_brand?post=39087"},{"taxonomy":"product_cat","embeddable":true,"href":"https:\/\/greenagritec.com\/es\/wp-json\/wp\/v2\/product_cat?post=39087"},{"taxonomy":"product_tag","embeddable":true,"href":"https:\/\/greenagritec.com\/es\/wp-json\/wp\/v2\/product_tag?post=39087"}],"curies":[{"name":"wp","href":"https:\/\/api.w.org\/{rel}","templated":true}]}}