{"id":38560,"date":"2026-03-02T14:59:12","date_gmt":"2026-03-02T14:59:12","guid":{"rendered":"https:\/\/greenagritec.com\/?post_type=product&#038;p=38560"},"modified":"2026-03-19T18:15:04","modified_gmt":"2026-03-19T18:15:04","slug":"fregadora-de-suelos-profesional-a-bateria-minispeed-365r","status":"publish","type":"product","link":"https:\/\/greenagritec.com\/es\/producto-2\/fregadora-de-suelos-profesional-a-bateria-minispeed-365r\/","title":{"rendered":"Fregadora de suelos profesional a bater\u00eda Minispeed 365R"},"content":{"rendered":"<p data-start=\"215\" data-end=\"359\">La 365R Minispeed es una fregadora-secadora profesional a bater\u00eda dise\u00f1ada para la limpieza eficiente de superficies comerciales e industriales.<\/p>\n<p data-start=\"361\" data-end=\"578\">Compacta y manejable, ofrece una capacidad de trabajo de hasta 1000 m\u00b2\/h. Gracias a su ancho de lavado de 355 mm y su rasqueta de 480 mm, garantiza una limpieza precisa y eficiente en espacios reducidos.<\/p>\n<p data-start=\"580\" data-end=\"752\">Funciona con 24 V y dos bater\u00edas de 12 V, lo que garantiza una autonom\u00eda de hasta 90 minutos, ideal para tiendas, oficinas, talleres y peque\u00f1as zonas industriales.<\/p>\n<hr data-start=\"754\" data-end=\"757\" \/>\n<h2 data-start=\"759\" data-end=\"792\">Caracter\u00edsticas principales<\/h2>\n<ul data-start=\"794\" data-end=\"1145\">\n<li data-start=\"794\" data-end=\"832\">\n<p data-start=\"796\" data-end=\"832\">Fregadora de suelos a bater\u00eda de empuje<\/p>\n<\/li>\n<li data-start=\"833\" data-end=\"869\">\n<p data-start=\"835\" data-end=\"869\">Capacidad de trabajo: 1.000 m\u00b2\/h<\/p>\n<\/li>\n<li data-start=\"870\" data-end=\"900\">\n<p data-start=\"872\" data-end=\"900\">Ancho de lavado: 355 mm<\/p>\n<\/li>\n<li data-start=\"901\" data-end=\"928\">\n<p data-start=\"903\" data-end=\"928\">Ancho de la ventosa: 480 mm<\/p>\n<\/li>\n<li data-start=\"929\" data-end=\"956\">\n<p data-start=\"931\" data-end=\"956\">Presi\u00f3n del cepillo: 28 kg<\/p>\n<\/li>\n<li data-start=\"957\" data-end=\"988\">\n<p data-start=\"959\" data-end=\"988\">Motor de escobillas: 200 W \u2013 24 V<\/p>\n<\/li>\n<li data-start=\"989\" data-end=\"1024\">\n<p data-start=\"991\" data-end=\"1024\">Motor de aspiraci\u00f3n: 350 W \u2013 24 V<\/p>\n<\/li>\n<li data-start=\"1025\" data-end=\"1054\">\n<p data-start=\"1027\" data-end=\"1054\">Depresi\u00f3n: 1200 mm H\u2082O<\/p>\n<\/li>\n<li data-start=\"1055\" data-end=\"1084\">\n<p data-start=\"1057\" data-end=\"1084\">Dep\u00f3sito de soluci\u00f3n: 17 L<\/p>\n<\/li>\n<li data-start=\"1085\" data-end=\"1118\">\n<p data-start=\"1087\" data-end=\"1118\">Dep\u00f3sito de recuperaci\u00f3n: 18 L<\/p>\n<\/li>\n<li data-start=\"1119\" data-end=\"1145\">\n<p data-start=\"1121\" data-end=\"1145\">Duraci\u00f3n de la bater\u00eda: 90 minutos<\/p>\n<\/li>\n<\/ul>\n<hr data-start=\"1147\" data-end=\"1150\" \/>\n<h2 data-start=\"1152\" data-end=\"1182\">Especificaciones t\u00e9cnicas<\/h2>\n<p data-start=\"1184\" data-end=\"1646\"><strong data-start=\"1184\" data-end=\"1204\">Nombre del producto:<\/strong> 365R Minispeed<br data-start=\"1219\" data-end=\"1222\" \/><strong data-start=\"1222\" data-end=\"1234\">Marca :<\/strong> M\u00e1quinas de limpieza OMM<br data-start=\"1256\" data-end=\"1259\" \/><strong data-start=\"1259\" data-end=\"1269\">Amable :<\/strong> Fregadora de suelos profesional de conductor acompa\u00f1ante<br data-start=\"1309\" data-end=\"1312\" \/><strong data-start=\"1312\" data-end=\"1330\">Alimento :<\/strong> Bater\u00eda de 24 V (2 \u00d7 12 V \u2013 36 Ah)<br data-start=\"1361\" data-end=\"1364\" \/><strong data-start=\"1364\" data-end=\"1389\">Capacidad de trabajo:<\/strong> 1000 m\u00b2\/h<br data-start=\"1400\" data-end=\"1403\" \/><strong data-start=\"1403\" data-end=\"1429\">Ancho de limpieza:<\/strong> 355 mm<br data-start=\"1436\" data-end=\"1439\" \/><strong data-start=\"1439\" data-end=\"1459\">Ancho de la ventosa:<\/strong> 480 mm<br data-start=\"1466\" data-end=\"1469\" \/><strong data-start=\"1469\" data-end=\"1493\">Dep\u00f3sito de soluci\u00f3n:<\/strong> 17 L<br data-start=\"1498\" data-end=\"1501\" data-is-only-node=\"\" \/><strong data-start=\"1501\" data-end=\"1529\">Tanque de recuperaci\u00f3n:<\/strong> 18 L<br data-start=\"1534\" data-end=\"1537\" \/><strong data-start=\"1537\" data-end=\"1565\">Dimensiones (L \u00d7 An \u00d7 Al):<\/strong> 800 \u00d7 480 \u00d7 740 mm<br data-start=\"1584\" data-end=\"1587\" \/><strong data-start=\"1587\" data-end=\"1613\">Peso con bater\u00edas:<\/strong> 67 kg<br data-start=\"1619\" data-end=\"1622\" \/><strong data-start=\"1622\" data-end=\"1637\">Autonom\u00eda:<\/strong> 90 minutos<\/p>","protected":false},"excerpt":{"rendered":"<p>Entrega bajo petici\u00f3n<br \/>\nSe requiere contacto<\/p>","protected":false},"featured_media":38561,"comment_status":"open","ping_status":"closed","template":"","meta":[],"product_brand":[],"product_cat":[854,855,765],"product_tag":[],"class_list":{"0":"post-38560","1":"product","2":"type-product","3":"status-publish","4":"has-post-thumbnail","6":"product_cat-omm","7":"product_cat-autolaveuse-professionnelle","8":"product_cat-machines-de-nettoyage-et-dentretien","10":"first","11":"instock","12":"taxable","13":"shipping-taxable","14":"purchasable","15":"product-type-simple"},"_links":{"self":[{"href":"https:\/\/greenagritec.com\/es\/wp-json\/wp\/v2\/product\/38560","targetHints":{"allow":["GET"]}}],"collection":[{"href":"https:\/\/greenagritec.com\/es\/wp-json\/wp\/v2\/product"}],"about":[{"href":"https:\/\/greenagritec.com\/es\/wp-json\/wp\/v2\/types\/product"}],"replies":[{"embeddable":true,"href":"https:\/\/greenagritec.com\/es\/wp-json\/wp\/v2\/comments?post=38560"}],"version-history":[{"count":4,"href":"https:\/\/greenagritec.com\/es\/wp-json\/wp\/v2\/product\/38560\/revisions"}],"predecessor-version":[{"id":39005,"href":"https:\/\/greenagritec.com\/es\/wp-json\/wp\/v2\/product\/38560\/revisions\/39005"}],"wp:featuredmedia":[{"embeddable":true,"href":"https:\/\/greenagritec.com\/es\/wp-json\/wp\/v2\/media\/38561"}],"wp:attachment":[{"href":"https:\/\/greenagritec.com\/es\/wp-json\/wp\/v2\/media?parent=38560"}],"wp:term":[{"taxonomy":"product_brand","embeddable":true,"href":"https:\/\/greenagritec.com\/es\/wp-json\/wp\/v2\/product_brand?post=38560"},{"taxonomy":"product_cat","embeddable":true,"href":"https:\/\/greenagritec.com\/es\/wp-json\/wp\/v2\/product_cat?post=38560"},{"taxonomy":"product_tag","embeddable":true,"href":"https:\/\/greenagritec.com\/es\/wp-json\/wp\/v2\/product_tag?post=38560"}],"curies":[{"name":"wp","href":"https:\/\/api.w.org\/{rel}","templated":true}]}}