{"id":38546,"date":"2026-03-02T13:46:06","date_gmt":"2026-03-02T13:46:06","guid":{"rendered":"https:\/\/greenagritec.com\/?post_type=product&#038;p=38546"},"modified":"2026-03-19T18:07:02","modified_gmt":"2026-03-19T18:07:02","slug":"barredora-profesional-de-gasolina-honda-gx120-omm-700-st","status":"publish","type":"product","link":"https:\/\/greenagritec.com\/es\/producto-2\/barredora-profesional-de-gasolina-honda-gx120-omm-700-st\/","title":{"rendered":"Barredora de gasolina profesional Honda GX120 \u2013 OMM 700 ST"},"content":{"rendered":"<p data-start=\"340\" data-end=\"540\">La Honda 700 ST es una barredora profesional de gasolina dise\u00f1ada para la limpieza intensiva de entornos exteriores como aparcamientos, caminos de acceso, granjas y zonas industriales.<\/p>\n<p data-start=\"542\" data-end=\"737\">Equipada con un motor Honda GX120 de 3,5 CV, ofrece una capacidad de trabajo de hasta 3700 m\u00b2\/h. Su ancho de barrido de 820 mm (con cepillo lateral) permite una limpieza r\u00e1pida y eficiente.<\/p>\n<p data-start=\"739\" data-end=\"902\">Robusto y f\u00e1cil de manejar, cuenta con un sistema de limpieza manual del filtro y tracci\u00f3n mec\u00e1nica que garantizan un uso c\u00f3modo y duradero.<\/p>\n<hr data-start=\"904\" data-end=\"907\" \/>\n<h2 data-start=\"909\" data-end=\"942\">Caracter\u00edsticas principales<\/h2>\n<ul data-start=\"944\" data-end=\"1261\">\n<li data-start=\"944\" data-end=\"989\">\n<p data-start=\"946\" data-end=\"989\">motor de combusti\u00f3n interna <strong data-start=\"963\" data-end=\"987\">Honda GX120 \u2013 3,5 CV<\/strong><\/p>\n<\/li>\n<li data-start=\"990\" data-end=\"1030\">\n<p data-start=\"992\" data-end=\"1030\">Capacidad de trabajo: <strong data-start=\"1014\" data-end=\"1028\">3.700 m\u00b2\/h<\/strong><\/p>\n<\/li>\n<li data-start=\"1031\" data-end=\"1075\">\n<p data-start=\"1033\" data-end=\"1075\">Ancho de trabajo central: <strong data-start=\"1063\" data-end=\"1073\">700 mm<\/strong><\/p>\n<\/li>\n<li data-start=\"1076\" data-end=\"1121\">\n<p data-start=\"1078\" data-end=\"1121\">Ancho con cepillo lateral: <strong data-start=\"1109\" data-end=\"1119\">820 mm<\/strong><\/p>\n<\/li>\n<li data-start=\"1122\" data-end=\"1144\">\n<p data-start=\"1124\" data-end=\"1144\">Tracci\u00f3n mec\u00e1nica<\/p>\n<\/li>\n<li data-start=\"1145\" data-end=\"1175\">\n<p data-start=\"1147\" data-end=\"1175\">Limpieza manual del filtro<\/p>\n<\/li>\n<li data-start=\"1176\" data-end=\"1215\">\n<p data-start=\"1178\" data-end=\"1215\">contenedor de recogida de gran capacidad<\/p>\n<\/li>\n<li data-start=\"1216\" data-end=\"1261\">\n<p data-start=\"1218\" data-end=\"1261\">Ideal para uso profesional en exteriores.<\/p>\n<\/li>\n<\/ul>\n<hr data-start=\"1263\" data-end=\"1266\" \/>\n<h2 data-start=\"1268\" data-end=\"1298\">Especificaciones t\u00e9cnicas<\/h2>\n<p data-start=\"1300\" data-end=\"1337\"><strong data-start=\"1300\" data-end=\"1320\">Nombre del producto:<\/strong> Barredora 700 ST<\/p>\n<p data-start=\"1339\" data-end=\"1357\"><strong data-start=\"1339\" data-end=\"1351\">Marca :<\/strong> OMM<\/p>\n<p data-start=\"1359\" data-end=\"1400\"><strong data-start=\"1359\" data-end=\"1377\">Motor:<\/strong> Honda GX120 \u2013 3,5 CV<\/p>\n<p data-start=\"1402\" data-end=\"1446\"><strong data-start=\"1402\" data-end=\"1412\">Amable :<\/strong> Barredora t\u00e9rmica con su correspondiente<\/p>\n<p data-start=\"1448\" data-end=\"1486\"><strong data-start=\"1448\" data-end=\"1473\">Capacidad de trabajo:<\/strong> 3.700 m\u00b2\/h<\/p>\n<p data-start=\"1488\" data-end=\"1526\"><strong data-start=\"1488\" data-end=\"1517\">Ancho del pincel central:<\/strong> 700 mm<\/p>\n<p data-start=\"1528\" data-end=\"1571\"><strong data-start=\"1528\" data-end=\"1562\">Ancho con cepillo lateral:<\/strong> 820 mm<\/p>\n<p data-start=\"1573\" data-end=\"1601\"><strong data-start=\"1573\" data-end=\"1594\">Capacidad del contenedor:<\/strong> 60 litros<\/p>\n<p data-start=\"1603\" data-end=\"1633\"><strong data-start=\"1603\" data-end=\"1626\">Superficie del filtro:<\/strong> 3 m\u00b2<\/p>\n<p data-start=\"1635\" data-end=\"1666\"><strong data-start=\"1635\" data-end=\"1657\">Limpieza del filtro:<\/strong> Manual<\/p>\n<p data-start=\"1668\" data-end=\"1718\"><strong data-start=\"1668\" data-end=\"1696\">Dimensiones (L \u00d7 An \u00d7 Al):<\/strong> 1280 \u00d7 820 \u00d7 950 mm<\/p>\n<p data-start=\"1720\" data-end=\"1740\"><strong data-start=\"1720\" data-end=\"1731\">Peso :<\/strong> 110 kg<\/p>\n<p data-start=\"1742\" data-end=\"1788\"><strong data-start=\"1742\" data-end=\"1757\">Autonom\u00eda:<\/strong> Ilimitado (motor de combusti\u00f3n interna)<\/p>","protected":false},"excerpt":{"rendered":"<p>Barredora de gasolina profesional Honda GX120 \u2013 OMM 700 ST<\/p>\n<p>Motor Honda GX120: fiabilidad comprobada<br \/>\nIdeal para limpieza industrial, obras de construcci\u00f3n y grandes superficies.<br \/>\nConstrucci\u00f3n robusta para uso intensivo<br \/>\nAncho de trabajo eficiente para una productividad \u00f3ptima.<\/p>\n<p>Producto profesional \u2013 recomendado para uso intensivo<\/p>\n<p>Entrega bajo petici\u00f3n (art\u00edculo voluminoso)<br \/>\nEs necesario contactar con nosotros antes de realizar el pedido.<\/p>","protected":false},"featured_media":38547,"comment_status":"open","ping_status":"closed","template":"","meta":[],"product_brand":[],"product_cat":[765,850],"product_tag":[],"class_list":{"0":"post-38546","1":"product","2":"type-product","3":"status-publish","4":"has-post-thumbnail","6":"product_cat-machines-de-nettoyage-et-dentretien","7":"product_cat-balayeuses-professionnelles","9":"first","10":"instock","11":"taxable","12":"shipping-taxable","13":"purchasable","14":"product-type-simple"},"_links":{"self":[{"href":"https:\/\/greenagritec.com\/es\/wp-json\/wp\/v2\/product\/38546","targetHints":{"allow":["GET"]}}],"collection":[{"href":"https:\/\/greenagritec.com\/es\/wp-json\/wp\/v2\/product"}],"about":[{"href":"https:\/\/greenagritec.com\/es\/wp-json\/wp\/v2\/types\/product"}],"replies":[{"embeddable":true,"href":"https:\/\/greenagritec.com\/es\/wp-json\/wp\/v2\/comments?post=38546"}],"version-history":[{"count":3,"href":"https:\/\/greenagritec.com\/es\/wp-json\/wp\/v2\/product\/38546\/revisions"}],"predecessor-version":[{"id":39003,"href":"https:\/\/greenagritec.com\/es\/wp-json\/wp\/v2\/product\/38546\/revisions\/39003"}],"wp:featuredmedia":[{"embeddable":true,"href":"https:\/\/greenagritec.com\/es\/wp-json\/wp\/v2\/media\/38547"}],"wp:attachment":[{"href":"https:\/\/greenagritec.com\/es\/wp-json\/wp\/v2\/media?parent=38546"}],"wp:term":[{"taxonomy":"product_brand","embeddable":true,"href":"https:\/\/greenagritec.com\/es\/wp-json\/wp\/v2\/product_brand?post=38546"},{"taxonomy":"product_cat","embeddable":true,"href":"https:\/\/greenagritec.com\/es\/wp-json\/wp\/v2\/product_cat?post=38546"},{"taxonomy":"product_tag","embeddable":true,"href":"https:\/\/greenagritec.com\/es\/wp-json\/wp\/v2\/product_tag?post=38546"}],"curies":[{"name":"wp","href":"https:\/\/api.w.org\/{rel}","templated":true}]}}