{"id":38461,"date":"2026-02-28T19:32:17","date_gmt":"2026-02-28T19:32:17","guid":{"rendered":"https:\/\/greenagritec.com\/?post_type=product&#038;p=38461"},"modified":"2026-02-28T19:46:45","modified_gmt":"2026-02-28T19:46:45","slug":"motoculteur-thermique-196-cc-husqvarna-tf-230","status":"publish","type":"product","link":"https:\/\/greenagritec.com\/es\/producto-2\/motoculteur-thermique-196-cc-husqvarna-tf-230\/","title":{"rendered":"Motocultor de gasolina Husqvarna TF 230 196cc"},"content":{"rendered":"<p data-start=\"295\" data-end=\"415\">Le Husqvarna TF 230 est un motoculteur thermique polyvalent con\u00e7u pour le travail du sol dans les jardins et potagers.<\/p>\n<p data-start=\"417\" data-end=\"653\">\u00c9quip\u00e9 d\u2019un moteur Husqvarna 196 cc d\u00e9veloppant 3,45 kW, il offre une largeur de travail de 75 cm et une profondeur maximale de 30 cm. Sa transmission \u00e0 cha\u00eene avec 2 vitesses avant et 1 marche arri\u00e8re assure une excellente maniabilit\u00e9.<\/p>\n<p data-start=\"655\" data-end=\"716\">Id\u00e9al pour pr\u00e9paration du sol, potager et entretien r\u00e9gulier.<\/p>\n<hr data-start=\"718\" data-end=\"721\" \/>\n<h2 data-start=\"723\" data-end=\"740\">Caracter\u00edsticas principales<\/h2>\n<ul data-start=\"742\" data-end=\"980\">\n<li data-start=\"742\" data-end=\"779\">\n<p data-start=\"744\" data-end=\"779\">Moteur Husqvarna 196 cc \u2013 3,45 kW<\/p>\n<\/li>\n<li data-start=\"780\" data-end=\"810\">\n<p data-start=\"782\" data-end=\"810\">Largeur de travail : 75 cm<\/p>\n<\/li>\n<li data-start=\"811\" data-end=\"837\">\n<p data-start=\"813\" data-end=\"837\">Profondeur max : 30 cm<\/p>\n<\/li>\n<li data-start=\"838\" data-end=\"862\">\n<p data-start=\"840\" data-end=\"862\">6 fraises \u2013 \u00d8 320 mm<\/p>\n<\/li>\n<li data-start=\"863\" data-end=\"902\">\n<p data-start=\"865\" data-end=\"902\">2 vitesses avant + 1 marche arri\u00e8re<\/p>\n<\/li>\n<li data-start=\"903\" data-end=\"947\">\n<p data-start=\"905\" data-end=\"947\">Guidon pliable et r\u00e9glable verticalement<\/p>\n<\/li>\n<li data-start=\"948\" data-end=\"980\">\n<p data-start=\"950\" data-end=\"980\">Transmission cha\u00eene\/manuelle<\/p>\n<\/li>\n<\/ul>\n<hr data-start=\"982\" data-end=\"985\" \/>\n<h2 data-start=\"987\" data-end=\"1022\">Especificaciones t\u00e9cnicas<\/h2>\n<ul data-start=\"1024\" data-end=\"1220\">\n<li data-start=\"1024\" data-end=\"1062\">\n<p data-start=\"1026\" data-end=\"1062\">Puissance : 3,45 kW \u00e0 3 100 tr\/min<\/p>\n<\/li>\n<li data-start=\"1063\" data-end=\"1084\">\n<p data-start=\"1065\" data-end=\"1084\">R\u00e9servoir : 3,6 L<\/p>\n<\/li>\n<li data-start=\"1085\" data-end=\"1122\">\n<p data-start=\"1087\" data-end=\"1122\">Type : Front-tine (fraises avant)<\/p>\n<\/li>\n<li data-start=\"1123\" data-end=\"1165\">\n<p data-start=\"1125\" data-end=\"1165\">Vitesse rotation fraises : 53 \u2013 97 rpm<\/p>\n<\/li>\n<li data-start=\"1166\" data-end=\"1183\">\n<p data-start=\"1168\" data-end=\"1183\">Poids : 70 kg<\/p>\n<\/li>\n<li data-start=\"1184\" data-end=\"1220\">\n<p data-start=\"1186\" data-end=\"1220\">\u00c9missions CO\u2082 (EU V) : 610 g\/kWh<\/p>\n<\/li>\n<\/ul>","protected":false},"excerpt":{"rendered":"<p>Cultivador Husqvarna TF 230 de 196 cc con 75 cm de ancho y 30 cm de profundidad. Ideal para la preparaci\u00f3n del suelo y el cultivo de hortalizas.<\/p>","protected":false},"featured_media":38462,"comment_status":"open","ping_status":"closed","template":"","meta":[],"product_brand":[],"product_cat":[740,849,842],"product_tag":[],"class_list":{"0":"post-38461","1":"product","2":"type-product","3":"status-publish","4":"has-post-thumbnail","6":"product_cat-materiel-agricole-et-de-jardin","7":"product_cat-fraiseuses-et-outils-de-travail-du-sol-2","8":"product_cat-husqvarna","10":"first","11":"instock","12":"taxable","13":"shipping-taxable","14":"purchasable","15":"product-type-simple"},"_links":{"self":[{"href":"https:\/\/greenagritec.com\/es\/wp-json\/wp\/v2\/product\/38461","targetHints":{"allow":["GET"]}}],"collection":[{"href":"https:\/\/greenagritec.com\/es\/wp-json\/wp\/v2\/product"}],"about":[{"href":"https:\/\/greenagritec.com\/es\/wp-json\/wp\/v2\/types\/product"}],"replies":[{"embeddable":true,"href":"https:\/\/greenagritec.com\/es\/wp-json\/wp\/v2\/comments?post=38461"}],"version-history":[{"count":2,"href":"https:\/\/greenagritec.com\/es\/wp-json\/wp\/v2\/product\/38461\/revisions"}],"predecessor-version":[{"id":38464,"href":"https:\/\/greenagritec.com\/es\/wp-json\/wp\/v2\/product\/38461\/revisions\/38464"}],"wp:featuredmedia":[{"embeddable":true,"href":"https:\/\/greenagritec.com\/es\/wp-json\/wp\/v2\/media\/38462"}],"wp:attachment":[{"href":"https:\/\/greenagritec.com\/es\/wp-json\/wp\/v2\/media?parent=38461"}],"wp:term":[{"taxonomy":"product_brand","embeddable":true,"href":"https:\/\/greenagritec.com\/es\/wp-json\/wp\/v2\/product_brand?post=38461"},{"taxonomy":"product_cat","embeddable":true,"href":"https:\/\/greenagritec.com\/es\/wp-json\/wp\/v2\/product_cat?post=38461"},{"taxonomy":"product_tag","embeddable":true,"href":"https:\/\/greenagritec.com\/es\/wp-json\/wp\/v2\/product_tag?post=38461"}],"curies":[{"name":"wp","href":"https:\/\/api.w.org\/{rel}","templated":true}]}}