{"id":37126,"date":"2026-02-01T16:59:22","date_gmt":"2026-02-01T16:59:22","guid":{"rendered":"https:\/\/greenagritec.com\/?post_type=product&#038;p=37126"},"modified":"2026-02-27T21:03:36","modified_gmt":"2026-02-27T21:03:36","slug":"tracteur-de-pelouse-husqvarna-ts-112-tondeuse-autoportee-a-essence-avec-plateau-de-coupe-de-95-cm","status":"publish","type":"product","link":"https:\/\/greenagritec.com\/es\/producto-2\/tracteur-de-pelouse-husqvarna-ts-112-tondeuse-autoportee-a-essence-avec-plateau-de-coupe-de-95-cm\/","title":{"rendered":"Husqvarna TS 112 Tractor cortac\u00e9sped - Cortac\u00e9sped a gasolina con plataforma de corte de 95 cm"},"content":{"rendered":"<p data-start=\"147\" data-end=\"305\">El tractor cortac\u00e9sped Husqvarna TS 112 es un cortac\u00e9sped compacto y eficiente, ideal para el mantenimiento de jardines medianos a grandes.<\/p>\n<p data-start=\"307\" data-end=\"532\">Equipada con una plataforma de corte de 95 cm, garantiza un corte r\u00e1pido y uniforme. Su fiable motor de gasolina garantiza una potencia constante, mientras que su intuitiva transmisi\u00f3n permite una conducci\u00f3n c\u00f3moda y controlada.<\/p>\n<p data-start=\"534\" data-end=\"672\">Dise\u00f1ado para ofrecer robustez y facilidad de uso, proporciona una soluci\u00f3n eficaz para el mantenimiento regular de espacios verdes.<\/p>\n<hr data-start=\"674\" data-end=\"677\" \/>\n<h2 data-start=\"679\" data-end=\"712\">Caracter\u00edsticas principales<\/h2>\n<ul data-start=\"714\" data-end=\"934\">\n<li data-start=\"714\" data-end=\"742\">\n<p data-start=\"716\" data-end=\"742\">Plataforma de corte: 95 cm<\/p>\n<\/li>\n<li data-start=\"743\" data-end=\"772\">\n<p data-start=\"745\" data-end=\"772\">Motor de gasolina de alto rendimiento<\/p>\n<\/li>\n<li data-start=\"773\" data-end=\"794\">\n<p data-start=\"775\" data-end=\"794\">Eyecci\u00f3n lateral<\/p>\n<\/li>\n<li data-start=\"795\" data-end=\"834\">\n<p data-start=\"797\" data-end=\"834\">Conducci\u00f3n c\u00f3moda y ergon\u00f3mica<\/p>\n<\/li>\n<li data-start=\"835\" data-end=\"859\">\n<p data-start=\"837\" data-end=\"859\">Arranque el\u00e9ctrico<\/p>\n<\/li>\n<li data-start=\"860\" data-end=\"899\">\n<p data-start=\"862\" data-end=\"899\">Adecuado para jardines medianos y grandes.<\/p>\n<\/li>\n<li data-start=\"900\" data-end=\"934\">\n<p data-start=\"902\" data-end=\"934\">Construcci\u00f3n robusta de Husqvarna<\/p>\n<\/li>\n<\/ul>\n<hr data-start=\"936\" data-end=\"939\" \/>\n<h2 data-start=\"941\" data-end=\"971\">Especificaciones t\u00e9cnicas<\/h2>\n<p data-start=\"973\" data-end=\"1012\"><strong data-start=\"973\" data-end=\"993\">Nombre del producto:<\/strong> Husqvarna TS 112<\/p>\n<p data-start=\"1014\" data-end=\"1038\"><strong data-start=\"1014\" data-end=\"1026\">Marca :<\/strong> Husqvarna<\/p>\n<p data-start=\"1040\" data-end=\"1080\"><strong data-start=\"1040\" data-end=\"1050\">Amable :<\/strong> Tractor cortac\u00e9sped con asiento<\/p>\n<p data-start=\"1082\" data-end=\"1112\"><strong data-start=\"1082\" data-end=\"1104\">Ancho de corte:<\/strong> 95 cent\u00edmetros<\/p>\n<p data-start=\"1114\" data-end=\"1142\"><strong data-start=\"1114\" data-end=\"1132\">Motor:<\/strong> Esencia<\/p>\n<p data-start=\"1144\" data-end=\"1176\"><strong data-start=\"1144\" data-end=\"1165\">M\u00e9todo de eyecci\u00f3n:<\/strong> Lateral<\/p>\n<p data-start=\"1178\" data-end=\"1244\"><strong data-start=\"1178\" data-end=\"1195\">Usar :<\/strong> Mantenimiento de c\u00e9sped para \u00e1reas medianas y grandes.<\/p>","protected":false},"excerpt":{"rendered":"<p>Tractor cortac\u00e9sped Husqvarna TS 112 con plataforma de corte de 95 cm, ideal para el corte eficiente de c\u00e9spedes medianos y grandes con un rendimiento fiable de gasolina.<\/p>","protected":false},"featured_media":37127,"comment_status":"open","ping_status":"closed","template":"","meta":[],"product_brand":[840],"product_cat":[740,842],"product_tag":[],"class_list":{"0":"post-37126","1":"product","2":"type-product","3":"status-publish","4":"has-post-thumbnail","6":"product_brand-husqvarna","7":"product_cat-materiel-agricole-et-de-jardin","8":"product_cat-husqvarna","10":"first","11":"instock","12":"taxable","13":"shipping-taxable","14":"purchasable","15":"product-type-simple"},"_links":{"self":[{"href":"https:\/\/greenagritec.com\/es\/wp-json\/wp\/v2\/product\/37126","targetHints":{"allow":["GET"]}}],"collection":[{"href":"https:\/\/greenagritec.com\/es\/wp-json\/wp\/v2\/product"}],"about":[{"href":"https:\/\/greenagritec.com\/es\/wp-json\/wp\/v2\/types\/product"}],"replies":[{"embeddable":true,"href":"https:\/\/greenagritec.com\/es\/wp-json\/wp\/v2\/comments?post=37126"}],"version-history":[{"count":4,"href":"https:\/\/greenagritec.com\/es\/wp-json\/wp\/v2\/product\/37126\/revisions"}],"predecessor-version":[{"id":38411,"href":"https:\/\/greenagritec.com\/es\/wp-json\/wp\/v2\/product\/37126\/revisions\/38411"}],"wp:featuredmedia":[{"embeddable":true,"href":"https:\/\/greenagritec.com\/es\/wp-json\/wp\/v2\/media\/37127"}],"wp:attachment":[{"href":"https:\/\/greenagritec.com\/es\/wp-json\/wp\/v2\/media?parent=37126"}],"wp:term":[{"taxonomy":"product_brand","embeddable":true,"href":"https:\/\/greenagritec.com\/es\/wp-json\/wp\/v2\/product_brand?post=37126"},{"taxonomy":"product_cat","embeddable":true,"href":"https:\/\/greenagritec.com\/es\/wp-json\/wp\/v2\/product_cat?post=37126"},{"taxonomy":"product_tag","embeddable":true,"href":"https:\/\/greenagritec.com\/es\/wp-json\/wp\/v2\/product_tag?post=37126"}],"curies":[{"name":"wp","href":"https:\/\/api.w.org\/{rel}","templated":true}]}}