{"id":37114,"date":"2026-02-01T16:40:18","date_gmt":"2026-02-01T16:40:18","guid":{"rendered":"https:\/\/greenagritec.com\/?post_type=product&#038;p=37114"},"modified":"2026-02-27T21:17:32","modified_gmt":"2026-02-27T21:17:32","slug":"tondeuse-robotisee-husqvarna-automower-305e-nera-jusqua-800-m%c2%b2-navigation-intelligente","status":"publish","type":"product","link":"https:\/\/greenagritec.com\/es\/producto-2\/tondeuse-robotisee-husqvarna-automower-305e-nera-jusqua-800-m%c2%b2-navigation-intelligente\/","title":{"rendered":"Husqvarna Automower\u00ae 305E NERA robot cortac\u00e9sped - Hasta 800 m\u00b2, Navegaci\u00f3n inteligente"},"content":{"rendered":"<p data-start=\"165\" data-end=\"281\">El Husqvarna Automower\u00ae 305E NERA es un cortac\u00e9sped rob\u00f3tico inteligente dise\u00f1ado para c\u00e9spedes de hasta 800 m\u00b2.<\/p>\n<p data-start=\"283\" data-end=\"580\">Silencioso y totalmente autom\u00e1tico, garantiza un corte uniforme y preciso gracias a su navegaci\u00f3n inteligente y gesti\u00f3n optimizada de rutas. Su dise\u00f1o compacto le permite maniobrar f\u00e1cilmente en jardines complejos, manteniendo una calidad de corte profesional.<\/p>\n<p data-start=\"582\" data-end=\"726\">Dise\u00f1ado para un mantenimiento sin esfuerzo, funciona de forma aut\u00f3noma y regresa autom\u00e1ticamente a su estaci\u00f3n de carga cuando es necesario.<\/p>\n<hr data-start=\"728\" data-end=\"731\" \/>\n<h2 data-start=\"733\" data-end=\"766\">Caracter\u00edsticas principales<\/h2>\n<ul data-start=\"768\" data-end=\"1025\">\n<li data-start=\"768\" data-end=\"808\">\n<p data-start=\"770\" data-end=\"808\">Superficie recomendada: hasta 800 m\u00b2<\/p>\n<\/li>\n<li data-start=\"809\" data-end=\"836\">\n<p data-start=\"811\" data-end=\"836\">Navegaci\u00f3n inteligente<\/p>\n<\/li>\n<li data-start=\"837\" data-end=\"870\">\n<p data-start=\"839\" data-end=\"870\">Siega totalmente autom\u00e1tica<\/p>\n<\/li>\n<li data-start=\"871\" data-end=\"900\">\n<p data-start=\"873\" data-end=\"900\">Funcionamiento silencioso<\/p>\n<\/li>\n<li data-start=\"901\" data-end=\"942\">\n<p data-start=\"903\" data-end=\"942\">Gesti\u00f3n eficiente de pasos estrechos<\/p>\n<\/li>\n<li data-start=\"943\" data-end=\"988\">\n<p data-start=\"945\" data-end=\"988\">Retorno autom\u00e1tico a la estaci\u00f3n de carga<\/p>\n<\/li>\n<li data-start=\"989\" data-end=\"1025\">\n<p data-start=\"991\" data-end=\"1025\">Adecuado para jardines residenciales.<\/p>\n<\/li>\n<\/ul>\n<hr data-start=\"1027\" data-end=\"1030\" \/>\n<h2 data-start=\"1032\" data-end=\"1062\">Especificaciones t\u00e9cnicas<\/h2>\n<p data-start=\"1064\" data-end=\"1117\"><strong data-start=\"1064\" data-end=\"1084\">Nombre del producto:<\/strong> Husqvarna Automower\u00ae 305E NERA<\/p>\n<p data-start=\"1119\" data-end=\"1143\"><strong data-start=\"1119\" data-end=\"1131\">Marca :<\/strong> Husqvarna<\/p>\n<p data-start=\"1145\" data-end=\"1181\"><strong data-start=\"1145\" data-end=\"1155\">Amable :<\/strong> Cortac\u00e9sped rob\u00f3tico aut\u00f3nomo<\/p>\n<p data-start=\"1183\" data-end=\"1214\"><strong data-start=\"1183\" data-end=\"1205\">Superficie m\u00e1xima:<\/strong> 800 m\u00b2<\/p>\n<p data-start=\"1216\" data-end=\"1258\"><strong data-start=\"1216\" data-end=\"1234\">Alimento :<\/strong> Bater\u00eda recargable<\/p>\n<p data-start=\"1260\" data-end=\"1331\"><strong data-start=\"1260\" data-end=\"1276\">Navegaci\u00f3n:<\/strong> Sistema inteligente con gesti\u00f3n de zonas optimizada<\/p>\n<p data-start=\"1333\" data-end=\"1380\"><strong data-start=\"1333\" data-end=\"1347\">Funci\u00f3n :<\/strong> Siega autom\u00e1tica programable<\/p>\n<p data-start=\"1382\" data-end=\"1438\"><strong data-start=\"1382\" data-end=\"1399\">Usar :<\/strong> Cuidado del c\u00e9sped residencial<\/p>","protected":false},"excerpt":{"rendered":"<p>Precio a petici\u00f3n \u2013 Disponible s\u00f3lo bajo pedido especial.<br \/>\nCont\u00e1ctanos para una cotizaci\u00f3n personalizada.<\/p>","protected":false},"featured_media":37115,"comment_status":"open","ping_status":"closed","template":"","meta":[],"product_brand":[840],"product_cat":[740,842],"product_tag":[],"class_list":{"0":"post-37114","1":"product","2":"type-product","3":"status-publish","4":"has-post-thumbnail","6":"product_brand-husqvarna","7":"product_cat-materiel-agricole-et-de-jardin","8":"product_cat-husqvarna","10":"first","11":"instock","12":"featured","13":"taxable","14":"shipping-taxable","15":"product-type-simple"},"_links":{"self":[{"href":"https:\/\/greenagritec.com\/es\/wp-json\/wp\/v2\/product\/37114","targetHints":{"allow":["GET"]}}],"collection":[{"href":"https:\/\/greenagritec.com\/es\/wp-json\/wp\/v2\/product"}],"about":[{"href":"https:\/\/greenagritec.com\/es\/wp-json\/wp\/v2\/types\/product"}],"replies":[{"embeddable":true,"href":"https:\/\/greenagritec.com\/es\/wp-json\/wp\/v2\/comments?post=37114"}],"version-history":[{"count":5,"href":"https:\/\/greenagritec.com\/es\/wp-json\/wp\/v2\/product\/37114\/revisions"}],"predecessor-version":[{"id":38413,"href":"https:\/\/greenagritec.com\/es\/wp-json\/wp\/v2\/product\/37114\/revisions\/38413"}],"wp:featuredmedia":[{"embeddable":true,"href":"https:\/\/greenagritec.com\/es\/wp-json\/wp\/v2\/media\/37115"}],"wp:attachment":[{"href":"https:\/\/greenagritec.com\/es\/wp-json\/wp\/v2\/media?parent=37114"}],"wp:term":[{"taxonomy":"product_brand","embeddable":true,"href":"https:\/\/greenagritec.com\/es\/wp-json\/wp\/v2\/product_brand?post=37114"},{"taxonomy":"product_cat","embeddable":true,"href":"https:\/\/greenagritec.com\/es\/wp-json\/wp\/v2\/product_cat?post=37114"},{"taxonomy":"product_tag","embeddable":true,"href":"https:\/\/greenagritec.com\/es\/wp-json\/wp\/v2\/product_tag?post=37114"}],"curies":[{"name":"wp","href":"https:\/\/api.w.org\/{rel}","templated":true}]}}