{"id":36743,"date":"2026-01-20T09:24:35","date_gmt":"2026-01-20T09:24:35","guid":{"rendered":"https:\/\/greenagritec.com\/?post_type=product&#038;p=36743"},"modified":"2026-03-01T16:55:54","modified_gmt":"2026-03-01T16:55:54","slug":"vitrine-refrigeree-vevor-901l-32-pi%c2%b3-refrigerateur-commercial-a-4-niveaux","status":"publish","type":"product","link":"https:\/\/greenagritec.com\/es\/producto-2\/vitrine-refrigeree-vevor-901l-32-pi%c2%b3-refrigerateur-commercial-a-4-niveaux\/","title":{"rendered":"Vitrina refrigerada, 901 L \/ 32 pies c\u00fabicos, refrigerador comercial de 4 niveles"},"content":{"rendered":"<p data-start=\"161\" data-end=\"333\">La vitrine r\u00e9frig\u00e9r\u00e9e 901 litres est un r\u00e9frig\u00e9rateur commercial grande capacit\u00e9 con\u00e7u pour la pr\u00e9sentation et la conservation de boissons et produits alimentaires.<\/p>\n<p data-start=\"335\" data-end=\"578\">Dot\u00e9e de 4 niveaux de rangement, elle offre une visibilit\u00e9 optimale gr\u00e2ce \u00e0 sa porte vitr\u00e9e et son \u00e9clairage int\u00e9rieur. Son syst\u00e8me de refroidissement performant garantit une temp\u00e9rature stable adapt\u00e9e aux commerces, restaurants et sup\u00e9rettes.<\/p>\n<p data-start=\"580\" data-end=\"664\">Id\u00e9ale pour la mise en valeur et la conservation professionnelle des produits frais.<\/p>\n<hr data-start=\"666\" data-end=\"669\" \/>\n<h2 data-start=\"671\" data-end=\"704\">Caracter\u00edsticas principales<\/h2>\n<ul data-start=\"706\" data-end=\"938\">\n<li data-start=\"706\" data-end=\"746\">\n<p data-start=\"708\" data-end=\"746\">Grande capacit\u00e9 : <strong data-start=\"726\" data-end=\"744\">901 L (32 pi\u00b3)<\/strong><\/p>\n<\/li>\n<li data-start=\"747\" data-end=\"773\">\n<p data-start=\"749\" data-end=\"773\">4 niveaux de rangement<\/p>\n<\/li>\n<li data-start=\"774\" data-end=\"815\">\n<p data-start=\"776\" data-end=\"815\">Porte vitr\u00e9e pour visibilit\u00e9 optimale<\/p>\n<\/li>\n<li data-start=\"816\" data-end=\"855\">\n<p data-start=\"818\" data-end=\"855\">Syst\u00e8me de refroidissement efficace<\/p>\n<\/li>\n<li data-start=\"856\" data-end=\"880\">\n<p data-start=\"858\" data-end=\"880\">Temp\u00e9rature r\u00e9glable<\/p>\n<\/li>\n<li data-start=\"881\" data-end=\"908\">\n<p data-start=\"883\" data-end=\"908\">\u00c9clairage int\u00e9rieur LED<\/p>\n<\/li>\n<li data-start=\"909\" data-end=\"938\">\n<p data-start=\"911\" data-end=\"938\">Usage commercial intensif<\/p>\n<\/li>\n<\/ul>\n<hr data-start=\"940\" data-end=\"943\" \/>\n<h2 data-start=\"945\" data-end=\"975\">Especificaciones t\u00e9cnicas<\/h2>\n<p data-start=\"977\" data-end=\"1042\"><strong data-start=\"977\" data-end=\"997\">Nombre del producto:<\/strong> Vitrine r\u00e9frig\u00e9r\u00e9e commerciale VEVOR 901 L<\/p>\n<p data-start=\"1044\" data-end=\"1064\"><strong data-start=\"1044\" data-end=\"1056\">Marca :<\/strong> VEVOR<\/p>\n<p data-start=\"1066\" data-end=\"1102\"><strong data-start=\"1066\" data-end=\"1080\">Capacit\u00e9 :<\/strong> 901 litres \/ 32 pi\u00b3<\/p>\n<p data-start=\"1104\" data-end=\"1131\"><strong data-start=\"1104\" data-end=\"1127\">Nombre de niveaux :<\/strong> 4<\/p>\n<p data-start=\"1133\" data-end=\"1178\"><strong data-start=\"1133\" data-end=\"1143\">Amable :<\/strong> R\u00e9frig\u00e9rateur vitrine commercial<\/p>\n<p data-start=\"1180\" data-end=\"1210\"><strong data-start=\"1180\" data-end=\"1198\">Alimento :<\/strong> 220\u2013240 V<\/p>\n<p data-start=\"1212\" data-end=\"1265\"><strong data-start=\"1212\" data-end=\"1229\">Usar :<\/strong> Commerce, restauration, sup\u00e9rette<\/p>","protected":false},"excerpt":{"rendered":"<p data-start=\"2437\" data-end=\"2544\">Vitrina refrigerada comercial de 901 L con 4 niveles, iluminaci\u00f3n LED y refrigeraci\u00f3n por succi\u00f3n para uso en panader\u00edas.<\/p>","protected":false},"featured_media":36992,"comment_status":"open","ping_status":"closed","template":"","meta":[],"product_brand":[795],"product_cat":[771,682,843],"product_tag":[],"class_list":{"0":"post-36743","1":"product","2":"type-product","3":"status-publish","4":"has-post-thumbnail","6":"product_brand-vevor","7":"product_cat-appareils-de-cuisine-et-alimentaires","8":"product_cat-accessoires-de-cuisine-professionnels","9":"product_cat-vevor","11":"first","12":"instock","13":"taxable","14":"shipping-taxable","15":"purchasable","16":"product-type-simple"},"_links":{"self":[{"href":"https:\/\/greenagritec.com\/es\/wp-json\/wp\/v2\/product\/36743","targetHints":{"allow":["GET"]}}],"collection":[{"href":"https:\/\/greenagritec.com\/es\/wp-json\/wp\/v2\/product"}],"about":[{"href":"https:\/\/greenagritec.com\/es\/wp-json\/wp\/v2\/types\/product"}],"replies":[{"embeddable":true,"href":"https:\/\/greenagritec.com\/es\/wp-json\/wp\/v2\/comments?post=36743"}],"version-history":[{"count":5,"href":"https:\/\/greenagritec.com\/es\/wp-json\/wp\/v2\/product\/36743\/revisions"}],"predecessor-version":[{"id":38470,"href":"https:\/\/greenagritec.com\/es\/wp-json\/wp\/v2\/product\/36743\/revisions\/38470"}],"wp:featuredmedia":[{"embeddable":true,"href":"https:\/\/greenagritec.com\/es\/wp-json\/wp\/v2\/media\/36992"}],"wp:attachment":[{"href":"https:\/\/greenagritec.com\/es\/wp-json\/wp\/v2\/media?parent=36743"}],"wp:term":[{"taxonomy":"product_brand","embeddable":true,"href":"https:\/\/greenagritec.com\/es\/wp-json\/wp\/v2\/product_brand?post=36743"},{"taxonomy":"product_cat","embeddable":true,"href":"https:\/\/greenagritec.com\/es\/wp-json\/wp\/v2\/product_cat?post=36743"},{"taxonomy":"product_tag","embeddable":true,"href":"https:\/\/greenagritec.com\/es\/wp-json\/wp\/v2\/product_tag?post=36743"}],"curies":[{"name":"wp","href":"https:\/\/api.w.org\/{rel}","templated":true}]}}