{"id":36598,"date":"2026-01-18T13:31:47","date_gmt":"2026-01-18T13:31:47","guid":{"rendered":"https:\/\/greenagritec.com\/?post_type=product&#038;p=36598"},"modified":"2026-03-01T17:15:04","modified_gmt":"2026-03-01T17:15:04","slug":"vevor-10-piece-axle-spindle-thread-chaser-set-metric-unf-rethreading-tool-kit","status":"publish","type":"product","link":"https:\/\/greenagritec.com\/es\/producto-2\/vevor-10-piece-axle-spindle-thread-chaser-set-metric-unf-rethreading-tool-kit\/","title":{"rendered":"Kit de extractores de roscas para husillos de eje \u2013 10 piezas (m\u00e9tricas y UNF)"},"content":{"rendered":"<p data-start=\"282\" data-end=\"460\">Le coffret de 10 pi\u00e8ces de chasse-filets pour fus\u00e9e d\u2019essieu VEVOR est un kit professionnel con\u00e7u pour restaurer les filetages endommag\u00e9s sans remplacer des composants co\u00fbteux.<\/p>\n<p data-start=\"462\" data-end=\"644\">Compatible avec les tailles m\u00e9triques (M20, M22, M24) et UNF (3\/4\u2033, 13\/16\u2033), il permet un refiletage pr\u00e9cis et s\u00e9curis\u00e9 lors des op\u00e9rations d\u2019entretien et de r\u00e9paration automobile.<\/p>\n<p data-start=\"646\" data-end=\"805\">Fourni avec une barre d\u2019extension, une cl\u00e9 hexagonale et un coffret de rangement robuste, il constitue une solution fiable pour garages et ateliers m\u00e9caniques.<\/p>\n<hr data-start=\"807\" data-end=\"810\" \/>\n<h2 data-start=\"812\" data-end=\"845\">Caracter\u00edsticas principales<\/h2>\n<ul data-start=\"847\" data-end=\"1206\">\n<li data-start=\"847\" data-end=\"879\">\n<p data-start=\"849\" data-end=\"879\">Jeu complet de <strong data-start=\"864\" data-end=\"877\">10 pi\u00e8ces<\/strong><\/p>\n<\/li>\n<li data-start=\"880\" data-end=\"937\">\n<p data-start=\"882\" data-end=\"937\">Restaure les filets endommag\u00e9s (sans coupe agressive)<\/p>\n<\/li>\n<li data-start=\"938\" data-end=\"979\">\n<p data-start=\"940\" data-end=\"979\">Tailles m\u00e9triques : <strong data-start=\"960\" data-end=\"977\">M20, M22, M24<\/strong><\/p>\n<\/li>\n<li data-start=\"980\" data-end=\"1014\">\n<p data-start=\"982\" data-end=\"1014\">Tailles UNF : <strong data-start=\"996\" data-end=\"1012\">3\/4\u2033, 13\/16\u2033<\/strong><\/p>\n<\/li>\n<li data-start=\"1015\" data-end=\"1044\">\n<p data-start=\"1017\" data-end=\"1044\">Barre d\u2019extension incluse<\/p>\n<\/li>\n<li data-start=\"1045\" data-end=\"1071\">\n<p data-start=\"1047\" data-end=\"1071\">Cl\u00e9 hexagonale fournie<\/p>\n<\/li>\n<li data-start=\"1072\" data-end=\"1114\">\n<p data-start=\"1074\" data-end=\"1114\">Construction durable pour usage r\u00e9p\u00e9t\u00e9<\/p>\n<\/li>\n<li data-start=\"1115\" data-end=\"1148\">\n<p data-start=\"1117\" data-end=\"1148\">Coffret de rangement pratique<\/p>\n<\/li>\n<li data-start=\"1149\" data-end=\"1206\">\n<p data-start=\"1151\" data-end=\"1206\">Id\u00e9al pour r\u00e9paration d\u2019essieux et fus\u00e9es automobiles<\/p>\n<\/li>\n<\/ul>\n<hr data-start=\"1208\" data-end=\"1211\" \/>\n<h2 data-start=\"1213\" data-end=\"1243\">Especificaciones t\u00e9cnicas<\/h2>\n<p data-start=\"1245\" data-end=\"1326\"><strong data-start=\"1245\" data-end=\"1265\">Nombre del producto:<\/strong> Kit de chasse-filets pour fus\u00e9e d\u2019essieu VEVOR \u2013 10 pi\u00e8ces<\/p>\n<p data-start=\"1328\" data-end=\"1348\"><strong data-start=\"1328\" data-end=\"1340\">Marca :<\/strong> VEVOR<\/p>\n<p data-start=\"1350\" data-end=\"1405\"><strong data-start=\"1350\" data-end=\"1360\">Amable :<\/strong> Kit de refiletage \/ restauration de filets<\/p>\n<p data-start=\"1407\" data-end=\"1440\"><strong data-start=\"1407\" data-end=\"1435\">Nombre total de pi\u00e8ces :<\/strong> 10<\/p>\n<p data-start=\"1442\" data-end=\"1482\"><strong data-start=\"1442\" data-end=\"1465\">Types de filetage :<\/strong> M\u00e9trique &amp; UNF<\/p>\n<p data-start=\"1484\" data-end=\"1525\"><strong data-start=\"1484\" data-end=\"1507\">Tailles m\u00e9triques :<\/strong> M20 \/ M22 \/ M24<\/p>\n<p data-start=\"1527\" data-end=\"1560\"><strong data-start=\"1527\" data-end=\"1544\">Tailles UNF :<\/strong> 3\/4\u2033 \/ 13\/16\u2033<\/p>\n<p data-start=\"1562\" data-end=\"1644\"><strong data-start=\"1562\" data-end=\"1586\">Accessoires inclus :<\/strong> Barre d\u2019extension, cl\u00e9 hexagonale, coffret de rangement<\/p>\n<p data-start=\"1646\" data-end=\"1700\"><strong data-start=\"1646\" data-end=\"1663\">Application :<\/strong> R\u00e9paration et entretien automobile<\/p>","protected":false},"excerpt":{"rendered":"<p>Kit de 10 herramientas para roscar husillos de eje (m\u00e9trico y UNF). Soluci\u00f3n profesional para la restauraci\u00f3n precisa de roscas en autom\u00f3viles.<\/p>","protected":false},"featured_media":35327,"comment_status":"open","ping_status":"closed","template":"","meta":[],"product_brand":[795],"product_cat":[748,754,843],"product_tag":[],"class_list":{"0":"post-36598","1":"product","2":"type-product","3":"status-publish","4":"has-post-thumbnail","6":"product_brand-vevor","7":"product_cat-outils-pour-atelier-et-pneus","8":"product_cat-accessoires-pour-roues-et-pneus","9":"product_cat-vevor","11":"first","12":"instock","13":"taxable","14":"shipping-taxable","15":"purchasable","16":"product-type-simple"},"_links":{"self":[{"href":"https:\/\/greenagritec.com\/es\/wp-json\/wp\/v2\/product\/36598","targetHints":{"allow":["GET"]}}],"collection":[{"href":"https:\/\/greenagritec.com\/es\/wp-json\/wp\/v2\/product"}],"about":[{"href":"https:\/\/greenagritec.com\/es\/wp-json\/wp\/v2\/types\/product"}],"replies":[{"embeddable":true,"href":"https:\/\/greenagritec.com\/es\/wp-json\/wp\/v2\/comments?post=36598"}],"version-history":[{"count":3,"href":"https:\/\/greenagritec.com\/es\/wp-json\/wp\/v2\/product\/36598\/revisions"}],"predecessor-version":[{"id":38480,"href":"https:\/\/greenagritec.com\/es\/wp-json\/wp\/v2\/product\/36598\/revisions\/38480"}],"wp:featuredmedia":[{"embeddable":true,"href":"https:\/\/greenagritec.com\/es\/wp-json\/wp\/v2\/media\/35327"}],"wp:attachment":[{"href":"https:\/\/greenagritec.com\/es\/wp-json\/wp\/v2\/media?parent=36598"}],"wp:term":[{"taxonomy":"product_brand","embeddable":true,"href":"https:\/\/greenagritec.com\/es\/wp-json\/wp\/v2\/product_brand?post=36598"},{"taxonomy":"product_cat","embeddable":true,"href":"https:\/\/greenagritec.com\/es\/wp-json\/wp\/v2\/product_cat?post=36598"},{"taxonomy":"product_tag","embeddable":true,"href":"https:\/\/greenagritec.com\/es\/wp-json\/wp\/v2\/product_tag?post=36598"}],"curies":[{"name":"wp","href":"https:\/\/api.w.org\/{rel}","templated":true}]}}