{"id":36503,"date":"2026-01-15T18:32:17","date_gmt":"2026-01-15T18:32:17","guid":{"rendered":"https:\/\/greenagritec.com\/product\/husqvarna-120-mark-ii-35sn-chainsaw\/"},"modified":"2026-02-19T15:40:22","modified_gmt":"2026-02-19T15:40:22","slug":"tronconneuse-a-essence-husqvarna-120-mark-ii-35sn-382-cm%c2%b3-guide-de-35-cm","status":"publish","type":"product","link":"https:\/\/greenagritec.com\/es\/producto-2\/tronconneuse-a-essence-husqvarna-120-mark-ii-35sn-382-cm%c2%b3-guide-de-35-cm\/","title":{"rendered":"Motosierra de gasolina HUSQVARNA 120 Mark II 35SN \u2013 38,2 cm\u00b3, espada de 35 cm"},"content":{"rendered":"<p>La tron\u00e7onneuse HUSQVARNA 120 Mark II 35SN est une tron\u00e7onneuse thermique fiable con\u00e7ue pour l\u2019entretien des propri\u00e9t\u00e9s, la coupe de bois de chauffage et les travaux forestiers l\u00e9gers. Construite avec l\u2019ing\u00e9nierie \u00e9prouv\u00e9e de Husqvarna, elle offre des performances de coupe constantes tout en restant facile \u00e0 manipuler pour une utilisation r\u00e9guli\u00e8re.<\/p>\n<p>\u00c9quip\u00e9e d\u2019un moteur de 38,2 cc et d\u2019un guide-cha\u00eene de 35 cm, cette tron\u00e7onneuse offre un excellent \u00e9quilibre entre puissance et maniabilit\u00e9. Des fonctionnalit\u00e9s telles que la technologie Air Injection\u2122 et le syst\u00e8me anti-vibrations am\u00e9liorent la durabilit\u00e9, le confort et la facilit\u00e9 d\u2019utilisation, la rendant adapt\u00e9e aux particuliers, aux agriculteurs et aux utilisateurs professionnels occasionnels.<\/p>\n<p>Caracter\u00edsticas principales<\/p>\n<p>Tron\u00e7onneuse thermique pour l\u2019entretien et la coupe de bois de chauffage<\/p>\n<p>Moteur de 38,2 cc avec une puissance fiable<\/p>\n<p>Guide-cha\u00eene de 35 cm pour des applications de coupe polyvalentes<\/p>\n<p>Syst\u00e8me Air Injection\u2122 pour r\u00e9duire l\u2019usure du filtre \u00e0 air<\/p>\n<p>Technologie anti-vibrations pour un meilleur confort<\/p>\n<p>Conception l\u00e9g\u00e8re et facile \u00e0 manipuler<\/p>\n<p>Commande combin\u00e9e starter\/arr\u00eat pour un d\u00e9marrage plus facile<\/p>\n<p>Especificaciones<\/p>\n<p>Marca: Husqvarna<\/p>\n<p>Type : Tron\u00e7onneuse thermique<\/p>\n<p>Cylindr\u00e9e : 38,2 cm\u00b3<\/p>\n<p>Puissance : 1,4 kW<\/p>\n<p>Longueur du guide-cha\u00eene : 35 cm<\/p>\n<p>Pas de cha\u00eene : 3\/8&#8243; mini<\/p>\n<p>Poids (sans \u00e9quipement de coupe) : env. 4,7 kg<\/p>\n<p>Tipo de combustible: Gasolina<\/p>\n<p>Lubrification de cha\u00eene : Automatique<\/p>","protected":false},"excerpt":{"rendered":"<p>La tron\u00e7onneuse HUSQVARNA 120 Mark II 35SN est une tron\u00e7onneuse \u00e0 essence l\u00e9g\u00e8re et fiable, con\u00e7ue pour la coupe de bois de chauffage, l&#8217;entretien du jardin et les travaux forestiers l\u00e9gers. \u00c9quip\u00e9e d&#8217;un moteur de 38,2 cm\u00b3, de la technologie Air Injection\u2122 et du syst\u00e8me anti-vibrations LowVib\u00ae, elle offre des performances durables avec une prise en main confortable.<\/p>","protected":false},"featured_media":36524,"comment_status":"open","ping_status":"closed","template":"","meta":[],"product_brand":[840],"product_cat":[842,740,829],"product_tag":[],"class_list":{"0":"post-36503","1":"product","2":"type-product","3":"status-publish","4":"has-post-thumbnail","6":"product_brand-husqvarna","7":"product_cat-husqvarna","8":"product_cat-materiel-agricole-et-de-jardin","9":"product_cat-scies-a-chaine","11":"first","12":"instock","13":"taxable","14":"shipping-taxable","15":"purchasable","16":"product-type-simple"},"_links":{"self":[{"href":"https:\/\/greenagritec.com\/es\/wp-json\/wp\/v2\/product\/36503","targetHints":{"allow":["GET"]}}],"collection":[{"href":"https:\/\/greenagritec.com\/es\/wp-json\/wp\/v2\/product"}],"about":[{"href":"https:\/\/greenagritec.com\/es\/wp-json\/wp\/v2\/types\/product"}],"replies":[{"embeddable":true,"href":"https:\/\/greenagritec.com\/es\/wp-json\/wp\/v2\/comments?post=36503"}],"version-history":[{"count":3,"href":"https:\/\/greenagritec.com\/es\/wp-json\/wp\/v2\/product\/36503\/revisions"}],"predecessor-version":[{"id":37420,"href":"https:\/\/greenagritec.com\/es\/wp-json\/wp\/v2\/product\/36503\/revisions\/37420"}],"wp:featuredmedia":[{"embeddable":true,"href":"https:\/\/greenagritec.com\/es\/wp-json\/wp\/v2\/media\/36524"}],"wp:attachment":[{"href":"https:\/\/greenagritec.com\/es\/wp-json\/wp\/v2\/media?parent=36503"}],"wp:term":[{"taxonomy":"product_brand","embeddable":true,"href":"https:\/\/greenagritec.com\/es\/wp-json\/wp\/v2\/product_brand?post=36503"},{"taxonomy":"product_cat","embeddable":true,"href":"https:\/\/greenagritec.com\/es\/wp-json\/wp\/v2\/product_cat?post=36503"},{"taxonomy":"product_tag","embeddable":true,"href":"https:\/\/greenagritec.com\/es\/wp-json\/wp\/v2\/product_tag?post=36503"}],"curies":[{"name":"wp","href":"https:\/\/api.w.org\/{rel}","templated":true}]}}