{"id":36497,"date":"2026-01-15T18:32:17","date_gmt":"2026-01-15T18:32:17","guid":{"rendered":"https:\/\/greenagritec.com\/product\/benza-bzwt700-power-tiller\/"},"modified":"2026-03-01T17:28:15","modified_gmt":"2026-03-01T17:28:15","slug":"tractor-autopropulsado-benza-bzwt700-cultivador-de-gasolina-de-212-cc-con-5-velocidades","status":"publish","type":"product","link":"https:\/\/greenagritec.com\/es\/producto-2\/tractor-autopropulsado-benza-bzwt700-cultivador-de-gasolina-de-212-cc-con-5-velocidades\/","title":{"rendered":"Cultivador profesional Benza BZWT700 \u2013 212 cc, 5 velocidades"},"content":{"rendered":"<p data-start=\"274\" data-end=\"383\">La BENZA BZWT700 es una robusta motoazada de gasolina de 212 cc dise\u00f1ada para la preparaci\u00f3n intensiva del suelo.<\/p>\n<p data-start=\"385\" data-end=\"541\">Equipada con 5 velocidades y un ancho de trabajo de 620 mm, ofrece potencia, control y eficiencia para arar, cavar y realizar labores de mantenimiento agr\u00edcola.<\/p>\n<p data-start=\"543\" data-end=\"659\">Tambi\u00e9n conocido como tractor de un solo eje, es ideal para horticultores, peque\u00f1as explotaciones agr\u00edcolas y usuarios profesionales.<\/p>\n<hr data-start=\"661\" data-end=\"664\" \/>\n<h2 data-start=\"666\" data-end=\"699\">Caracter\u00edsticas principales<\/h2>\n<ul data-start=\"701\" data-end=\"929\">\n<li data-start=\"701\" data-end=\"730\">\n<p data-start=\"703\" data-end=\"730\">Motor de gasolina <strong data-start=\"718\" data-end=\"728\">212 cc<\/strong><\/p>\n<\/li>\n<li data-start=\"731\" data-end=\"774\">\n<p data-start=\"733\" data-end=\"774\"><strong data-start=\"733\" data-end=\"747\">5 velocidades<\/strong> para un control \u00f3ptimo<\/p>\n<\/li>\n<li data-start=\"775\" data-end=\"810\">\n<p data-start=\"777\" data-end=\"810\">Ancho de trabajo: <strong data-start=\"798\" data-end=\"808\">620 mm<\/strong><\/p>\n<\/li>\n<li data-start=\"811\" data-end=\"854\">\n<p data-start=\"813\" data-end=\"854\">Dise\u00f1ado para la preparaci\u00f3n intensiva del suelo.<\/p>\n<\/li>\n<li data-start=\"855\" data-end=\"886\">\n<p data-start=\"857\" data-end=\"886\">Estructura robusta y estable<\/p>\n<\/li>\n<li data-start=\"887\" data-end=\"929\">\n<p data-start=\"889\" data-end=\"929\">Adecuado para uso agr\u00edcola y hort\u00edcola.<\/p>\n<\/li>\n<\/ul>\n<hr data-start=\"931\" data-end=\"934\" \/>\n<h2 data-start=\"936\" data-end=\"966\">Especificaciones t\u00e9cnicas<\/h2>\n<p data-start=\"968\" data-end=\"1004\"><strong data-start=\"968\" data-end=\"988\">Nombre del producto:<\/strong> BENZA BZWT700<\/p>\n<p data-start=\"1006\" data-end=\"1026\"><strong data-start=\"1006\" data-end=\"1018\">Marca :<\/strong> Benza<\/p>\n<p data-start=\"1028\" data-end=\"1076\"><strong data-start=\"1028\" data-end=\"1038\">Amable :<\/strong> Motocultor profesional de gasolina<\/p>\n<p data-start=\"1078\" data-end=\"1106\"><strong data-start=\"1078\" data-end=\"1096\">Motor:<\/strong> Esencia<\/p>\n<p data-start=\"1108\" data-end=\"1132\"><strong data-start=\"1108\" data-end=\"1123\">Cilindrada del motor:<\/strong> 212 cc<\/p>\n<p data-start=\"1134\" data-end=\"1152\"><strong data-start=\"1134\" data-end=\"1148\">Velocidades:<\/strong> 5<\/p>\n<p data-start=\"1154\" data-end=\"1187\"><strong data-start=\"1154\" data-end=\"1178\">Ancho de trabajo:<\/strong> 620 mm<\/p>\n<p data-start=\"1189\" data-end=\"1252\"><strong data-start=\"1189\" data-end=\"1206\">Usar :<\/strong> Agricultura, horticultura, preparaci\u00f3n del suelo<\/p>","protected":false},"excerpt":{"rendered":"<p>Motocultor profesional BENZA BZWT700 de 212 cc con 5 velocidades y una anchura de trabajo de 620 mm. Ideal para la preparaci\u00f3n intensiva del suelo en agricultura.<\/p>","protected":false},"featured_media":36511,"comment_status":"open","ping_status":"closed","template":"","meta":[],"product_brand":[798],"product_cat":[841,741,740],"product_tag":[],"class_list":{"0":"post-36497","1":"product","2":"type-product","3":"status-publish","4":"has-post-thumbnail","6":"product_brand-benza","7":"product_cat-benza","8":"product_cat-fraiseuses-et-outils-de-travail-du-sol","9":"product_cat-materiel-agricole-et-de-jardin","11":"first","12":"instock","13":"featured","14":"taxable","15":"shipping-taxable","16":"purchasable","17":"product-type-simple"},"_links":{"self":[{"href":"https:\/\/greenagritec.com\/es\/wp-json\/wp\/v2\/product\/36497","targetHints":{"allow":["GET"]}}],"collection":[{"href":"https:\/\/greenagritec.com\/es\/wp-json\/wp\/v2\/product"}],"about":[{"href":"https:\/\/greenagritec.com\/es\/wp-json\/wp\/v2\/types\/product"}],"replies":[{"embeddable":true,"href":"https:\/\/greenagritec.com\/es\/wp-json\/wp\/v2\/comments?post=36497"}],"version-history":[{"count":5,"href":"https:\/\/greenagritec.com\/es\/wp-json\/wp\/v2\/product\/36497\/revisions"}],"predecessor-version":[{"id":38486,"href":"https:\/\/greenagritec.com\/es\/wp-json\/wp\/v2\/product\/36497\/revisions\/38486"}],"wp:featuredmedia":[{"embeddable":true,"href":"https:\/\/greenagritec.com\/es\/wp-json\/wp\/v2\/media\/36511"}],"wp:attachment":[{"href":"https:\/\/greenagritec.com\/es\/wp-json\/wp\/v2\/media?parent=36497"}],"wp:term":[{"taxonomy":"product_brand","embeddable":true,"href":"https:\/\/greenagritec.com\/es\/wp-json\/wp\/v2\/product_brand?post=36497"},{"taxonomy":"product_cat","embeddable":true,"href":"https:\/\/greenagritec.com\/es\/wp-json\/wp\/v2\/product_cat?post=36497"},{"taxonomy":"product_tag","embeddable":true,"href":"https:\/\/greenagritec.com\/es\/wp-json\/wp\/v2\/product_tag?post=36497"}],"curies":[{"name":"wp","href":"https:\/\/api.w.org\/{rel}","templated":true}]}}