{"id":36118,"date":"2026-01-10T17:50:50","date_gmt":"2026-01-10T17:50:50","guid":{"rendered":"https:\/\/greenagritec.com\/?post_type=product&#038;p=36118"},"modified":"2026-02-17T08:19:00","modified_gmt":"2026-02-17T08:19:00","slug":"vidaxl-foreuse-de-sol-orange-tariere-a-essence-avec-3-forets","status":"publish","type":"product","link":"https:\/\/greenagritec.com\/es\/producto-2\/vidaxl-foreuse-de-sol-orange-tariere-a-essence-avec-3-forets\/","title":{"rendered":"vidaXL Foreuse de sol orange \u2013 Tari\u00e8re \u00e0 essence avec 3 forets"},"content":{"rendered":"<p data-start=\"391\" data-end=\"793\">La tari\u00e8re \u00e0 essence vidaXL Auger Ground Drill Orange est une puissante tari\u00e8re motoris\u00e9e con\u00e7ue pour percer rapidement et efficacement le sol pour des t\u00e2ches telles que la plantation d&#8217;arbres, l&#8217;installation de poteaux de cl\u00f4ture et les travaux d&#8217;am\u00e9nagement paysager. \u00c9quip\u00e9e d&#8217;un moteur \u00e0 essence monocylindre de 52 cm\u00b3, cette tari\u00e8re offre des performances solides et une grande fiabilit\u00e9 pour des travaux de forage exigeants en ext\u00e9rieur.<\/p>\n<p>Le kit comprend trois forets en fer pour le sol, une bouteille de ratio, un ensemble de fixation pour forets et un ensemble complet d&#8217;outils, le rendant pr\u00eat pour une vari\u00e9t\u00e9 de travaux de forage. Sa poign\u00e9e ergonomique anti-vibration am\u00e9liore le confort et le contr\u00f4le lors de l&#8217;utilisation.<\/p>\n<p>Caracter\u00edsticas principales<\/p>\n<p>Moteur \u00e0 essence pour des performances de forage \u00e9lev\u00e9es<br \/>\nComprend 3 forets en fer pour des tailles de trous vari\u00e9es<br \/>\nBouteille de ratio et kit de fixation pour forets inclus<br \/>\nEnsemble complet d&#8217;outils fourni<br \/>\nPoign\u00e9e ergonomique anti-vibration pour le confort<br \/>\nId\u00e9al pour la plantation, la construction, les poteaux de cl\u00f4ture et le forage en ext\u00e9rieur<\/p>\n<p>Especificaciones<\/p>\n<p>Nom du produit : tari\u00e8re \u00e0 moteur vidaXL Auger Ground Drill Orange<br \/>\nMarca: vidaXL<\/p>\n<p data-start=\"391\" data-end=\"793\">Type de moteur : Monocylindre essence Cylindr\u00e9e : 52 cm\u00b3 Puissance : Env. 2,2 kW \/ 8000 tr\/min Diam\u00e8tres de forage : 100 mm \/ 150 mm \/ 200 mm Longueur du foret : Env. 72 cm Capacit\u00e9 du r\u00e9servoir : 0,9 L Poign\u00e9e antivibration Accessoires inclus : 3 forets \u00e0 sol en fer, bouteille de m\u00e9lange, jeu de fixation de foret, kit d&#8217;outils Utilisation : Forage de terre, plantation d&#8217;arbres, poteaux de cl\u00f4ture<\/p>","protected":false},"excerpt":{"rendered":"<p>Tari\u00e8re de sol orange aliment\u00e9e \u00e0 l&#8217;essence avec 3 forets et un ensemble d&#8217;outils pour le forage de la terre, la plantation et les poteaux de cl\u00f4ture.<\/p>","protected":false},"featured_media":19977,"comment_status":"open","ping_status":"closed","template":"","meta":[],"product_brand":[],"product_cat":[740,742],"product_tag":[],"class_list":{"0":"post-36118","1":"product","2":"type-product","3":"status-publish","4":"has-post-thumbnail","6":"product_cat-materiel-agricole-et-de-jardin","7":"product_cat-tariere","9":"first","10":"instock","11":"taxable","12":"shipping-taxable","13":"purchasable","14":"product-type-simple"},"_links":{"self":[{"href":"https:\/\/greenagritec.com\/es\/wp-json\/wp\/v2\/product\/36118","targetHints":{"allow":["GET"]}}],"collection":[{"href":"https:\/\/greenagritec.com\/es\/wp-json\/wp\/v2\/product"}],"about":[{"href":"https:\/\/greenagritec.com\/es\/wp-json\/wp\/v2\/types\/product"}],"replies":[{"embeddable":true,"href":"https:\/\/greenagritec.com\/es\/wp-json\/wp\/v2\/comments?post=36118"}],"version-history":[{"count":3,"href":"https:\/\/greenagritec.com\/es\/wp-json\/wp\/v2\/product\/36118\/revisions"}],"predecessor-version":[{"id":37468,"href":"https:\/\/greenagritec.com\/es\/wp-json\/wp\/v2\/product\/36118\/revisions\/37468"}],"wp:featuredmedia":[{"embeddable":true,"href":"https:\/\/greenagritec.com\/es\/wp-json\/wp\/v2\/media\/19977"}],"wp:attachment":[{"href":"https:\/\/greenagritec.com\/es\/wp-json\/wp\/v2\/media?parent=36118"}],"wp:term":[{"taxonomy":"product_brand","embeddable":true,"href":"https:\/\/greenagritec.com\/es\/wp-json\/wp\/v2\/product_brand?post=36118"},{"taxonomy":"product_cat","embeddable":true,"href":"https:\/\/greenagritec.com\/es\/wp-json\/wp\/v2\/product_cat?post=36118"},{"taxonomy":"product_tag","embeddable":true,"href":"https:\/\/greenagritec.com\/es\/wp-json\/wp\/v2\/product_tag?post=36118"}],"curies":[{"name":"wp","href":"https:\/\/api.w.org\/{rel}","templated":true}]}}