{"id":36110,"date":"2026-01-10T17:50:05","date_gmt":"2026-01-10T17:50:05","guid":{"rendered":"https:\/\/greenagritec.com\/?post_type=product&#038;p=36110"},"modified":"2026-02-17T08:37:06","modified_gmt":"2026-02-17T08:37:06","slug":"caisse-a-outils-chariot-a-outils-portable","status":"publish","type":"product","link":"https:\/\/greenagritec.com\/es\/producto-2\/caisse-a-outils-chariot-a-outils-portable\/","title":{"rendered":"Caja de herramientas Carro portaherramientas"},"content":{"rendered":"<p>Cette trousse \u00e0 outils de haute qualit\u00e9, \u00e9quip\u00e9e de 2 roulettes et d\u2019un manche, est un choix parfait pour prot\u00e9ger vos outils et \u00e9quipements lors du transport ou pour un meilleur stockage. Dot\u00e9e d\u2019une valise sup\u00e9rieure, d\u2019une mallette inf\u00e9rieure et d\u2019une section centrale avec 3 tiroirs, cette valise robuste vous offre un grand espace de rangement et vous aidera s\u00fbrement \u00e0 entretenir vos outils en parfait \u00e9tat et ainsi vous offrir une commodit\u00e9 pour votre usage futur. La valise sup\u00e9rieure et la valise inf\u00e9rieure sont assez spacieuses pour accueillir de gros outils, tandis que les trois tiroirs du milieu ont des compartiments \u00e0 l\u2019int\u00e9rieur pour mieux classer les petits outils, comme les vis et les \u00e9crous. Gr\u00e2ce aux serrures lat\u00e9rales, vous pouvez facilement s\u00e9parer la trousse \u00e0 outils quand vous ne voulez prendre que la douille sup\u00e9rieure. Fabriqu\u00e9 en polypropyl\u00e8ne de qualit\u00e9, l\u2019\u00e9tui \u00e0 outils offre une grande stabilit\u00e9 thermique, une r\u00e9sistance \u00e0 la corrosion et est tr\u00e8s durable pendant des ann\u00e9es d\u2019utilisation. Gr\u00e2ce \u00e0 la poign\u00e9e t\u00e9lescopique, la trousse \u00e0 outils est portable. C\u2019est assur\u00e9ment un excellent atout pour organiser vos outils.<\/p>\n<p>Mat\u00e9riau : Polypropyl\u00e8ne Couleur : Noir et jaune Deux roulettes Poids net : 8,5 kg Dimensions totales : 46 x 28 x 82 cm Hauteur totale lorsque la poign\u00e9e est d\u00e9pli\u00e9e : 105 cm Caract\u00e9ristiques : &#8211; Nombre de colis : 1 &#8211; Marque : vidaXL &#8211; EAN : 8718475867579 &#8211; D\u00e9lai de livraison estim\u00e9 : 6 &#8211; Volume du produit : 0,131<\/p>","protected":false},"excerpt":{"rendered":"<p>Este kit de herramientas de alta calidad, equipado con 2 ruedas y un asa, es la elecci\u00f3n perfecta para proteger<\/p>","protected":false},"featured_media":36113,"comment_status":"open","ping_status":"closed","template":"","meta":[],"product_brand":[],"product_cat":[748,760],"product_tag":[],"class_list":{"0":"post-36110","1":"product","2":"type-product","3":"status-publish","4":"has-post-thumbnail","6":"product_cat-outils-pour-atelier-et-pneus","7":"product_cat-equipement-datelier","9":"first","10":"instock","11":"taxable","12":"shipping-taxable","13":"purchasable","14":"product-type-variable"},"_links":{"self":[{"href":"https:\/\/greenagritec.com\/es\/wp-json\/wp\/v2\/product\/36110","targetHints":{"allow":["GET"]}}],"collection":[{"href":"https:\/\/greenagritec.com\/es\/wp-json\/wp\/v2\/product"}],"about":[{"href":"https:\/\/greenagritec.com\/es\/wp-json\/wp\/v2\/types\/product"}],"replies":[{"embeddable":true,"href":"https:\/\/greenagritec.com\/es\/wp-json\/wp\/v2\/comments?post=36110"}],"version-history":[{"count":3,"href":"https:\/\/greenagritec.com\/es\/wp-json\/wp\/v2\/product\/36110\/revisions"}],"predecessor-version":[{"id":37501,"href":"https:\/\/greenagritec.com\/es\/wp-json\/wp\/v2\/product\/36110\/revisions\/37501"}],"wp:featuredmedia":[{"embeddable":true,"href":"https:\/\/greenagritec.com\/es\/wp-json\/wp\/v2\/media\/36113"}],"wp:attachment":[{"href":"https:\/\/greenagritec.com\/es\/wp-json\/wp\/v2\/media?parent=36110"}],"wp:term":[{"taxonomy":"product_brand","embeddable":true,"href":"https:\/\/greenagritec.com\/es\/wp-json\/wp\/v2\/product_brand?post=36110"},{"taxonomy":"product_cat","embeddable":true,"href":"https:\/\/greenagritec.com\/es\/wp-json\/wp\/v2\/product_cat?post=36110"},{"taxonomy":"product_tag","embeddable":true,"href":"https:\/\/greenagritec.com\/es\/wp-json\/wp\/v2\/product_tag?post=36110"}],"curies":[{"name":"wp","href":"https:\/\/api.w.org\/{rel}","templated":true}]}}