{"id":36102,"date":"2026-01-10T17:49:30","date_gmt":"2026-01-10T17:49:30","guid":{"rendered":"https:\/\/greenagritec.com\/?post_type=product&#038;p=36102"},"modified":"2026-02-17T08:34:37","modified_gmt":"2026-02-17T08:34:37","slug":"vidaxl-ensemble-doutils-taraud-et-fil-111-pcs-kit-professionnel-de-coupe-et-reparation-de-filetage","status":"publish","type":"product","link":"https:\/\/greenagritec.com\/es\/producto-2\/vidaxl-ensemble-doutils-taraud-et-fil-111-pcs-kit-professionnel-de-coupe-et-reparation-de-filetage\/","title":{"rendered":"Juego de herramientas para machos y roscadores vidaXL de 111 piezas: kit profesional para cortar y reparar roscas"},"content":{"rendered":"<p data-start=\"353\" data-end=\"651\">El juego de 111 herramientas para machos y terrajas vidaXL es un completo kit de taller dise\u00f1ado para cortar, roscar, reparar y limpiar roscas internas y externas. Con una amplia gama de tama\u00f1os, este juego es ideal para el mantenimiento de autom\u00f3viles, tareas mec\u00e1nicas y aplicaciones generales de taller.<\/p>\n<p>Suministrado en un estuche resistente, este juego de 111 piezas ofrece versatilidad y organizaci\u00f3n para profesionales y entusiastas del bricolaje que necesitan herramientas de alambre confiables disponibles en una colecci\u00f3n completa.<\/p>\n<p>Caracter\u00edsticas principales<\/p>\n<p>Juego completo de 111 machos y terrajas para corte y reparaci\u00f3n de roscas.<\/p>\n<p>Amplia gama de tama\u00f1os m\u00e9tricos para mayor versatilidad.<\/p>\n<p>Incluye machos de roscar, matrices, soportes, una llave, un man\u00f3metro, un destornillador y accesorios.<\/p>\n<p>Herramientas duraderas para el taller y la mec\u00e1nica.<\/p>\n<p>Se suministra en un estuche resistente para una f\u00e1cil organizaci\u00f3n.<\/p>\n<p>Especificaciones t\u00e9cnicas<\/p>\n<p>Nombre del producto: Juego de herramientas para machos y terrajas VidaXL de 111 piezas<br \/>\nMarca: vidaXL<br \/>\nMaterial: acero con alto contenido de carbono \/ endurecido<br \/>\nPiezas incluidas: 111 herramientas<br \/>\nEstuche de transporte: S\u00ed<br \/>\nAplicaci\u00f3n: Corte de cables, reparaci\u00f3n, taller mec\u00e1nico. Uso: Automoci\u00f3n, industria, bricolaje.<\/p>","protected":false},"excerpt":{"rendered":"<p>Juego completo de 111 machos y terrajas para roscado, reparaci\u00f3n y trabajos de taller, con robusto malet\u00edn de transporte.<\/p>","protected":false},"featured_media":20191,"comment_status":"open","ping_status":"closed","template":"","meta":[],"product_brand":[],"product_cat":[748,760],"product_tag":[],"class_list":{"0":"post-36102","1":"product","2":"type-product","3":"status-publish","4":"has-post-thumbnail","6":"product_cat-outils-pour-atelier-et-pneus","7":"product_cat-equipement-datelier","9":"first","10":"instock","11":"taxable","12":"shipping-taxable","13":"purchasable","14":"product-type-simple"},"_links":{"self":[{"href":"https:\/\/greenagritec.com\/es\/wp-json\/wp\/v2\/product\/36102","targetHints":{"allow":["GET"]}}],"collection":[{"href":"https:\/\/greenagritec.com\/es\/wp-json\/wp\/v2\/product"}],"about":[{"href":"https:\/\/greenagritec.com\/es\/wp-json\/wp\/v2\/types\/product"}],"replies":[{"embeddable":true,"href":"https:\/\/greenagritec.com\/es\/wp-json\/wp\/v2\/comments?post=36102"}],"version-history":[{"count":3,"href":"https:\/\/greenagritec.com\/es\/wp-json\/wp\/v2\/product\/36102\/revisions"}],"predecessor-version":[{"id":37495,"href":"https:\/\/greenagritec.com\/es\/wp-json\/wp\/v2\/product\/36102\/revisions\/37495"}],"wp:featuredmedia":[{"embeddable":true,"href":"https:\/\/greenagritec.com\/es\/wp-json\/wp\/v2\/media\/20191"}],"wp:attachment":[{"href":"https:\/\/greenagritec.com\/es\/wp-json\/wp\/v2\/media?parent=36102"}],"wp:term":[{"taxonomy":"product_brand","embeddable":true,"href":"https:\/\/greenagritec.com\/es\/wp-json\/wp\/v2\/product_brand?post=36102"},{"taxonomy":"product_cat","embeddable":true,"href":"https:\/\/greenagritec.com\/es\/wp-json\/wp\/v2\/product_cat?post=36102"},{"taxonomy":"product_tag","embeddable":true,"href":"https:\/\/greenagritec.com\/es\/wp-json\/wp\/v2\/product_tag?post=36102"}],"curies":[{"name":"wp","href":"https:\/\/api.w.org\/{rel}","templated":true}]}}