{"id":36038,"date":"2026-01-10T10:59:19","date_gmt":"2026-01-10T10:59:19","guid":{"rendered":"https:\/\/greenagritec.com\/product\/vevor-setup-blocks-woodworking-tools-16-piece-precision-height-gauge-block-set-with-clearly-laser-engraved-size-markings-and-storage-case-aluminum-setup-bars-for-router-and-table-saw-accessories\/"},"modified":"2026-02-19T16:13:57","modified_gmt":"2026-02-19T16:13:57","slug":"vevor-blocs-de-montage-pour-travaux-du-bois-ensemble-de-16-pieces-de-cales-de-hauteur-de-precision","status":"publish","type":"product","link":"https:\/\/greenagritec.com\/es\/producto-2\/vevor-blocs-de-montage-pour-travaux-du-bois-ensemble-de-16-pieces-de-cales-de-hauteur-de-precision\/","title":{"rendered":"Bloques de montaje para carpinter\u00eda VEVOR, juego de 16 cu\u00f1as de precisi\u00f3n para ajuste de altura."},"content":{"rendered":"<p data-start=\"371\" data-end=\"680\">Le kit d&#8217;outils de menuiserie VEVOR Setup Blocks est un ensemble de 16 blocs de jauge de hauteur en aluminium de pr\u00e9cision, con\u00e7u pour le r\u00e9glage pr\u00e9cis des d\u00e9fonceuses, des scies sur table et des machines de menuiserie. Dot\u00e9s de marquages de taille grav\u00e9s au laser de mani\u00e8re claire, ces barres de r\u00e9glage permettent des ajustements rapides, r\u00e9p\u00e9tables et pr\u00e9cis de la hauteur et de la profondeur.<\/p>\n<p>Livr\u00e9 avec un \u00e9tui de rangement durable, cet ensemble est id\u00e9al pour les menuisiers professionnels et les amateurs de bricolage recherchant pr\u00e9cision, efficacit\u00e9 et constance dans leurs op\u00e9rations d&#8217;atelier.<\/p>\n<p>Caracter\u00edsticas principales<\/p>\n<p>&#8211; Jeu de 16 blocs de jauge de hauteur de pr\u00e9cision<br \/>\n&#8211; Blocs de r\u00e9glage en aluminium haute pr\u00e9cision<br \/>\n&#8211; Marquages de taille clairement grav\u00e9s au laser<br \/>\n&#8211; Id\u00e9al pour le r\u00e9glage des tables de d\u00e9fonceuse et des scies sur table<br \/>\n&#8211; Am\u00e9liore la pr\u00e9cision et la r\u00e9p\u00e9tabilit\u00e9<br \/>\n&#8211; Livr\u00e9 avec un \u00e9tui de rangement<\/p>\n<p>Especificaciones<\/p>\n<p>&#8211; Nom du produit : Outils de menuiserie VEVOR Setup Blocks<br \/>\n&#8211; Marque : VEVOR<br \/>\n&#8211; Taille du set : 16 pi\u00e8ces<br \/>\n&#8211; Mat\u00e9riau : Aluminium<br \/>\n&#8211; Marquages : Grav\u00e9s au laser<br \/>\n&#8211; Applications : R\u00e9glage de d\u00e9fonceuse, ajustement de scie sur table, menuiserie<br \/>\n&#8211; Inclus : \u00c9tui de rangement<\/p>","protected":false},"excerpt":{"rendered":"<p>Juego de 16 calzas de ajuste de aluminio de precisi\u00f3n con marcas grabadas con l\u00e1ser para ajustes precisos de fresadoras y sierras de mesa.<\/p>","protected":false},"featured_media":36037,"comment_status":"open","ping_status":"closed","template":"","meta":[],"product_brand":[795],"product_cat":[758,760,843],"product_tag":[],"class_list":{"0":"post-36038","1":"product","2":"type-product","3":"status-publish","4":"has-post-thumbnail","6":"product_brand-vevor","7":"product_cat-equipement-industriel","8":"product_cat-equipement-datelier","9":"product_cat-vevor","11":"first","12":"instock","13":"taxable","14":"shipping-taxable","15":"purchasable","16":"product-type-simple"},"_links":{"self":[{"href":"https:\/\/greenagritec.com\/es\/wp-json\/wp\/v2\/product\/36038","targetHints":{"allow":["GET"]}}],"collection":[{"href":"https:\/\/greenagritec.com\/es\/wp-json\/wp\/v2\/product"}],"about":[{"href":"https:\/\/greenagritec.com\/es\/wp-json\/wp\/v2\/types\/product"}],"replies":[{"embeddable":true,"href":"https:\/\/greenagritec.com\/es\/wp-json\/wp\/v2\/comments?post=36038"}],"version-history":[{"count":3,"href":"https:\/\/greenagritec.com\/es\/wp-json\/wp\/v2\/product\/36038\/revisions"}],"predecessor-version":[{"id":37489,"href":"https:\/\/greenagritec.com\/es\/wp-json\/wp\/v2\/product\/36038\/revisions\/37489"}],"wp:featuredmedia":[{"embeddable":true,"href":"https:\/\/greenagritec.com\/es\/wp-json\/wp\/v2\/media\/36037"}],"wp:attachment":[{"href":"https:\/\/greenagritec.com\/es\/wp-json\/wp\/v2\/media?parent=36038"}],"wp:term":[{"taxonomy":"product_brand","embeddable":true,"href":"https:\/\/greenagritec.com\/es\/wp-json\/wp\/v2\/product_brand?post=36038"},{"taxonomy":"product_cat","embeddable":true,"href":"https:\/\/greenagritec.com\/es\/wp-json\/wp\/v2\/product_cat?post=36038"},{"taxonomy":"product_tag","embeddable":true,"href":"https:\/\/greenagritec.com\/es\/wp-json\/wp\/v2\/product_tag?post=36038"}],"curies":[{"name":"wp","href":"https:\/\/api.w.org\/{rel}","templated":true}]}}