{"id":35815,"date":"2026-01-10T10:37:44","date_gmt":"2026-01-10T10:37:44","guid":{"rendered":"https:\/\/greenagritec.com\/product\/vevor-liquid-filling-machine-2-3500ml-gfk-160-lcd-display-digital-control-pump-liquid-filler-machine-automatic-liquid-filling-machine\/"},"modified":"2026-02-17T09:33:08","modified_gmt":"2026-02-17T09:33:08","slug":"machine-de-remplissage-de-liquides-vevor-gfk-160-remplisseuse-automatique-de-liquides-de-2-a-3500-ml","status":"publish","type":"product","link":"https:\/\/greenagritec.com\/es\/producto-2\/machine-de-remplissage-de-liquides-vevor-gfk-160-remplisseuse-automatique-de-liquides-de-2-a-3500-ml\/","title":{"rendered":"M\u00e1quina llenadora de l\u00edquidos VEVOR GFK-160, llenadora autom\u00e1tica de l\u00edquidos de 2 a 3500 ml"},"content":{"rendered":"<p data-start=\"1156\" data-end=\"1449\">La machine de remplissage de liquide VEVOR GFK-160 est un remplisseur automatique compact et efficace con\u00e7u pour un dosage pr\u00e9cis des liquides. Dot\u00e9e d\u2019un contr\u00f4le num\u00e9rique avec \u00e9cran LCD, cette machine prend en charge une plage de remplissage de 2 \u00e0 3500 ml, ce qui la rend adapt\u00e9e \u00e0 divers liquides \u00e0 faible viscosit\u00e9.<\/p>\n<p>\u00c9quip\u00e9e d\u2019un syst\u00e8me de pompe fiable et d\u2019une interface num\u00e9rique facile \u00e0 utiliser, cette machine de remplissage de liquide est id\u00e9ale pour les petites productions, les laboratoires, les ateliers et les op\u00e9rations de conditionnement de produits.<\/p>\n<p>Caracter\u00edsticas principales<\/p>\n<p>Machine de remplissage de liquide automatique<br \/>\nPlage de remplissage : 2\u20133500 ml<br \/>\nContr\u00f4le num\u00e9rique avec \u00e9cran LCD<br \/>\nDistribution de liquide pr\u00e9cise et constante<br \/>\nConvient aux liquides \u00e0 faible viscosit\u00e9<br \/>\nDesign compact et facile \u00e0 utiliser<br \/>\nId\u00e9al pour les petites productions et le conditionnement<\/p>\n<p>Especificaciones<\/p>\n<p>Nom du produit : Machine de remplissage de liquide VEVOR GFK-160<br \/>\nMarca: VEVOR<br \/>\nMod\u00e8le : GFK-160<br \/>\nPlage de remplissage : 2\u20133500 ml<br \/>\nType de contr\u00f4le : LCD num\u00e9rique<br \/>\nFonctionnement : Automatique<br \/>\nApplication : Remplissage de liquide, conditionnement, production<\/p>","protected":false},"excerpt":{"rendered":"<p>M\u00e1quina llenadora autom\u00e1tica de l\u00edquidos con control digital LCD y rango de llenado de 2 a 3500 ml para una dosificaci\u00f3n precisa.<\/p>","protected":false},"featured_media":35814,"comment_status":"open","ping_status":"closed","template":"","meta":[],"product_brand":[],"product_cat":[758,759],"product_tag":[],"class_list":{"0":"post-35815","1":"product","2":"type-product","3":"status-publish","4":"has-post-thumbnail","6":"product_cat-equipement-industriel","7":"product_cat-machines-industrielles","9":"first","10":"instock","11":"taxable","12":"shipping-taxable","13":"purchasable","14":"product-type-simple"},"_links":{"self":[{"href":"https:\/\/greenagritec.com\/es\/wp-json\/wp\/v2\/product\/35815","targetHints":{"allow":["GET"]}}],"collection":[{"href":"https:\/\/greenagritec.com\/es\/wp-json\/wp\/v2\/product"}],"about":[{"href":"https:\/\/greenagritec.com\/es\/wp-json\/wp\/v2\/types\/product"}],"replies":[{"embeddable":true,"href":"https:\/\/greenagritec.com\/es\/wp-json\/wp\/v2\/comments?post=35815"}],"version-history":[{"count":2,"href":"https:\/\/greenagritec.com\/es\/wp-json\/wp\/v2\/product\/35815\/revisions"}],"predecessor-version":[{"id":37547,"href":"https:\/\/greenagritec.com\/es\/wp-json\/wp\/v2\/product\/35815\/revisions\/37547"}],"wp:featuredmedia":[{"embeddable":true,"href":"https:\/\/greenagritec.com\/es\/wp-json\/wp\/v2\/media\/35814"}],"wp:attachment":[{"href":"https:\/\/greenagritec.com\/es\/wp-json\/wp\/v2\/media?parent=35815"}],"wp:term":[{"taxonomy":"product_brand","embeddable":true,"href":"https:\/\/greenagritec.com\/es\/wp-json\/wp\/v2\/product_brand?post=35815"},{"taxonomy":"product_cat","embeddable":true,"href":"https:\/\/greenagritec.com\/es\/wp-json\/wp\/v2\/product_cat?post=35815"},{"taxonomy":"product_tag","embeddable":true,"href":"https:\/\/greenagritec.com\/es\/wp-json\/wp\/v2\/product_tag?post=35815"}],"curies":[{"name":"wp","href":"https:\/\/api.w.org\/{rel}","templated":true}]}}